{"id":1823,"date":"2023-10-24T09:26:05","date_gmt":"2023-10-24T13:26:05","guid":{"rendered":"https:\/\/www.equipementsmarquis.com\/politique-de-confidentialite\/"},"modified":"2023-10-24T10:14:01","modified_gmt":"2023-10-24T14:14:01","slug":"privacy-policy","status":"publish","type":"page","link":"https:\/\/www.equipementsmarquis.com\/en\/privacy-policy\/","title":{"rendered":"Privacy Policy"},"content":{"rendered":"<h2><strong>Introduction<\/strong><\/h2>\n<p>With the development of new communication tools, it is essential to pay particular attention to the protection of privacy. Therefore, we are committed to respecting the confidentiality of the personal information we collect.<\/p>\n<h2>Collection of Personal Information<\/h2>\n<ul>\n<li>First name<\/li>\n<li>Mailing address<\/li>\n<li>Email address<\/li>\n<\/ul>\n<\/div>\n<div>The personal information we collect is gathered through forms and the interaction established between you and our website. We also use cookies and\/or logs, as indicated in the next section, to gather information about you.<\/p>\n<h2>Forms and Interactivity:<\/h2>\n<p>Your personal information is collected through forms, specifically :<\/p>\n<div>\n<ul>\n<li>Website registration form<\/li>\n<li>Order form<\/li>\n<\/ul>\n<\/div>\n<p>We use the collected information for the following purposes:<\/p>\n<ul>\n<li>Information\/Promotional offers<\/li>\n<li>Statistics<\/li>\n<li>Contact<\/li>\n<\/ul>\n<\/div>\n<div>Your information is also collected through the interaction that can be established between you and our website, as follows:<\/p>\n<ul>\n<li>Correspondence<\/li>\n<\/ul>\n<\/div>\n<div>We use the collected information for the following purposes:<\/p>\n<ul>\n<li>Information or for promotional offers<\/li>\n<li>Statistics<\/li>\n<li>Contact<\/li>\n<\/ul>\n<h2>Right to Object and Withdrawal<\/h2>\n<p>We are committed to offering you the right to object and opt-out regarding your personal information.<\/p>\n<p>The right to object is understood as the option offered to online users to refuse that their personal information be used for certain purposes mentioned during its collection.<\/p>\n<p>The right to withdraw is understood as the option offered to online users to request that their personal information no longer appear, for example, on a mailing list.<\/p>\n<p><strong>To exercise these rights, you can:<\/strong><\/p>\n<div>Postal Code: J1N 0H2<\/div>\n<div>Email:&nbsp; info@equipementsmarquis.com<\/div>\n<div>Phone:&nbsp; 819 822-3382<\/div>\n<div>Website sectio :&nbsp;&nbsp; <a href=\"https:\/\/www.equipementsmarquis.com\/en\/contact-us\/\">https:\/\/www.equipementsmarquis.com\/en\/contact-us\/<\/a><\/div>\n<p><\/p>\n<h2>Right of Access<\/h2>\n<p>We commit to recognizing a right of access and rectification for those wishing to access, modify, or even erase information concerning them.<\/p>\n<p><strong>This right can be exercised :<\/strong><\/p>\n<div>Postal Code :&nbsp; J1N 0H2<\/div>\n<div>Email:&nbsp; <a href=\"mailto:info@equipementsmarquis.com\">info@equipementsmarquis.com<\/a><\/div>\n<div>Phone:&nbsp; 819 822-3382<\/div>\n<div>Website sectio :&nbsp;&nbsp; <a href=\"https:\/\/www.equipementsmarquis.com\/en\/contact-us\/\">https:\/\/www.equipementsmarquis.com\/en\/contact-us\/<\/a><\/div>\n<p><\/p>\n<h2>Security<\/h2>\n<p>The personal information we collect is stored in a secure environment. People working for us are obligated to respect the confidentiality of your information.<\/p>\n<p>To ensure the security of your personal information, we use the following measures:<\/p>\n<ul>\n<li>SSL Protocol<\/li>\n<li>SET Protocol<\/li>\n<li>Access management \u2013 authorized person<\/li>\n<li>Access management \u2013 person concerned<\/li>\n<li>Network monitoring softwar<\/li>\n<li>Computer backup<\/li>\n<li>Username\/password<\/li>\n<li>Firewalls<\/li>\n<\/ul>\n<p>We are committed to maintaining a high degree of confidentiality by integrating the latest technological innovations that ensure the confidentiality of your transactions. However, since no mechanism offers maximum security, there is always some risk when using the Internet to transmit personal information.<\/p>\n<h2>Legislation<\/h2>\n<p>We are committed to respecting the legislative provisions as stated in:<\/p>\n<p>Legislation: Law 25.<\/p>\n","protected":false},"excerpt":{"rendered":"<p>Introduction With the development of new communication tools, it is  [&#8230;]<\/p>\n","protected":false},"author":1,"featured_media":0,"parent":0,"menu_order":0,"comment_status":"closed","ping_status":"closed","template":"","meta":{"_acf_changed":false,"footnotes":""},"class_list":["post-1823","page","type-page","status-publish","hentry"],"acf":[],"yoast_head":"<!-- This site is optimized with the Yoast SEO plugin v24.7 - https:\/\/yoast.com\/wordpress\/plugins\/seo\/ -->\n<title>Privacy Policy - \u00c9quipements Marquis<\/title>\n<meta name=\"robots\" content=\"index, follow, max-snippet:-1, max-image-preview:large, max-video-preview:-1\" \/>\n<link rel=\"canonical\" href=\"https:\/\/www.equipementsmarquis.com\/en\/privacy-policy\/\" \/>\n<meta property=\"og:locale\" content=\"en_US\" \/>\n<meta property=\"og:type\" content=\"article\" \/>\n<meta property=\"og:title\" content=\"Privacy Policy - \u00c9quipements Marquis\" \/>\n<meta property=\"og:description\" content=\"Introduction With the development of new communication tools, it is [...]\" \/>\n<meta property=\"og:url\" content=\"https:\/\/www.equipementsmarquis.com\/en\/privacy-policy\/\" \/>\n<meta property=\"og:site_name\" content=\"\u00c9quipements Marquis\" \/>\n<meta property=\"article:publisher\" content=\"https:\/\/www.facebook.com\/Les-quipements-Marquis-inc-1391878637801740\" \/>\n<meta property=\"article:modified_time\" content=\"2023-10-24T14:14:01+00:00\" \/>\n<meta property=\"og:image\" content=\"https:\/\/www.equipementsmarquis.com\/wp-content\/uploads\/2022\/07\/fbk-Equipements-Marquis.png\" \/>\n\t<meta property=\"og:image:width\" content=\"1200\" \/>\n\t<meta property=\"og:image:height\" content=\"630\" \/>\n\t<meta property=\"og:image:type\" content=\"image\/png\" \/>\n<meta name=\"twitter:card\" content=\"summary_large_image\" \/>\n<script type=\"application\/ld+json\" class=\"yoast-schema-graph\">{\"@context\":\"https:\/\/schema.org\",\"@graph\":[{\"@type\":\"WebPage\",\"@id\":\"https:\/\/www.equipementsmarquis.com\/en\/privacy-policy\/\",\"url\":\"https:\/\/www.equipementsmarquis.com\/en\/privacy-policy\/\",\"name\":\"Privacy Policy - \u00c9quipements Marquis\",\"isPartOf\":{\"@id\":\"https:\/\/www.equipementsmarquis.com\/en\/#website\"},\"datePublished\":\"2023-10-24T13:26:05+00:00\",\"dateModified\":\"2023-10-24T14:14:01+00:00\",\"breadcrumb\":{\"@id\":\"https:\/\/www.equipementsmarquis.com\/en\/privacy-policy\/#breadcrumb\"},\"inLanguage\":\"en-US\",\"potentialAction\":[{\"@type\":\"ReadAction\",\"target\":[\"https:\/\/www.equipementsmarquis.com\/en\/privacy-policy\/\"]}]},{\"@type\":\"BreadcrumbList\",\"@id\":\"https:\/\/www.equipementsmarquis.com\/en\/privacy-policy\/#breadcrumb\",\"itemListElement\":[{\"@type\":\"ListItem\",\"position\":1,\"name\":\"Accueil\",\"item\":\"https:\/\/www.equipementsmarquis.com\/en\/\"},{\"@type\":\"ListItem\",\"position\":2,\"name\":\"Privacy Policy\"}]},{\"@type\":\"WebSite\",\"@id\":\"https:\/\/www.equipementsmarquis.com\/en\/#website\",\"url\":\"https:\/\/www.equipementsmarquis.com\/en\/\",\"name\":\"\u00c9quipements Marquis\",\"description\":\"Fournisseur d&#039;\u00e9quipements et fabrication de pi\u00e8ces pour machineries\",\"publisher\":{\"@id\":\"https:\/\/www.equipementsmarquis.com\/en\/#organization\"},\"potentialAction\":[{\"@type\":\"SearchAction\",\"target\":{\"@type\":\"EntryPoint\",\"urlTemplate\":\"https:\/\/www.equipementsmarquis.com\/en\/?s={search_term_string}\"},\"query-input\":{\"@type\":\"PropertyValueSpecification\",\"valueRequired\":true,\"valueName\":\"search_term_string\"}}],\"inLanguage\":\"en-US\"},{\"@type\":\"Organization\",\"@id\":\"https:\/\/www.equipementsmarquis.com\/en\/#organization\",\"name\":\"\u00c9quipements Marquis\",\"url\":\"https:\/\/www.equipementsmarquis.com\/en\/\",\"logo\":{\"@type\":\"ImageObject\",\"inLanguage\":\"en-US\",\"@id\":\"https:\/\/www.equipementsmarquis.com\/en\/#\/schema\/logo\/image\/\",\"url\":\"https:\/\/www.equipementsmarquis.com\/wp-content\/uploads\/2022\/07\/logo-EquipementsMarquis.svg\",\"contentUrl\":\"https:\/\/www.equipementsmarquis.com\/wp-content\/uploads\/2022\/07\/logo-EquipementsMarquis.svg\",\"width\":740,\"height\":283,\"caption\":\"\u00c9quipements Marquis\"},\"image\":{\"@id\":\"https:\/\/www.equipementsmarquis.com\/en\/#\/schema\/logo\/image\/\"},\"sameAs\":[\"https:\/\/www.facebook.com\/Les-quipements-Marquis-inc-1391878637801740\",\"https:\/\/ca.linkedin.com\/company\/les-quipements-marquis-inc\"]}]}<\/script>\n<!-- \/ Yoast SEO plugin. -->","yoast_head_json":{"title":"Privacy Policy - \u00c9quipements Marquis","robots":{"index":"index","follow":"follow","max-snippet":"max-snippet:-1","max-image-preview":"max-image-preview:large","max-video-preview":"max-video-preview:-1"},"canonical":"https:\/\/www.equipementsmarquis.com\/en\/privacy-policy\/","og_locale":"en_US","og_type":"article","og_title":"Privacy Policy - \u00c9quipements Marquis","og_description":"Introduction With the development of new communication tools, it is [...]","og_url":"https:\/\/www.equipementsmarquis.com\/en\/privacy-policy\/","og_site_name":"\u00c9quipements Marquis","article_publisher":"https:\/\/www.facebook.com\/Les-quipements-Marquis-inc-1391878637801740","article_modified_time":"2023-10-24T14:14:01+00:00","og_image":[{"width":1200,"height":630,"url":"https:\/\/www.equipementsmarquis.com\/wp-content\/uploads\/2022\/07\/fbk-Equipements-Marquis.png","type":"image\/png"}],"twitter_card":"summary_large_image","schema":{"@context":"https:\/\/schema.org","@graph":[{"@type":"WebPage","@id":"https:\/\/www.equipementsmarquis.com\/en\/privacy-policy\/","url":"https:\/\/www.equipementsmarquis.com\/en\/privacy-policy\/","name":"Privacy Policy - \u00c9quipements Marquis","isPartOf":{"@id":"https:\/\/www.equipementsmarquis.com\/en\/#website"},"datePublished":"2023-10-24T13:26:05+00:00","dateModified":"2023-10-24T14:14:01+00:00","breadcrumb":{"@id":"https:\/\/www.equipementsmarquis.com\/en\/privacy-policy\/#breadcrumb"},"inLanguage":"en-US","potentialAction":[{"@type":"ReadAction","target":["https:\/\/www.equipementsmarquis.com\/en\/privacy-policy\/"]}]},{"@type":"BreadcrumbList","@id":"https:\/\/www.equipementsmarquis.com\/en\/privacy-policy\/#breadcrumb","itemListElement":[{"@type":"ListItem","position":1,"name":"Accueil","item":"https:\/\/www.equipementsmarquis.com\/en\/"},{"@type":"ListItem","position":2,"name":"Privacy Policy"}]},{"@type":"WebSite","@id":"https:\/\/www.equipementsmarquis.com\/en\/#website","url":"https:\/\/www.equipementsmarquis.com\/en\/","name":"\u00c9quipements Marquis","description":"Fournisseur d&#039;\u00e9quipements et fabrication de pi\u00e8ces pour machineries","publisher":{"@id":"https:\/\/www.equipementsmarquis.com\/en\/#organization"},"potentialAction":[{"@type":"SearchAction","target":{"@type":"EntryPoint","urlTemplate":"https:\/\/www.equipementsmarquis.com\/en\/?s={search_term_string}"},"query-input":{"@type":"PropertyValueSpecification","valueRequired":true,"valueName":"search_term_string"}}],"inLanguage":"en-US"},{"@type":"Organization","@id":"https:\/\/www.equipementsmarquis.com\/en\/#organization","name":"\u00c9quipements Marquis","url":"https:\/\/www.equipementsmarquis.com\/en\/","logo":{"@type":"ImageObject","inLanguage":"en-US","@id":"https:\/\/www.equipementsmarquis.com\/en\/#\/schema\/logo\/image\/","url":"https:\/\/www.equipementsmarquis.com\/wp-content\/uploads\/2022\/07\/logo-EquipementsMarquis.svg","contentUrl":"https:\/\/www.equipementsmarquis.com\/wp-content\/uploads\/2022\/07\/logo-EquipementsMarquis.svg","width":740,"height":283,"caption":"\u00c9quipements Marquis"},"image":{"@id":"https:\/\/www.equipementsmarquis.com\/en\/#\/schema\/logo\/image\/"},"sameAs":["https:\/\/www.facebook.com\/Les-quipements-Marquis-inc-1391878637801740","https:\/\/ca.linkedin.com\/company\/les-quipements-marquis-inc"]}]}},"_links":{"self":[{"href":"https:\/\/www.equipementsmarquis.com\/en\/wp-json\/wp\/v2\/pages\/1823","targetHints":{"allow":["GET"]}}],"collection":[{"href":"https:\/\/www.equipementsmarquis.com\/en\/wp-json\/wp\/v2\/pages"}],"about":[{"href":"https:\/\/www.equipementsmarquis.com\/en\/wp-json\/wp\/v2\/types\/page"}],"author":[{"embeddable":true,"href":"https:\/\/www.equipementsmarquis.com\/en\/wp-json\/wp\/v2\/users\/1"}],"replies":[{"embeddable":true,"href":"https:\/\/www.equipementsmarquis.com\/en\/wp-json\/wp\/v2\/comments?post=1823"}],"version-history":[{"count":3,"href":"https:\/\/www.equipementsmarquis.com\/en\/wp-json\/wp\/v2\/pages\/1823\/revisions"}],"predecessor-version":[{"id":1826,"href":"https:\/\/www.equipementsmarquis.com\/en\/wp-json\/wp\/v2\/pages\/1823\/revisions\/1826"}],"wp:attachment":[{"href":"https:\/\/www.equipementsmarquis.com\/en\/wp-json\/wp\/v2\/media?parent=1823"}],"curies":[{"name":"wp","href":"https:\/\/api.w.org\/{rel}","templated":true}]}}