{"id":2044,"date":"2024-03-25T16:23:18","date_gmt":"2024-03-25T20:23:18","guid":{"rendered":"https:\/\/www.equipementsmarquis.com\/nouveautes\/"},"modified":"2024-03-26T14:41:56","modified_gmt":"2024-03-26T18:41:56","slug":"hd-hyundai-construction-equipment-products","status":"publish","type":"page","link":"https:\/\/www.equipementsmarquis.com\/en\/hd-hyundai-construction-equipment-products\/","title":{"rendered":"HD Hyundai Construction Equipment products"},"content":{"rendered":"<p><div class=\"fusion-fullwidth fullwidth-box fusion-builder-row-1 fusion-flex-container has-pattern-background has-mask-background nonhundred-percent-fullwidth non-hundred-percent-height-scrolling\" style=\"--awb-border-radius-top-left:0px;--awb-border-radius-top-right:0px;--awb-border-radius-bottom-right:0px;--awb-border-radius-bottom-left:0px;--awb-padding-top:100px;--awb-margin-bottom:100px;--awb-background-color:var(--awb-color4);--awb-flex-wrap:wrap;\" ><div class=\"fusion-builder-row fusion-row fusion-flex-align-items-flex-start fusion-flex-content-wrap\" style=\"max-width:1696px;margin-left: calc(-6% \/ 2 );margin-right: calc(-6% \/ 2 );\"><div class=\"fusion-layout-column fusion_builder_column fusion-builder-column-0 fusion_builder_column_1_1 1_1 fusion-flex-column fusion-animated\" style=\"--awb-bg-size:cover;--awb-width-large:100%;--awb-margin-top-large:0px;--awb-spacing-right-large:2.82%;--awb-margin-bottom-large:80px;--awb-spacing-left-large:2.82%;--awb-width-medium:100%;--awb-order-medium:0;--awb-spacing-right-medium:2.82%;--awb-spacing-left-medium:2.82%;--awb-width-small:100%;--awb-order-small:0;--awb-spacing-right-small:2.82%;--awb-spacing-left-small:2.82%;\" data-animationType=\"slideInRight\" data-animationDuration=\"1.0\" data-animationOffset=\"top-into-view\" data-scroll-devices=\"small-visibility,medium-visibility,large-visibility\"><div class=\"fusion-column-wrapper fusion-column-has-shadow fusion-flex-justify-content-flex-start fusion-content-layout-column\"><div class=\"fusion-title title fusion-title-1 fusion-sep-none fusion-title-text fusion-title-size-two uppercase white\"><h2 class=\"fusion-title-heading title-heading-left\" style=\"margin:0;text-transform:none;\">Discover the new range of HD Hyundai Construction Equipment products<\/h2><\/div><\/div><\/div><\/div><\/div><div class=\"fusion-fullwidth fullwidth-box fusion-builder-row-2 fusion-flex-container has-pattern-background has-mask-background nonhundred-percent-fullwidth non-hundred-percent-height-scrolling\" style=\"--awb-border-radius-top-left:0px;--awb-border-radius-top-right:0px;--awb-border-radius-bottom-right:0px;--awb-border-radius-bottom-left:0px;--awb-margin-top:40px;--awb-flex-wrap:wrap;\" ><div class=\"fusion-builder-row fusion-row fusion-flex-align-items-flex-start fusion-flex-content-wrap\" style=\"max-width:1696px;margin-left: calc(-6% \/ 2 );margin-right: calc(-6% \/ 2 );\"><div class=\"fusion-layout-column fusion_builder_column fusion-builder-column-1 fusion_builder_column_1_2 1_2 fusion-flex-column fusion-animated\" style=\"--awb-bg-size:cover;--awb-width-large:50%;--awb-margin-top-large:0px;--awb-spacing-right-large:5.64%;--awb-margin-bottom-large:80px;--awb-spacing-left-large:5.64%;--awb-width-medium:50%;--awb-order-medium:0;--awb-spacing-right-medium:5.64%;--awb-spacing-left-medium:5.64%;--awb-width-small:100%;--awb-order-small:0;--awb-spacing-right-small:2.82%;--awb-spacing-left-small:2.82%;\" data-animationType=\"fadeInRight\" data-animationDuration=\"1.0\" data-animationOffset=\"top-into-view\" data-scroll-devices=\"small-visibility,medium-visibility,large-visibility\"><div class=\"fusion-column-wrapper fusion-column-has-shadow fusion-flex-justify-content-flex-start fusion-content-layout-column\"><div class=\"fusion-title title fusion-title-2 fusion-sep-none fusion-title-text fusion-title-size-four red\"><h4 class=\"fusion-title-heading title-heading-left\" style=\"margin:0;text-transform:none;\">Now available from us!<\/h4><\/div><div class=\"fusion-text fusion-text-1\"><p>A quarter of a century ago, the spirit of Hyundai entered North America with the creation of Hyundai Construction Equipment Americas, Inc. The brand entered this market led by a global giant: Hyundai Heavy Industries . Today, Hyundai Construction Equipment Americas embodies the Hyundai spirit, bringing Hyundai founder Chung Ju-yung&#8217;s vision of extraordinary quality, innovation and performance to contractors, material handling operations and d other equipment users in the United States and Canada.<\/p>\n<\/div><div class=\"fusion-separator fusion-full-width-sep\" style=\"align-self: center;margin-left: auto;margin-right: auto;margin-bottom:20px;width:100%;\"><\/div><div ><a class=\"fusion-button button-flat fusion-button-default-size button-default fusion-button-default button-1 fusion-button-default-span fusion-button-default-type\" target=\"_blank\" rel=\"noopener noreferrer\" title=\"HD Hyundai Construction Equipment products - new range of products offered at \u00c9quipement Marquis\" aria-label=\"HD Hyundai Construction Equipment products - new range of products offered at \u00c9quipement Marquis\" href=\"https:\/\/na.hd-hyundaice.com\/\"><span class=\"fusion-button-text\">View models<\/span><\/a><\/div><\/div><\/div><div class=\"fusion-layout-column fusion_builder_column fusion-builder-column-2 fusion_builder_column_1_2 1_2 fusion-flex-column fusion-animated\" style=\"--awb-bg-size:cover;--awb-width-large:50%;--awb-margin-top-large:0px;--awb-spacing-right-large:5.64%;--awb-margin-bottom-large:80px;--awb-spacing-left-large:5.64%;--awb-width-medium:50%;--awb-order-medium:0;--awb-spacing-right-medium:5.64%;--awb-spacing-left-medium:5.64%;--awb-width-small:100%;--awb-order-small:0;--awb-spacing-right-small:2.82%;--awb-spacing-left-small:2.82%;\" data-animationType=\"fadeInUp\" data-animationDuration=\"1.5\" data-animationOffset=\"top-into-view\" data-scroll-devices=\"small-visibility,medium-visibility,large-visibility\"><div class=\"fusion-column-wrapper fusion-column-has-shadow fusion-flex-justify-content-flex-start fusion-content-layout-column\"><div class=\"fusion-image-element \" style=\"--awb-margin-bottom:40px;--awb-caption-title-font-family:var(--h2_typography-font-family);--awb-caption-title-font-weight:var(--h2_typography-font-weight);--awb-caption-title-font-style:var(--h2_typography-font-style);--awb-caption-title-size:var(--h2_typography-font-size);--awb-caption-title-transform:var(--h2_typography-text-transform);--awb-caption-title-line-height:var(--h2_typography-line-height);--awb-caption-title-letter-spacing:var(--h2_typography-letter-spacing);\"><span class=\" fusion-imageframe imageframe-none imageframe-1 hover-type-none\"><a class=\"fusion-no-lightbox\" href=\"https:\/\/na.hd-hyundaice.com\/\" target=\"_blank\" aria-label=\"hyundai products\" rel=\"noopener noreferrer\"><img decoding=\"async\" width=\"1280\" height=\"700\" alt=\"HD Hyundai Construction Equipment products - new range of products offered at \u00c9quipement Marquis\" src=\"https:\/\/www.equipementsmarquis.com\/wp-content\/uploads\/2024\/01\/hyundai-products.jpg\" class=\"img-responsive wp-image-1844\" srcset=\"https:\/\/www.equipementsmarquis.com\/wp-content\/uploads\/2024\/01\/hyundai-products-200x109.jpg 200w, https:\/\/www.equipementsmarquis.com\/wp-content\/uploads\/2024\/01\/hyundai-products-400x219.jpg 400w, https:\/\/www.equipementsmarquis.com\/wp-content\/uploads\/2024\/01\/hyundai-products-600x328.jpg 600w, https:\/\/www.equipementsmarquis.com\/wp-content\/uploads\/2024\/01\/hyundai-products-800x438.jpg 800w, https:\/\/www.equipementsmarquis.com\/wp-content\/uploads\/2024\/01\/hyundai-products-1200x656.jpg 1200w, https:\/\/www.equipementsmarquis.com\/wp-content\/uploads\/2024\/01\/hyundai-products.jpg 1280w\" sizes=\"(max-width: 640px) 100vw, 800px\" \/><\/a><\/span><\/div><div class=\"fusion-image-element \" style=\"text-align:center;--awb-max-width:500px;--awb-caption-title-font-family:var(--h2_typography-font-family);--awb-caption-title-font-weight:var(--h2_typography-font-weight);--awb-caption-title-font-style:var(--h2_typography-font-style);--awb-caption-title-size:var(--h2_typography-font-size);--awb-caption-title-transform:var(--h2_typography-text-transform);--awb-caption-title-line-height:var(--h2_typography-line-height);--awb-caption-title-letter-spacing:var(--h2_typography-letter-spacing);\"><span class=\" fusion-imageframe imageframe-none imageframe-2 hover-type-none\"><a class=\"fusion-no-lightbox\" href=\"https:\/\/na.hd-hyundaice.com\/\" target=\"_blank\" aria-label=\"HD logo &#8211; North America- large\" rel=\"noopener noreferrer\"><img decoding=\"async\" width=\"1749\" height=\"153\" alt=\"HD Hyundai Construction Equipment products - new range of products offered at \u00c9quipement Marquis\" src=\"https:\/\/www.equipementsmarquis.com\/wp-content\/uploads\/2024\/01\/HD-logo-North-America-large.png\" class=\"img-responsive wp-image-1846\" srcset=\"https:\/\/www.equipementsmarquis.com\/wp-content\/uploads\/2024\/01\/HD-logo-North-America-large-200x17.png 200w, https:\/\/www.equipementsmarquis.com\/wp-content\/uploads\/2024\/01\/HD-logo-North-America-large-400x35.png 400w, https:\/\/www.equipementsmarquis.com\/wp-content\/uploads\/2024\/01\/HD-logo-North-America-large-600x52.png 600w, https:\/\/www.equipementsmarquis.com\/wp-content\/uploads\/2024\/01\/HD-logo-North-America-large-800x70.png 800w, https:\/\/www.equipementsmarquis.com\/wp-content\/uploads\/2024\/01\/HD-logo-North-America-large-1200x105.png 1200w, https:\/\/www.equipementsmarquis.com\/wp-content\/uploads\/2024\/01\/HD-logo-North-America-large.png 1749w\" sizes=\"(max-width: 640px) 100vw, 800px\" \/><\/a><\/span><\/div><\/div><\/div><\/div><\/div><div class=\"fusion-fullwidth fullwidth-box fusion-builder-row-3 fusion-flex-container has-pattern-background has-mask-background nonhundred-percent-fullwidth non-hundred-percent-height-scrolling\" style=\"--awb-border-radius-top-left:0px;--awb-border-radius-top-right:0px;--awb-border-radius-bottom-right:0px;--awb-border-radius-bottom-left:0px;--awb-margin-top:40px;--awb-flex-wrap:wrap;\" ><div class=\"fusion-builder-row fusion-row fusion-flex-align-items-flex-start fusion-flex-content-wrap\" style=\"max-width:1696px;margin-left: calc(-6% \/ 2 );margin-right: calc(-6% \/ 2 );\"><div class=\"fusion-layout-column fusion_builder_column fusion-builder-column-3 fusion_builder_column_1_3 1_3 fusion-flex-column fusion-animated\" style=\"--awb-bg-size:cover;--awb-width-large:33.333333333333%;--awb-margin-top-large:0px;--awb-spacing-right-large:8.46%;--awb-margin-bottom-large:80px;--awb-spacing-left-large:8.46%;--awb-width-medium:33.333333333333%;--awb-order-medium:0;--awb-spacing-right-medium:8.46%;--awb-spacing-left-medium:8.46%;--awb-width-small:100%;--awb-order-small:0;--awb-spacing-right-small:2.82%;--awb-spacing-left-small:2.82%;\" data-animationType=\"fadeInUp\" data-animationDuration=\"0.2\" data-animationOffset=\"top-into-view\" data-scroll-devices=\"small-visibility,medium-visibility,large-visibility\"><div class=\"fusion-column-wrapper fusion-column-has-shadow fusion-flex-justify-content-flex-start fusion-content-layout-column\"><div class=\"fusion-image-element \" style=\"text-align:center;--awb-caption-title-font-family:var(--h2_typography-font-family);--awb-caption-title-font-weight:var(--h2_typography-font-weight);--awb-caption-title-font-style:var(--h2_typography-font-style);--awb-caption-title-size:var(--h2_typography-font-size);--awb-caption-title-transform:var(--h2_typography-text-transform);--awb-caption-title-line-height:var(--h2_typography-line-height);--awb-caption-title-letter-spacing:var(--h2_typography-letter-spacing);\"><span class=\" fusion-imageframe imageframe-none imageframe-3 hover-type-none\"><img decoding=\"async\" width=\"640\" height=\"364\" alt=\"HD Hyundai Construction Equipment products - new range of products offered at \u00c9quipement Marquis\" title=\"Hyundai-Construction-Equipment-Equipements-Marquis-01\" src=\"https:\/\/www.equipementsmarquis.com\/wp-content\/uploads\/2024\/03\/Hyundai-Construction-Equipment-Equipements-Marquis-01.png\" class=\"img-responsive wp-image-2005\" srcset=\"https:\/\/www.equipementsmarquis.com\/wp-content\/uploads\/2024\/03\/Hyundai-Construction-Equipment-Equipements-Marquis-01-200x114.png 200w, https:\/\/www.equipementsmarquis.com\/wp-content\/uploads\/2024\/03\/Hyundai-Construction-Equipment-Equipements-Marquis-01-400x228.png 400w, https:\/\/www.equipementsmarquis.com\/wp-content\/uploads\/2024\/03\/Hyundai-Construction-Equipment-Equipements-Marquis-01-600x341.png 600w, https:\/\/www.equipementsmarquis.com\/wp-content\/uploads\/2024\/03\/Hyundai-Construction-Equipment-Equipements-Marquis-01.png 640w\" sizes=\"(max-width: 640px) 100vw, 600px\" \/><\/span><\/div><\/div><\/div><div class=\"fusion-layout-column fusion_builder_column fusion-builder-column-4 fusion_builder_column_1_3 1_3 fusion-flex-column fusion-animated\" style=\"--awb-bg-size:cover;--awb-width-large:33.333333333333%;--awb-margin-top-large:0px;--awb-spacing-right-large:8.46%;--awb-margin-bottom-large:80px;--awb-spacing-left-large:8.46%;--awb-width-medium:33.333333333333%;--awb-order-medium:0;--awb-spacing-right-medium:8.46%;--awb-spacing-left-medium:8.46%;--awb-width-small:100%;--awb-order-small:0;--awb-spacing-right-small:2.82%;--awb-spacing-left-small:2.82%;\" data-animationType=\"fadeInUp\" data-animationDuration=\"0.4\" data-animationOffset=\"top-into-view\" data-scroll-devices=\"small-visibility,medium-visibility,large-visibility\"><div class=\"fusion-column-wrapper fusion-column-has-shadow fusion-flex-justify-content-flex-start fusion-content-layout-column\"><div class=\"fusion-image-element \" style=\"text-align:center;--awb-caption-title-font-family:var(--h2_typography-font-family);--awb-caption-title-font-weight:var(--h2_typography-font-weight);--awb-caption-title-font-style:var(--h2_typography-font-style);--awb-caption-title-size:var(--h2_typography-font-size);--awb-caption-title-transform:var(--h2_typography-text-transform);--awb-caption-title-line-height:var(--h2_typography-line-height);--awb-caption-title-letter-spacing:var(--h2_typography-letter-spacing);\"><span class=\" fusion-imageframe imageframe-none imageframe-4 hover-type-none\"><img decoding=\"async\" width=\"640\" height=\"406\" alt=\"HD Hyundai Construction Equipment products - new range of products offered at \u00c9quipement Marquis\" title=\"Hyundai-Construction-Equipment-Equipements-Marquis-02\" src=\"https:\/\/www.equipementsmarquis.com\/wp-content\/uploads\/2024\/03\/Hyundai-Construction-Equipment-Equipements-Marquis-02.png\" class=\"img-responsive wp-image-2007\" srcset=\"https:\/\/www.equipementsmarquis.com\/wp-content\/uploads\/2024\/03\/Hyundai-Construction-Equipment-Equipements-Marquis-02-200x127.png 200w, https:\/\/www.equipementsmarquis.com\/wp-content\/uploads\/2024\/03\/Hyundai-Construction-Equipment-Equipements-Marquis-02-400x254.png 400w, https:\/\/www.equipementsmarquis.com\/wp-content\/uploads\/2024\/03\/Hyundai-Construction-Equipment-Equipements-Marquis-02-600x381.png 600w, https:\/\/www.equipementsmarquis.com\/wp-content\/uploads\/2024\/03\/Hyundai-Construction-Equipment-Equipements-Marquis-02.png 640w\" sizes=\"(max-width: 640px) 100vw, 600px\" \/><\/span><\/div><\/div><\/div><div class=\"fusion-layout-column fusion_builder_column fusion-builder-column-5 fusion_builder_column_1_3 1_3 fusion-flex-column fusion-animated\" style=\"--awb-bg-size:cover;--awb-width-large:33.333333333333%;--awb-margin-top-large:0px;--awb-spacing-right-large:8.46%;--awb-margin-bottom-large:80px;--awb-spacing-left-large:8.46%;--awb-width-medium:33.333333333333%;--awb-order-medium:0;--awb-spacing-right-medium:8.46%;--awb-spacing-left-medium:8.46%;--awb-width-small:100%;--awb-order-small:0;--awb-spacing-right-small:2.82%;--awb-spacing-left-small:2.82%;\" data-animationType=\"fadeInUp\" data-animationDuration=\"0.8\" data-animationOffset=\"top-into-view\" data-scroll-devices=\"small-visibility,medium-visibility,large-visibility\"><div class=\"fusion-column-wrapper fusion-column-has-shadow fusion-flex-justify-content-flex-start fusion-content-layout-column\"><div class=\"fusion-image-element \" style=\"text-align:center;--awb-caption-title-font-family:var(--h2_typography-font-family);--awb-caption-title-font-weight:var(--h2_typography-font-weight);--awb-caption-title-font-style:var(--h2_typography-font-style);--awb-caption-title-size:var(--h2_typography-font-size);--awb-caption-title-transform:var(--h2_typography-text-transform);--awb-caption-title-line-height:var(--h2_typography-line-height);--awb-caption-title-letter-spacing:var(--h2_typography-letter-spacing);\"><span class=\" fusion-imageframe imageframe-none imageframe-5 hover-type-none\"><img decoding=\"async\" width=\"640\" height=\"322\" alt=\"HD Hyundai Construction Equipment products - new range of products offered at \u00c9quipement Marquis\" title=\"Hyundai-Construction-Equipment-Equipements-Marquis-04\" src=\"https:\/\/www.equipementsmarquis.com\/wp-content\/uploads\/2024\/03\/Hyundai-Construction-Equipment-Equipements-Marquis-04.png\" class=\"img-responsive wp-image-2011\" srcset=\"https:\/\/www.equipementsmarquis.com\/wp-content\/uploads\/2024\/03\/Hyundai-Construction-Equipment-Equipements-Marquis-04-200x101.png 200w, https:\/\/www.equipementsmarquis.com\/wp-content\/uploads\/2024\/03\/Hyundai-Construction-Equipment-Equipements-Marquis-04-400x201.png 400w, https:\/\/www.equipementsmarquis.com\/wp-content\/uploads\/2024\/03\/Hyundai-Construction-Equipment-Equipements-Marquis-04-600x302.png 600w, https:\/\/www.equipementsmarquis.com\/wp-content\/uploads\/2024\/03\/Hyundai-Construction-Equipment-Equipements-Marquis-04.png 640w\" sizes=\"(max-width: 640px) 100vw, 600px\" \/><\/span><\/div><\/div><\/div><\/div><\/div><\/p>\n","protected":false},"excerpt":{"rendered":"","protected":false},"author":2,"featured_media":0,"parent":0,"menu_order":0,"comment_status":"closed","ping_status":"closed","template":"100-width.php","meta":{"_acf_changed":false,"footnotes":""},"class_list":["post-2044","page","type-page","status-publish","hentry"],"acf":[],"yoast_head":"<!-- This site is optimized with the Yoast SEO plugin v24.7 - https:\/\/yoast.com\/wordpress\/plugins\/seo\/ -->\n<title>HD Hyundai Construction Equipment products - \u00c9quipements Marquis<\/title>\n<meta name=\"robots\" content=\"index, follow, max-snippet:-1, max-image-preview:large, max-video-preview:-1\" \/>\n<link rel=\"canonical\" href=\"https:\/\/www.equipementsmarquis.com\/en\/hd-hyundai-construction-equipment-products\/\" \/>\n<meta property=\"og:locale\" content=\"en_US\" \/>\n<meta property=\"og:type\" content=\"article\" \/>\n<meta property=\"og:title\" content=\"HD Hyundai Construction Equipment products - \u00c9quipements Marquis\" \/>\n<meta property=\"og:url\" content=\"https:\/\/www.equipementsmarquis.com\/en\/hd-hyundai-construction-equipment-products\/\" \/>\n<meta property=\"og:site_name\" content=\"\u00c9quipements Marquis\" \/>\n<meta property=\"article:publisher\" content=\"https:\/\/www.facebook.com\/Les-quipements-Marquis-inc-1391878637801740\" \/>\n<meta property=\"article:modified_time\" content=\"2024-03-26T18:41:56+00:00\" \/>\n<meta property=\"og:image\" content=\"https:\/\/www.equipementsmarquis.com\/wp-content\/uploads\/2022\/07\/fbk-Equipements-Marquis.png\" \/>\n\t<meta property=\"og:image:width\" content=\"1200\" \/>\n\t<meta property=\"og:image:height\" content=\"630\" \/>\n\t<meta property=\"og:image:type\" content=\"image\/png\" \/>\n<meta name=\"twitter:card\" content=\"summary_large_image\" \/>\n<script type=\"application\/ld+json\" class=\"yoast-schema-graph\">{\"@context\":\"https:\/\/schema.org\",\"@graph\":[{\"@type\":\"WebPage\",\"@id\":\"https:\/\/www.equipementsmarquis.com\/en\/hd-hyundai-construction-equipment-products\/\",\"url\":\"https:\/\/www.equipementsmarquis.com\/en\/hd-hyundai-construction-equipment-products\/\",\"name\":\"HD Hyundai Construction Equipment products - \u00c9quipements Marquis\",\"isPartOf\":{\"@id\":\"https:\/\/www.equipementsmarquis.com\/en\/#website\"},\"datePublished\":\"2024-03-25T20:23:18+00:00\",\"dateModified\":\"2024-03-26T18:41:56+00:00\",\"breadcrumb\":{\"@id\":\"https:\/\/www.equipementsmarquis.com\/en\/hd-hyundai-construction-equipment-products\/#breadcrumb\"},\"inLanguage\":\"en-US\",\"potentialAction\":[{\"@type\":\"ReadAction\",\"target\":[\"https:\/\/www.equipementsmarquis.com\/en\/hd-hyundai-construction-equipment-products\/\"]}]},{\"@type\":\"BreadcrumbList\",\"@id\":\"https:\/\/www.equipementsmarquis.com\/en\/hd-hyundai-construction-equipment-products\/#breadcrumb\",\"itemListElement\":[{\"@type\":\"ListItem\",\"position\":1,\"name\":\"Accueil\",\"item\":\"https:\/\/www.equipementsmarquis.com\/en\/\"},{\"@type\":\"ListItem\",\"position\":2,\"name\":\"HD Hyundai Construction Equipment products\"}]},{\"@type\":\"WebSite\",\"@id\":\"https:\/\/www.equipementsmarquis.com\/en\/#website\",\"url\":\"https:\/\/www.equipementsmarquis.com\/en\/\",\"name\":\"\u00c9quipements Marquis\",\"description\":\"Fournisseur d&#039;\u00e9quipements et fabrication de pi\u00e8ces pour machineries\",\"publisher\":{\"@id\":\"https:\/\/www.equipementsmarquis.com\/en\/#organization\"},\"potentialAction\":[{\"@type\":\"SearchAction\",\"target\":{\"@type\":\"EntryPoint\",\"urlTemplate\":\"https:\/\/www.equipementsmarquis.com\/en\/?s={search_term_string}\"},\"query-input\":{\"@type\":\"PropertyValueSpecification\",\"valueRequired\":true,\"valueName\":\"search_term_string\"}}],\"inLanguage\":\"en-US\"},{\"@type\":\"Organization\",\"@id\":\"https:\/\/www.equipementsmarquis.com\/en\/#organization\",\"name\":\"\u00c9quipements Marquis\",\"url\":\"https:\/\/www.equipementsmarquis.com\/en\/\",\"logo\":{\"@type\":\"ImageObject\",\"inLanguage\":\"en-US\",\"@id\":\"https:\/\/www.equipementsmarquis.com\/en\/#\/schema\/logo\/image\/\",\"url\":\"https:\/\/www.equipementsmarquis.com\/wp-content\/uploads\/2022\/07\/logo-EquipementsMarquis.svg\",\"contentUrl\":\"https:\/\/www.equipementsmarquis.com\/wp-content\/uploads\/2022\/07\/logo-EquipementsMarquis.svg\",\"width\":740,\"height\":283,\"caption\":\"\u00c9quipements Marquis\"},\"image\":{\"@id\":\"https:\/\/www.equipementsmarquis.com\/en\/#\/schema\/logo\/image\/\"},\"sameAs\":[\"https:\/\/www.facebook.com\/Les-quipements-Marquis-inc-1391878637801740\",\"https:\/\/ca.linkedin.com\/company\/les-quipements-marquis-inc\"]}]}<\/script>\n<!-- \/ Yoast SEO plugin. -->","yoast_head_json":{"title":"HD Hyundai Construction Equipment products - \u00c9quipements Marquis","robots":{"index":"index","follow":"follow","max-snippet":"max-snippet:-1","max-image-preview":"max-image-preview:large","max-video-preview":"max-video-preview:-1"},"canonical":"https:\/\/www.equipementsmarquis.com\/en\/hd-hyundai-construction-equipment-products\/","og_locale":"en_US","og_type":"article","og_title":"HD Hyundai Construction Equipment products - \u00c9quipements Marquis","og_url":"https:\/\/www.equipementsmarquis.com\/en\/hd-hyundai-construction-equipment-products\/","og_site_name":"\u00c9quipements Marquis","article_publisher":"https:\/\/www.facebook.com\/Les-quipements-Marquis-inc-1391878637801740","article_modified_time":"2024-03-26T18:41:56+00:00","og_image":[{"width":1200,"height":630,"url":"https:\/\/www.equipementsmarquis.com\/wp-content\/uploads\/2022\/07\/fbk-Equipements-Marquis.png","type":"image\/png"}],"twitter_card":"summary_large_image","schema":{"@context":"https:\/\/schema.org","@graph":[{"@type":"WebPage","@id":"https:\/\/www.equipementsmarquis.com\/en\/hd-hyundai-construction-equipment-products\/","url":"https:\/\/www.equipementsmarquis.com\/en\/hd-hyundai-construction-equipment-products\/","name":"HD Hyundai Construction Equipment products - \u00c9quipements Marquis","isPartOf":{"@id":"https:\/\/www.equipementsmarquis.com\/en\/#website"},"datePublished":"2024-03-25T20:23:18+00:00","dateModified":"2024-03-26T18:41:56+00:00","breadcrumb":{"@id":"https:\/\/www.equipementsmarquis.com\/en\/hd-hyundai-construction-equipment-products\/#breadcrumb"},"inLanguage":"en-US","potentialAction":[{"@type":"ReadAction","target":["https:\/\/www.equipementsmarquis.com\/en\/hd-hyundai-construction-equipment-products\/"]}]},{"@type":"BreadcrumbList","@id":"https:\/\/www.equipementsmarquis.com\/en\/hd-hyundai-construction-equipment-products\/#breadcrumb","itemListElement":[{"@type":"ListItem","position":1,"name":"Accueil","item":"https:\/\/www.equipementsmarquis.com\/en\/"},{"@type":"ListItem","position":2,"name":"HD Hyundai Construction Equipment products"}]},{"@type":"WebSite","@id":"https:\/\/www.equipementsmarquis.com\/en\/#website","url":"https:\/\/www.equipementsmarquis.com\/en\/","name":"\u00c9quipements Marquis","description":"Fournisseur d&#039;\u00e9quipements et fabrication de pi\u00e8ces pour machineries","publisher":{"@id":"https:\/\/www.equipementsmarquis.com\/en\/#organization"},"potentialAction":[{"@type":"SearchAction","target":{"@type":"EntryPoint","urlTemplate":"https:\/\/www.equipementsmarquis.com\/en\/?s={search_term_string}"},"query-input":{"@type":"PropertyValueSpecification","valueRequired":true,"valueName":"search_term_string"}}],"inLanguage":"en-US"},{"@type":"Organization","@id":"https:\/\/www.equipementsmarquis.com\/en\/#organization","name":"\u00c9quipements Marquis","url":"https:\/\/www.equipementsmarquis.com\/en\/","logo":{"@type":"ImageObject","inLanguage":"en-US","@id":"https:\/\/www.equipementsmarquis.com\/en\/#\/schema\/logo\/image\/","url":"https:\/\/www.equipementsmarquis.com\/wp-content\/uploads\/2022\/07\/logo-EquipementsMarquis.svg","contentUrl":"https:\/\/www.equipementsmarquis.com\/wp-content\/uploads\/2022\/07\/logo-EquipementsMarquis.svg","width":740,"height":283,"caption":"\u00c9quipements Marquis"},"image":{"@id":"https:\/\/www.equipementsmarquis.com\/en\/#\/schema\/logo\/image\/"},"sameAs":["https:\/\/www.facebook.com\/Les-quipements-Marquis-inc-1391878637801740","https:\/\/ca.linkedin.com\/company\/les-quipements-marquis-inc"]}]}},"_links":{"self":[{"href":"https:\/\/www.equipementsmarquis.com\/en\/wp-json\/wp\/v2\/pages\/2044","targetHints":{"allow":["GET"]}}],"collection":[{"href":"https:\/\/www.equipementsmarquis.com\/en\/wp-json\/wp\/v2\/pages"}],"about":[{"href":"https:\/\/www.equipementsmarquis.com\/en\/wp-json\/wp\/v2\/types\/page"}],"author":[{"embeddable":true,"href":"https:\/\/www.equipementsmarquis.com\/en\/wp-json\/wp\/v2\/users\/2"}],"replies":[{"embeddable":true,"href":"https:\/\/www.equipementsmarquis.com\/en\/wp-json\/wp\/v2\/comments?post=2044"}],"version-history":[{"count":3,"href":"https:\/\/www.equipementsmarquis.com\/en\/wp-json\/wp\/v2\/pages\/2044\/revisions"}],"predecessor-version":[{"id":2047,"href":"https:\/\/www.equipementsmarquis.com\/en\/wp-json\/wp\/v2\/pages\/2044\/revisions\/2047"}],"wp:attachment":[{"href":"https:\/\/www.equipementsmarquis.com\/en\/wp-json\/wp\/v2\/media?parent=2044"}],"curies":[{"name":"wp","href":"https:\/\/api.w.org\/{rel}","templated":true}]}}