{"id":1678,"date":"2022-11-04T11:02:38","date_gmt":"2022-11-04T15:02:38","guid":{"rendered":"https:\/\/www.equipementsmarquis.com\/produit\/abatteuse-neuson-forest-243hv-243htv\/"},"modified":"2024-04-23T13:11:09","modified_gmt":"2024-04-23T17:11:09","slug":"harvester-neuson-forest-243hv-243htv","status":"publish","type":"product","link":"https:\/\/www.equipementsmarquis.com\/en\/product\/harvester-neuson-forest-243hv-243htv\/","title":{"rendered":"Harvester Neuson Forest 243HV\/243HTV"},"content":{"rendered":"","protected":false},"excerpt":{"rendered":"<p>The compact tracked harvester for final felling. The 243 HVT (Tilt) is equipped with the proven top carriage leveling system and enables stress-free work on steep, hard-to-reach terrain. The 243 HV has been designed without a slope compensator, enabling it to handle the heaviest applications with the highest degree of safety.<\/p>\n<p>The drive width of 2.95 m guarantees optimum stability and facilitates forestry operations in all directions. Optimum weight distribution in conjunction with selected chain strands (up to 800 mm wide) protects the forest floor and produces low ground pressure and\/or slight soil compaction due to the maximum footprint.<\/p>\n<p>Separate hydraulic systems for the machine, crane and harvester head are perfectly matched to the engine, enabling fuel-efficient operation at the highest level of performance. The powerful parallel crane developed specifically for this machine is designed for intensive use and enables the operator to work quickly. With the optional long crane (crane length: 13.2 m), the 234HV \/HVT can also be used for thinning.<\/p>\n<p>The harvester&#8217;s spacious safety cab is designed in accordance with ergonomic guidelines to ensure the best possible all-round visibility and stress-free work for the operator. Safety and durability as well as low maintenance and operating costs are essential criteria that have the highest priority in the development of our machines!<\/p>\n","protected":false},"featured_media":1130,"template":"","meta":{"_acf_changed":false},"marque":[156],"product_brand":[],"product_cat":[103,104,111],"product_tag":[],"class_list":{"0":"post-1678","1":"product","2":"type-product","3":"status-publish","4":"has-post-thumbnail","6":"marque-neuson-forest-en-new","7":"product_cat-new-equipment","8":"product_cat-harvesters-new","9":"product_cat-forestry-new","11":"first","12":"instock","13":"shipping-taxable","14":"product-type-simple"},"acf":[],"yoast_head":"<!-- This site is optimized with the Yoast SEO plugin v24.7 - https:\/\/yoast.com\/wordpress\/plugins\/seo\/ -->\n<title>Harvester Neuson Forest 243HV\/243HTV - \u00c9quipements Marquis<\/title>\n<meta name=\"description\" content=\"Abatteuse Neuson Forest 243HV\/243HTV - \u00c9quipements Marquis\" \/>\n<meta name=\"robots\" content=\"index, follow, max-snippet:-1, max-image-preview:large, max-video-preview:-1\" \/>\n<link rel=\"canonical\" href=\"https:\/\/www.equipementsmarquis.com\/en\/product\/harvester-neuson-forest-243hv-243htv\/\" \/>\n<meta property=\"og:locale\" content=\"en_US\" \/>\n<meta property=\"og:type\" content=\"article\" \/>\n<meta property=\"og:title\" content=\"Harvester Neuson Forest 243HV\/243HTV - \u00c9quipements Marquis\" \/>\n<meta property=\"og:description\" content=\"Abatteuse Neuson Forest 243HV\/243HTV - \u00c9quipements Marquis\" \/>\n<meta property=\"og:url\" content=\"https:\/\/www.equipementsmarquis.com\/en\/product\/harvester-neuson-forest-243hv-243htv\/\" \/>\n<meta property=\"og:site_name\" content=\"\u00c9quipements Marquis\" \/>\n<meta property=\"article:publisher\" content=\"https:\/\/www.facebook.com\/Les-quipements-Marquis-inc-1391878637801740\" \/>\n<meta property=\"article:modified_time\" content=\"2024-04-23T17:11:09+00:00\" \/>\n<meta property=\"og:image\" content=\"https:\/\/www.equipementsmarquis.com\/wp-content\/uploads\/2022\/11\/Neuson-Forest-243HV243HVT-Abatteuse-Equipements-Marquis-01.jpg\" \/>\n\t<meta property=\"og:image:width\" content=\"1200\" \/>\n\t<meta property=\"og:image:height\" content=\"800\" \/>\n\t<meta property=\"og:image:type\" content=\"image\/jpeg\" \/>\n<meta name=\"twitter:card\" content=\"summary_large_image\" \/>\n<script type=\"application\/ld+json\" class=\"yoast-schema-graph\">{\"@context\":\"https:\/\/schema.org\",\"@graph\":[{\"@type\":\"WebPage\",\"@id\":\"https:\/\/www.equipementsmarquis.com\/en\/product\/harvester-neuson-forest-243hv-243htv\/\",\"url\":\"https:\/\/www.equipementsmarquis.com\/en\/product\/harvester-neuson-forest-243hv-243htv\/\",\"name\":\"Harvester Neuson Forest 243HV\/243HTV - \u00c9quipements Marquis\",\"isPartOf\":{\"@id\":\"https:\/\/www.equipementsmarquis.com\/en\/#website\"},\"primaryImageOfPage\":{\"@id\":\"https:\/\/www.equipementsmarquis.com\/en\/product\/harvester-neuson-forest-243hv-243htv\/#primaryimage\"},\"image\":{\"@id\":\"https:\/\/www.equipementsmarquis.com\/en\/product\/harvester-neuson-forest-243hv-243htv\/#primaryimage\"},\"thumbnailUrl\":\"https:\/\/www.equipementsmarquis.com\/wp-content\/uploads\/2022\/11\/Neuson-Forest-243HV243HVT-Abatteuse-Equipements-Marquis-01.jpg\",\"datePublished\":\"2022-11-04T15:02:38+00:00\",\"dateModified\":\"2024-04-23T17:11:09+00:00\",\"description\":\"Abatteuse Neuson Forest 243HV\/243HTV - \u00c9quipements Marquis\",\"breadcrumb\":{\"@id\":\"https:\/\/www.equipementsmarquis.com\/en\/product\/harvester-neuson-forest-243hv-243htv\/#breadcrumb\"},\"inLanguage\":\"en-US\",\"potentialAction\":[{\"@type\":\"ReadAction\",\"target\":[\"https:\/\/www.equipementsmarquis.com\/en\/product\/harvester-neuson-forest-243hv-243htv\/\"]}]},{\"@type\":\"ImageObject\",\"inLanguage\":\"en-US\",\"@id\":\"https:\/\/www.equipementsmarquis.com\/en\/product\/harvester-neuson-forest-243hv-243htv\/#primaryimage\",\"url\":\"https:\/\/www.equipementsmarquis.com\/wp-content\/uploads\/2022\/11\/Neuson-Forest-243HV243HVT-Abatteuse-Equipements-Marquis-01.jpg\",\"contentUrl\":\"https:\/\/www.equipementsmarquis.com\/wp-content\/uploads\/2022\/11\/Neuson-Forest-243HV243HVT-Abatteuse-Equipements-Marquis-01.jpg\",\"width\":1200,\"height\":800},{\"@type\":\"BreadcrumbList\",\"@id\":\"https:\/\/www.equipementsmarquis.com\/en\/product\/harvester-neuson-forest-243hv-243htv\/#breadcrumb\",\"itemListElement\":[{\"@type\":\"ListItem\",\"position\":1,\"name\":\"Accueil\",\"item\":\"https:\/\/www.equipementsmarquis.com\/en\/\"},{\"@type\":\"ListItem\",\"position\":2,\"name\":\"Products\",\"item\":\"https:\/\/www.equipementsmarquis.com\/en\/shop\/\"},{\"@type\":\"ListItem\",\"position\":3,\"name\":\"Harvester Neuson Forest 243HV\/243HTV\"}]},{\"@type\":\"WebSite\",\"@id\":\"https:\/\/www.equipementsmarquis.com\/en\/#website\",\"url\":\"https:\/\/www.equipementsmarquis.com\/en\/\",\"name\":\"\u00c9quipements Marquis\",\"description\":\"Fournisseur d&#039;\u00e9quipements et fabrication de pi\u00e8ces pour machineries\",\"publisher\":{\"@id\":\"https:\/\/www.equipementsmarquis.com\/en\/#organization\"},\"potentialAction\":[{\"@type\":\"SearchAction\",\"target\":{\"@type\":\"EntryPoint\",\"urlTemplate\":\"https:\/\/www.equipementsmarquis.com\/en\/?s={search_term_string}\"},\"query-input\":{\"@type\":\"PropertyValueSpecification\",\"valueRequired\":true,\"valueName\":\"search_term_string\"}}],\"inLanguage\":\"en-US\"},{\"@type\":\"Organization\",\"@id\":\"https:\/\/www.equipementsmarquis.com\/en\/#organization\",\"name\":\"\u00c9quipements Marquis\",\"url\":\"https:\/\/www.equipementsmarquis.com\/en\/\",\"logo\":{\"@type\":\"ImageObject\",\"inLanguage\":\"en-US\",\"@id\":\"https:\/\/www.equipementsmarquis.com\/en\/#\/schema\/logo\/image\/\",\"url\":\"https:\/\/www.equipementsmarquis.com\/wp-content\/uploads\/2022\/07\/logo-EquipementsMarquis.svg\",\"contentUrl\":\"https:\/\/www.equipementsmarquis.com\/wp-content\/uploads\/2022\/07\/logo-EquipementsMarquis.svg\",\"width\":740,\"height\":283,\"caption\":\"\u00c9quipements Marquis\"},\"image\":{\"@id\":\"https:\/\/www.equipementsmarquis.com\/en\/#\/schema\/logo\/image\/\"},\"sameAs\":[\"https:\/\/www.facebook.com\/Les-quipements-Marquis-inc-1391878637801740\",\"https:\/\/ca.linkedin.com\/company\/les-quipements-marquis-inc\"]}]}<\/script>\n<!-- \/ Yoast SEO plugin. -->","yoast_head_json":{"title":"Harvester Neuson Forest 243HV\/243HTV - \u00c9quipements Marquis","description":"Abatteuse Neuson Forest 243HV\/243HTV - \u00c9quipements Marquis","robots":{"index":"index","follow":"follow","max-snippet":"max-snippet:-1","max-image-preview":"max-image-preview:large","max-video-preview":"max-video-preview:-1"},"canonical":"https:\/\/www.equipementsmarquis.com\/en\/product\/harvester-neuson-forest-243hv-243htv\/","og_locale":"en_US","og_type":"article","og_title":"Harvester Neuson Forest 243HV\/243HTV - \u00c9quipements Marquis","og_description":"Abatteuse Neuson Forest 243HV\/243HTV - \u00c9quipements Marquis","og_url":"https:\/\/www.equipementsmarquis.com\/en\/product\/harvester-neuson-forest-243hv-243htv\/","og_site_name":"\u00c9quipements Marquis","article_publisher":"https:\/\/www.facebook.com\/Les-quipements-Marquis-inc-1391878637801740","article_modified_time":"2024-04-23T17:11:09+00:00","og_image":[{"width":1200,"height":800,"url":"https:\/\/www.equipementsmarquis.com\/wp-content\/uploads\/2022\/11\/Neuson-Forest-243HV243HVT-Abatteuse-Equipements-Marquis-01.jpg","type":"image\/jpeg"}],"twitter_card":"summary_large_image","schema":{"@context":"https:\/\/schema.org","@graph":[{"@type":"WebPage","@id":"https:\/\/www.equipementsmarquis.com\/en\/product\/harvester-neuson-forest-243hv-243htv\/","url":"https:\/\/www.equipementsmarquis.com\/en\/product\/harvester-neuson-forest-243hv-243htv\/","name":"Harvester Neuson Forest 243HV\/243HTV - \u00c9quipements Marquis","isPartOf":{"@id":"https:\/\/www.equipementsmarquis.com\/en\/#website"},"primaryImageOfPage":{"@id":"https:\/\/www.equipementsmarquis.com\/en\/product\/harvester-neuson-forest-243hv-243htv\/#primaryimage"},"image":{"@id":"https:\/\/www.equipementsmarquis.com\/en\/product\/harvester-neuson-forest-243hv-243htv\/#primaryimage"},"thumbnailUrl":"https:\/\/www.equipementsmarquis.com\/wp-content\/uploads\/2022\/11\/Neuson-Forest-243HV243HVT-Abatteuse-Equipements-Marquis-01.jpg","datePublished":"2022-11-04T15:02:38+00:00","dateModified":"2024-04-23T17:11:09+00:00","description":"Abatteuse Neuson Forest 243HV\/243HTV - \u00c9quipements Marquis","breadcrumb":{"@id":"https:\/\/www.equipementsmarquis.com\/en\/product\/harvester-neuson-forest-243hv-243htv\/#breadcrumb"},"inLanguage":"en-US","potentialAction":[{"@type":"ReadAction","target":["https:\/\/www.equipementsmarquis.com\/en\/product\/harvester-neuson-forest-243hv-243htv\/"]}]},{"@type":"ImageObject","inLanguage":"en-US","@id":"https:\/\/www.equipementsmarquis.com\/en\/product\/harvester-neuson-forest-243hv-243htv\/#primaryimage","url":"https:\/\/www.equipementsmarquis.com\/wp-content\/uploads\/2022\/11\/Neuson-Forest-243HV243HVT-Abatteuse-Equipements-Marquis-01.jpg","contentUrl":"https:\/\/www.equipementsmarquis.com\/wp-content\/uploads\/2022\/11\/Neuson-Forest-243HV243HVT-Abatteuse-Equipements-Marquis-01.jpg","width":1200,"height":800},{"@type":"BreadcrumbList","@id":"https:\/\/www.equipementsmarquis.com\/en\/product\/harvester-neuson-forest-243hv-243htv\/#breadcrumb","itemListElement":[{"@type":"ListItem","position":1,"name":"Accueil","item":"https:\/\/www.equipementsmarquis.com\/en\/"},{"@type":"ListItem","position":2,"name":"Products","item":"https:\/\/www.equipementsmarquis.com\/en\/shop\/"},{"@type":"ListItem","position":3,"name":"Harvester Neuson Forest 243HV\/243HTV"}]},{"@type":"WebSite","@id":"https:\/\/www.equipementsmarquis.com\/en\/#website","url":"https:\/\/www.equipementsmarquis.com\/en\/","name":"\u00c9quipements Marquis","description":"Fournisseur d&#039;\u00e9quipements et fabrication de pi\u00e8ces pour machineries","publisher":{"@id":"https:\/\/www.equipementsmarquis.com\/en\/#organization"},"potentialAction":[{"@type":"SearchAction","target":{"@type":"EntryPoint","urlTemplate":"https:\/\/www.equipementsmarquis.com\/en\/?s={search_term_string}"},"query-input":{"@type":"PropertyValueSpecification","valueRequired":true,"valueName":"search_term_string"}}],"inLanguage":"en-US"},{"@type":"Organization","@id":"https:\/\/www.equipementsmarquis.com\/en\/#organization","name":"\u00c9quipements Marquis","url":"https:\/\/www.equipementsmarquis.com\/en\/","logo":{"@type":"ImageObject","inLanguage":"en-US","@id":"https:\/\/www.equipementsmarquis.com\/en\/#\/schema\/logo\/image\/","url":"https:\/\/www.equipementsmarquis.com\/wp-content\/uploads\/2022\/07\/logo-EquipementsMarquis.svg","contentUrl":"https:\/\/www.equipementsmarquis.com\/wp-content\/uploads\/2022\/07\/logo-EquipementsMarquis.svg","width":740,"height":283,"caption":"\u00c9quipements Marquis"},"image":{"@id":"https:\/\/www.equipementsmarquis.com\/en\/#\/schema\/logo\/image\/"},"sameAs":["https:\/\/www.facebook.com\/Les-quipements-Marquis-inc-1391878637801740","https:\/\/ca.linkedin.com\/company\/les-quipements-marquis-inc"]}]}},"_links":{"self":[{"href":"https:\/\/www.equipementsmarquis.com\/en\/wp-json\/wp\/v2\/product\/1678","targetHints":{"allow":["GET"]}}],"collection":[{"href":"https:\/\/www.equipementsmarquis.com\/en\/wp-json\/wp\/v2\/product"}],"about":[{"href":"https:\/\/www.equipementsmarquis.com\/en\/wp-json\/wp\/v2\/types\/product"}],"wp:featuredmedia":[{"embeddable":true,"href":"https:\/\/www.equipementsmarquis.com\/en\/wp-json\/wp\/v2\/media\/1130"}],"wp:attachment":[{"href":"https:\/\/www.equipementsmarquis.com\/en\/wp-json\/wp\/v2\/media?parent=1678"}],"wp:term":[{"taxonomy":"marque","embeddable":true,"href":"https:\/\/www.equipementsmarquis.com\/en\/wp-json\/wp\/v2\/marque?post=1678"},{"taxonomy":"product_brand","embeddable":true,"href":"https:\/\/www.equipementsmarquis.com\/en\/wp-json\/wp\/v2\/product_brand?post=1678"},{"taxonomy":"product_cat","embeddable":true,"href":"https:\/\/www.equipementsmarquis.com\/en\/wp-json\/wp\/v2\/product_cat?post=1678"},{"taxonomy":"product_tag","embeddable":true,"href":"https:\/\/www.equipementsmarquis.com\/en\/wp-json\/wp\/v2\/product_tag?post=1678"}],"curies":[{"name":"wp","href":"https:\/\/api.w.org\/{rel}","templated":true}]}}