{"id":1684,"date":"2022-07-18T10:40:33","date_gmt":"2022-07-18T14:40:33","guid":{"rendered":"https:\/\/www.equipementsmarquis.com\/product\/tete-dabattage-a-impulsion-kesla-20sh-ii\/"},"modified":"2025-07-18T14:59:47","modified_gmt":"2025-07-18T18:59:47","slug":"kesla-20sh-ii-impulse-harvester-head","status":"publish","type":"product","link":"https:\/\/www.equipementsmarquis.com\/en\/product\/kesla-20sh-ii-impulse-harvester-head\/","title":{"rendered":"KESLA 20SH-II impulse harvester head"},"content":{"rendered":"","protected":false},"excerpt":{"rendered":"<p>The KESLA 20SH-II impulse harvester head is particularly well suited to processing knotty trees in an upright or stacked position. It&#8217;s also easy to process precious woods without damaging their surface. The proStroke partial impulse system also makes it easy to cut twisted trees. Optimum tree diameter is 25 cm. 20SH-II fits basic machines from 7 to 13 tons.<\/p>\n","protected":false},"featured_media":377,"template":"","meta":{"_acf_changed":false},"marque":[157],"product_brand":[],"product_cat":[103,111,119],"product_tag":[],"class_list":{"0":"post-1684","1":"product","2":"type-product","3":"status-publish","4":"has-post-thumbnail","6":"marque-kesla-en-new","7":"product_cat-new-equipment","8":"product_cat-forestry-new","9":"product_cat-harvester-heads-new","11":"first","12":"instock","13":"shipping-taxable","14":"product-type-simple"},"acf":[],"yoast_head":"<!-- This site is optimized with the Yoast SEO plugin v24.7 - https:\/\/yoast.com\/wordpress\/plugins\/seo\/ -->\n<title>KESLA 20SH-II impulse harvester head - \u00c9quipements Marquis<\/title>\n<meta name=\"description\" content=\"T\u00eate d&#039;abattage \u00e0 impulsion KESLA 20SH-II - \u00c9quipements Marquis\" \/>\n<meta name=\"robots\" content=\"index, follow, max-snippet:-1, max-image-preview:large, max-video-preview:-1\" \/>\n<link rel=\"canonical\" href=\"https:\/\/www.equipementsmarquis.com\/en\/product\/kesla-20sh-ii-impulse-harvester-head\/\" \/>\n<meta property=\"og:locale\" content=\"en_US\" \/>\n<meta property=\"og:type\" content=\"article\" \/>\n<meta property=\"og:title\" content=\"KESLA 20SH-II impulse harvester head - \u00c9quipements Marquis\" \/>\n<meta property=\"og:description\" content=\"T\u00eate d&#039;abattage \u00e0 impulsion KESLA 20SH-II - \u00c9quipements Marquis\" \/>\n<meta property=\"og:url\" content=\"https:\/\/www.equipementsmarquis.com\/en\/product\/kesla-20sh-ii-impulse-harvester-head\/\" \/>\n<meta property=\"og:site_name\" content=\"\u00c9quipements Marquis\" \/>\n<meta property=\"article:publisher\" content=\"https:\/\/www.facebook.com\/Les-quipements-Marquis-inc-1391878637801740\" \/>\n<meta property=\"article:modified_time\" content=\"2025-07-18T18:59:47+00:00\" \/>\n<meta property=\"og:image\" content=\"https:\/\/www.equipementsmarquis.com\/wp-content\/uploads\/2022\/07\/Tete-Abatteuse-KESLA-20SH-II-Equipements-Marquis-01.jpg\" \/>\n\t<meta property=\"og:image:width\" content=\"1200\" \/>\n\t<meta property=\"og:image:height\" content=\"800\" \/>\n\t<meta property=\"og:image:type\" content=\"image\/jpeg\" \/>\n<meta name=\"twitter:card\" content=\"summary_large_image\" \/>\n<script type=\"application\/ld+json\" class=\"yoast-schema-graph\">{\"@context\":\"https:\/\/schema.org\",\"@graph\":[{\"@type\":\"WebPage\",\"@id\":\"https:\/\/www.equipementsmarquis.com\/en\/product\/kesla-20sh-ii-impulse-harvester-head\/\",\"url\":\"https:\/\/www.equipementsmarquis.com\/en\/product\/kesla-20sh-ii-impulse-harvester-head\/\",\"name\":\"KESLA 20SH-II impulse harvester head - \u00c9quipements Marquis\",\"isPartOf\":{\"@id\":\"https:\/\/www.equipementsmarquis.com\/en\/#website\"},\"primaryImageOfPage\":{\"@id\":\"https:\/\/www.equipementsmarquis.com\/en\/product\/kesla-20sh-ii-impulse-harvester-head\/#primaryimage\"},\"image\":{\"@id\":\"https:\/\/www.equipementsmarquis.com\/en\/product\/kesla-20sh-ii-impulse-harvester-head\/#primaryimage\"},\"thumbnailUrl\":\"https:\/\/www.equipementsmarquis.com\/wp-content\/uploads\/2022\/07\/Tete-Abatteuse-KESLA-20SH-II-Equipements-Marquis-01.jpg\",\"datePublished\":\"2022-07-18T14:40:33+00:00\",\"dateModified\":\"2025-07-18T18:59:47+00:00\",\"description\":\"T\u00eate d'abattage \u00e0 impulsion KESLA 20SH-II - \u00c9quipements Marquis\",\"breadcrumb\":{\"@id\":\"https:\/\/www.equipementsmarquis.com\/en\/product\/kesla-20sh-ii-impulse-harvester-head\/#breadcrumb\"},\"inLanguage\":\"en-US\",\"potentialAction\":[{\"@type\":\"ReadAction\",\"target\":[\"https:\/\/www.equipementsmarquis.com\/en\/product\/kesla-20sh-ii-impulse-harvester-head\/\"]}]},{\"@type\":\"ImageObject\",\"inLanguage\":\"en-US\",\"@id\":\"https:\/\/www.equipementsmarquis.com\/en\/product\/kesla-20sh-ii-impulse-harvester-head\/#primaryimage\",\"url\":\"https:\/\/www.equipementsmarquis.com\/wp-content\/uploads\/2022\/07\/Tete-Abatteuse-KESLA-20SH-II-Equipements-Marquis-01.jpg\",\"contentUrl\":\"https:\/\/www.equipementsmarquis.com\/wp-content\/uploads\/2022\/07\/Tete-Abatteuse-KESLA-20SH-II-Equipements-Marquis-01.jpg\",\"width\":1200,\"height\":800},{\"@type\":\"BreadcrumbList\",\"@id\":\"https:\/\/www.equipementsmarquis.com\/en\/product\/kesla-20sh-ii-impulse-harvester-head\/#breadcrumb\",\"itemListElement\":[{\"@type\":\"ListItem\",\"position\":1,\"name\":\"Accueil\",\"item\":\"https:\/\/www.equipementsmarquis.com\/en\/\"},{\"@type\":\"ListItem\",\"position\":2,\"name\":\"Products\",\"item\":\"https:\/\/www.equipementsmarquis.com\/en\/shop\/\"},{\"@type\":\"ListItem\",\"position\":3,\"name\":\"KESLA 20SH-II impulse harvester head\"}]},{\"@type\":\"WebSite\",\"@id\":\"https:\/\/www.equipementsmarquis.com\/en\/#website\",\"url\":\"https:\/\/www.equipementsmarquis.com\/en\/\",\"name\":\"\u00c9quipements Marquis\",\"description\":\"Fournisseur d&#039;\u00e9quipements et fabrication de pi\u00e8ces pour machineries\",\"publisher\":{\"@id\":\"https:\/\/www.equipementsmarquis.com\/en\/#organization\"},\"potentialAction\":[{\"@type\":\"SearchAction\",\"target\":{\"@type\":\"EntryPoint\",\"urlTemplate\":\"https:\/\/www.equipementsmarquis.com\/en\/?s={search_term_string}\"},\"query-input\":{\"@type\":\"PropertyValueSpecification\",\"valueRequired\":true,\"valueName\":\"search_term_string\"}}],\"inLanguage\":\"en-US\"},{\"@type\":\"Organization\",\"@id\":\"https:\/\/www.equipementsmarquis.com\/en\/#organization\",\"name\":\"\u00c9quipements Marquis\",\"url\":\"https:\/\/www.equipementsmarquis.com\/en\/\",\"logo\":{\"@type\":\"ImageObject\",\"inLanguage\":\"en-US\",\"@id\":\"https:\/\/www.equipementsmarquis.com\/en\/#\/schema\/logo\/image\/\",\"url\":\"https:\/\/www.equipementsmarquis.com\/wp-content\/uploads\/2022\/07\/logo-EquipementsMarquis.svg\",\"contentUrl\":\"https:\/\/www.equipementsmarquis.com\/wp-content\/uploads\/2022\/07\/logo-EquipementsMarquis.svg\",\"width\":740,\"height\":283,\"caption\":\"\u00c9quipements Marquis\"},\"image\":{\"@id\":\"https:\/\/www.equipementsmarquis.com\/en\/#\/schema\/logo\/image\/\"},\"sameAs\":[\"https:\/\/www.facebook.com\/Les-quipements-Marquis-inc-1391878637801740\",\"https:\/\/ca.linkedin.com\/company\/les-quipements-marquis-inc\"]}]}<\/script>\n<!-- \/ Yoast SEO plugin. -->","yoast_head_json":{"title":"KESLA 20SH-II impulse harvester head - \u00c9quipements Marquis","description":"T\u00eate d'abattage \u00e0 impulsion KESLA 20SH-II - \u00c9quipements Marquis","robots":{"index":"index","follow":"follow","max-snippet":"max-snippet:-1","max-image-preview":"max-image-preview:large","max-video-preview":"max-video-preview:-1"},"canonical":"https:\/\/www.equipementsmarquis.com\/en\/product\/kesla-20sh-ii-impulse-harvester-head\/","og_locale":"en_US","og_type":"article","og_title":"KESLA 20SH-II impulse harvester head - \u00c9quipements Marquis","og_description":"T\u00eate d'abattage \u00e0 impulsion KESLA 20SH-II - \u00c9quipements Marquis","og_url":"https:\/\/www.equipementsmarquis.com\/en\/product\/kesla-20sh-ii-impulse-harvester-head\/","og_site_name":"\u00c9quipements Marquis","article_publisher":"https:\/\/www.facebook.com\/Les-quipements-Marquis-inc-1391878637801740","article_modified_time":"2025-07-18T18:59:47+00:00","og_image":[{"width":1200,"height":800,"url":"https:\/\/www.equipementsmarquis.com\/wp-content\/uploads\/2022\/07\/Tete-Abatteuse-KESLA-20SH-II-Equipements-Marquis-01.jpg","type":"image\/jpeg"}],"twitter_card":"summary_large_image","schema":{"@context":"https:\/\/schema.org","@graph":[{"@type":"WebPage","@id":"https:\/\/www.equipementsmarquis.com\/en\/product\/kesla-20sh-ii-impulse-harvester-head\/","url":"https:\/\/www.equipementsmarquis.com\/en\/product\/kesla-20sh-ii-impulse-harvester-head\/","name":"KESLA 20SH-II impulse harvester head - \u00c9quipements Marquis","isPartOf":{"@id":"https:\/\/www.equipementsmarquis.com\/en\/#website"},"primaryImageOfPage":{"@id":"https:\/\/www.equipementsmarquis.com\/en\/product\/kesla-20sh-ii-impulse-harvester-head\/#primaryimage"},"image":{"@id":"https:\/\/www.equipementsmarquis.com\/en\/product\/kesla-20sh-ii-impulse-harvester-head\/#primaryimage"},"thumbnailUrl":"https:\/\/www.equipementsmarquis.com\/wp-content\/uploads\/2022\/07\/Tete-Abatteuse-KESLA-20SH-II-Equipements-Marquis-01.jpg","datePublished":"2022-07-18T14:40:33+00:00","dateModified":"2025-07-18T18:59:47+00:00","description":"T\u00eate d'abattage \u00e0 impulsion KESLA 20SH-II - \u00c9quipements Marquis","breadcrumb":{"@id":"https:\/\/www.equipementsmarquis.com\/en\/product\/kesla-20sh-ii-impulse-harvester-head\/#breadcrumb"},"inLanguage":"en-US","potentialAction":[{"@type":"ReadAction","target":["https:\/\/www.equipementsmarquis.com\/en\/product\/kesla-20sh-ii-impulse-harvester-head\/"]}]},{"@type":"ImageObject","inLanguage":"en-US","@id":"https:\/\/www.equipementsmarquis.com\/en\/product\/kesla-20sh-ii-impulse-harvester-head\/#primaryimage","url":"https:\/\/www.equipementsmarquis.com\/wp-content\/uploads\/2022\/07\/Tete-Abatteuse-KESLA-20SH-II-Equipements-Marquis-01.jpg","contentUrl":"https:\/\/www.equipementsmarquis.com\/wp-content\/uploads\/2022\/07\/Tete-Abatteuse-KESLA-20SH-II-Equipements-Marquis-01.jpg","width":1200,"height":800},{"@type":"BreadcrumbList","@id":"https:\/\/www.equipementsmarquis.com\/en\/product\/kesla-20sh-ii-impulse-harvester-head\/#breadcrumb","itemListElement":[{"@type":"ListItem","position":1,"name":"Accueil","item":"https:\/\/www.equipementsmarquis.com\/en\/"},{"@type":"ListItem","position":2,"name":"Products","item":"https:\/\/www.equipementsmarquis.com\/en\/shop\/"},{"@type":"ListItem","position":3,"name":"KESLA 20SH-II impulse harvester head"}]},{"@type":"WebSite","@id":"https:\/\/www.equipementsmarquis.com\/en\/#website","url":"https:\/\/www.equipementsmarquis.com\/en\/","name":"\u00c9quipements Marquis","description":"Fournisseur d&#039;\u00e9quipements et fabrication de pi\u00e8ces pour machineries","publisher":{"@id":"https:\/\/www.equipementsmarquis.com\/en\/#organization"},"potentialAction":[{"@type":"SearchAction","target":{"@type":"EntryPoint","urlTemplate":"https:\/\/www.equipementsmarquis.com\/en\/?s={search_term_string}"},"query-input":{"@type":"PropertyValueSpecification","valueRequired":true,"valueName":"search_term_string"}}],"inLanguage":"en-US"},{"@type":"Organization","@id":"https:\/\/www.equipementsmarquis.com\/en\/#organization","name":"\u00c9quipements Marquis","url":"https:\/\/www.equipementsmarquis.com\/en\/","logo":{"@type":"ImageObject","inLanguage":"en-US","@id":"https:\/\/www.equipementsmarquis.com\/en\/#\/schema\/logo\/image\/","url":"https:\/\/www.equipementsmarquis.com\/wp-content\/uploads\/2022\/07\/logo-EquipementsMarquis.svg","contentUrl":"https:\/\/www.equipementsmarquis.com\/wp-content\/uploads\/2022\/07\/logo-EquipementsMarquis.svg","width":740,"height":283,"caption":"\u00c9quipements Marquis"},"image":{"@id":"https:\/\/www.equipementsmarquis.com\/en\/#\/schema\/logo\/image\/"},"sameAs":["https:\/\/www.facebook.com\/Les-quipements-Marquis-inc-1391878637801740","https:\/\/ca.linkedin.com\/company\/les-quipements-marquis-inc"]}]}},"_links":{"self":[{"href":"https:\/\/www.equipementsmarquis.com\/en\/wp-json\/wp\/v2\/product\/1684","targetHints":{"allow":["GET"]}}],"collection":[{"href":"https:\/\/www.equipementsmarquis.com\/en\/wp-json\/wp\/v2\/product"}],"about":[{"href":"https:\/\/www.equipementsmarquis.com\/en\/wp-json\/wp\/v2\/types\/product"}],"wp:featuredmedia":[{"embeddable":true,"href":"https:\/\/www.equipementsmarquis.com\/en\/wp-json\/wp\/v2\/media\/377"}],"wp:attachment":[{"href":"https:\/\/www.equipementsmarquis.com\/en\/wp-json\/wp\/v2\/media?parent=1684"}],"wp:term":[{"taxonomy":"marque","embeddable":true,"href":"https:\/\/www.equipementsmarquis.com\/en\/wp-json\/wp\/v2\/marque?post=1684"},{"taxonomy":"product_brand","embeddable":true,"href":"https:\/\/www.equipementsmarquis.com\/en\/wp-json\/wp\/v2\/product_brand?post=1684"},{"taxonomy":"product_cat","embeddable":true,"href":"https:\/\/www.equipementsmarquis.com\/en\/wp-json\/wp\/v2\/product_cat?post=1684"},{"taxonomy":"product_tag","embeddable":true,"href":"https:\/\/www.equipementsmarquis.com\/en\/wp-json\/wp\/v2\/product_tag?post=1684"}],"curies":[{"name":"wp","href":"https:\/\/api.w.org\/{rel}","templated":true}]}}