{"id":1695,"date":"2022-07-18T14:31:29","date_gmt":"2022-07-18T18:31:29","guid":{"rendered":"https:\/\/www.equipementsmarquis.com\/product\/transporteur-yanmar-c30r-3\/"},"modified":"2025-07-03T16:41:12","modified_gmt":"2025-07-03T20:41:12","slug":"yanmar-c30r-3-transporter","status":"publish","type":"product","link":"https:\/\/www.equipementsmarquis.com\/en\/product\/yanmar-c30r-3-transporter\/","title":{"rendered":"Yanmar C30R-3 Transporter"},"content":{"rendered":"<p>Net power : 46 hp (34.3 kW)<br \/>\nOperating weight : 5,843 lb (2,650 kg)<br \/>\nMax payload : 5,512 lb (2,500 kg)<\/p>\n","protected":false},"excerpt":{"rendered":"<p>Sometimes conditions make it impossible for ordinary pick-ups or dump trucks to even get to a jobsite. Swampy, soft ground, sand, snow, steep slopes and winding paths can bring a job to a halt. But the rugged, powerful C30R-3 all-terrain tracked carrier is purpose-built for just those conditions. The rubber-tracked, high-flotation, low-ground-pressure carrier productively operates in the toughest conditions, while also minimizing damage to environmentally sensitive areas. Which means there\u2019s almost no place you can\u2019t get to, and no job you can\u2019t get done. It&#8217;s equipped with a reversible driver&#8217;s seat. It also has a variable hydrostatic transmission. The dimensions of the box are 5&#8242;-6&#8221; x 4&#8242;-7&#8221; x 1&#8242;-3&#8221; for the sides. The box tilts to 58 degrees, with turning controls on one arm.<\/p>\n","protected":false},"featured_media":518,"template":"","meta":{"_acf_changed":false},"marque":[148],"product_brand":[],"product_cat":[103,108,118],"product_tag":[],"class_list":{"0":"post-1695","1":"product","2":"type-product","3":"status-publish","4":"has-post-thumbnail","6":"marque-yanmar-en-new","7":"product_cat-new-equipment","8":"product_cat-construction-new","9":"product_cat-transporters-new","11":"first","12":"instock","13":"shipping-taxable","14":"product-type-simple"},"acf":[],"yoast_head":"<!-- This site is optimized with the Yoast SEO plugin v24.7 - https:\/\/yoast.com\/wordpress\/plugins\/seo\/ -->\n<title>Yanmar C30R-3 Transporter - \u00c9quipements Marquis<\/title>\n<meta name=\"description\" content=\"Transporteur Yanmar C30R-3 - \u00c9quipements Marquis\" \/>\n<meta name=\"robots\" content=\"index, follow, max-snippet:-1, max-image-preview:large, max-video-preview:-1\" \/>\n<link rel=\"canonical\" href=\"https:\/\/www.equipementsmarquis.com\/en\/product\/yanmar-c30r-3-transporter\/\" \/>\n<meta property=\"og:locale\" content=\"en_US\" \/>\n<meta property=\"og:type\" content=\"article\" \/>\n<meta property=\"og:title\" content=\"Yanmar C30R-3 Transporter - \u00c9quipements Marquis\" \/>\n<meta property=\"og:description\" content=\"Transporteur Yanmar C30R-3 - \u00c9quipements Marquis\" \/>\n<meta property=\"og:url\" content=\"https:\/\/www.equipementsmarquis.com\/en\/product\/yanmar-c30r-3-transporter\/\" \/>\n<meta property=\"og:site_name\" content=\"\u00c9quipements Marquis\" \/>\n<meta property=\"article:publisher\" content=\"https:\/\/www.facebook.com\/Les-quipements-Marquis-inc-1391878637801740\" \/>\n<meta property=\"article:modified_time\" content=\"2025-07-03T20:41:12+00:00\" \/>\n<meta property=\"og:image\" content=\"https:\/\/www.equipementsmarquis.com\/wp-content\/uploads\/2022\/07\/Transporteur-Yanmar-C30R-Equipements-Marquis-05.jpg\" \/>\n\t<meta property=\"og:image:width\" content=\"1200\" \/>\n\t<meta property=\"og:image:height\" content=\"800\" \/>\n\t<meta property=\"og:image:type\" content=\"image\/jpeg\" \/>\n<meta name=\"twitter:card\" content=\"summary_large_image\" \/>\n<script type=\"application\/ld+json\" class=\"yoast-schema-graph\">{\"@context\":\"https:\/\/schema.org\",\"@graph\":[{\"@type\":\"WebPage\",\"@id\":\"https:\/\/www.equipementsmarquis.com\/en\/product\/yanmar-c30r-3-transporter\/\",\"url\":\"https:\/\/www.equipementsmarquis.com\/en\/product\/yanmar-c30r-3-transporter\/\",\"name\":\"Yanmar C30R-3 Transporter - \u00c9quipements Marquis\",\"isPartOf\":{\"@id\":\"https:\/\/www.equipementsmarquis.com\/en\/#website\"},\"primaryImageOfPage\":{\"@id\":\"https:\/\/www.equipementsmarquis.com\/en\/product\/yanmar-c30r-3-transporter\/#primaryimage\"},\"image\":{\"@id\":\"https:\/\/www.equipementsmarquis.com\/en\/product\/yanmar-c30r-3-transporter\/#primaryimage\"},\"thumbnailUrl\":\"https:\/\/www.equipementsmarquis.com\/wp-content\/uploads\/2022\/07\/Transporteur-Yanmar-C30R-Equipements-Marquis-05.jpg\",\"datePublished\":\"2022-07-18T18:31:29+00:00\",\"dateModified\":\"2025-07-03T20:41:12+00:00\",\"description\":\"Transporteur Yanmar C30R-3 - \u00c9quipements Marquis\",\"breadcrumb\":{\"@id\":\"https:\/\/www.equipementsmarquis.com\/en\/product\/yanmar-c30r-3-transporter\/#breadcrumb\"},\"inLanguage\":\"en-US\",\"potentialAction\":[{\"@type\":\"ReadAction\",\"target\":[\"https:\/\/www.equipementsmarquis.com\/en\/product\/yanmar-c30r-3-transporter\/\"]}]},{\"@type\":\"ImageObject\",\"inLanguage\":\"en-US\",\"@id\":\"https:\/\/www.equipementsmarquis.com\/en\/product\/yanmar-c30r-3-transporter\/#primaryimage\",\"url\":\"https:\/\/www.equipementsmarquis.com\/wp-content\/uploads\/2022\/07\/Transporteur-Yanmar-C30R-Equipements-Marquis-05.jpg\",\"contentUrl\":\"https:\/\/www.equipementsmarquis.com\/wp-content\/uploads\/2022\/07\/Transporteur-Yanmar-C30R-Equipements-Marquis-05.jpg\",\"width\":1200,\"height\":800},{\"@type\":\"BreadcrumbList\",\"@id\":\"https:\/\/www.equipementsmarquis.com\/en\/product\/yanmar-c30r-3-transporter\/#breadcrumb\",\"itemListElement\":[{\"@type\":\"ListItem\",\"position\":1,\"name\":\"Accueil\",\"item\":\"https:\/\/www.equipementsmarquis.com\/en\/\"},{\"@type\":\"ListItem\",\"position\":2,\"name\":\"Products\",\"item\":\"https:\/\/www.equipementsmarquis.com\/en\/shop\/\"},{\"@type\":\"ListItem\",\"position\":3,\"name\":\"Yanmar C30R-3 Transporter\"}]},{\"@type\":\"WebSite\",\"@id\":\"https:\/\/www.equipementsmarquis.com\/en\/#website\",\"url\":\"https:\/\/www.equipementsmarquis.com\/en\/\",\"name\":\"\u00c9quipements Marquis\",\"description\":\"Fournisseur d&#039;\u00e9quipements et fabrication de pi\u00e8ces pour machineries\",\"publisher\":{\"@id\":\"https:\/\/www.equipementsmarquis.com\/en\/#organization\"},\"potentialAction\":[{\"@type\":\"SearchAction\",\"target\":{\"@type\":\"EntryPoint\",\"urlTemplate\":\"https:\/\/www.equipementsmarquis.com\/en\/?s={search_term_string}\"},\"query-input\":{\"@type\":\"PropertyValueSpecification\",\"valueRequired\":true,\"valueName\":\"search_term_string\"}}],\"inLanguage\":\"en-US\"},{\"@type\":\"Organization\",\"@id\":\"https:\/\/www.equipementsmarquis.com\/en\/#organization\",\"name\":\"\u00c9quipements Marquis\",\"url\":\"https:\/\/www.equipementsmarquis.com\/en\/\",\"logo\":{\"@type\":\"ImageObject\",\"inLanguage\":\"en-US\",\"@id\":\"https:\/\/www.equipementsmarquis.com\/en\/#\/schema\/logo\/image\/\",\"url\":\"https:\/\/www.equipementsmarquis.com\/wp-content\/uploads\/2022\/07\/logo-EquipementsMarquis.svg\",\"contentUrl\":\"https:\/\/www.equipementsmarquis.com\/wp-content\/uploads\/2022\/07\/logo-EquipementsMarquis.svg\",\"width\":740,\"height\":283,\"caption\":\"\u00c9quipements Marquis\"},\"image\":{\"@id\":\"https:\/\/www.equipementsmarquis.com\/en\/#\/schema\/logo\/image\/\"},\"sameAs\":[\"https:\/\/www.facebook.com\/Les-quipements-Marquis-inc-1391878637801740\",\"https:\/\/ca.linkedin.com\/company\/les-quipements-marquis-inc\"]}]}<\/script>\n<!-- \/ Yoast SEO plugin. -->","yoast_head_json":{"title":"Yanmar C30R-3 Transporter - \u00c9quipements Marquis","description":"Transporteur Yanmar C30R-3 - \u00c9quipements Marquis","robots":{"index":"index","follow":"follow","max-snippet":"max-snippet:-1","max-image-preview":"max-image-preview:large","max-video-preview":"max-video-preview:-1"},"canonical":"https:\/\/www.equipementsmarquis.com\/en\/product\/yanmar-c30r-3-transporter\/","og_locale":"en_US","og_type":"article","og_title":"Yanmar C30R-3 Transporter - \u00c9quipements Marquis","og_description":"Transporteur Yanmar C30R-3 - \u00c9quipements Marquis","og_url":"https:\/\/www.equipementsmarquis.com\/en\/product\/yanmar-c30r-3-transporter\/","og_site_name":"\u00c9quipements Marquis","article_publisher":"https:\/\/www.facebook.com\/Les-quipements-Marquis-inc-1391878637801740","article_modified_time":"2025-07-03T20:41:12+00:00","og_image":[{"width":1200,"height":800,"url":"https:\/\/www.equipementsmarquis.com\/wp-content\/uploads\/2022\/07\/Transporteur-Yanmar-C30R-Equipements-Marquis-05.jpg","type":"image\/jpeg"}],"twitter_card":"summary_large_image","schema":{"@context":"https:\/\/schema.org","@graph":[{"@type":"WebPage","@id":"https:\/\/www.equipementsmarquis.com\/en\/product\/yanmar-c30r-3-transporter\/","url":"https:\/\/www.equipementsmarquis.com\/en\/product\/yanmar-c30r-3-transporter\/","name":"Yanmar C30R-3 Transporter - \u00c9quipements Marquis","isPartOf":{"@id":"https:\/\/www.equipementsmarquis.com\/en\/#website"},"primaryImageOfPage":{"@id":"https:\/\/www.equipementsmarquis.com\/en\/product\/yanmar-c30r-3-transporter\/#primaryimage"},"image":{"@id":"https:\/\/www.equipementsmarquis.com\/en\/product\/yanmar-c30r-3-transporter\/#primaryimage"},"thumbnailUrl":"https:\/\/www.equipementsmarquis.com\/wp-content\/uploads\/2022\/07\/Transporteur-Yanmar-C30R-Equipements-Marquis-05.jpg","datePublished":"2022-07-18T18:31:29+00:00","dateModified":"2025-07-03T20:41:12+00:00","description":"Transporteur Yanmar C30R-3 - \u00c9quipements Marquis","breadcrumb":{"@id":"https:\/\/www.equipementsmarquis.com\/en\/product\/yanmar-c30r-3-transporter\/#breadcrumb"},"inLanguage":"en-US","potentialAction":[{"@type":"ReadAction","target":["https:\/\/www.equipementsmarquis.com\/en\/product\/yanmar-c30r-3-transporter\/"]}]},{"@type":"ImageObject","inLanguage":"en-US","@id":"https:\/\/www.equipementsmarquis.com\/en\/product\/yanmar-c30r-3-transporter\/#primaryimage","url":"https:\/\/www.equipementsmarquis.com\/wp-content\/uploads\/2022\/07\/Transporteur-Yanmar-C30R-Equipements-Marquis-05.jpg","contentUrl":"https:\/\/www.equipementsmarquis.com\/wp-content\/uploads\/2022\/07\/Transporteur-Yanmar-C30R-Equipements-Marquis-05.jpg","width":1200,"height":800},{"@type":"BreadcrumbList","@id":"https:\/\/www.equipementsmarquis.com\/en\/product\/yanmar-c30r-3-transporter\/#breadcrumb","itemListElement":[{"@type":"ListItem","position":1,"name":"Accueil","item":"https:\/\/www.equipementsmarquis.com\/en\/"},{"@type":"ListItem","position":2,"name":"Products","item":"https:\/\/www.equipementsmarquis.com\/en\/shop\/"},{"@type":"ListItem","position":3,"name":"Yanmar C30R-3 Transporter"}]},{"@type":"WebSite","@id":"https:\/\/www.equipementsmarquis.com\/en\/#website","url":"https:\/\/www.equipementsmarquis.com\/en\/","name":"\u00c9quipements Marquis","description":"Fournisseur d&#039;\u00e9quipements et fabrication de pi\u00e8ces pour machineries","publisher":{"@id":"https:\/\/www.equipementsmarquis.com\/en\/#organization"},"potentialAction":[{"@type":"SearchAction","target":{"@type":"EntryPoint","urlTemplate":"https:\/\/www.equipementsmarquis.com\/en\/?s={search_term_string}"},"query-input":{"@type":"PropertyValueSpecification","valueRequired":true,"valueName":"search_term_string"}}],"inLanguage":"en-US"},{"@type":"Organization","@id":"https:\/\/www.equipementsmarquis.com\/en\/#organization","name":"\u00c9quipements Marquis","url":"https:\/\/www.equipementsmarquis.com\/en\/","logo":{"@type":"ImageObject","inLanguage":"en-US","@id":"https:\/\/www.equipementsmarquis.com\/en\/#\/schema\/logo\/image\/","url":"https:\/\/www.equipementsmarquis.com\/wp-content\/uploads\/2022\/07\/logo-EquipementsMarquis.svg","contentUrl":"https:\/\/www.equipementsmarquis.com\/wp-content\/uploads\/2022\/07\/logo-EquipementsMarquis.svg","width":740,"height":283,"caption":"\u00c9quipements Marquis"},"image":{"@id":"https:\/\/www.equipementsmarquis.com\/en\/#\/schema\/logo\/image\/"},"sameAs":["https:\/\/www.facebook.com\/Les-quipements-Marquis-inc-1391878637801740","https:\/\/ca.linkedin.com\/company\/les-quipements-marquis-inc"]}]}},"_links":{"self":[{"href":"https:\/\/www.equipementsmarquis.com\/en\/wp-json\/wp\/v2\/product\/1695","targetHints":{"allow":["GET"]}}],"collection":[{"href":"https:\/\/www.equipementsmarquis.com\/en\/wp-json\/wp\/v2\/product"}],"about":[{"href":"https:\/\/www.equipementsmarquis.com\/en\/wp-json\/wp\/v2\/types\/product"}],"wp:featuredmedia":[{"embeddable":true,"href":"https:\/\/www.equipementsmarquis.com\/en\/wp-json\/wp\/v2\/media\/518"}],"wp:attachment":[{"href":"https:\/\/www.equipementsmarquis.com\/en\/wp-json\/wp\/v2\/media?parent=1695"}],"wp:term":[{"taxonomy":"marque","embeddable":true,"href":"https:\/\/www.equipementsmarquis.com\/en\/wp-json\/wp\/v2\/marque?post=1695"},{"taxonomy":"product_brand","embeddable":true,"href":"https:\/\/www.equipementsmarquis.com\/en\/wp-json\/wp\/v2\/product_brand?post=1695"},{"taxonomy":"product_cat","embeddable":true,"href":"https:\/\/www.equipementsmarquis.com\/en\/wp-json\/wp\/v2\/product_cat?post=1695"},{"taxonomy":"product_tag","embeddable":true,"href":"https:\/\/www.equipementsmarquis.com\/en\/wp-json\/wp\/v2\/product_tag?post=1695"}],"curies":[{"name":"wp","href":"https:\/\/api.w.org\/{rel}","templated":true}]}}