{"id":2079,"date":"2024-04-22T10:49:20","date_gmt":"2024-04-22T14:49:20","guid":{"rendered":"https:\/\/www.equipementsmarquis.com\/?post_type=product&#038;p=2079"},"modified":"2025-05-15T09:04:47","modified_gmt":"2025-05-15T13:04:47","slug":"hyundai-hx220a-l-excavator","status":"publish","type":"product","link":"https:\/\/www.equipementsmarquis.com\/en\/product\/hyundai-hx220a-l-excavator\/","title":{"rendered":"Hyundai HX220A L Excavator"},"content":{"rendered":"<p>Net power : 170 hp (127 kW) at 2.200 rpm<br \/>\nOperating weight : 22,800 kg (50,265 lb) &#8211; 24,728 kg (54,516 lb)<br \/>\nStandart bucket : 42&#8243; | 0.92 m3 (1.20 yd3)<\/p>\n","protected":false},"excerpt":{"rendered":"<p>Powered by a Cummins B6.7 Stage 5\/Tier 4 Final diesel engine, the HX220A L complies with the international Stage 5 emissions control standard. New features like visibility and handle improvement, automatic engine shutdown, auto safety lock, enhanced cabin visibility, and eco gauge lifting mode can help improve productivity on hard to handle jobs.<\/p>\n<p>All Hyundai excavators are known for fast cycle speeds, impressive hydraulic power and precision control. At Hyundai, reliable productivity is more than just a promise. The robust upper and lower frame structure can endure external shock and heavy workloads for many thousands of hours.<\/p>\n","protected":false},"featured_media":2081,"template":"","meta":{"_acf_changed":false},"marque":[149],"product_brand":[],"product_cat":[103,108,110,111],"product_tag":[],"class_list":{"0":"post-2079","1":"product","2":"type-product","3":"status-publish","4":"has-post-thumbnail","6":"marque-hyundai-en-new","7":"product_cat-new-equipment","8":"product_cat-construction-new","9":"product_cat-excavators-new","10":"product_cat-forestry-new","12":"first","13":"instock","14":"shipping-taxable","15":"product-type-simple"},"acf":[],"yoast_head":"<!-- This site is optimized with the Yoast SEO plugin v24.7 - https:\/\/yoast.com\/wordpress\/plugins\/seo\/ -->\n<title>Hyundai HX220A L Excavator - \u00c9quipements Marquis<\/title>\n<meta name=\"description\" content=\"Tracteur Yanmar SA221 - \u00c9quipements Marquis\" \/>\n<meta name=\"robots\" content=\"index, follow, max-snippet:-1, max-image-preview:large, max-video-preview:-1\" \/>\n<link rel=\"canonical\" href=\"https:\/\/www.equipementsmarquis.com\/en\/product\/hyundai-hx220a-l-excavator\/\" \/>\n<meta property=\"og:locale\" content=\"en_US\" \/>\n<meta property=\"og:type\" content=\"article\" \/>\n<meta property=\"og:title\" content=\"Hyundai HX220A L Excavator - \u00c9quipements Marquis\" \/>\n<meta property=\"og:description\" content=\"Tracteur Yanmar SA221 - \u00c9quipements Marquis\" \/>\n<meta property=\"og:url\" content=\"https:\/\/www.equipementsmarquis.com\/en\/product\/hyundai-hx220a-l-excavator\/\" \/>\n<meta property=\"og:site_name\" content=\"\u00c9quipements Marquis\" \/>\n<meta property=\"article:publisher\" content=\"https:\/\/www.facebook.com\/Les-quipements-Marquis-inc-1391878637801740\" \/>\n<meta property=\"article:modified_time\" content=\"2025-05-15T13:04:47+00:00\" \/>\n<meta property=\"og:image\" content=\"https:\/\/www.equipementsmarquis.com\/wp-content\/uploads\/2024\/04\/Excavatrice-Hyundai-HX220A-L-Equipements-Marquis.jpg\" \/>\n\t<meta property=\"og:image:width\" content=\"1200\" \/>\n\t<meta property=\"og:image:height\" content=\"800\" \/>\n\t<meta property=\"og:image:type\" content=\"image\/jpeg\" \/>\n<meta name=\"twitter:card\" content=\"summary_large_image\" \/>\n<script type=\"application\/ld+json\" class=\"yoast-schema-graph\">{\"@context\":\"https:\/\/schema.org\",\"@graph\":[{\"@type\":\"WebPage\",\"@id\":\"https:\/\/www.equipementsmarquis.com\/en\/product\/hyundai-hx220a-l-excavator\/\",\"url\":\"https:\/\/www.equipementsmarquis.com\/en\/product\/hyundai-hx220a-l-excavator\/\",\"name\":\"Hyundai HX220A L Excavator - \u00c9quipements Marquis\",\"isPartOf\":{\"@id\":\"https:\/\/www.equipementsmarquis.com\/en\/#website\"},\"primaryImageOfPage\":{\"@id\":\"https:\/\/www.equipementsmarquis.com\/en\/product\/hyundai-hx220a-l-excavator\/#primaryimage\"},\"image\":{\"@id\":\"https:\/\/www.equipementsmarquis.com\/en\/product\/hyundai-hx220a-l-excavator\/#primaryimage\"},\"thumbnailUrl\":\"https:\/\/www.equipementsmarquis.com\/wp-content\/uploads\/2024\/04\/Excavatrice-Hyundai-HX220A-L-Equipements-Marquis.jpg\",\"datePublished\":\"2024-04-22T14:49:20+00:00\",\"dateModified\":\"2025-05-15T13:04:47+00:00\",\"description\":\"Tracteur Yanmar SA221 - \u00c9quipements Marquis\",\"breadcrumb\":{\"@id\":\"https:\/\/www.equipementsmarquis.com\/en\/product\/hyundai-hx220a-l-excavator\/#breadcrumb\"},\"inLanguage\":\"en-US\",\"potentialAction\":[{\"@type\":\"ReadAction\",\"target\":[\"https:\/\/www.equipementsmarquis.com\/en\/product\/hyundai-hx220a-l-excavator\/\"]}]},{\"@type\":\"ImageObject\",\"inLanguage\":\"en-US\",\"@id\":\"https:\/\/www.equipementsmarquis.com\/en\/product\/hyundai-hx220a-l-excavator\/#primaryimage\",\"url\":\"https:\/\/www.equipementsmarquis.com\/wp-content\/uploads\/2024\/04\/Excavatrice-Hyundai-HX220A-L-Equipements-Marquis.jpg\",\"contentUrl\":\"https:\/\/www.equipementsmarquis.com\/wp-content\/uploads\/2024\/04\/Excavatrice-Hyundai-HX220A-L-Equipements-Marquis.jpg\",\"width\":1200,\"height\":800},{\"@type\":\"BreadcrumbList\",\"@id\":\"https:\/\/www.equipementsmarquis.com\/en\/product\/hyundai-hx220a-l-excavator\/#breadcrumb\",\"itemListElement\":[{\"@type\":\"ListItem\",\"position\":1,\"name\":\"Accueil\",\"item\":\"https:\/\/www.equipementsmarquis.com\/en\/\"},{\"@type\":\"ListItem\",\"position\":2,\"name\":\"Products\",\"item\":\"https:\/\/www.equipementsmarquis.com\/en\/shop\/\"},{\"@type\":\"ListItem\",\"position\":3,\"name\":\"Hyundai HX220A L Excavator\"}]},{\"@type\":\"WebSite\",\"@id\":\"https:\/\/www.equipementsmarquis.com\/en\/#website\",\"url\":\"https:\/\/www.equipementsmarquis.com\/en\/\",\"name\":\"\u00c9quipements Marquis\",\"description\":\"Fournisseur d&#039;\u00e9quipements et fabrication de pi\u00e8ces pour machineries\",\"publisher\":{\"@id\":\"https:\/\/www.equipementsmarquis.com\/en\/#organization\"},\"potentialAction\":[{\"@type\":\"SearchAction\",\"target\":{\"@type\":\"EntryPoint\",\"urlTemplate\":\"https:\/\/www.equipementsmarquis.com\/en\/?s={search_term_string}\"},\"query-input\":{\"@type\":\"PropertyValueSpecification\",\"valueRequired\":true,\"valueName\":\"search_term_string\"}}],\"inLanguage\":\"en-US\"},{\"@type\":\"Organization\",\"@id\":\"https:\/\/www.equipementsmarquis.com\/en\/#organization\",\"name\":\"\u00c9quipements Marquis\",\"url\":\"https:\/\/www.equipementsmarquis.com\/en\/\",\"logo\":{\"@type\":\"ImageObject\",\"inLanguage\":\"en-US\",\"@id\":\"https:\/\/www.equipementsmarquis.com\/en\/#\/schema\/logo\/image\/\",\"url\":\"https:\/\/www.equipementsmarquis.com\/wp-content\/uploads\/2022\/07\/logo-EquipementsMarquis.svg\",\"contentUrl\":\"https:\/\/www.equipementsmarquis.com\/wp-content\/uploads\/2022\/07\/logo-EquipementsMarquis.svg\",\"width\":740,\"height\":283,\"caption\":\"\u00c9quipements Marquis\"},\"image\":{\"@id\":\"https:\/\/www.equipementsmarquis.com\/en\/#\/schema\/logo\/image\/\"},\"sameAs\":[\"https:\/\/www.facebook.com\/Les-quipements-Marquis-inc-1391878637801740\",\"https:\/\/ca.linkedin.com\/company\/les-quipements-marquis-inc\"]}]}<\/script>\n<!-- \/ Yoast SEO plugin. -->","yoast_head_json":{"title":"Hyundai HX220A L Excavator - \u00c9quipements Marquis","description":"Tracteur Yanmar SA221 - \u00c9quipements Marquis","robots":{"index":"index","follow":"follow","max-snippet":"max-snippet:-1","max-image-preview":"max-image-preview:large","max-video-preview":"max-video-preview:-1"},"canonical":"https:\/\/www.equipementsmarquis.com\/en\/product\/hyundai-hx220a-l-excavator\/","og_locale":"en_US","og_type":"article","og_title":"Hyundai HX220A L Excavator - \u00c9quipements Marquis","og_description":"Tracteur Yanmar SA221 - \u00c9quipements Marquis","og_url":"https:\/\/www.equipementsmarquis.com\/en\/product\/hyundai-hx220a-l-excavator\/","og_site_name":"\u00c9quipements Marquis","article_publisher":"https:\/\/www.facebook.com\/Les-quipements-Marquis-inc-1391878637801740","article_modified_time":"2025-05-15T13:04:47+00:00","og_image":[{"width":1200,"height":800,"url":"https:\/\/www.equipementsmarquis.com\/wp-content\/uploads\/2024\/04\/Excavatrice-Hyundai-HX220A-L-Equipements-Marquis.jpg","type":"image\/jpeg"}],"twitter_card":"summary_large_image","schema":{"@context":"https:\/\/schema.org","@graph":[{"@type":"WebPage","@id":"https:\/\/www.equipementsmarquis.com\/en\/product\/hyundai-hx220a-l-excavator\/","url":"https:\/\/www.equipementsmarquis.com\/en\/product\/hyundai-hx220a-l-excavator\/","name":"Hyundai HX220A L Excavator - \u00c9quipements Marquis","isPartOf":{"@id":"https:\/\/www.equipementsmarquis.com\/en\/#website"},"primaryImageOfPage":{"@id":"https:\/\/www.equipementsmarquis.com\/en\/product\/hyundai-hx220a-l-excavator\/#primaryimage"},"image":{"@id":"https:\/\/www.equipementsmarquis.com\/en\/product\/hyundai-hx220a-l-excavator\/#primaryimage"},"thumbnailUrl":"https:\/\/www.equipementsmarquis.com\/wp-content\/uploads\/2024\/04\/Excavatrice-Hyundai-HX220A-L-Equipements-Marquis.jpg","datePublished":"2024-04-22T14:49:20+00:00","dateModified":"2025-05-15T13:04:47+00:00","description":"Tracteur Yanmar SA221 - \u00c9quipements Marquis","breadcrumb":{"@id":"https:\/\/www.equipementsmarquis.com\/en\/product\/hyundai-hx220a-l-excavator\/#breadcrumb"},"inLanguage":"en-US","potentialAction":[{"@type":"ReadAction","target":["https:\/\/www.equipementsmarquis.com\/en\/product\/hyundai-hx220a-l-excavator\/"]}]},{"@type":"ImageObject","inLanguage":"en-US","@id":"https:\/\/www.equipementsmarquis.com\/en\/product\/hyundai-hx220a-l-excavator\/#primaryimage","url":"https:\/\/www.equipementsmarquis.com\/wp-content\/uploads\/2024\/04\/Excavatrice-Hyundai-HX220A-L-Equipements-Marquis.jpg","contentUrl":"https:\/\/www.equipementsmarquis.com\/wp-content\/uploads\/2024\/04\/Excavatrice-Hyundai-HX220A-L-Equipements-Marquis.jpg","width":1200,"height":800},{"@type":"BreadcrumbList","@id":"https:\/\/www.equipementsmarquis.com\/en\/product\/hyundai-hx220a-l-excavator\/#breadcrumb","itemListElement":[{"@type":"ListItem","position":1,"name":"Accueil","item":"https:\/\/www.equipementsmarquis.com\/en\/"},{"@type":"ListItem","position":2,"name":"Products","item":"https:\/\/www.equipementsmarquis.com\/en\/shop\/"},{"@type":"ListItem","position":3,"name":"Hyundai HX220A L Excavator"}]},{"@type":"WebSite","@id":"https:\/\/www.equipementsmarquis.com\/en\/#website","url":"https:\/\/www.equipementsmarquis.com\/en\/","name":"\u00c9quipements Marquis","description":"Fournisseur d&#039;\u00e9quipements et fabrication de pi\u00e8ces pour machineries","publisher":{"@id":"https:\/\/www.equipementsmarquis.com\/en\/#organization"},"potentialAction":[{"@type":"SearchAction","target":{"@type":"EntryPoint","urlTemplate":"https:\/\/www.equipementsmarquis.com\/en\/?s={search_term_string}"},"query-input":{"@type":"PropertyValueSpecification","valueRequired":true,"valueName":"search_term_string"}}],"inLanguage":"en-US"},{"@type":"Organization","@id":"https:\/\/www.equipementsmarquis.com\/en\/#organization","name":"\u00c9quipements Marquis","url":"https:\/\/www.equipementsmarquis.com\/en\/","logo":{"@type":"ImageObject","inLanguage":"en-US","@id":"https:\/\/www.equipementsmarquis.com\/en\/#\/schema\/logo\/image\/","url":"https:\/\/www.equipementsmarquis.com\/wp-content\/uploads\/2022\/07\/logo-EquipementsMarquis.svg","contentUrl":"https:\/\/www.equipementsmarquis.com\/wp-content\/uploads\/2022\/07\/logo-EquipementsMarquis.svg","width":740,"height":283,"caption":"\u00c9quipements Marquis"},"image":{"@id":"https:\/\/www.equipementsmarquis.com\/en\/#\/schema\/logo\/image\/"},"sameAs":["https:\/\/www.facebook.com\/Les-quipements-Marquis-inc-1391878637801740","https:\/\/ca.linkedin.com\/company\/les-quipements-marquis-inc"]}]}},"_links":{"self":[{"href":"https:\/\/www.equipementsmarquis.com\/en\/wp-json\/wp\/v2\/product\/2079","targetHints":{"allow":["GET"]}}],"collection":[{"href":"https:\/\/www.equipementsmarquis.com\/en\/wp-json\/wp\/v2\/product"}],"about":[{"href":"https:\/\/www.equipementsmarquis.com\/en\/wp-json\/wp\/v2\/types\/product"}],"wp:featuredmedia":[{"embeddable":true,"href":"https:\/\/www.equipementsmarquis.com\/en\/wp-json\/wp\/v2\/media\/2081"}],"wp:attachment":[{"href":"https:\/\/www.equipementsmarquis.com\/en\/wp-json\/wp\/v2\/media?parent=2079"}],"wp:term":[{"taxonomy":"marque","embeddable":true,"href":"https:\/\/www.equipementsmarquis.com\/en\/wp-json\/wp\/v2\/marque?post=2079"},{"taxonomy":"product_brand","embeddable":true,"href":"https:\/\/www.equipementsmarquis.com\/en\/wp-json\/wp\/v2\/product_brand?post=2079"},{"taxonomy":"product_cat","embeddable":true,"href":"https:\/\/www.equipementsmarquis.com\/en\/wp-json\/wp\/v2\/product_cat?post=2079"},{"taxonomy":"product_tag","embeddable":true,"href":"https:\/\/www.equipementsmarquis.com\/en\/wp-json\/wp\/v2\/product_tag?post=2079"}],"curies":[{"name":"wp","href":"https:\/\/api.w.org\/{rel}","templated":true}]}}