{"id":2601,"date":"2025-04-24T13:55:32","date_gmt":"2025-04-24T17:55:32","guid":{"rendered":"https:\/\/www.equipementsmarquis.com\/product\/tracteur-yanmar-sa223\/"},"modified":"2025-04-24T16:43:45","modified_gmt":"2025-04-24T20:43:45","slug":"tracteur-yanmar-sa223","status":"publish","type":"product","link":"https:\/\/www.equipementsmarquis.com\/en\/product\/tracteur-yanmar-sa223\/","title":{"rendered":"Yanmar SA223 Tractor"},"content":{"rendered":"","protected":false},"excerpt":{"rendered":"<p>This next-level model of the popular SA series gets more done than ever before, whether you\u2019re working with heavy loads or on difficult terrain. The SA223 is packed with performance upgrades like dual-range speeds, standard differential lock, and 3-point hitch position control. Powered by our legendary 3-cylinder, liquid-cooled diesel engine, Yanmar\u2019s SA223 always shows up ready to work &#8212; so you can get back to doing what you love.<\/p>\n<p><strong>NEW!\u00a0<\/strong>Dual range speeds, standard differential lock, and true position control on the 3-point lift system for maximum precision and power.<\/p>\n<ul>\n<li><strong>Best for under 25 acres<\/strong><\/li>\n<li><strong>21.5 horsepower<\/strong><\/li>\n<li><strong>825 lbs front lift capacity<\/strong><\/li>\n<\/ul>\n<h6 id=\"features\">Features<\/h6>\n<div class=\"product_features group structure clearfix\">\n<div class=\"group_1of3 first\">\n<ul>\n<li>Standard Differential Lock<\/li>\n<li>True Position Control<\/li>\n<li>4WD Selector<\/li>\n<li>Dual Range HST Transmission<\/li>\n<li>Limited (CAT1) 3-Point Hitch<\/li>\n<\/ul>\n<\/div>\n<\/div>\n","protected":false},"featured_media":2586,"template":"","meta":{"_acf_changed":false},"marque":[169,148],"product_brand":[],"product_cat":[105,103,117],"product_tag":[],"class_list":{"0":"post-2601","1":"product","2":"type-product","3":"status-publish","4":"has-post-thumbnail","6":"marque-brands-new","7":"marque-yanmar-en-new","8":"product_cat-agriculture-new","9":"product_cat-new-equipment","10":"product_cat-tractors-new","12":"first","13":"instock","14":"shipping-taxable","15":"product-type-simple"},"acf":[],"yoast_head":"<!-- This site is optimized with the Yoast SEO plugin v24.7 - https:\/\/yoast.com\/wordpress\/plugins\/seo\/ -->\n<title>Yanmar SA223 Tractor - \u00c9quipements Marquis<\/title>\n<meta name=\"robots\" content=\"index, follow, max-snippet:-1, max-image-preview:large, max-video-preview:-1\" \/>\n<link rel=\"canonical\" href=\"https:\/\/www.equipementsmarquis.com\/en\/product\/tracteur-yanmar-sa223\/\" \/>\n<meta property=\"og:locale\" content=\"en_US\" \/>\n<meta property=\"og:type\" content=\"article\" \/>\n<meta property=\"og:title\" content=\"Yanmar SA223 Tractor - \u00c9quipements Marquis\" \/>\n<meta property=\"og:description\" content=\"This next-level model of the popular SA series gets more done than ever before, whether you\u2019re working with heavy loads or on difficult terrain. The SA223 is packed with performance upgrades like dual-range speeds, standard differential lock, and 3-point hitch position control. Powered by our legendary 3-cylinder, liquid-cooled diesel engine, Yanmar\u2019s SA223 always shows up ready to work -- so you can get back to doing what you love.  NEW!\u00a0Dual range speeds, standard differential lock, and true position control on the 3-point lift system for maximum precision and power.   Best for under 25 acres  21.5 horsepower  825 lbs front lift capacity  Features     Standard Differential Lock  True Position Control  4WD Selector  Dual Range HST Transmission  Limited (CAT1) 3-Point Hitch\" \/>\n<meta property=\"og:url\" content=\"https:\/\/www.equipementsmarquis.com\/en\/product\/tracteur-yanmar-sa223\/\" \/>\n<meta property=\"og:site_name\" content=\"\u00c9quipements Marquis\" \/>\n<meta property=\"article:publisher\" content=\"https:\/\/www.facebook.com\/Les-quipements-Marquis-inc-1391878637801740\" \/>\n<meta property=\"article:modified_time\" content=\"2025-04-24T20:43:45+00:00\" \/>\n<meta property=\"og:image\" content=\"https:\/\/www.equipementsmarquis.com\/wp-content\/uploads\/2025\/04\/223.jpg\" \/>\n\t<meta property=\"og:image:width\" content=\"893\" \/>\n\t<meta property=\"og:image:height\" content=\"715\" \/>\n\t<meta property=\"og:image:type\" content=\"image\/jpeg\" \/>\n<meta name=\"twitter:card\" content=\"summary_large_image\" \/>\n<script type=\"application\/ld+json\" class=\"yoast-schema-graph\">{\"@context\":\"https:\/\/schema.org\",\"@graph\":[{\"@type\":\"WebPage\",\"@id\":\"https:\/\/www.equipementsmarquis.com\/en\/product\/tracteur-yanmar-sa223\/\",\"url\":\"https:\/\/www.equipementsmarquis.com\/en\/product\/tracteur-yanmar-sa223\/\",\"name\":\"Yanmar SA223 Tractor - \u00c9quipements Marquis\",\"isPartOf\":{\"@id\":\"https:\/\/www.equipementsmarquis.com\/en\/#website\"},\"primaryImageOfPage\":{\"@id\":\"https:\/\/www.equipementsmarquis.com\/en\/product\/tracteur-yanmar-sa223\/#primaryimage\"},\"image\":{\"@id\":\"https:\/\/www.equipementsmarquis.com\/en\/product\/tracteur-yanmar-sa223\/#primaryimage\"},\"thumbnailUrl\":\"https:\/\/www.equipementsmarquis.com\/wp-content\/uploads\/2025\/04\/223.jpg\",\"datePublished\":\"2025-04-24T17:55:32+00:00\",\"dateModified\":\"2025-04-24T20:43:45+00:00\",\"breadcrumb\":{\"@id\":\"https:\/\/www.equipementsmarquis.com\/en\/product\/tracteur-yanmar-sa223\/#breadcrumb\"},\"inLanguage\":\"en-US\",\"potentialAction\":[{\"@type\":\"ReadAction\",\"target\":[\"https:\/\/www.equipementsmarquis.com\/en\/product\/tracteur-yanmar-sa223\/\"]}]},{\"@type\":\"ImageObject\",\"inLanguage\":\"en-US\",\"@id\":\"https:\/\/www.equipementsmarquis.com\/en\/product\/tracteur-yanmar-sa223\/#primaryimage\",\"url\":\"https:\/\/www.equipementsmarquis.com\/wp-content\/uploads\/2025\/04\/223.jpg\",\"contentUrl\":\"https:\/\/www.equipementsmarquis.com\/wp-content\/uploads\/2025\/04\/223.jpg\",\"width\":893,\"height\":715},{\"@type\":\"BreadcrumbList\",\"@id\":\"https:\/\/www.equipementsmarquis.com\/en\/product\/tracteur-yanmar-sa223\/#breadcrumb\",\"itemListElement\":[{\"@type\":\"ListItem\",\"position\":1,\"name\":\"Accueil\",\"item\":\"https:\/\/www.equipementsmarquis.com\/en\/\"},{\"@type\":\"ListItem\",\"position\":2,\"name\":\"Products\",\"item\":\"https:\/\/www.equipementsmarquis.com\/en\/shop\/\"},{\"@type\":\"ListItem\",\"position\":3,\"name\":\"Yanmar SA223 Tractor\"}]},{\"@type\":\"WebSite\",\"@id\":\"https:\/\/www.equipementsmarquis.com\/en\/#website\",\"url\":\"https:\/\/www.equipementsmarquis.com\/en\/\",\"name\":\"\u00c9quipements Marquis\",\"description\":\"Fournisseur d&#039;\u00e9quipements et fabrication de pi\u00e8ces pour machineries\",\"publisher\":{\"@id\":\"https:\/\/www.equipementsmarquis.com\/en\/#organization\"},\"potentialAction\":[{\"@type\":\"SearchAction\",\"target\":{\"@type\":\"EntryPoint\",\"urlTemplate\":\"https:\/\/www.equipementsmarquis.com\/en\/?s={search_term_string}\"},\"query-input\":{\"@type\":\"PropertyValueSpecification\",\"valueRequired\":true,\"valueName\":\"search_term_string\"}}],\"inLanguage\":\"en-US\"},{\"@type\":\"Organization\",\"@id\":\"https:\/\/www.equipementsmarquis.com\/en\/#organization\",\"name\":\"\u00c9quipements Marquis\",\"url\":\"https:\/\/www.equipementsmarquis.com\/en\/\",\"logo\":{\"@type\":\"ImageObject\",\"inLanguage\":\"en-US\",\"@id\":\"https:\/\/www.equipementsmarquis.com\/en\/#\/schema\/logo\/image\/\",\"url\":\"https:\/\/www.equipementsmarquis.com\/wp-content\/uploads\/2022\/07\/logo-EquipementsMarquis.svg\",\"contentUrl\":\"https:\/\/www.equipementsmarquis.com\/wp-content\/uploads\/2022\/07\/logo-EquipementsMarquis.svg\",\"width\":740,\"height\":283,\"caption\":\"\u00c9quipements Marquis\"},\"image\":{\"@id\":\"https:\/\/www.equipementsmarquis.com\/en\/#\/schema\/logo\/image\/\"},\"sameAs\":[\"https:\/\/www.facebook.com\/Les-quipements-Marquis-inc-1391878637801740\",\"https:\/\/ca.linkedin.com\/company\/les-quipements-marquis-inc\"]}]}<\/script>\n<!-- \/ Yoast SEO plugin. -->","yoast_head_json":{"title":"Yanmar SA223 Tractor - \u00c9quipements Marquis","robots":{"index":"index","follow":"follow","max-snippet":"max-snippet:-1","max-image-preview":"max-image-preview:large","max-video-preview":"max-video-preview:-1"},"canonical":"https:\/\/www.equipementsmarquis.com\/en\/product\/tracteur-yanmar-sa223\/","og_locale":"en_US","og_type":"article","og_title":"Yanmar SA223 Tractor - \u00c9quipements Marquis","og_description":"This next-level model of the popular SA series gets more done than ever before, whether you\u2019re working with heavy loads or on difficult terrain. The SA223 is packed with performance upgrades like dual-range speeds, standard differential lock, and 3-point hitch position control. Powered by our legendary 3-cylinder, liquid-cooled diesel engine, Yanmar\u2019s SA223 always shows up ready to work -- so you can get back to doing what you love.  NEW!\u00a0Dual range speeds, standard differential lock, and true position control on the 3-point lift system for maximum precision and power.   Best for under 25 acres  21.5 horsepower  825 lbs front lift capacity  Features     Standard Differential Lock  True Position Control  4WD Selector  Dual Range HST Transmission  Limited (CAT1) 3-Point Hitch","og_url":"https:\/\/www.equipementsmarquis.com\/en\/product\/tracteur-yanmar-sa223\/","og_site_name":"\u00c9quipements Marquis","article_publisher":"https:\/\/www.facebook.com\/Les-quipements-Marquis-inc-1391878637801740","article_modified_time":"2025-04-24T20:43:45+00:00","og_image":[{"width":893,"height":715,"url":"https:\/\/www.equipementsmarquis.com\/wp-content\/uploads\/2025\/04\/223.jpg","type":"image\/jpeg"}],"twitter_card":"summary_large_image","schema":{"@context":"https:\/\/schema.org","@graph":[{"@type":"WebPage","@id":"https:\/\/www.equipementsmarquis.com\/en\/product\/tracteur-yanmar-sa223\/","url":"https:\/\/www.equipementsmarquis.com\/en\/product\/tracteur-yanmar-sa223\/","name":"Yanmar SA223 Tractor - \u00c9quipements Marquis","isPartOf":{"@id":"https:\/\/www.equipementsmarquis.com\/en\/#website"},"primaryImageOfPage":{"@id":"https:\/\/www.equipementsmarquis.com\/en\/product\/tracteur-yanmar-sa223\/#primaryimage"},"image":{"@id":"https:\/\/www.equipementsmarquis.com\/en\/product\/tracteur-yanmar-sa223\/#primaryimage"},"thumbnailUrl":"https:\/\/www.equipementsmarquis.com\/wp-content\/uploads\/2025\/04\/223.jpg","datePublished":"2025-04-24T17:55:32+00:00","dateModified":"2025-04-24T20:43:45+00:00","breadcrumb":{"@id":"https:\/\/www.equipementsmarquis.com\/en\/product\/tracteur-yanmar-sa223\/#breadcrumb"},"inLanguage":"en-US","potentialAction":[{"@type":"ReadAction","target":["https:\/\/www.equipementsmarquis.com\/en\/product\/tracteur-yanmar-sa223\/"]}]},{"@type":"ImageObject","inLanguage":"en-US","@id":"https:\/\/www.equipementsmarquis.com\/en\/product\/tracteur-yanmar-sa223\/#primaryimage","url":"https:\/\/www.equipementsmarquis.com\/wp-content\/uploads\/2025\/04\/223.jpg","contentUrl":"https:\/\/www.equipementsmarquis.com\/wp-content\/uploads\/2025\/04\/223.jpg","width":893,"height":715},{"@type":"BreadcrumbList","@id":"https:\/\/www.equipementsmarquis.com\/en\/product\/tracteur-yanmar-sa223\/#breadcrumb","itemListElement":[{"@type":"ListItem","position":1,"name":"Accueil","item":"https:\/\/www.equipementsmarquis.com\/en\/"},{"@type":"ListItem","position":2,"name":"Products","item":"https:\/\/www.equipementsmarquis.com\/en\/shop\/"},{"@type":"ListItem","position":3,"name":"Yanmar SA223 Tractor"}]},{"@type":"WebSite","@id":"https:\/\/www.equipementsmarquis.com\/en\/#website","url":"https:\/\/www.equipementsmarquis.com\/en\/","name":"\u00c9quipements Marquis","description":"Fournisseur d&#039;\u00e9quipements et fabrication de pi\u00e8ces pour machineries","publisher":{"@id":"https:\/\/www.equipementsmarquis.com\/en\/#organization"},"potentialAction":[{"@type":"SearchAction","target":{"@type":"EntryPoint","urlTemplate":"https:\/\/www.equipementsmarquis.com\/en\/?s={search_term_string}"},"query-input":{"@type":"PropertyValueSpecification","valueRequired":true,"valueName":"search_term_string"}}],"inLanguage":"en-US"},{"@type":"Organization","@id":"https:\/\/www.equipementsmarquis.com\/en\/#organization","name":"\u00c9quipements Marquis","url":"https:\/\/www.equipementsmarquis.com\/en\/","logo":{"@type":"ImageObject","inLanguage":"en-US","@id":"https:\/\/www.equipementsmarquis.com\/en\/#\/schema\/logo\/image\/","url":"https:\/\/www.equipementsmarquis.com\/wp-content\/uploads\/2022\/07\/logo-EquipementsMarquis.svg","contentUrl":"https:\/\/www.equipementsmarquis.com\/wp-content\/uploads\/2022\/07\/logo-EquipementsMarquis.svg","width":740,"height":283,"caption":"\u00c9quipements Marquis"},"image":{"@id":"https:\/\/www.equipementsmarquis.com\/en\/#\/schema\/logo\/image\/"},"sameAs":["https:\/\/www.facebook.com\/Les-quipements-Marquis-inc-1391878637801740","https:\/\/ca.linkedin.com\/company\/les-quipements-marquis-inc"]}]}},"_links":{"self":[{"href":"https:\/\/www.equipementsmarquis.com\/en\/wp-json\/wp\/v2\/product\/2601","targetHints":{"allow":["GET"]}}],"collection":[{"href":"https:\/\/www.equipementsmarquis.com\/en\/wp-json\/wp\/v2\/product"}],"about":[{"href":"https:\/\/www.equipementsmarquis.com\/en\/wp-json\/wp\/v2\/types\/product"}],"wp:featuredmedia":[{"embeddable":true,"href":"https:\/\/www.equipementsmarquis.com\/en\/wp-json\/wp\/v2\/media\/2586"}],"wp:attachment":[{"href":"https:\/\/www.equipementsmarquis.com\/en\/wp-json\/wp\/v2\/media?parent=2601"}],"wp:term":[{"taxonomy":"marque","embeddable":true,"href":"https:\/\/www.equipementsmarquis.com\/en\/wp-json\/wp\/v2\/marque?post=2601"},{"taxonomy":"product_brand","embeddable":true,"href":"https:\/\/www.equipementsmarquis.com\/en\/wp-json\/wp\/v2\/product_brand?post=2601"},{"taxonomy":"product_cat","embeddable":true,"href":"https:\/\/www.equipementsmarquis.com\/en\/wp-json\/wp\/v2\/product_cat?post=2601"},{"taxonomy":"product_tag","embeddable":true,"href":"https:\/\/www.equipementsmarquis.com\/en\/wp-json\/wp\/v2\/product_tag?post=2601"}],"curies":[{"name":"wp","href":"https:\/\/api.w.org\/{rel}","templated":true}]}}