{"id":2622,"date":"2025-04-24T16:57:42","date_gmt":"2025-04-24T20:57:42","guid":{"rendered":"https:\/\/www.equipementsmarquis.com\/product\/tracteur-yanmar-sa325\/"},"modified":"2025-04-25T07:59:38","modified_gmt":"2025-04-25T11:59:38","slug":"tracteur-yanmar-sa325","status":"publish","type":"product","link":"https:\/\/www.equipementsmarquis.com\/en\/product\/tracteur-yanmar-sa325\/","title":{"rendered":"Yanmar SA325 Tractor"},"content":{"rendered":"","protected":false},"excerpt":{"rendered":"<p>Work smarter by letting your tractor work harder.<\/p>\n<p>The new and improved SA325 is the ideal sub-compact tractor choice for versatility and flexibility. Use more implements and accessories than ever before, with the comfort of an operator\u2019s platform that was designed with you in mind. Every instrument and control is at your fingertips, so you can enjoy the power and precision of Yanmar\u2019s famously reliable three-cylinder, liquid-cooled diesel engine and our unique combination of horsepower and fuel efficiency.<\/p>\n<ul>\n<li><strong>Best for under 25 acres<\/strong><\/li>\n<li><strong>23.9 horsepower<\/strong><\/li>\n<li><strong>1,200 lbs front lift capacity<\/strong><\/li>\n<\/ul>\n<h6>Features<\/h6>\n<ul>\n<li>Differential lock<\/li>\n<li>12V outlet standard<\/li>\n<li>4WD selector<\/li>\n<li>Smooth, hydraulic power steering<\/li>\n<li>Electro hydro independent PTO with one-touch on\/off<\/li>\n<li>Front-end loader capacity + quick hitch<\/li>\n<li>True position control<\/li>\n<\/ul>\n","protected":false},"featured_media":2612,"template":"","meta":{"_acf_changed":false},"marque":[169,148],"product_brand":[],"product_cat":[105,103,117],"product_tag":[],"class_list":{"0":"post-2622","1":"product","2":"type-product","3":"status-publish","4":"has-post-thumbnail","6":"marque-brands-new","7":"marque-yanmar-en-new","8":"product_cat-agriculture-new","9":"product_cat-new-equipment","10":"product_cat-tractors-new","12":"first","13":"instock","14":"shipping-taxable","15":"product-type-simple"},"acf":[],"yoast_head":"<!-- This site is optimized with the Yoast SEO plugin v24.7 - https:\/\/yoast.com\/wordpress\/plugins\/seo\/ -->\n<title>Yanmar SA325 Tractor - \u00c9quipements Marquis<\/title>\n<meta name=\"robots\" content=\"index, follow, max-snippet:-1, max-image-preview:large, max-video-preview:-1\" \/>\n<link rel=\"canonical\" href=\"https:\/\/www.equipementsmarquis.com\/en\/product\/tracteur-yanmar-sa325\/\" \/>\n<meta property=\"og:locale\" content=\"en_US\" \/>\n<meta property=\"og:type\" content=\"article\" \/>\n<meta property=\"og:title\" content=\"Yanmar SA325 Tractor - \u00c9quipements Marquis\" \/>\n<meta property=\"og:description\" content=\"Work smarter by letting your tractor work harder.  The new and improved SA325 is the ideal sub-compact tractor choice for versatility and flexibility. Use more implements and accessories than ever before, with the comfort of an operator\u2019s platform that was designed with you in mind. Every instrument and control is at your fingertips, so you can enjoy the power and precision of Yanmar\u2019s famously reliable three-cylinder, liquid-cooled diesel engine and our unique combination of horsepower and fuel efficiency.   Best for under 25 acres  23.9 horsepower  1,200 lbs front lift capacity  Features   Differential lock  12V outlet standard  4WD selector  Smooth, hydraulic power steering  Electro hydro independent PTO with one-touch on\/off  Front-end loader capacity + quick hitch  True position control\" \/>\n<meta property=\"og:url\" content=\"https:\/\/www.equipementsmarquis.com\/en\/product\/tracteur-yanmar-sa325\/\" \/>\n<meta property=\"og:site_name\" content=\"\u00c9quipements Marquis\" \/>\n<meta property=\"article:publisher\" content=\"https:\/\/www.facebook.com\/Les-quipements-Marquis-inc-1391878637801740\" \/>\n<meta property=\"article:modified_time\" content=\"2025-04-25T11:59:38+00:00\" \/>\n<meta property=\"og:image\" content=\"https:\/\/www.equipementsmarquis.com\/wp-content\/uploads\/2025\/04\/325-220614_0146.jpg\" \/>\n\t<meta property=\"og:image:width\" content=\"980\" \/>\n\t<meta property=\"og:image:height\" content=\"654\" \/>\n\t<meta property=\"og:image:type\" content=\"image\/jpeg\" \/>\n<meta name=\"twitter:card\" content=\"summary_large_image\" \/>\n<script type=\"application\/ld+json\" class=\"yoast-schema-graph\">{\"@context\":\"https:\/\/schema.org\",\"@graph\":[{\"@type\":\"WebPage\",\"@id\":\"https:\/\/www.equipementsmarquis.com\/en\/product\/tracteur-yanmar-sa325\/\",\"url\":\"https:\/\/www.equipementsmarquis.com\/en\/product\/tracteur-yanmar-sa325\/\",\"name\":\"Yanmar SA325 Tractor - \u00c9quipements Marquis\",\"isPartOf\":{\"@id\":\"https:\/\/www.equipementsmarquis.com\/en\/#website\"},\"primaryImageOfPage\":{\"@id\":\"https:\/\/www.equipementsmarquis.com\/en\/product\/tracteur-yanmar-sa325\/#primaryimage\"},\"image\":{\"@id\":\"https:\/\/www.equipementsmarquis.com\/en\/product\/tracteur-yanmar-sa325\/#primaryimage\"},\"thumbnailUrl\":\"https:\/\/www.equipementsmarquis.com\/wp-content\/uploads\/2025\/04\/325-220614_0146.jpg\",\"datePublished\":\"2025-04-24T20:57:42+00:00\",\"dateModified\":\"2025-04-25T11:59:38+00:00\",\"breadcrumb\":{\"@id\":\"https:\/\/www.equipementsmarquis.com\/en\/product\/tracteur-yanmar-sa325\/#breadcrumb\"},\"inLanguage\":\"en-US\",\"potentialAction\":[{\"@type\":\"ReadAction\",\"target\":[\"https:\/\/www.equipementsmarquis.com\/en\/product\/tracteur-yanmar-sa325\/\"]}]},{\"@type\":\"ImageObject\",\"inLanguage\":\"en-US\",\"@id\":\"https:\/\/www.equipementsmarquis.com\/en\/product\/tracteur-yanmar-sa325\/#primaryimage\",\"url\":\"https:\/\/www.equipementsmarquis.com\/wp-content\/uploads\/2025\/04\/325-220614_0146.jpg\",\"contentUrl\":\"https:\/\/www.equipementsmarquis.com\/wp-content\/uploads\/2025\/04\/325-220614_0146.jpg\",\"width\":980,\"height\":654},{\"@type\":\"BreadcrumbList\",\"@id\":\"https:\/\/www.equipementsmarquis.com\/en\/product\/tracteur-yanmar-sa325\/#breadcrumb\",\"itemListElement\":[{\"@type\":\"ListItem\",\"position\":1,\"name\":\"Accueil\",\"item\":\"https:\/\/www.equipementsmarquis.com\/en\/\"},{\"@type\":\"ListItem\",\"position\":2,\"name\":\"Products\",\"item\":\"https:\/\/www.equipementsmarquis.com\/en\/shop\/\"},{\"@type\":\"ListItem\",\"position\":3,\"name\":\"Yanmar SA325 Tractor\"}]},{\"@type\":\"WebSite\",\"@id\":\"https:\/\/www.equipementsmarquis.com\/en\/#website\",\"url\":\"https:\/\/www.equipementsmarquis.com\/en\/\",\"name\":\"\u00c9quipements Marquis\",\"description\":\"Fournisseur d&#039;\u00e9quipements et fabrication de pi\u00e8ces pour machineries\",\"publisher\":{\"@id\":\"https:\/\/www.equipementsmarquis.com\/en\/#organization\"},\"potentialAction\":[{\"@type\":\"SearchAction\",\"target\":{\"@type\":\"EntryPoint\",\"urlTemplate\":\"https:\/\/www.equipementsmarquis.com\/en\/?s={search_term_string}\"},\"query-input\":{\"@type\":\"PropertyValueSpecification\",\"valueRequired\":true,\"valueName\":\"search_term_string\"}}],\"inLanguage\":\"en-US\"},{\"@type\":\"Organization\",\"@id\":\"https:\/\/www.equipementsmarquis.com\/en\/#organization\",\"name\":\"\u00c9quipements Marquis\",\"url\":\"https:\/\/www.equipementsmarquis.com\/en\/\",\"logo\":{\"@type\":\"ImageObject\",\"inLanguage\":\"en-US\",\"@id\":\"https:\/\/www.equipementsmarquis.com\/en\/#\/schema\/logo\/image\/\",\"url\":\"https:\/\/www.equipementsmarquis.com\/wp-content\/uploads\/2022\/07\/logo-EquipementsMarquis.svg\",\"contentUrl\":\"https:\/\/www.equipementsmarquis.com\/wp-content\/uploads\/2022\/07\/logo-EquipementsMarquis.svg\",\"width\":740,\"height\":283,\"caption\":\"\u00c9quipements Marquis\"},\"image\":{\"@id\":\"https:\/\/www.equipementsmarquis.com\/en\/#\/schema\/logo\/image\/\"},\"sameAs\":[\"https:\/\/www.facebook.com\/Les-quipements-Marquis-inc-1391878637801740\",\"https:\/\/ca.linkedin.com\/company\/les-quipements-marquis-inc\"]}]}<\/script>\n<!-- \/ Yoast SEO plugin. -->","yoast_head_json":{"title":"Yanmar SA325 Tractor - \u00c9quipements Marquis","robots":{"index":"index","follow":"follow","max-snippet":"max-snippet:-1","max-image-preview":"max-image-preview:large","max-video-preview":"max-video-preview:-1"},"canonical":"https:\/\/www.equipementsmarquis.com\/en\/product\/tracteur-yanmar-sa325\/","og_locale":"en_US","og_type":"article","og_title":"Yanmar SA325 Tractor - \u00c9quipements Marquis","og_description":"Work smarter by letting your tractor work harder.  The new and improved SA325 is the ideal sub-compact tractor choice for versatility and flexibility. Use more implements and accessories than ever before, with the comfort of an operator\u2019s platform that was designed with you in mind. Every instrument and control is at your fingertips, so you can enjoy the power and precision of Yanmar\u2019s famously reliable three-cylinder, liquid-cooled diesel engine and our unique combination of horsepower and fuel efficiency.   Best for under 25 acres  23.9 horsepower  1,200 lbs front lift capacity  Features   Differential lock  12V outlet standard  4WD selector  Smooth, hydraulic power steering  Electro hydro independent PTO with one-touch on\/off  Front-end loader capacity + quick hitch  True position control","og_url":"https:\/\/www.equipementsmarquis.com\/en\/product\/tracteur-yanmar-sa325\/","og_site_name":"\u00c9quipements Marquis","article_publisher":"https:\/\/www.facebook.com\/Les-quipements-Marquis-inc-1391878637801740","article_modified_time":"2025-04-25T11:59:38+00:00","og_image":[{"width":980,"height":654,"url":"https:\/\/www.equipementsmarquis.com\/wp-content\/uploads\/2025\/04\/325-220614_0146.jpg","type":"image\/jpeg"}],"twitter_card":"summary_large_image","schema":{"@context":"https:\/\/schema.org","@graph":[{"@type":"WebPage","@id":"https:\/\/www.equipementsmarquis.com\/en\/product\/tracteur-yanmar-sa325\/","url":"https:\/\/www.equipementsmarquis.com\/en\/product\/tracteur-yanmar-sa325\/","name":"Yanmar SA325 Tractor - \u00c9quipements Marquis","isPartOf":{"@id":"https:\/\/www.equipementsmarquis.com\/en\/#website"},"primaryImageOfPage":{"@id":"https:\/\/www.equipementsmarquis.com\/en\/product\/tracteur-yanmar-sa325\/#primaryimage"},"image":{"@id":"https:\/\/www.equipementsmarquis.com\/en\/product\/tracteur-yanmar-sa325\/#primaryimage"},"thumbnailUrl":"https:\/\/www.equipementsmarquis.com\/wp-content\/uploads\/2025\/04\/325-220614_0146.jpg","datePublished":"2025-04-24T20:57:42+00:00","dateModified":"2025-04-25T11:59:38+00:00","breadcrumb":{"@id":"https:\/\/www.equipementsmarquis.com\/en\/product\/tracteur-yanmar-sa325\/#breadcrumb"},"inLanguage":"en-US","potentialAction":[{"@type":"ReadAction","target":["https:\/\/www.equipementsmarquis.com\/en\/product\/tracteur-yanmar-sa325\/"]}]},{"@type":"ImageObject","inLanguage":"en-US","@id":"https:\/\/www.equipementsmarquis.com\/en\/product\/tracteur-yanmar-sa325\/#primaryimage","url":"https:\/\/www.equipementsmarquis.com\/wp-content\/uploads\/2025\/04\/325-220614_0146.jpg","contentUrl":"https:\/\/www.equipementsmarquis.com\/wp-content\/uploads\/2025\/04\/325-220614_0146.jpg","width":980,"height":654},{"@type":"BreadcrumbList","@id":"https:\/\/www.equipementsmarquis.com\/en\/product\/tracteur-yanmar-sa325\/#breadcrumb","itemListElement":[{"@type":"ListItem","position":1,"name":"Accueil","item":"https:\/\/www.equipementsmarquis.com\/en\/"},{"@type":"ListItem","position":2,"name":"Products","item":"https:\/\/www.equipementsmarquis.com\/en\/shop\/"},{"@type":"ListItem","position":3,"name":"Yanmar SA325 Tractor"}]},{"@type":"WebSite","@id":"https:\/\/www.equipementsmarquis.com\/en\/#website","url":"https:\/\/www.equipementsmarquis.com\/en\/","name":"\u00c9quipements Marquis","description":"Fournisseur d&#039;\u00e9quipements et fabrication de pi\u00e8ces pour machineries","publisher":{"@id":"https:\/\/www.equipementsmarquis.com\/en\/#organization"},"potentialAction":[{"@type":"SearchAction","target":{"@type":"EntryPoint","urlTemplate":"https:\/\/www.equipementsmarquis.com\/en\/?s={search_term_string}"},"query-input":{"@type":"PropertyValueSpecification","valueRequired":true,"valueName":"search_term_string"}}],"inLanguage":"en-US"},{"@type":"Organization","@id":"https:\/\/www.equipementsmarquis.com\/en\/#organization","name":"\u00c9quipements Marquis","url":"https:\/\/www.equipementsmarquis.com\/en\/","logo":{"@type":"ImageObject","inLanguage":"en-US","@id":"https:\/\/www.equipementsmarquis.com\/en\/#\/schema\/logo\/image\/","url":"https:\/\/www.equipementsmarquis.com\/wp-content\/uploads\/2022\/07\/logo-EquipementsMarquis.svg","contentUrl":"https:\/\/www.equipementsmarquis.com\/wp-content\/uploads\/2022\/07\/logo-EquipementsMarquis.svg","width":740,"height":283,"caption":"\u00c9quipements Marquis"},"image":{"@id":"https:\/\/www.equipementsmarquis.com\/en\/#\/schema\/logo\/image\/"},"sameAs":["https:\/\/www.facebook.com\/Les-quipements-Marquis-inc-1391878637801740","https:\/\/ca.linkedin.com\/company\/les-quipements-marquis-inc"]}]}},"_links":{"self":[{"href":"https:\/\/www.equipementsmarquis.com\/en\/wp-json\/wp\/v2\/product\/2622","targetHints":{"allow":["GET"]}}],"collection":[{"href":"https:\/\/www.equipementsmarquis.com\/en\/wp-json\/wp\/v2\/product"}],"about":[{"href":"https:\/\/www.equipementsmarquis.com\/en\/wp-json\/wp\/v2\/types\/product"}],"wp:featuredmedia":[{"embeddable":true,"href":"https:\/\/www.equipementsmarquis.com\/en\/wp-json\/wp\/v2\/media\/2612"}],"wp:attachment":[{"href":"https:\/\/www.equipementsmarquis.com\/en\/wp-json\/wp\/v2\/media?parent=2622"}],"wp:term":[{"taxonomy":"marque","embeddable":true,"href":"https:\/\/www.equipementsmarquis.com\/en\/wp-json\/wp\/v2\/marque?post=2622"},{"taxonomy":"product_brand","embeddable":true,"href":"https:\/\/www.equipementsmarquis.com\/en\/wp-json\/wp\/v2\/product_brand?post=2622"},{"taxonomy":"product_cat","embeddable":true,"href":"https:\/\/www.equipementsmarquis.com\/en\/wp-json\/wp\/v2\/product_cat?post=2622"},{"taxonomy":"product_tag","embeddable":true,"href":"https:\/\/www.equipementsmarquis.com\/en\/wp-json\/wp\/v2\/product_tag?post=2622"}],"curies":[{"name":"wp","href":"https:\/\/api.w.org\/{rel}","templated":true}]}}