{"id":2664,"date":"2025-04-25T08:35:21","date_gmt":"2025-04-25T12:35:21","guid":{"rendered":"https:\/\/www.equipementsmarquis.com\/product\/tracteur-yanmar-yt359\/"},"modified":"2025-07-08T11:04:32","modified_gmt":"2025-07-08T15:04:32","slug":"tracteur-yanmar-yt359","status":"publish","type":"product","link":"https:\/\/www.equipementsmarquis.com\/en\/product\/tracteur-yanmar-yt359\/","title":{"rendered":"Yanmar YT359 Tractor"},"content":{"rendered":"","protected":false},"excerpt":{"rendered":"<p>When you need a tractor for bigger and tougher jobs, look no further than the Yanmar YT359. Comfortable and easy to operate, the YT359 uses advanced electronic controls and an integrated hydraulic mechanical transmission (i-HMT). No longer do you have to choose between an efficient, constant speed and flexible operation. The i-HMT creates the standard for performance versatility.<\/p>\n<ul>\n<li>High power transfer ratio<\/li>\n<li>Repeatable operating speed<\/li>\n<li>Low fuel consumption due to increased transmission efficiency<\/li>\n<li>Step-less main shift<\/li>\n<li>Best speed possible for implement<\/li>\n<li>Clutch-less shifting<\/li>\n<li>Vehicle stop without clutch<\/li>\n<\/ul>\n<p>The YT3 Series tractors are designed to make work easier for people of all skill levels. The YT359 includes an autothrottle that enables you to control engine and travel speed with the accelerator\/drive pedal. This makes operating the tractor like driving a car or truck with an automatic transmission car. A\/B Mode lets you preset your maximum travel speed. An anti-stall feature keeps your engine running when you dig or lift a heavy load. There\u2019s also cruise control to keep you moving efficiently when mowing or traveling for long stretches. YANMAR designs and builds the major components, engine, front axle, transmission, and final drive, to work together.<\/p>\n<ul>\n<li><strong>Best for 25 acres or more<\/strong><\/li>\n<li><strong>58.9 horsepower<\/strong><\/li>\n<li><strong>2,500 lbs front lift capacity<\/strong><\/li>\n<\/ul>\n<h6 id=\"features\">Features<\/h6>\n<div class=\"product_features group structure clearfix\">\n<div class=\"group_1of3 first\">\n<ul>\n<li>Ergonomic operator station<\/li>\n<li>Controls on joystick<\/li>\n<li>Large LCD display integrates with controls<\/li>\n<li>Anti-stall<\/li>\n<li>Electronic cruise control<\/li>\n<li>Rear remote<\/li>\n<li>Loader control valve &amp; joystick<\/li>\n<li>12V outlet<\/li>\n<li>Advanced electronic controls<\/li>\n<li>Auto-throttle<\/li>\n<li>A\/B Mode<\/li>\n<li>Throttle boost button<\/li>\n<li>i-HMT Transmission<\/li>\n<li>Loader 3rd function valve optional<\/li>\n<\/ul>\n<\/div>\n<\/div>\n","protected":false},"featured_media":2657,"template":"","meta":{"_acf_changed":false},"marque":[169,148],"product_brand":[],"product_cat":[103,105,117],"product_tag":[],"class_list":{"0":"post-2664","1":"product","2":"type-product","3":"status-publish","4":"has-post-thumbnail","6":"marque-brands-new","7":"marque-yanmar-en-new","8":"product_cat-new-equipment","9":"product_cat-agriculture-new","10":"product_cat-tractors-new","12":"first","13":"instock","14":"shipping-taxable","15":"product-type-simple"},"acf":[],"yoast_head":"<!-- This site is optimized with the Yoast SEO plugin v24.7 - https:\/\/yoast.com\/wordpress\/plugins\/seo\/ -->\n<title>Yanmar YT359 Tractor - \u00c9quipements Marquis<\/title>\n<meta name=\"robots\" content=\"index, follow, max-snippet:-1, max-image-preview:large, max-video-preview:-1\" \/>\n<link rel=\"canonical\" href=\"https:\/\/www.equipementsmarquis.com\/en\/product\/tracteur-yanmar-yt359\/\" \/>\n<meta property=\"og:locale\" content=\"en_US\" \/>\n<meta property=\"og:type\" content=\"article\" \/>\n<meta property=\"og:title\" content=\"Yanmar YT359 Tractor - \u00c9quipements Marquis\" \/>\n<meta property=\"og:description\" content=\"When you need a tractor for bigger and tougher jobs, look no further than the Yanmar YT359. Comfortable and easy to operate, the YT359 uses advanced electronic controls and an integrated hydraulic mechanical transmission (i-HMT). No longer do you have to choose between an efficient, constant speed and flexible operation. The i-HMT creates the standard for performance versatility.   High power transfer ratio  Repeatable operating speed  Low fuel consumption due to increased transmission efficiency  Step-less main shift  Best speed possible for implement  Clutch-less shifting  Vehicle stop without clutch  The YT3 Series tractors are designed to make work easier for people of all skill levels. The YT359 includes an autothrottle that enables you to control engine and travel speed with the accelerator\/drive pedal. This makes operating the tractor like driving a car or truck with an automatic transmission car. A\/B Mode lets you preset your maximum travel speed. An anti-stall feature keeps your engine running when you dig or lift a heavy load. There\u2019s also cruise control to keep you moving efficiently when mowing or traveling for long stretches. YANMAR designs and builds the major components, engine, front axle, transmission, and final drive, to work together.   Best for 25 acres or more  58.9 horsepower  2,500 lbs front lift capacity  Features     Ergonomic operator station  Controls on joystick  Large LCD display integrates with controls  Anti-stall  Electronic cruise control  Rear remote  Loader control valve &amp; joystick  12V outlet  Advanced electronic controls  Auto-throttle  A\/B Mode  Throttle boost button  i-HMT Transmission  Loader 3rd function valve optional\" \/>\n<meta property=\"og:url\" content=\"https:\/\/www.equipementsmarquis.com\/en\/product\/tracteur-yanmar-yt359\/\" \/>\n<meta property=\"og:site_name\" content=\"\u00c9quipements Marquis\" \/>\n<meta property=\"article:publisher\" content=\"https:\/\/www.facebook.com\/Les-quipements-Marquis-inc-1391878637801740\" \/>\n<meta property=\"article:modified_time\" content=\"2025-07-08T15:04:32+00:00\" \/>\n<meta property=\"og:image\" content=\"https:\/\/www.equipementsmarquis.com\/wp-content\/uploads\/2025\/04\/YT359_ROPS_LOADER_34_Flat2.jpg\" \/>\n\t<meta property=\"og:image:width\" content=\"980\" \/>\n\t<meta property=\"og:image:height\" content=\"654\" \/>\n\t<meta property=\"og:image:type\" content=\"image\/jpeg\" \/>\n<meta name=\"twitter:card\" content=\"summary_large_image\" \/>\n<script type=\"application\/ld+json\" class=\"yoast-schema-graph\">{\"@context\":\"https:\/\/schema.org\",\"@graph\":[{\"@type\":\"WebPage\",\"@id\":\"https:\/\/www.equipementsmarquis.com\/en\/product\/tracteur-yanmar-yt359\/\",\"url\":\"https:\/\/www.equipementsmarquis.com\/en\/product\/tracteur-yanmar-yt359\/\",\"name\":\"Yanmar YT359 Tractor - \u00c9quipements Marquis\",\"isPartOf\":{\"@id\":\"https:\/\/www.equipementsmarquis.com\/en\/#website\"},\"primaryImageOfPage\":{\"@id\":\"https:\/\/www.equipementsmarquis.com\/en\/product\/tracteur-yanmar-yt359\/#primaryimage\"},\"image\":{\"@id\":\"https:\/\/www.equipementsmarquis.com\/en\/product\/tracteur-yanmar-yt359\/#primaryimage\"},\"thumbnailUrl\":\"https:\/\/www.equipementsmarquis.com\/wp-content\/uploads\/2025\/04\/YT359_ROPS_LOADER_34_Flat2.jpg\",\"datePublished\":\"2025-04-25T12:35:21+00:00\",\"dateModified\":\"2025-07-08T15:04:32+00:00\",\"breadcrumb\":{\"@id\":\"https:\/\/www.equipementsmarquis.com\/en\/product\/tracteur-yanmar-yt359\/#breadcrumb\"},\"inLanguage\":\"en-US\",\"potentialAction\":[{\"@type\":\"ReadAction\",\"target\":[\"https:\/\/www.equipementsmarquis.com\/en\/product\/tracteur-yanmar-yt359\/\"]}]},{\"@type\":\"ImageObject\",\"inLanguage\":\"en-US\",\"@id\":\"https:\/\/www.equipementsmarquis.com\/en\/product\/tracteur-yanmar-yt359\/#primaryimage\",\"url\":\"https:\/\/www.equipementsmarquis.com\/wp-content\/uploads\/2025\/04\/YT359_ROPS_LOADER_34_Flat2.jpg\",\"contentUrl\":\"https:\/\/www.equipementsmarquis.com\/wp-content\/uploads\/2025\/04\/YT359_ROPS_LOADER_34_Flat2.jpg\",\"width\":980,\"height\":654},{\"@type\":\"BreadcrumbList\",\"@id\":\"https:\/\/www.equipementsmarquis.com\/en\/product\/tracteur-yanmar-yt359\/#breadcrumb\",\"itemListElement\":[{\"@type\":\"ListItem\",\"position\":1,\"name\":\"Accueil\",\"item\":\"https:\/\/www.equipementsmarquis.com\/en\/\"},{\"@type\":\"ListItem\",\"position\":2,\"name\":\"Products\",\"item\":\"https:\/\/www.equipementsmarquis.com\/en\/shop\/\"},{\"@type\":\"ListItem\",\"position\":3,\"name\":\"Yanmar YT359 Tractor\"}]},{\"@type\":\"WebSite\",\"@id\":\"https:\/\/www.equipementsmarquis.com\/en\/#website\",\"url\":\"https:\/\/www.equipementsmarquis.com\/en\/\",\"name\":\"\u00c9quipements Marquis\",\"description\":\"Fournisseur d&#039;\u00e9quipements et fabrication de pi\u00e8ces pour machineries\",\"publisher\":{\"@id\":\"https:\/\/www.equipementsmarquis.com\/en\/#organization\"},\"potentialAction\":[{\"@type\":\"SearchAction\",\"target\":{\"@type\":\"EntryPoint\",\"urlTemplate\":\"https:\/\/www.equipementsmarquis.com\/en\/?s={search_term_string}\"},\"query-input\":{\"@type\":\"PropertyValueSpecification\",\"valueRequired\":true,\"valueName\":\"search_term_string\"}}],\"inLanguage\":\"en-US\"},{\"@type\":\"Organization\",\"@id\":\"https:\/\/www.equipementsmarquis.com\/en\/#organization\",\"name\":\"\u00c9quipements Marquis\",\"url\":\"https:\/\/www.equipementsmarquis.com\/en\/\",\"logo\":{\"@type\":\"ImageObject\",\"inLanguage\":\"en-US\",\"@id\":\"https:\/\/www.equipementsmarquis.com\/en\/#\/schema\/logo\/image\/\",\"url\":\"https:\/\/www.equipementsmarquis.com\/wp-content\/uploads\/2022\/07\/logo-EquipementsMarquis.svg\",\"contentUrl\":\"https:\/\/www.equipementsmarquis.com\/wp-content\/uploads\/2022\/07\/logo-EquipementsMarquis.svg\",\"width\":740,\"height\":283,\"caption\":\"\u00c9quipements Marquis\"},\"image\":{\"@id\":\"https:\/\/www.equipementsmarquis.com\/en\/#\/schema\/logo\/image\/\"},\"sameAs\":[\"https:\/\/www.facebook.com\/Les-quipements-Marquis-inc-1391878637801740\",\"https:\/\/ca.linkedin.com\/company\/les-quipements-marquis-inc\"]}]}<\/script>\n<!-- \/ Yoast SEO plugin. -->","yoast_head_json":{"title":"Yanmar YT359 Tractor - \u00c9quipements Marquis","robots":{"index":"index","follow":"follow","max-snippet":"max-snippet:-1","max-image-preview":"max-image-preview:large","max-video-preview":"max-video-preview:-1"},"canonical":"https:\/\/www.equipementsmarquis.com\/en\/product\/tracteur-yanmar-yt359\/","og_locale":"en_US","og_type":"article","og_title":"Yanmar YT359 Tractor - \u00c9quipements Marquis","og_description":"When you need a tractor for bigger and tougher jobs, look no further than the Yanmar YT359. Comfortable and easy to operate, the YT359 uses advanced electronic controls and an integrated hydraulic mechanical transmission (i-HMT). No longer do you have to choose between an efficient, constant speed and flexible operation. The i-HMT creates the standard for performance versatility.   High power transfer ratio  Repeatable operating speed  Low fuel consumption due to increased transmission efficiency  Step-less main shift  Best speed possible for implement  Clutch-less shifting  Vehicle stop without clutch  The YT3 Series tractors are designed to make work easier for people of all skill levels. The YT359 includes an autothrottle that enables you to control engine and travel speed with the accelerator\/drive pedal. This makes operating the tractor like driving a car or truck with an automatic transmission car. A\/B Mode lets you preset your maximum travel speed. An anti-stall feature keeps your engine running when you dig or lift a heavy load. There\u2019s also cruise control to keep you moving efficiently when mowing or traveling for long stretches. YANMAR designs and builds the major components, engine, front axle, transmission, and final drive, to work together.   Best for 25 acres or more  58.9 horsepower  2,500 lbs front lift capacity  Features     Ergonomic operator station  Controls on joystick  Large LCD display integrates with controls  Anti-stall  Electronic cruise control  Rear remote  Loader control valve &amp; joystick  12V outlet  Advanced electronic controls  Auto-throttle  A\/B Mode  Throttle boost button  i-HMT Transmission  Loader 3rd function valve optional","og_url":"https:\/\/www.equipementsmarquis.com\/en\/product\/tracteur-yanmar-yt359\/","og_site_name":"\u00c9quipements Marquis","article_publisher":"https:\/\/www.facebook.com\/Les-quipements-Marquis-inc-1391878637801740","article_modified_time":"2025-07-08T15:04:32+00:00","og_image":[{"width":980,"height":654,"url":"https:\/\/www.equipementsmarquis.com\/wp-content\/uploads\/2025\/04\/YT359_ROPS_LOADER_34_Flat2.jpg","type":"image\/jpeg"}],"twitter_card":"summary_large_image","schema":{"@context":"https:\/\/schema.org","@graph":[{"@type":"WebPage","@id":"https:\/\/www.equipementsmarquis.com\/en\/product\/tracteur-yanmar-yt359\/","url":"https:\/\/www.equipementsmarquis.com\/en\/product\/tracteur-yanmar-yt359\/","name":"Yanmar YT359 Tractor - \u00c9quipements Marquis","isPartOf":{"@id":"https:\/\/www.equipementsmarquis.com\/en\/#website"},"primaryImageOfPage":{"@id":"https:\/\/www.equipementsmarquis.com\/en\/product\/tracteur-yanmar-yt359\/#primaryimage"},"image":{"@id":"https:\/\/www.equipementsmarquis.com\/en\/product\/tracteur-yanmar-yt359\/#primaryimage"},"thumbnailUrl":"https:\/\/www.equipementsmarquis.com\/wp-content\/uploads\/2025\/04\/YT359_ROPS_LOADER_34_Flat2.jpg","datePublished":"2025-04-25T12:35:21+00:00","dateModified":"2025-07-08T15:04:32+00:00","breadcrumb":{"@id":"https:\/\/www.equipementsmarquis.com\/en\/product\/tracteur-yanmar-yt359\/#breadcrumb"},"inLanguage":"en-US","potentialAction":[{"@type":"ReadAction","target":["https:\/\/www.equipementsmarquis.com\/en\/product\/tracteur-yanmar-yt359\/"]}]},{"@type":"ImageObject","inLanguage":"en-US","@id":"https:\/\/www.equipementsmarquis.com\/en\/product\/tracteur-yanmar-yt359\/#primaryimage","url":"https:\/\/www.equipementsmarquis.com\/wp-content\/uploads\/2025\/04\/YT359_ROPS_LOADER_34_Flat2.jpg","contentUrl":"https:\/\/www.equipementsmarquis.com\/wp-content\/uploads\/2025\/04\/YT359_ROPS_LOADER_34_Flat2.jpg","width":980,"height":654},{"@type":"BreadcrumbList","@id":"https:\/\/www.equipementsmarquis.com\/en\/product\/tracteur-yanmar-yt359\/#breadcrumb","itemListElement":[{"@type":"ListItem","position":1,"name":"Accueil","item":"https:\/\/www.equipementsmarquis.com\/en\/"},{"@type":"ListItem","position":2,"name":"Products","item":"https:\/\/www.equipementsmarquis.com\/en\/shop\/"},{"@type":"ListItem","position":3,"name":"Yanmar YT359 Tractor"}]},{"@type":"WebSite","@id":"https:\/\/www.equipementsmarquis.com\/en\/#website","url":"https:\/\/www.equipementsmarquis.com\/en\/","name":"\u00c9quipements Marquis","description":"Fournisseur d&#039;\u00e9quipements et fabrication de pi\u00e8ces pour machineries","publisher":{"@id":"https:\/\/www.equipementsmarquis.com\/en\/#organization"},"potentialAction":[{"@type":"SearchAction","target":{"@type":"EntryPoint","urlTemplate":"https:\/\/www.equipementsmarquis.com\/en\/?s={search_term_string}"},"query-input":{"@type":"PropertyValueSpecification","valueRequired":true,"valueName":"search_term_string"}}],"inLanguage":"en-US"},{"@type":"Organization","@id":"https:\/\/www.equipementsmarquis.com\/en\/#organization","name":"\u00c9quipements Marquis","url":"https:\/\/www.equipementsmarquis.com\/en\/","logo":{"@type":"ImageObject","inLanguage":"en-US","@id":"https:\/\/www.equipementsmarquis.com\/en\/#\/schema\/logo\/image\/","url":"https:\/\/www.equipementsmarquis.com\/wp-content\/uploads\/2022\/07\/logo-EquipementsMarquis.svg","contentUrl":"https:\/\/www.equipementsmarquis.com\/wp-content\/uploads\/2022\/07\/logo-EquipementsMarquis.svg","width":740,"height":283,"caption":"\u00c9quipements Marquis"},"image":{"@id":"https:\/\/www.equipementsmarquis.com\/en\/#\/schema\/logo\/image\/"},"sameAs":["https:\/\/www.facebook.com\/Les-quipements-Marquis-inc-1391878637801740","https:\/\/ca.linkedin.com\/company\/les-quipements-marquis-inc"]}]}},"_links":{"self":[{"href":"https:\/\/www.equipementsmarquis.com\/en\/wp-json\/wp\/v2\/product\/2664","targetHints":{"allow":["GET"]}}],"collection":[{"href":"https:\/\/www.equipementsmarquis.com\/en\/wp-json\/wp\/v2\/product"}],"about":[{"href":"https:\/\/www.equipementsmarquis.com\/en\/wp-json\/wp\/v2\/types\/product"}],"wp:featuredmedia":[{"embeddable":true,"href":"https:\/\/www.equipementsmarquis.com\/en\/wp-json\/wp\/v2\/media\/2657"}],"wp:attachment":[{"href":"https:\/\/www.equipementsmarquis.com\/en\/wp-json\/wp\/v2\/media?parent=2664"}],"wp:term":[{"taxonomy":"marque","embeddable":true,"href":"https:\/\/www.equipementsmarquis.com\/en\/wp-json\/wp\/v2\/marque?post=2664"},{"taxonomy":"product_brand","embeddable":true,"href":"https:\/\/www.equipementsmarquis.com\/en\/wp-json\/wp\/v2\/product_brand?post=2664"},{"taxonomy":"product_cat","embeddable":true,"href":"https:\/\/www.equipementsmarquis.com\/en\/wp-json\/wp\/v2\/product_cat?post=2664"},{"taxonomy":"product_tag","embeddable":true,"href":"https:\/\/www.equipementsmarquis.com\/en\/wp-json\/wp\/v2\/product_tag?post=2664"}],"curies":[{"name":"wp","href":"https:\/\/api.w.org\/{rel}","templated":true}]}}