{"id":2844,"date":"2025-06-03T16:16:53","date_gmt":"2025-06-03T20:16:53","guid":{"rendered":"https:\/\/www.equipementsmarquis.com\/product\/abatteuse-vimek-404-t8\/"},"modified":"2025-06-04T09:55:48","modified_gmt":"2025-06-04T13:55:48","slug":"abatteuse-vimek-404-t8","status":"publish","type":"product","link":"https:\/\/www.equipementsmarquis.com\/en\/product\/abatteuse-vimek-404-t8\/","title":{"rendered":"Harvester Vimek 404 T8"},"content":{"rendered":"","protected":false},"excerpt":{"rendered":"<p><strong>The Vimek harvester<\/strong><\/p>\n<p>This gentle Vimek harvester is equipped with a powerful CAT engine 55kW stage V without the requirement of def-fluid. The steering front axle offers alternative widths of the machine. Improved environment for the operator thanks to rubber mounted cabin, new and modern display and mini joysticks contribute to a comfortable cabin.<\/p>\n<p>Low fuel consumption and low investment costs for good total economy. Extremely easy to manoeuvre, thanks to the unique dual steering function. Vimek\u00a0404 T8 can also be equipped with different crane tip attachments \u2013 for example Vimek clamshell bucket for ditch clearing or our felling head for brush clearing under electric power lines.<\/p>\n<p><strong>Vimek\u2019s most agile harvester<\/strong><br \/>\nThe most compact harvester on the market, designed to give you the ideal conditions for gentle and efficient thinning, on the forest\u00b4s own terms.<\/p>\n","protected":false},"featured_media":3026,"template":"","meta":{"_acf_changed":false},"marque":[169,205],"product_brand":[],"product_cat":[103,104,111],"product_tag":[],"class_list":{"0":"post-2844","1":"product","2":"type-product","3":"status-publish","4":"has-post-thumbnail","6":"marque-brands-new","7":"marque-vimek-en","8":"product_cat-new-equipment","9":"product_cat-harvesters-new","10":"product_cat-forestry-new","12":"first","13":"instock","14":"shipping-taxable","15":"product-type-simple"},"acf":[],"yoast_head":"<!-- This site is optimized with the Yoast SEO plugin v24.7 - https:\/\/yoast.com\/wordpress\/plugins\/seo\/ -->\n<title>Harvester Vimek 404 T8 - \u00c9quipements Marquis<\/title>\n<meta name=\"robots\" content=\"index, follow, max-snippet:-1, max-image-preview:large, max-video-preview:-1\" \/>\n<link rel=\"canonical\" href=\"https:\/\/www.equipementsmarquis.com\/en\/product\/abatteuse-vimek-404-t8\/\" \/>\n<meta property=\"og:locale\" content=\"en_US\" \/>\n<meta property=\"og:type\" content=\"article\" \/>\n<meta property=\"og:title\" content=\"Harvester Vimek 404 T8 - \u00c9quipements Marquis\" \/>\n<meta property=\"og:description\" content=\"The Vimek harvester  This gentle Vimek harvester is equipped with a powerful CAT engine 55kW stage V without the requirement of def-fluid. The steering front axle offers alternative widths of the machine. Improved environment for the operator thanks to rubber mounted cabin, new and modern display and mini joysticks contribute to a comfortable cabin.  Low fuel consumption and low investment costs for good total economy. Extremely easy to manoeuvre, thanks to the unique dual steering function. Vimek\u00a0404 T8 can also be equipped with different crane tip attachments \u2013 for example Vimek clamshell bucket for ditch clearing or our felling head for brush clearing under electric power lines.  Vimek\u2019s most agile harvester The most compact harvester on the market, designed to give you the ideal conditions for gentle and efficient thinning, on the forest\u00b4s own terms.\" \/>\n<meta property=\"og:url\" content=\"https:\/\/www.equipementsmarquis.com\/en\/product\/abatteuse-vimek-404-t8\/\" \/>\n<meta property=\"og:site_name\" content=\"\u00c9quipements Marquis\" \/>\n<meta property=\"article:publisher\" content=\"https:\/\/www.facebook.com\/Les-quipements-Marquis-inc-1391878637801740\" \/>\n<meta property=\"article:modified_time\" content=\"2025-06-04T13:55:48+00:00\" \/>\n<meta property=\"og:image\" content=\"https:\/\/www.equipementsmarquis.com\/wp-content\/uploads\/2025\/06\/Vimek-404-T8-COMING-SOON.png\" \/>\n\t<meta property=\"og:image:width\" content=\"1200\" \/>\n\t<meta property=\"og:image:height\" content=\"630\" \/>\n\t<meta property=\"og:image:type\" content=\"image\/png\" \/>\n<meta name=\"twitter:card\" content=\"summary_large_image\" \/>\n<script type=\"application\/ld+json\" class=\"yoast-schema-graph\">{\"@context\":\"https:\/\/schema.org\",\"@graph\":[{\"@type\":\"WebPage\",\"@id\":\"https:\/\/www.equipementsmarquis.com\/en\/product\/abatteuse-vimek-404-t8\/\",\"url\":\"https:\/\/www.equipementsmarquis.com\/en\/product\/abatteuse-vimek-404-t8\/\",\"name\":\"Harvester Vimek 404 T8 - \u00c9quipements Marquis\",\"isPartOf\":{\"@id\":\"https:\/\/www.equipementsmarquis.com\/en\/#website\"},\"primaryImageOfPage\":{\"@id\":\"https:\/\/www.equipementsmarquis.com\/en\/product\/abatteuse-vimek-404-t8\/#primaryimage\"},\"image\":{\"@id\":\"https:\/\/www.equipementsmarquis.com\/en\/product\/abatteuse-vimek-404-t8\/#primaryimage\"},\"thumbnailUrl\":\"https:\/\/www.equipementsmarquis.com\/wp-content\/uploads\/2025\/06\/Vimek-404-T8-COMING-SOON.png\",\"datePublished\":\"2025-06-03T20:16:53+00:00\",\"dateModified\":\"2025-06-04T13:55:48+00:00\",\"breadcrumb\":{\"@id\":\"https:\/\/www.equipementsmarquis.com\/en\/product\/abatteuse-vimek-404-t8\/#breadcrumb\"},\"inLanguage\":\"en-US\",\"potentialAction\":[{\"@type\":\"ReadAction\",\"target\":[\"https:\/\/www.equipementsmarquis.com\/en\/product\/abatteuse-vimek-404-t8\/\"]}]},{\"@type\":\"ImageObject\",\"inLanguage\":\"en-US\",\"@id\":\"https:\/\/www.equipementsmarquis.com\/en\/product\/abatteuse-vimek-404-t8\/#primaryimage\",\"url\":\"https:\/\/www.equipementsmarquis.com\/wp-content\/uploads\/2025\/06\/Vimek-404-T8-COMING-SOON.png\",\"contentUrl\":\"https:\/\/www.equipementsmarquis.com\/wp-content\/uploads\/2025\/06\/Vimek-404-T8-COMING-SOON.png\",\"width\":1200,\"height\":630},{\"@type\":\"BreadcrumbList\",\"@id\":\"https:\/\/www.equipementsmarquis.com\/en\/product\/abatteuse-vimek-404-t8\/#breadcrumb\",\"itemListElement\":[{\"@type\":\"ListItem\",\"position\":1,\"name\":\"Accueil\",\"item\":\"https:\/\/www.equipementsmarquis.com\/en\/\"},{\"@type\":\"ListItem\",\"position\":2,\"name\":\"Products\",\"item\":\"https:\/\/www.equipementsmarquis.com\/en\/shop\/\"},{\"@type\":\"ListItem\",\"position\":3,\"name\":\"Harvester Vimek 404 T8\"}]},{\"@type\":\"WebSite\",\"@id\":\"https:\/\/www.equipementsmarquis.com\/en\/#website\",\"url\":\"https:\/\/www.equipementsmarquis.com\/en\/\",\"name\":\"\u00c9quipements Marquis\",\"description\":\"Fournisseur d&#039;\u00e9quipements et fabrication de pi\u00e8ces pour machineries\",\"publisher\":{\"@id\":\"https:\/\/www.equipementsmarquis.com\/en\/#organization\"},\"potentialAction\":[{\"@type\":\"SearchAction\",\"target\":{\"@type\":\"EntryPoint\",\"urlTemplate\":\"https:\/\/www.equipementsmarquis.com\/en\/?s={search_term_string}\"},\"query-input\":{\"@type\":\"PropertyValueSpecification\",\"valueRequired\":true,\"valueName\":\"search_term_string\"}}],\"inLanguage\":\"en-US\"},{\"@type\":\"Organization\",\"@id\":\"https:\/\/www.equipementsmarquis.com\/en\/#organization\",\"name\":\"\u00c9quipements Marquis\",\"url\":\"https:\/\/www.equipementsmarquis.com\/en\/\",\"logo\":{\"@type\":\"ImageObject\",\"inLanguage\":\"en-US\",\"@id\":\"https:\/\/www.equipementsmarquis.com\/en\/#\/schema\/logo\/image\/\",\"url\":\"https:\/\/www.equipementsmarquis.com\/wp-content\/uploads\/2022\/07\/logo-EquipementsMarquis.svg\",\"contentUrl\":\"https:\/\/www.equipementsmarquis.com\/wp-content\/uploads\/2022\/07\/logo-EquipementsMarquis.svg\",\"width\":740,\"height\":283,\"caption\":\"\u00c9quipements Marquis\"},\"image\":{\"@id\":\"https:\/\/www.equipementsmarquis.com\/en\/#\/schema\/logo\/image\/\"},\"sameAs\":[\"https:\/\/www.facebook.com\/Les-quipements-Marquis-inc-1391878637801740\",\"https:\/\/ca.linkedin.com\/company\/les-quipements-marquis-inc\"]}]}<\/script>\n<!-- \/ Yoast SEO plugin. -->","yoast_head_json":{"title":"Harvester Vimek 404 T8 - \u00c9quipements Marquis","robots":{"index":"index","follow":"follow","max-snippet":"max-snippet:-1","max-image-preview":"max-image-preview:large","max-video-preview":"max-video-preview:-1"},"canonical":"https:\/\/www.equipementsmarquis.com\/en\/product\/abatteuse-vimek-404-t8\/","og_locale":"en_US","og_type":"article","og_title":"Harvester Vimek 404 T8 - \u00c9quipements Marquis","og_description":"The Vimek harvester  This gentle Vimek harvester is equipped with a powerful CAT engine 55kW stage V without the requirement of def-fluid. The steering front axle offers alternative widths of the machine. Improved environment for the operator thanks to rubber mounted cabin, new and modern display and mini joysticks contribute to a comfortable cabin.  Low fuel consumption and low investment costs for good total economy. Extremely easy to manoeuvre, thanks to the unique dual steering function. Vimek\u00a0404 T8 can also be equipped with different crane tip attachments \u2013 for example Vimek clamshell bucket for ditch clearing or our felling head for brush clearing under electric power lines.  Vimek\u2019s most agile harvester The most compact harvester on the market, designed to give you the ideal conditions for gentle and efficient thinning, on the forest\u00b4s own terms.","og_url":"https:\/\/www.equipementsmarquis.com\/en\/product\/abatteuse-vimek-404-t8\/","og_site_name":"\u00c9quipements Marquis","article_publisher":"https:\/\/www.facebook.com\/Les-quipements-Marquis-inc-1391878637801740","article_modified_time":"2025-06-04T13:55:48+00:00","og_image":[{"width":1200,"height":630,"url":"https:\/\/www.equipementsmarquis.com\/wp-content\/uploads\/2025\/06\/Vimek-404-T8-COMING-SOON.png","type":"image\/png"}],"twitter_card":"summary_large_image","schema":{"@context":"https:\/\/schema.org","@graph":[{"@type":"WebPage","@id":"https:\/\/www.equipementsmarquis.com\/en\/product\/abatteuse-vimek-404-t8\/","url":"https:\/\/www.equipementsmarquis.com\/en\/product\/abatteuse-vimek-404-t8\/","name":"Harvester Vimek 404 T8 - \u00c9quipements Marquis","isPartOf":{"@id":"https:\/\/www.equipementsmarquis.com\/en\/#website"},"primaryImageOfPage":{"@id":"https:\/\/www.equipementsmarquis.com\/en\/product\/abatteuse-vimek-404-t8\/#primaryimage"},"image":{"@id":"https:\/\/www.equipementsmarquis.com\/en\/product\/abatteuse-vimek-404-t8\/#primaryimage"},"thumbnailUrl":"https:\/\/www.equipementsmarquis.com\/wp-content\/uploads\/2025\/06\/Vimek-404-T8-COMING-SOON.png","datePublished":"2025-06-03T20:16:53+00:00","dateModified":"2025-06-04T13:55:48+00:00","breadcrumb":{"@id":"https:\/\/www.equipementsmarquis.com\/en\/product\/abatteuse-vimek-404-t8\/#breadcrumb"},"inLanguage":"en-US","potentialAction":[{"@type":"ReadAction","target":["https:\/\/www.equipementsmarquis.com\/en\/product\/abatteuse-vimek-404-t8\/"]}]},{"@type":"ImageObject","inLanguage":"en-US","@id":"https:\/\/www.equipementsmarquis.com\/en\/product\/abatteuse-vimek-404-t8\/#primaryimage","url":"https:\/\/www.equipementsmarquis.com\/wp-content\/uploads\/2025\/06\/Vimek-404-T8-COMING-SOON.png","contentUrl":"https:\/\/www.equipementsmarquis.com\/wp-content\/uploads\/2025\/06\/Vimek-404-T8-COMING-SOON.png","width":1200,"height":630},{"@type":"BreadcrumbList","@id":"https:\/\/www.equipementsmarquis.com\/en\/product\/abatteuse-vimek-404-t8\/#breadcrumb","itemListElement":[{"@type":"ListItem","position":1,"name":"Accueil","item":"https:\/\/www.equipementsmarquis.com\/en\/"},{"@type":"ListItem","position":2,"name":"Products","item":"https:\/\/www.equipementsmarquis.com\/en\/shop\/"},{"@type":"ListItem","position":3,"name":"Harvester Vimek 404 T8"}]},{"@type":"WebSite","@id":"https:\/\/www.equipementsmarquis.com\/en\/#website","url":"https:\/\/www.equipementsmarquis.com\/en\/","name":"\u00c9quipements Marquis","description":"Fournisseur d&#039;\u00e9quipements et fabrication de pi\u00e8ces pour machineries","publisher":{"@id":"https:\/\/www.equipementsmarquis.com\/en\/#organization"},"potentialAction":[{"@type":"SearchAction","target":{"@type":"EntryPoint","urlTemplate":"https:\/\/www.equipementsmarquis.com\/en\/?s={search_term_string}"},"query-input":{"@type":"PropertyValueSpecification","valueRequired":true,"valueName":"search_term_string"}}],"inLanguage":"en-US"},{"@type":"Organization","@id":"https:\/\/www.equipementsmarquis.com\/en\/#organization","name":"\u00c9quipements Marquis","url":"https:\/\/www.equipementsmarquis.com\/en\/","logo":{"@type":"ImageObject","inLanguage":"en-US","@id":"https:\/\/www.equipementsmarquis.com\/en\/#\/schema\/logo\/image\/","url":"https:\/\/www.equipementsmarquis.com\/wp-content\/uploads\/2022\/07\/logo-EquipementsMarquis.svg","contentUrl":"https:\/\/www.equipementsmarquis.com\/wp-content\/uploads\/2022\/07\/logo-EquipementsMarquis.svg","width":740,"height":283,"caption":"\u00c9quipements Marquis"},"image":{"@id":"https:\/\/www.equipementsmarquis.com\/en\/#\/schema\/logo\/image\/"},"sameAs":["https:\/\/www.facebook.com\/Les-quipements-Marquis-inc-1391878637801740","https:\/\/ca.linkedin.com\/company\/les-quipements-marquis-inc"]}]}},"_links":{"self":[{"href":"https:\/\/www.equipementsmarquis.com\/en\/wp-json\/wp\/v2\/product\/2844","targetHints":{"allow":["GET"]}}],"collection":[{"href":"https:\/\/www.equipementsmarquis.com\/en\/wp-json\/wp\/v2\/product"}],"about":[{"href":"https:\/\/www.equipementsmarquis.com\/en\/wp-json\/wp\/v2\/types\/product"}],"wp:featuredmedia":[{"embeddable":true,"href":"https:\/\/www.equipementsmarquis.com\/en\/wp-json\/wp\/v2\/media\/3026"}],"wp:attachment":[{"href":"https:\/\/www.equipementsmarquis.com\/en\/wp-json\/wp\/v2\/media?parent=2844"}],"wp:term":[{"taxonomy":"marque","embeddable":true,"href":"https:\/\/www.equipementsmarquis.com\/en\/wp-json\/wp\/v2\/marque?post=2844"},{"taxonomy":"product_brand","embeddable":true,"href":"https:\/\/www.equipementsmarquis.com\/en\/wp-json\/wp\/v2\/product_brand?post=2844"},{"taxonomy":"product_cat","embeddable":true,"href":"https:\/\/www.equipementsmarquis.com\/en\/wp-json\/wp\/v2\/product_cat?post=2844"},{"taxonomy":"product_tag","embeddable":true,"href":"https:\/\/www.equipementsmarquis.com\/en\/wp-json\/wp\/v2\/product_tag?post=2844"}],"curies":[{"name":"wp","href":"https:\/\/api.w.org\/{rel}","templated":true}]}}