{"id":2939,"date":"2025-06-03T16:53:25","date_gmt":"2025-06-03T20:53:25","guid":{"rendered":"https:\/\/www.equipementsmarquis.com\/product\/porteur-vimek-606-ttse\/"},"modified":"2025-06-03T16:55:09","modified_gmt":"2025-06-03T20:55:09","slug":"porteur-vimek-606-ttse","status":"publish","type":"product","link":"https:\/\/www.equipementsmarquis.com\/en\/product\/porteur-vimek-606-ttse\/","title":{"rendered":"Fowarder Vimek 606 TTSE"},"content":{"rendered":"","protected":false},"excerpt":{"rendered":"<p><strong>Low impact forwarder with dolly<\/strong><\/p>\n<p>Thanks to its high ground clearness and low ground pressure the Vimek 606 TTSE offers a unique mobility. Low fuel consumption and low investment cost for good total economy. Available with different trailer lengths and a wide range of accessories, offering a forwarder for different needs and requirements.<\/p>\n<p><strong>Low impact forwarder, possible with dolly<\/strong><br \/>\nVimek 606 TTSE is the smallest forwarder in the Vimek lineup, featuring high ground clearance and low ground pressure, offering excellent mobility.<\/p>\n<p>With its fuel-efficient engine and minimal ground impact, the 606 TTSE improves forestry efficiency and helps preserve the forest for generations to come.<\/p>\n","protected":false},"featured_media":3012,"template":"","meta":{"_acf_changed":false},"marque":[169,205],"product_brand":[],"product_cat":[103,111,113],"product_tag":[],"class_list":{"0":"post-2939","1":"product","2":"type-product","3":"status-publish","4":"has-post-thumbnail","6":"marque-brands-new","7":"marque-vimek-en","8":"product_cat-new-equipment","9":"product_cat-forestry-new","10":"product_cat-wood-carriers-new","12":"first","13":"instock","14":"shipping-taxable","15":"product-type-simple"},"acf":[],"yoast_head":"<!-- This site is optimized with the Yoast SEO plugin v24.7 - https:\/\/yoast.com\/wordpress\/plugins\/seo\/ -->\n<title>Fowarder Vimek 606 TTSE - \u00c9quipements Marquis<\/title>\n<meta name=\"robots\" content=\"index, follow, max-snippet:-1, max-image-preview:large, max-video-preview:-1\" \/>\n<link rel=\"canonical\" href=\"https:\/\/www.equipementsmarquis.com\/en\/product\/porteur-vimek-606-ttse\/\" \/>\n<meta property=\"og:locale\" content=\"en_US\" \/>\n<meta property=\"og:type\" content=\"article\" \/>\n<meta property=\"og:title\" content=\"Fowarder Vimek 606 TTSE - \u00c9quipements Marquis\" \/>\n<meta property=\"og:description\" content=\"Low impact forwarder with dolly  Thanks to its high ground clearness and low ground pressure the Vimek 606 TTSE offers a unique mobility. Low fuel consumption and low investment cost for good total economy. Available with different trailer lengths and a wide range of accessories, offering a forwarder for different needs and requirements.  Low impact forwarder, possible with dolly Vimek 606 TTSE is the smallest forwarder in the Vimek lineup, featuring high ground clearance and low ground pressure, offering excellent mobility.  With its fuel-efficient engine and minimal ground impact, the 606 TTSE improves forestry efficiency and helps preserve the forest for generations to come.\" \/>\n<meta property=\"og:url\" content=\"https:\/\/www.equipementsmarquis.com\/en\/product\/porteur-vimek-606-ttse\/\" \/>\n<meta property=\"og:site_name\" content=\"\u00c9quipements Marquis\" \/>\n<meta property=\"article:publisher\" content=\"https:\/\/www.facebook.com\/Les-quipements-Marquis-inc-1391878637801740\" \/>\n<meta property=\"article:modified_time\" content=\"2025-06-03T20:55:09+00:00\" \/>\n<meta property=\"og:image\" content=\"https:\/\/www.equipementsmarquis.com\/wp-content\/uploads\/2025\/06\/Vimek-606TTSE.png\" \/>\n\t<meta property=\"og:image:width\" content=\"1200\" \/>\n\t<meta property=\"og:image:height\" content=\"630\" \/>\n\t<meta property=\"og:image:type\" content=\"image\/png\" \/>\n<meta name=\"twitter:card\" content=\"summary_large_image\" \/>\n<script type=\"application\/ld+json\" class=\"yoast-schema-graph\">{\"@context\":\"https:\/\/schema.org\",\"@graph\":[{\"@type\":\"WebPage\",\"@id\":\"https:\/\/www.equipementsmarquis.com\/en\/product\/porteur-vimek-606-ttse\/\",\"url\":\"https:\/\/www.equipementsmarquis.com\/en\/product\/porteur-vimek-606-ttse\/\",\"name\":\"Fowarder Vimek 606 TTSE - \u00c9quipements Marquis\",\"isPartOf\":{\"@id\":\"https:\/\/www.equipementsmarquis.com\/en\/#website\"},\"primaryImageOfPage\":{\"@id\":\"https:\/\/www.equipementsmarquis.com\/en\/product\/porteur-vimek-606-ttse\/#primaryimage\"},\"image\":{\"@id\":\"https:\/\/www.equipementsmarquis.com\/en\/product\/porteur-vimek-606-ttse\/#primaryimage\"},\"thumbnailUrl\":\"https:\/\/www.equipementsmarquis.com\/wp-content\/uploads\/2025\/06\/606TTW-DISPONIBLE-BIENTOT.png\",\"datePublished\":\"2025-06-03T20:53:25+00:00\",\"dateModified\":\"2025-06-03T20:55:09+00:00\",\"breadcrumb\":{\"@id\":\"https:\/\/www.equipementsmarquis.com\/en\/product\/porteur-vimek-606-ttse\/#breadcrumb\"},\"inLanguage\":\"en-US\",\"potentialAction\":[{\"@type\":\"ReadAction\",\"target\":[\"https:\/\/www.equipementsmarquis.com\/en\/product\/porteur-vimek-606-ttse\/\"]}]},{\"@type\":\"ImageObject\",\"inLanguage\":\"en-US\",\"@id\":\"https:\/\/www.equipementsmarquis.com\/en\/product\/porteur-vimek-606-ttse\/#primaryimage\",\"url\":\"https:\/\/www.equipementsmarquis.com\/wp-content\/uploads\/2025\/06\/606TTW-DISPONIBLE-BIENTOT.png\",\"contentUrl\":\"https:\/\/www.equipementsmarquis.com\/wp-content\/uploads\/2025\/06\/606TTW-DISPONIBLE-BIENTOT.png\",\"width\":1200,\"height\":630},{\"@type\":\"BreadcrumbList\",\"@id\":\"https:\/\/www.equipementsmarquis.com\/en\/product\/porteur-vimek-606-ttse\/#breadcrumb\",\"itemListElement\":[{\"@type\":\"ListItem\",\"position\":1,\"name\":\"Accueil\",\"item\":\"https:\/\/www.equipementsmarquis.com\/en\/\"},{\"@type\":\"ListItem\",\"position\":2,\"name\":\"Products\",\"item\":\"https:\/\/www.equipementsmarquis.com\/en\/shop\/\"},{\"@type\":\"ListItem\",\"position\":3,\"name\":\"Fowarder Vimek 606 TTSE\"}]},{\"@type\":\"WebSite\",\"@id\":\"https:\/\/www.equipementsmarquis.com\/en\/#website\",\"url\":\"https:\/\/www.equipementsmarquis.com\/en\/\",\"name\":\"\u00c9quipements Marquis\",\"description\":\"Fournisseur d&#039;\u00e9quipements et fabrication de pi\u00e8ces pour machineries\",\"publisher\":{\"@id\":\"https:\/\/www.equipementsmarquis.com\/en\/#organization\"},\"potentialAction\":[{\"@type\":\"SearchAction\",\"target\":{\"@type\":\"EntryPoint\",\"urlTemplate\":\"https:\/\/www.equipementsmarquis.com\/en\/?s={search_term_string}\"},\"query-input\":{\"@type\":\"PropertyValueSpecification\",\"valueRequired\":true,\"valueName\":\"search_term_string\"}}],\"inLanguage\":\"en-US\"},{\"@type\":\"Organization\",\"@id\":\"https:\/\/www.equipementsmarquis.com\/en\/#organization\",\"name\":\"\u00c9quipements Marquis\",\"url\":\"https:\/\/www.equipementsmarquis.com\/en\/\",\"logo\":{\"@type\":\"ImageObject\",\"inLanguage\":\"en-US\",\"@id\":\"https:\/\/www.equipementsmarquis.com\/en\/#\/schema\/logo\/image\/\",\"url\":\"https:\/\/www.equipementsmarquis.com\/wp-content\/uploads\/2022\/07\/logo-EquipementsMarquis.svg\",\"contentUrl\":\"https:\/\/www.equipementsmarquis.com\/wp-content\/uploads\/2022\/07\/logo-EquipementsMarquis.svg\",\"width\":740,\"height\":283,\"caption\":\"\u00c9quipements Marquis\"},\"image\":{\"@id\":\"https:\/\/www.equipementsmarquis.com\/en\/#\/schema\/logo\/image\/\"},\"sameAs\":[\"https:\/\/www.facebook.com\/Les-quipements-Marquis-inc-1391878637801740\",\"https:\/\/ca.linkedin.com\/company\/les-quipements-marquis-inc\"]}]}<\/script>\n<!-- \/ Yoast SEO plugin. -->","yoast_head_json":{"title":"Fowarder Vimek 606 TTSE - \u00c9quipements Marquis","robots":{"index":"index","follow":"follow","max-snippet":"max-snippet:-1","max-image-preview":"max-image-preview:large","max-video-preview":"max-video-preview:-1"},"canonical":"https:\/\/www.equipementsmarquis.com\/en\/product\/porteur-vimek-606-ttse\/","og_locale":"en_US","og_type":"article","og_title":"Fowarder Vimek 606 TTSE - \u00c9quipements Marquis","og_description":"Low impact forwarder with dolly  Thanks to its high ground clearness and low ground pressure the Vimek 606 TTSE offers a unique mobility. Low fuel consumption and low investment cost for good total economy. Available with different trailer lengths and a wide range of accessories, offering a forwarder for different needs and requirements.  Low impact forwarder, possible with dolly Vimek 606 TTSE is the smallest forwarder in the Vimek lineup, featuring high ground clearance and low ground pressure, offering excellent mobility.  With its fuel-efficient engine and minimal ground impact, the 606 TTSE improves forestry efficiency and helps preserve the forest for generations to come.","og_url":"https:\/\/www.equipementsmarquis.com\/en\/product\/porteur-vimek-606-ttse\/","og_site_name":"\u00c9quipements Marquis","article_publisher":"https:\/\/www.facebook.com\/Les-quipements-Marquis-inc-1391878637801740","article_modified_time":"2025-06-03T20:55:09+00:00","og_image":[{"width":1200,"height":630,"url":"https:\/\/www.equipementsmarquis.com\/wp-content\/uploads\/2025\/06\/Vimek-606TTSE.png","type":"image\/png"}],"twitter_card":"summary_large_image","schema":{"@context":"https:\/\/schema.org","@graph":[{"@type":"WebPage","@id":"https:\/\/www.equipementsmarquis.com\/en\/product\/porteur-vimek-606-ttse\/","url":"https:\/\/www.equipementsmarquis.com\/en\/product\/porteur-vimek-606-ttse\/","name":"Fowarder Vimek 606 TTSE - \u00c9quipements Marquis","isPartOf":{"@id":"https:\/\/www.equipementsmarquis.com\/en\/#website"},"primaryImageOfPage":{"@id":"https:\/\/www.equipementsmarquis.com\/en\/product\/porteur-vimek-606-ttse\/#primaryimage"},"image":{"@id":"https:\/\/www.equipementsmarquis.com\/en\/product\/porteur-vimek-606-ttse\/#primaryimage"},"thumbnailUrl":"https:\/\/www.equipementsmarquis.com\/wp-content\/uploads\/2025\/06\/606TTW-DISPONIBLE-BIENTOT.png","datePublished":"2025-06-03T20:53:25+00:00","dateModified":"2025-06-03T20:55:09+00:00","breadcrumb":{"@id":"https:\/\/www.equipementsmarquis.com\/en\/product\/porteur-vimek-606-ttse\/#breadcrumb"},"inLanguage":"en-US","potentialAction":[{"@type":"ReadAction","target":["https:\/\/www.equipementsmarquis.com\/en\/product\/porteur-vimek-606-ttse\/"]}]},{"@type":"ImageObject","inLanguage":"en-US","@id":"https:\/\/www.equipementsmarquis.com\/en\/product\/porteur-vimek-606-ttse\/#primaryimage","url":"https:\/\/www.equipementsmarquis.com\/wp-content\/uploads\/2025\/06\/606TTW-DISPONIBLE-BIENTOT.png","contentUrl":"https:\/\/www.equipementsmarquis.com\/wp-content\/uploads\/2025\/06\/606TTW-DISPONIBLE-BIENTOT.png","width":1200,"height":630},{"@type":"BreadcrumbList","@id":"https:\/\/www.equipementsmarquis.com\/en\/product\/porteur-vimek-606-ttse\/#breadcrumb","itemListElement":[{"@type":"ListItem","position":1,"name":"Accueil","item":"https:\/\/www.equipementsmarquis.com\/en\/"},{"@type":"ListItem","position":2,"name":"Products","item":"https:\/\/www.equipementsmarquis.com\/en\/shop\/"},{"@type":"ListItem","position":3,"name":"Fowarder Vimek 606 TTSE"}]},{"@type":"WebSite","@id":"https:\/\/www.equipementsmarquis.com\/en\/#website","url":"https:\/\/www.equipementsmarquis.com\/en\/","name":"\u00c9quipements Marquis","description":"Fournisseur d&#039;\u00e9quipements et fabrication de pi\u00e8ces pour machineries","publisher":{"@id":"https:\/\/www.equipementsmarquis.com\/en\/#organization"},"potentialAction":[{"@type":"SearchAction","target":{"@type":"EntryPoint","urlTemplate":"https:\/\/www.equipementsmarquis.com\/en\/?s={search_term_string}"},"query-input":{"@type":"PropertyValueSpecification","valueRequired":true,"valueName":"search_term_string"}}],"inLanguage":"en-US"},{"@type":"Organization","@id":"https:\/\/www.equipementsmarquis.com\/en\/#organization","name":"\u00c9quipements Marquis","url":"https:\/\/www.equipementsmarquis.com\/en\/","logo":{"@type":"ImageObject","inLanguage":"en-US","@id":"https:\/\/www.equipementsmarquis.com\/en\/#\/schema\/logo\/image\/","url":"https:\/\/www.equipementsmarquis.com\/wp-content\/uploads\/2022\/07\/logo-EquipementsMarquis.svg","contentUrl":"https:\/\/www.equipementsmarquis.com\/wp-content\/uploads\/2022\/07\/logo-EquipementsMarquis.svg","width":740,"height":283,"caption":"\u00c9quipements Marquis"},"image":{"@id":"https:\/\/www.equipementsmarquis.com\/en\/#\/schema\/logo\/image\/"},"sameAs":["https:\/\/www.facebook.com\/Les-quipements-Marquis-inc-1391878637801740","https:\/\/ca.linkedin.com\/company\/les-quipements-marquis-inc"]}]}},"_links":{"self":[{"href":"https:\/\/www.equipementsmarquis.com\/en\/wp-json\/wp\/v2\/product\/2939","targetHints":{"allow":["GET"]}}],"collection":[{"href":"https:\/\/www.equipementsmarquis.com\/en\/wp-json\/wp\/v2\/product"}],"about":[{"href":"https:\/\/www.equipementsmarquis.com\/en\/wp-json\/wp\/v2\/types\/product"}],"wp:featuredmedia":[{"embeddable":true,"href":"https:\/\/www.equipementsmarquis.com\/en\/wp-json\/wp\/v2\/media\/3012"}],"wp:attachment":[{"href":"https:\/\/www.equipementsmarquis.com\/en\/wp-json\/wp\/v2\/media?parent=2939"}],"wp:term":[{"taxonomy":"marque","embeddable":true,"href":"https:\/\/www.equipementsmarquis.com\/en\/wp-json\/wp\/v2\/marque?post=2939"},{"taxonomy":"product_brand","embeddable":true,"href":"https:\/\/www.equipementsmarquis.com\/en\/wp-json\/wp\/v2\/product_brand?post=2939"},{"taxonomy":"product_cat","embeddable":true,"href":"https:\/\/www.equipementsmarquis.com\/en\/wp-json\/wp\/v2\/product_cat?post=2939"},{"taxonomy":"product_tag","embeddable":true,"href":"https:\/\/www.equipementsmarquis.com\/en\/wp-json\/wp\/v2\/product_tag?post=2939"}],"curies":[{"name":"wp","href":"https:\/\/api.w.org\/{rel}","templated":true}]}}