{"id":2974,"date":"2025-06-04T08:08:47","date_gmt":"2025-06-04T12:08:47","guid":{"rendered":"https:\/\/www.equipementsmarquis.com\/product\/porteur-vimek-610-4\/"},"modified":"2025-06-04T09:35:51","modified_gmt":"2025-06-04T13:35:51","slug":"porteur-vimek-610-4","status":"publish","type":"product","link":"https:\/\/www.equipementsmarquis.com\/en\/product\/porteur-vimek-610-4\/","title":{"rendered":"Fowarder Vimek 610.4"},"content":{"rendered":"","protected":false},"excerpt":{"rendered":"<p><strong>Fourth generation of the popular forwarder<\/strong><\/p>\n<p>Vimek 610.4\u00a0is our\u00a0<strong>mid-size<\/strong>\u00a0forwarder with 5,000 kg loading capacity, equipped with the powerful CAT 55kW stage V enginge without the requirement of def-fluid, modern hydrostatic transmission from Bosch Rexroth in combination with our well known trailer and crane.<\/p>\n<p>In the Vimek 610 SE we have been able to combine an engine and transmission to offer high efficiency, productivity, performance. All this together with low fuel consumption, makes a cost effective machine.<\/p>\n<p>Vimek 610.4 is our 6-wheel mid-size forwarder, a compact and efficient forwarder, ideal for first thinning.<\/p>\n<p>With low ground pressure and excellent maneuverability, it protects the forest floor.<\/p>\n<p>Despite its small size, it delivers impressive load capacity and performance.<\/p>\n","protected":false},"featured_media":3009,"template":"","meta":{"_acf_changed":false},"marque":[169,205],"product_brand":[],"product_cat":[103,111,113],"product_tag":[],"class_list":{"0":"post-2974","1":"product","2":"type-product","3":"status-publish","4":"has-post-thumbnail","6":"marque-brands-new","7":"marque-vimek-en","8":"product_cat-new-equipment","9":"product_cat-forestry-new","10":"product_cat-wood-carriers-new","12":"first","13":"instock","14":"shipping-taxable","15":"product-type-simple"},"acf":[],"yoast_head":"<!-- This site is optimized with the Yoast SEO plugin v24.7 - https:\/\/yoast.com\/wordpress\/plugins\/seo\/ -->\n<title>Fowarder Vimek 610.4 - \u00c9quipements Marquis<\/title>\n<meta name=\"robots\" content=\"index, follow, max-snippet:-1, max-image-preview:large, max-video-preview:-1\" \/>\n<link rel=\"canonical\" href=\"https:\/\/www.equipementsmarquis.com\/en\/product\/porteur-vimek-610-4\/\" \/>\n<meta property=\"og:locale\" content=\"en_US\" \/>\n<meta property=\"og:type\" content=\"article\" \/>\n<meta property=\"og:title\" content=\"Fowarder Vimek 610.4 - \u00c9quipements Marquis\" \/>\n<meta property=\"og:description\" content=\"Fourth generation of the popular forwarder  Vimek 610.4\u00a0is our\u00a0mid-size\u00a0forwarder with 5,000 kg loading capacity, equipped with the powerful CAT 55kW stage V enginge without the requirement of def-fluid, modern hydrostatic transmission from Bosch Rexroth in combination with our well known trailer and crane.  In the Vimek 610 SE we have been able to combine an engine and transmission to offer high efficiency, productivity, performance. All this together with low fuel consumption, makes a cost effective machine.  Vimek 610.4 is our 6-wheel mid-size forwarder, a compact and efficient forwarder, ideal for first thinning.  With low ground pressure and excellent maneuverability, it protects the forest floor.  Despite its small size, it delivers impressive load capacity and performance.\" \/>\n<meta property=\"og:url\" content=\"https:\/\/www.equipementsmarquis.com\/en\/product\/porteur-vimek-610-4\/\" \/>\n<meta property=\"og:site_name\" content=\"\u00c9quipements Marquis\" \/>\n<meta property=\"article:publisher\" content=\"https:\/\/www.facebook.com\/Les-quipements-Marquis-inc-1391878637801740\" \/>\n<meta property=\"article:modified_time\" content=\"2025-06-04T13:35:51+00:00\" \/>\n<meta property=\"og:image\" content=\"https:\/\/www.equipementsmarquis.com\/wp-content\/uploads\/2025\/06\/610SE-COMING-SOON.png\" \/>\n\t<meta property=\"og:image:width\" content=\"1200\" \/>\n\t<meta property=\"og:image:height\" content=\"954\" \/>\n\t<meta property=\"og:image:type\" content=\"image\/png\" \/>\n<meta name=\"twitter:card\" content=\"summary_large_image\" \/>\n<script type=\"application\/ld+json\" class=\"yoast-schema-graph\">{\"@context\":\"https:\/\/schema.org\",\"@graph\":[{\"@type\":\"WebPage\",\"@id\":\"https:\/\/www.equipementsmarquis.com\/en\/product\/porteur-vimek-610-4\/\",\"url\":\"https:\/\/www.equipementsmarquis.com\/en\/product\/porteur-vimek-610-4\/\",\"name\":\"Fowarder Vimek 610.4 - \u00c9quipements Marquis\",\"isPartOf\":{\"@id\":\"https:\/\/www.equipementsmarquis.com\/en\/#website\"},\"primaryImageOfPage\":{\"@id\":\"https:\/\/www.equipementsmarquis.com\/en\/product\/porteur-vimek-610-4\/#primaryimage\"},\"image\":{\"@id\":\"https:\/\/www.equipementsmarquis.com\/en\/product\/porteur-vimek-610-4\/#primaryimage\"},\"thumbnailUrl\":\"https:\/\/www.equipementsmarquis.com\/wp-content\/uploads\/2025\/06\/610SE-COMING-SOON.png\",\"datePublished\":\"2025-06-04T12:08:47+00:00\",\"dateModified\":\"2025-06-04T13:35:51+00:00\",\"breadcrumb\":{\"@id\":\"https:\/\/www.equipementsmarquis.com\/en\/product\/porteur-vimek-610-4\/#breadcrumb\"},\"inLanguage\":\"en-US\",\"potentialAction\":[{\"@type\":\"ReadAction\",\"target\":[\"https:\/\/www.equipementsmarquis.com\/en\/product\/porteur-vimek-610-4\/\"]}]},{\"@type\":\"ImageObject\",\"inLanguage\":\"en-US\",\"@id\":\"https:\/\/www.equipementsmarquis.com\/en\/product\/porteur-vimek-610-4\/#primaryimage\",\"url\":\"https:\/\/www.equipementsmarquis.com\/wp-content\/uploads\/2025\/06\/610SE-COMING-SOON.png\",\"contentUrl\":\"https:\/\/www.equipementsmarquis.com\/wp-content\/uploads\/2025\/06\/610SE-COMING-SOON.png\",\"width\":1200,\"height\":954},{\"@type\":\"BreadcrumbList\",\"@id\":\"https:\/\/www.equipementsmarquis.com\/en\/product\/porteur-vimek-610-4\/#breadcrumb\",\"itemListElement\":[{\"@type\":\"ListItem\",\"position\":1,\"name\":\"Accueil\",\"item\":\"https:\/\/www.equipementsmarquis.com\/en\/\"},{\"@type\":\"ListItem\",\"position\":2,\"name\":\"Products\",\"item\":\"https:\/\/www.equipementsmarquis.com\/en\/shop\/\"},{\"@type\":\"ListItem\",\"position\":3,\"name\":\"Fowarder Vimek 610.4\"}]},{\"@type\":\"WebSite\",\"@id\":\"https:\/\/www.equipementsmarquis.com\/en\/#website\",\"url\":\"https:\/\/www.equipementsmarquis.com\/en\/\",\"name\":\"\u00c9quipements Marquis\",\"description\":\"Fournisseur d&#039;\u00e9quipements et fabrication de pi\u00e8ces pour machineries\",\"publisher\":{\"@id\":\"https:\/\/www.equipementsmarquis.com\/en\/#organization\"},\"potentialAction\":[{\"@type\":\"SearchAction\",\"target\":{\"@type\":\"EntryPoint\",\"urlTemplate\":\"https:\/\/www.equipementsmarquis.com\/en\/?s={search_term_string}\"},\"query-input\":{\"@type\":\"PropertyValueSpecification\",\"valueRequired\":true,\"valueName\":\"search_term_string\"}}],\"inLanguage\":\"en-US\"},{\"@type\":\"Organization\",\"@id\":\"https:\/\/www.equipementsmarquis.com\/en\/#organization\",\"name\":\"\u00c9quipements Marquis\",\"url\":\"https:\/\/www.equipementsmarquis.com\/en\/\",\"logo\":{\"@type\":\"ImageObject\",\"inLanguage\":\"en-US\",\"@id\":\"https:\/\/www.equipementsmarquis.com\/en\/#\/schema\/logo\/image\/\",\"url\":\"https:\/\/www.equipementsmarquis.com\/wp-content\/uploads\/2022\/07\/logo-EquipementsMarquis.svg\",\"contentUrl\":\"https:\/\/www.equipementsmarquis.com\/wp-content\/uploads\/2022\/07\/logo-EquipementsMarquis.svg\",\"width\":740,\"height\":283,\"caption\":\"\u00c9quipements Marquis\"},\"image\":{\"@id\":\"https:\/\/www.equipementsmarquis.com\/en\/#\/schema\/logo\/image\/\"},\"sameAs\":[\"https:\/\/www.facebook.com\/Les-quipements-Marquis-inc-1391878637801740\",\"https:\/\/ca.linkedin.com\/company\/les-quipements-marquis-inc\"]}]}<\/script>\n<!-- \/ Yoast SEO plugin. -->","yoast_head_json":{"title":"Fowarder Vimek 610.4 - \u00c9quipements Marquis","robots":{"index":"index","follow":"follow","max-snippet":"max-snippet:-1","max-image-preview":"max-image-preview:large","max-video-preview":"max-video-preview:-1"},"canonical":"https:\/\/www.equipementsmarquis.com\/en\/product\/porteur-vimek-610-4\/","og_locale":"en_US","og_type":"article","og_title":"Fowarder Vimek 610.4 - \u00c9quipements Marquis","og_description":"Fourth generation of the popular forwarder  Vimek 610.4\u00a0is our\u00a0mid-size\u00a0forwarder with 5,000 kg loading capacity, equipped with the powerful CAT 55kW stage V enginge without the requirement of def-fluid, modern hydrostatic transmission from Bosch Rexroth in combination with our well known trailer and crane.  In the Vimek 610 SE we have been able to combine an engine and transmission to offer high efficiency, productivity, performance. All this together with low fuel consumption, makes a cost effective machine.  Vimek 610.4 is our 6-wheel mid-size forwarder, a compact and efficient forwarder, ideal for first thinning.  With low ground pressure and excellent maneuverability, it protects the forest floor.  Despite its small size, it delivers impressive load capacity and performance.","og_url":"https:\/\/www.equipementsmarquis.com\/en\/product\/porteur-vimek-610-4\/","og_site_name":"\u00c9quipements Marquis","article_publisher":"https:\/\/www.facebook.com\/Les-quipements-Marquis-inc-1391878637801740","article_modified_time":"2025-06-04T13:35:51+00:00","og_image":[{"width":1200,"height":954,"url":"https:\/\/www.equipementsmarquis.com\/wp-content\/uploads\/2025\/06\/610SE-COMING-SOON.png","type":"image\/png"}],"twitter_card":"summary_large_image","schema":{"@context":"https:\/\/schema.org","@graph":[{"@type":"WebPage","@id":"https:\/\/www.equipementsmarquis.com\/en\/product\/porteur-vimek-610-4\/","url":"https:\/\/www.equipementsmarquis.com\/en\/product\/porteur-vimek-610-4\/","name":"Fowarder Vimek 610.4 - \u00c9quipements Marquis","isPartOf":{"@id":"https:\/\/www.equipementsmarquis.com\/en\/#website"},"primaryImageOfPage":{"@id":"https:\/\/www.equipementsmarquis.com\/en\/product\/porteur-vimek-610-4\/#primaryimage"},"image":{"@id":"https:\/\/www.equipementsmarquis.com\/en\/product\/porteur-vimek-610-4\/#primaryimage"},"thumbnailUrl":"https:\/\/www.equipementsmarquis.com\/wp-content\/uploads\/2025\/06\/610SE-COMING-SOON.png","datePublished":"2025-06-04T12:08:47+00:00","dateModified":"2025-06-04T13:35:51+00:00","breadcrumb":{"@id":"https:\/\/www.equipementsmarquis.com\/en\/product\/porteur-vimek-610-4\/#breadcrumb"},"inLanguage":"en-US","potentialAction":[{"@type":"ReadAction","target":["https:\/\/www.equipementsmarquis.com\/en\/product\/porteur-vimek-610-4\/"]}]},{"@type":"ImageObject","inLanguage":"en-US","@id":"https:\/\/www.equipementsmarquis.com\/en\/product\/porteur-vimek-610-4\/#primaryimage","url":"https:\/\/www.equipementsmarquis.com\/wp-content\/uploads\/2025\/06\/610SE-COMING-SOON.png","contentUrl":"https:\/\/www.equipementsmarquis.com\/wp-content\/uploads\/2025\/06\/610SE-COMING-SOON.png","width":1200,"height":954},{"@type":"BreadcrumbList","@id":"https:\/\/www.equipementsmarquis.com\/en\/product\/porteur-vimek-610-4\/#breadcrumb","itemListElement":[{"@type":"ListItem","position":1,"name":"Accueil","item":"https:\/\/www.equipementsmarquis.com\/en\/"},{"@type":"ListItem","position":2,"name":"Products","item":"https:\/\/www.equipementsmarquis.com\/en\/shop\/"},{"@type":"ListItem","position":3,"name":"Fowarder Vimek 610.4"}]},{"@type":"WebSite","@id":"https:\/\/www.equipementsmarquis.com\/en\/#website","url":"https:\/\/www.equipementsmarquis.com\/en\/","name":"\u00c9quipements Marquis","description":"Fournisseur d&#039;\u00e9quipements et fabrication de pi\u00e8ces pour machineries","publisher":{"@id":"https:\/\/www.equipementsmarquis.com\/en\/#organization"},"potentialAction":[{"@type":"SearchAction","target":{"@type":"EntryPoint","urlTemplate":"https:\/\/www.equipementsmarquis.com\/en\/?s={search_term_string}"},"query-input":{"@type":"PropertyValueSpecification","valueRequired":true,"valueName":"search_term_string"}}],"inLanguage":"en-US"},{"@type":"Organization","@id":"https:\/\/www.equipementsmarquis.com\/en\/#organization","name":"\u00c9quipements Marquis","url":"https:\/\/www.equipementsmarquis.com\/en\/","logo":{"@type":"ImageObject","inLanguage":"en-US","@id":"https:\/\/www.equipementsmarquis.com\/en\/#\/schema\/logo\/image\/","url":"https:\/\/www.equipementsmarquis.com\/wp-content\/uploads\/2022\/07\/logo-EquipementsMarquis.svg","contentUrl":"https:\/\/www.equipementsmarquis.com\/wp-content\/uploads\/2022\/07\/logo-EquipementsMarquis.svg","width":740,"height":283,"caption":"\u00c9quipements Marquis"},"image":{"@id":"https:\/\/www.equipementsmarquis.com\/en\/#\/schema\/logo\/image\/"},"sameAs":["https:\/\/www.facebook.com\/Les-quipements-Marquis-inc-1391878637801740","https:\/\/ca.linkedin.com\/company\/les-quipements-marquis-inc"]}]}},"_links":{"self":[{"href":"https:\/\/www.equipementsmarquis.com\/en\/wp-json\/wp\/v2\/product\/2974","targetHints":{"allow":["GET"]}}],"collection":[{"href":"https:\/\/www.equipementsmarquis.com\/en\/wp-json\/wp\/v2\/product"}],"about":[{"href":"https:\/\/www.equipementsmarquis.com\/en\/wp-json\/wp\/v2\/types\/product"}],"wp:featuredmedia":[{"embeddable":true,"href":"https:\/\/www.equipementsmarquis.com\/en\/wp-json\/wp\/v2\/media\/3009"}],"wp:attachment":[{"href":"https:\/\/www.equipementsmarquis.com\/en\/wp-json\/wp\/v2\/media?parent=2974"}],"wp:term":[{"taxonomy":"marque","embeddable":true,"href":"https:\/\/www.equipementsmarquis.com\/en\/wp-json\/wp\/v2\/marque?post=2974"},{"taxonomy":"product_brand","embeddable":true,"href":"https:\/\/www.equipementsmarquis.com\/en\/wp-json\/wp\/v2\/product_brand?post=2974"},{"taxonomy":"product_cat","embeddable":true,"href":"https:\/\/www.equipementsmarquis.com\/en\/wp-json\/wp\/v2\/product_cat?post=2974"},{"taxonomy":"product_tag","embeddable":true,"href":"https:\/\/www.equipementsmarquis.com\/en\/wp-json\/wp\/v2\/product_tag?post=2974"}],"curies":[{"name":"wp","href":"https:\/\/api.w.org\/{rel}","templated":true}]}}