{"id":3355,"date":"2025-06-18T09:00:53","date_gmt":"2025-06-18T13:00:53","guid":{"rendered":"https:\/\/www.equipementsmarquis.com\/product\/excavatrice-hyundai-hx355a-lcr\/"},"modified":"2025-06-18T09:03:10","modified_gmt":"2025-06-18T13:03:10","slug":"excavatrice-hyundai-hx355a-lcr","status":"publish","type":"product","link":"https:\/\/www.equipementsmarquis.com\/en\/product\/excavatrice-hyundai-hx355a-lcr\/","title":{"rendered":"Hyundai HX355A LCR Excavator"},"content":{"rendered":"<p>Net power : 258 hp (192 kW) \u00e0 1,800 rpm<br \/>\nOperating weight : 78,483 lb (35,600 kg) &#8211; 79,807 lb (36,200 kg)<br \/>\nBucket capacity : 0.67 yd\u00b3 &#8211; 1,75 yd\u00b3 (0.51 m\u00b3 &#8211; 1,34 m\u00b3)<\/p>\n","protected":false},"excerpt":{"rendered":"<p>Introducing the HX355ALCR, a cutting-edge excavator engineered to redefine efficiency, comfort, and safety in the construction industry. Designed with productivity in mind, this powerhouse delivers unparalleled performance while keeping ownership costs low. Its innovative features include a spacious cabin with low noise and vibration levels, ensuring a comfortable work environment for operators. Equipped with a fully adjustable heated air suspension seat and climate-controlled air conditioning as standard, the HX355ALCR prioritizes operator comfort without compromising on performance. Moreover, easy maintenance is a breeze with accessible compartments and maintenance data directly available from the control panel, minimizing downtime and maximizing uptime.<\/p>\n<p>Safety is paramount with the HX355ALCR, boasting a comprehensive array of features to safeguard operators and worksites alike. With a 360\u00b0 camera system and large side mirrors, every detail is meticulously crafted with safety in mind. Powerful LED work lights illuminate the surroundings, while optional ultrasonic detection further enhances hazard awareness. Operating this excavator is a breeze, thanks to the new easy-to-use 8\u2033 touch screen interface, ensuring that all vital information is conveniently accessible at the operator\u2019s fingertips. Experience unmatched performance, comfort, and safety with the HX355ALCR, setting a new standard for excellence in the construction equipment industry.<\/p>\n","protected":false},"featured_media":3354,"template":"","meta":{"_acf_changed":false},"marque":[169,149],"product_brand":[],"product_cat":[103,108,110],"product_tag":[],"class_list":{"0":"post-3355","1":"product","2":"type-product","3":"status-publish","4":"has-post-thumbnail","6":"marque-brands-new","7":"marque-hyundai-en-new","8":"product_cat-new-equipment","9":"product_cat-construction-new","10":"product_cat-excavators-new","12":"first","13":"instock","14":"shipping-taxable","15":"product-type-simple"},"acf":[],"yoast_head":"<!-- This site is optimized with the Yoast SEO plugin v24.7 - https:\/\/yoast.com\/wordpress\/plugins\/seo\/ -->\n<title>Hyundai HX355A LCR Excavator - \u00c9quipements Marquis<\/title>\n<meta name=\"robots\" content=\"index, follow, max-snippet:-1, max-image-preview:large, max-video-preview:-1\" \/>\n<link rel=\"canonical\" href=\"https:\/\/www.equipementsmarquis.com\/en\/product\/excavatrice-hyundai-hx355a-lcr\/\" \/>\n<meta property=\"og:locale\" content=\"en_US\" \/>\n<meta property=\"og:type\" content=\"article\" \/>\n<meta property=\"og:title\" content=\"Hyundai HX355A LCR Excavator - \u00c9quipements Marquis\" \/>\n<meta property=\"og:description\" content=\"Introducing the HX355ALCR, a cutting-edge excavator engineered to redefine efficiency, comfort, and safety in the construction industry. Designed with productivity in mind, this powerhouse delivers unparalleled performance while keeping ownership costs low. Its innovative features include a spacious cabin with low noise and vibration levels, ensuring a comfortable work environment for operators. Equipped with a fully adjustable heated air suspension seat and climate-controlled air conditioning as standard, the HX355ALCR prioritizes operator comfort without compromising on performance. Moreover, easy maintenance is a breeze with accessible compartments and maintenance data directly available from the control panel, minimizing downtime and maximizing uptime.  Safety is paramount with the HX355ALCR, boasting a comprehensive array of features to safeguard operators and worksites alike. With a 360\u00b0 camera system and large side mirrors, every detail is meticulously crafted with safety in mind. Powerful LED work lights illuminate the surroundings, while optional ultrasonic detection further enhances hazard awareness. Operating this excavator is a breeze, thanks to the new easy-to-use 8\u2033 touch screen interface, ensuring that all vital information is conveniently accessible at the operator\u2019s fingertips. Experience unmatched performance, comfort, and safety with the HX355ALCR, setting a new standard for excellence in the construction equipment industry.\" \/>\n<meta property=\"og:url\" content=\"https:\/\/www.equipementsmarquis.com\/en\/product\/excavatrice-hyundai-hx355a-lcr\/\" \/>\n<meta property=\"og:site_name\" content=\"\u00c9quipements Marquis\" \/>\n<meta property=\"article:publisher\" content=\"https:\/\/www.facebook.com\/Les-quipements-Marquis-inc-1391878637801740\" \/>\n<meta property=\"article:modified_time\" content=\"2025-06-18T13:03:10+00:00\" \/>\n<meta property=\"og:image\" content=\"https:\/\/www.equipementsmarquis.com\/wp-content\/uploads\/2025\/06\/HX355A-LCR-product1-scaled.jpg\" \/>\n\t<meta property=\"og:image:width\" content=\"2000\" \/>\n\t<meta property=\"og:image:height\" content=\"1333\" \/>\n\t<meta property=\"og:image:type\" content=\"image\/jpeg\" \/>\n<meta name=\"twitter:card\" content=\"summary_large_image\" \/>\n<script type=\"application\/ld+json\" class=\"yoast-schema-graph\">{\"@context\":\"https:\/\/schema.org\",\"@graph\":[{\"@type\":\"WebPage\",\"@id\":\"https:\/\/www.equipementsmarquis.com\/en\/product\/excavatrice-hyundai-hx355a-lcr\/\",\"url\":\"https:\/\/www.equipementsmarquis.com\/en\/product\/excavatrice-hyundai-hx355a-lcr\/\",\"name\":\"Hyundai HX355A LCR Excavator - \u00c9quipements Marquis\",\"isPartOf\":{\"@id\":\"https:\/\/www.equipementsmarquis.com\/en\/#website\"},\"primaryImageOfPage\":{\"@id\":\"https:\/\/www.equipementsmarquis.com\/en\/product\/excavatrice-hyundai-hx355a-lcr\/#primaryimage\"},\"image\":{\"@id\":\"https:\/\/www.equipementsmarquis.com\/en\/product\/excavatrice-hyundai-hx355a-lcr\/#primaryimage\"},\"thumbnailUrl\":\"https:\/\/www.equipementsmarquis.com\/wp-content\/uploads\/2025\/06\/HX355A-LCR-product1-scaled.jpg\",\"datePublished\":\"2025-06-18T13:00:53+00:00\",\"dateModified\":\"2025-06-18T13:03:10+00:00\",\"breadcrumb\":{\"@id\":\"https:\/\/www.equipementsmarquis.com\/en\/product\/excavatrice-hyundai-hx355a-lcr\/#breadcrumb\"},\"inLanguage\":\"en-US\",\"potentialAction\":[{\"@type\":\"ReadAction\",\"target\":[\"https:\/\/www.equipementsmarquis.com\/en\/product\/excavatrice-hyundai-hx355a-lcr\/\"]}]},{\"@type\":\"ImageObject\",\"inLanguage\":\"en-US\",\"@id\":\"https:\/\/www.equipementsmarquis.com\/en\/product\/excavatrice-hyundai-hx355a-lcr\/#primaryimage\",\"url\":\"https:\/\/www.equipementsmarquis.com\/wp-content\/uploads\/2025\/06\/HX355A-LCR-product1-scaled.jpg\",\"contentUrl\":\"https:\/\/www.equipementsmarquis.com\/wp-content\/uploads\/2025\/06\/HX355A-LCR-product1-scaled.jpg\",\"width\":2000,\"height\":1333},{\"@type\":\"BreadcrumbList\",\"@id\":\"https:\/\/www.equipementsmarquis.com\/en\/product\/excavatrice-hyundai-hx355a-lcr\/#breadcrumb\",\"itemListElement\":[{\"@type\":\"ListItem\",\"position\":1,\"name\":\"Accueil\",\"item\":\"https:\/\/www.equipementsmarquis.com\/en\/\"},{\"@type\":\"ListItem\",\"position\":2,\"name\":\"Products\",\"item\":\"https:\/\/www.equipementsmarquis.com\/en\/shop\/\"},{\"@type\":\"ListItem\",\"position\":3,\"name\":\"Hyundai HX355A LCR Excavator\"}]},{\"@type\":\"WebSite\",\"@id\":\"https:\/\/www.equipementsmarquis.com\/en\/#website\",\"url\":\"https:\/\/www.equipementsmarquis.com\/en\/\",\"name\":\"\u00c9quipements Marquis\",\"description\":\"Fournisseur d&#039;\u00e9quipements et fabrication de pi\u00e8ces pour machineries\",\"publisher\":{\"@id\":\"https:\/\/www.equipementsmarquis.com\/en\/#organization\"},\"potentialAction\":[{\"@type\":\"SearchAction\",\"target\":{\"@type\":\"EntryPoint\",\"urlTemplate\":\"https:\/\/www.equipementsmarquis.com\/en\/?s={search_term_string}\"},\"query-input\":{\"@type\":\"PropertyValueSpecification\",\"valueRequired\":true,\"valueName\":\"search_term_string\"}}],\"inLanguage\":\"en-US\"},{\"@type\":\"Organization\",\"@id\":\"https:\/\/www.equipementsmarquis.com\/en\/#organization\",\"name\":\"\u00c9quipements Marquis\",\"url\":\"https:\/\/www.equipementsmarquis.com\/en\/\",\"logo\":{\"@type\":\"ImageObject\",\"inLanguage\":\"en-US\",\"@id\":\"https:\/\/www.equipementsmarquis.com\/en\/#\/schema\/logo\/image\/\",\"url\":\"https:\/\/www.equipementsmarquis.com\/wp-content\/uploads\/2022\/07\/logo-EquipementsMarquis.svg\",\"contentUrl\":\"https:\/\/www.equipementsmarquis.com\/wp-content\/uploads\/2022\/07\/logo-EquipementsMarquis.svg\",\"width\":740,\"height\":283,\"caption\":\"\u00c9quipements Marquis\"},\"image\":{\"@id\":\"https:\/\/www.equipementsmarquis.com\/en\/#\/schema\/logo\/image\/\"},\"sameAs\":[\"https:\/\/www.facebook.com\/Les-quipements-Marquis-inc-1391878637801740\",\"https:\/\/ca.linkedin.com\/company\/les-quipements-marquis-inc\"]}]}<\/script>\n<!-- \/ Yoast SEO plugin. -->","yoast_head_json":{"title":"Hyundai HX355A LCR Excavator - \u00c9quipements Marquis","robots":{"index":"index","follow":"follow","max-snippet":"max-snippet:-1","max-image-preview":"max-image-preview:large","max-video-preview":"max-video-preview:-1"},"canonical":"https:\/\/www.equipementsmarquis.com\/en\/product\/excavatrice-hyundai-hx355a-lcr\/","og_locale":"en_US","og_type":"article","og_title":"Hyundai HX355A LCR Excavator - \u00c9quipements Marquis","og_description":"Introducing the HX355ALCR, a cutting-edge excavator engineered to redefine efficiency, comfort, and safety in the construction industry. Designed with productivity in mind, this powerhouse delivers unparalleled performance while keeping ownership costs low. Its innovative features include a spacious cabin with low noise and vibration levels, ensuring a comfortable work environment for operators. Equipped with a fully adjustable heated air suspension seat and climate-controlled air conditioning as standard, the HX355ALCR prioritizes operator comfort without compromising on performance. Moreover, easy maintenance is a breeze with accessible compartments and maintenance data directly available from the control panel, minimizing downtime and maximizing uptime.  Safety is paramount with the HX355ALCR, boasting a comprehensive array of features to safeguard operators and worksites alike. With a 360\u00b0 camera system and large side mirrors, every detail is meticulously crafted with safety in mind. Powerful LED work lights illuminate the surroundings, while optional ultrasonic detection further enhances hazard awareness. Operating this excavator is a breeze, thanks to the new easy-to-use 8\u2033 touch screen interface, ensuring that all vital information is conveniently accessible at the operator\u2019s fingertips. Experience unmatched performance, comfort, and safety with the HX355ALCR, setting a new standard for excellence in the construction equipment industry.","og_url":"https:\/\/www.equipementsmarquis.com\/en\/product\/excavatrice-hyundai-hx355a-lcr\/","og_site_name":"\u00c9quipements Marquis","article_publisher":"https:\/\/www.facebook.com\/Les-quipements-Marquis-inc-1391878637801740","article_modified_time":"2025-06-18T13:03:10+00:00","og_image":[{"width":2000,"height":1333,"url":"https:\/\/www.equipementsmarquis.com\/wp-content\/uploads\/2025\/06\/HX355A-LCR-product1-scaled.jpg","type":"image\/jpeg"}],"twitter_card":"summary_large_image","schema":{"@context":"https:\/\/schema.org","@graph":[{"@type":"WebPage","@id":"https:\/\/www.equipementsmarquis.com\/en\/product\/excavatrice-hyundai-hx355a-lcr\/","url":"https:\/\/www.equipementsmarquis.com\/en\/product\/excavatrice-hyundai-hx355a-lcr\/","name":"Hyundai HX355A LCR Excavator - \u00c9quipements Marquis","isPartOf":{"@id":"https:\/\/www.equipementsmarquis.com\/en\/#website"},"primaryImageOfPage":{"@id":"https:\/\/www.equipementsmarquis.com\/en\/product\/excavatrice-hyundai-hx355a-lcr\/#primaryimage"},"image":{"@id":"https:\/\/www.equipementsmarquis.com\/en\/product\/excavatrice-hyundai-hx355a-lcr\/#primaryimage"},"thumbnailUrl":"https:\/\/www.equipementsmarquis.com\/wp-content\/uploads\/2025\/06\/HX355A-LCR-product1-scaled.jpg","datePublished":"2025-06-18T13:00:53+00:00","dateModified":"2025-06-18T13:03:10+00:00","breadcrumb":{"@id":"https:\/\/www.equipementsmarquis.com\/en\/product\/excavatrice-hyundai-hx355a-lcr\/#breadcrumb"},"inLanguage":"en-US","potentialAction":[{"@type":"ReadAction","target":["https:\/\/www.equipementsmarquis.com\/en\/product\/excavatrice-hyundai-hx355a-lcr\/"]}]},{"@type":"ImageObject","inLanguage":"en-US","@id":"https:\/\/www.equipementsmarquis.com\/en\/product\/excavatrice-hyundai-hx355a-lcr\/#primaryimage","url":"https:\/\/www.equipementsmarquis.com\/wp-content\/uploads\/2025\/06\/HX355A-LCR-product1-scaled.jpg","contentUrl":"https:\/\/www.equipementsmarquis.com\/wp-content\/uploads\/2025\/06\/HX355A-LCR-product1-scaled.jpg","width":2000,"height":1333},{"@type":"BreadcrumbList","@id":"https:\/\/www.equipementsmarquis.com\/en\/product\/excavatrice-hyundai-hx355a-lcr\/#breadcrumb","itemListElement":[{"@type":"ListItem","position":1,"name":"Accueil","item":"https:\/\/www.equipementsmarquis.com\/en\/"},{"@type":"ListItem","position":2,"name":"Products","item":"https:\/\/www.equipementsmarquis.com\/en\/shop\/"},{"@type":"ListItem","position":3,"name":"Hyundai HX355A LCR Excavator"}]},{"@type":"WebSite","@id":"https:\/\/www.equipementsmarquis.com\/en\/#website","url":"https:\/\/www.equipementsmarquis.com\/en\/","name":"\u00c9quipements Marquis","description":"Fournisseur d&#039;\u00e9quipements et fabrication de pi\u00e8ces pour machineries","publisher":{"@id":"https:\/\/www.equipementsmarquis.com\/en\/#organization"},"potentialAction":[{"@type":"SearchAction","target":{"@type":"EntryPoint","urlTemplate":"https:\/\/www.equipementsmarquis.com\/en\/?s={search_term_string}"},"query-input":{"@type":"PropertyValueSpecification","valueRequired":true,"valueName":"search_term_string"}}],"inLanguage":"en-US"},{"@type":"Organization","@id":"https:\/\/www.equipementsmarquis.com\/en\/#organization","name":"\u00c9quipements Marquis","url":"https:\/\/www.equipementsmarquis.com\/en\/","logo":{"@type":"ImageObject","inLanguage":"en-US","@id":"https:\/\/www.equipementsmarquis.com\/en\/#\/schema\/logo\/image\/","url":"https:\/\/www.equipementsmarquis.com\/wp-content\/uploads\/2022\/07\/logo-EquipementsMarquis.svg","contentUrl":"https:\/\/www.equipementsmarquis.com\/wp-content\/uploads\/2022\/07\/logo-EquipementsMarquis.svg","width":740,"height":283,"caption":"\u00c9quipements Marquis"},"image":{"@id":"https:\/\/www.equipementsmarquis.com\/en\/#\/schema\/logo\/image\/"},"sameAs":["https:\/\/www.facebook.com\/Les-quipements-Marquis-inc-1391878637801740","https:\/\/ca.linkedin.com\/company\/les-quipements-marquis-inc"]}]}},"_links":{"self":[{"href":"https:\/\/www.equipementsmarquis.com\/en\/wp-json\/wp\/v2\/product\/3355","targetHints":{"allow":["GET"]}}],"collection":[{"href":"https:\/\/www.equipementsmarquis.com\/en\/wp-json\/wp\/v2\/product"}],"about":[{"href":"https:\/\/www.equipementsmarquis.com\/en\/wp-json\/wp\/v2\/types\/product"}],"wp:featuredmedia":[{"embeddable":true,"href":"https:\/\/www.equipementsmarquis.com\/en\/wp-json\/wp\/v2\/media\/3354"}],"wp:attachment":[{"href":"https:\/\/www.equipementsmarquis.com\/en\/wp-json\/wp\/v2\/media?parent=3355"}],"wp:term":[{"taxonomy":"marque","embeddable":true,"href":"https:\/\/www.equipementsmarquis.com\/en\/wp-json\/wp\/v2\/marque?post=3355"},{"taxonomy":"product_brand","embeddable":true,"href":"https:\/\/www.equipementsmarquis.com\/en\/wp-json\/wp\/v2\/product_brand?post=3355"},{"taxonomy":"product_cat","embeddable":true,"href":"https:\/\/www.equipementsmarquis.com\/en\/wp-json\/wp\/v2\/product_cat?post=3355"},{"taxonomy":"product_tag","embeddable":true,"href":"https:\/\/www.equipementsmarquis.com\/en\/wp-json\/wp\/v2\/product_tag?post=3355"}],"curies":[{"name":"wp","href":"https:\/\/api.w.org\/{rel}","templated":true}]}}