{"id":3438,"date":"2025-07-02T13:16:02","date_gmt":"2025-07-02T17:16:02","guid":{"rendered":"https:\/\/www.equipementsmarquis.com\/product\/excavatrice-hyundai-hx480a-l\/"},"modified":"2025-07-02T13:18:32","modified_gmt":"2025-07-02T17:18:32","slug":"excavatrice-hyundai-hx480a-l","status":"publish","type":"product","link":"https:\/\/www.equipementsmarquis.com\/en\/product\/excavatrice-hyundai-hx480a-l\/","title":{"rendered":"Hyundai HX480A L Excavator"},"content":{"rendered":"<p>Net power : 395 hp (295 kW) at 2,100 rpm<br \/>\nOperating weight : 114,460 lb (51,920 kg)<br \/>\nBucket capacity : 3.41 yd\u00b3 (2.60 m\u00b3)<\/p>\n","protected":false},"excerpt":{"rendered":"<p>Powered by a Cummins X12 Stage 5 \/ Tier 4 Final diesel engine, the HX480A L complies with the international Stage 5 emissions control standard.\u00a0 New features like visibility and handle improvement, automatic engine shutdown, auto safety lock, enhanced cabin visibility, and eco gauge lifting mode can help improve productivity on hard to handle jobs.<\/p>\n<p>All Hyundai excavators are known for fast cycle speeds, impressive hydraulic power, and precision control. At Hyundai, reliable productivity is more than just a promise. The robust upper and lower frame structure can endure external shock and heavy workloads for many thousands of hours.<\/p>\n","protected":false},"featured_media":3437,"template":"","meta":{"_acf_changed":false},"marque":[169,149],"product_brand":[],"product_cat":[103,108,110],"product_tag":[],"class_list":{"0":"post-3438","1":"product","2":"type-product","3":"status-publish","4":"has-post-thumbnail","6":"marque-brands-new","7":"marque-hyundai-en-new","8":"product_cat-new-equipment","9":"product_cat-construction-new","10":"product_cat-excavators-new","12":"first","13":"instock","14":"shipping-taxable","15":"product-type-simple"},"acf":[],"yoast_head":"<!-- This site is optimized with the Yoast SEO plugin v24.7 - https:\/\/yoast.com\/wordpress\/plugins\/seo\/ -->\n<title>Hyundai HX480A L Excavator - \u00c9quipements Marquis<\/title>\n<meta name=\"robots\" content=\"index, follow, max-snippet:-1, max-image-preview:large, max-video-preview:-1\" \/>\n<link rel=\"canonical\" href=\"https:\/\/www.equipementsmarquis.com\/en\/product\/excavatrice-hyundai-hx480a-l\/\" \/>\n<meta property=\"og:locale\" content=\"en_US\" \/>\n<meta property=\"og:type\" content=\"article\" \/>\n<meta property=\"og:title\" content=\"Hyundai HX480A L Excavator - \u00c9quipements Marquis\" \/>\n<meta property=\"og:description\" content=\"Powered by a Cummins X12 Stage 5 \/ Tier 4 Final diesel engine, the HX480A L complies with the international Stage 5 emissions control standard.\u00a0 New features like visibility and handle improvement, automatic engine shutdown, auto safety lock, enhanced cabin visibility, and eco gauge lifting mode can help improve productivity on hard to handle jobs.  All Hyundai excavators are known for fast cycle speeds, impressive hydraulic power, and precision control. At Hyundai, reliable productivity is more than just a promise. The robust upper and lower frame structure can endure external shock and heavy workloads for many thousands of hours.\" \/>\n<meta property=\"og:url\" content=\"https:\/\/www.equipementsmarquis.com\/en\/product\/excavatrice-hyundai-hx480a-l\/\" \/>\n<meta property=\"og:site_name\" content=\"\u00c9quipements Marquis\" \/>\n<meta property=\"article:publisher\" content=\"https:\/\/www.facebook.com\/Les-quipements-Marquis-inc-1391878637801740\" \/>\n<meta property=\"article:modified_time\" content=\"2025-07-02T17:18:32+00:00\" \/>\n<meta property=\"og:image\" content=\"https:\/\/www.equipementsmarquis.com\/wp-content\/uploads\/2025\/07\/hx480al_cutout_16-9.png\" \/>\n\t<meta property=\"og:image:width\" content=\"1200\" \/>\n\t<meta property=\"og:image:height\" content=\"800\" \/>\n\t<meta property=\"og:image:type\" content=\"image\/png\" \/>\n<meta name=\"twitter:card\" content=\"summary_large_image\" \/>\n<script type=\"application\/ld+json\" class=\"yoast-schema-graph\">{\"@context\":\"https:\/\/schema.org\",\"@graph\":[{\"@type\":\"WebPage\",\"@id\":\"https:\/\/www.equipementsmarquis.com\/en\/product\/excavatrice-hyundai-hx480a-l\/\",\"url\":\"https:\/\/www.equipementsmarquis.com\/en\/product\/excavatrice-hyundai-hx480a-l\/\",\"name\":\"Hyundai HX480A L Excavator - \u00c9quipements Marquis\",\"isPartOf\":{\"@id\":\"https:\/\/www.equipementsmarquis.com\/en\/#website\"},\"primaryImageOfPage\":{\"@id\":\"https:\/\/www.equipementsmarquis.com\/en\/product\/excavatrice-hyundai-hx480a-l\/#primaryimage\"},\"image\":{\"@id\":\"https:\/\/www.equipementsmarquis.com\/en\/product\/excavatrice-hyundai-hx480a-l\/#primaryimage\"},\"thumbnailUrl\":\"https:\/\/www.equipementsmarquis.com\/wp-content\/uploads\/2025\/07\/hx480al_cutout_16-9.png\",\"datePublished\":\"2025-07-02T17:16:02+00:00\",\"dateModified\":\"2025-07-02T17:18:32+00:00\",\"breadcrumb\":{\"@id\":\"https:\/\/www.equipementsmarquis.com\/en\/product\/excavatrice-hyundai-hx480a-l\/#breadcrumb\"},\"inLanguage\":\"en-US\",\"potentialAction\":[{\"@type\":\"ReadAction\",\"target\":[\"https:\/\/www.equipementsmarquis.com\/en\/product\/excavatrice-hyundai-hx480a-l\/\"]}]},{\"@type\":\"ImageObject\",\"inLanguage\":\"en-US\",\"@id\":\"https:\/\/www.equipementsmarquis.com\/en\/product\/excavatrice-hyundai-hx480a-l\/#primaryimage\",\"url\":\"https:\/\/www.equipementsmarquis.com\/wp-content\/uploads\/2025\/07\/hx480al_cutout_16-9.png\",\"contentUrl\":\"https:\/\/www.equipementsmarquis.com\/wp-content\/uploads\/2025\/07\/hx480al_cutout_16-9.png\",\"width\":1200,\"height\":800},{\"@type\":\"BreadcrumbList\",\"@id\":\"https:\/\/www.equipementsmarquis.com\/en\/product\/excavatrice-hyundai-hx480a-l\/#breadcrumb\",\"itemListElement\":[{\"@type\":\"ListItem\",\"position\":1,\"name\":\"Accueil\",\"item\":\"https:\/\/www.equipementsmarquis.com\/en\/\"},{\"@type\":\"ListItem\",\"position\":2,\"name\":\"Products\",\"item\":\"https:\/\/www.equipementsmarquis.com\/en\/shop\/\"},{\"@type\":\"ListItem\",\"position\":3,\"name\":\"Hyundai HX480A L Excavator\"}]},{\"@type\":\"WebSite\",\"@id\":\"https:\/\/www.equipementsmarquis.com\/en\/#website\",\"url\":\"https:\/\/www.equipementsmarquis.com\/en\/\",\"name\":\"\u00c9quipements Marquis\",\"description\":\"Fournisseur d&#039;\u00e9quipements et fabrication de pi\u00e8ces pour machineries\",\"publisher\":{\"@id\":\"https:\/\/www.equipementsmarquis.com\/en\/#organization\"},\"potentialAction\":[{\"@type\":\"SearchAction\",\"target\":{\"@type\":\"EntryPoint\",\"urlTemplate\":\"https:\/\/www.equipementsmarquis.com\/en\/?s={search_term_string}\"},\"query-input\":{\"@type\":\"PropertyValueSpecification\",\"valueRequired\":true,\"valueName\":\"search_term_string\"}}],\"inLanguage\":\"en-US\"},{\"@type\":\"Organization\",\"@id\":\"https:\/\/www.equipementsmarquis.com\/en\/#organization\",\"name\":\"\u00c9quipements Marquis\",\"url\":\"https:\/\/www.equipementsmarquis.com\/en\/\",\"logo\":{\"@type\":\"ImageObject\",\"inLanguage\":\"en-US\",\"@id\":\"https:\/\/www.equipementsmarquis.com\/en\/#\/schema\/logo\/image\/\",\"url\":\"https:\/\/www.equipementsmarquis.com\/wp-content\/uploads\/2022\/07\/logo-EquipementsMarquis.svg\",\"contentUrl\":\"https:\/\/www.equipementsmarquis.com\/wp-content\/uploads\/2022\/07\/logo-EquipementsMarquis.svg\",\"width\":740,\"height\":283,\"caption\":\"\u00c9quipements Marquis\"},\"image\":{\"@id\":\"https:\/\/www.equipementsmarquis.com\/en\/#\/schema\/logo\/image\/\"},\"sameAs\":[\"https:\/\/www.facebook.com\/Les-quipements-Marquis-inc-1391878637801740\",\"https:\/\/ca.linkedin.com\/company\/les-quipements-marquis-inc\"]}]}<\/script>\n<!-- \/ Yoast SEO plugin. -->","yoast_head_json":{"title":"Hyundai HX480A L Excavator - \u00c9quipements Marquis","robots":{"index":"index","follow":"follow","max-snippet":"max-snippet:-1","max-image-preview":"max-image-preview:large","max-video-preview":"max-video-preview:-1"},"canonical":"https:\/\/www.equipementsmarquis.com\/en\/product\/excavatrice-hyundai-hx480a-l\/","og_locale":"en_US","og_type":"article","og_title":"Hyundai HX480A L Excavator - \u00c9quipements Marquis","og_description":"Powered by a Cummins X12 Stage 5 \/ Tier 4 Final diesel engine, the HX480A L complies with the international Stage 5 emissions control standard.\u00a0 New features like visibility and handle improvement, automatic engine shutdown, auto safety lock, enhanced cabin visibility, and eco gauge lifting mode can help improve productivity on hard to handle jobs.  All Hyundai excavators are known for fast cycle speeds, impressive hydraulic power, and precision control. At Hyundai, reliable productivity is more than just a promise. The robust upper and lower frame structure can endure external shock and heavy workloads for many thousands of hours.","og_url":"https:\/\/www.equipementsmarquis.com\/en\/product\/excavatrice-hyundai-hx480a-l\/","og_site_name":"\u00c9quipements Marquis","article_publisher":"https:\/\/www.facebook.com\/Les-quipements-Marquis-inc-1391878637801740","article_modified_time":"2025-07-02T17:18:32+00:00","og_image":[{"width":1200,"height":800,"url":"https:\/\/www.equipementsmarquis.com\/wp-content\/uploads\/2025\/07\/hx480al_cutout_16-9.png","type":"image\/png"}],"twitter_card":"summary_large_image","schema":{"@context":"https:\/\/schema.org","@graph":[{"@type":"WebPage","@id":"https:\/\/www.equipementsmarquis.com\/en\/product\/excavatrice-hyundai-hx480a-l\/","url":"https:\/\/www.equipementsmarquis.com\/en\/product\/excavatrice-hyundai-hx480a-l\/","name":"Hyundai HX480A L Excavator - \u00c9quipements Marquis","isPartOf":{"@id":"https:\/\/www.equipementsmarquis.com\/en\/#website"},"primaryImageOfPage":{"@id":"https:\/\/www.equipementsmarquis.com\/en\/product\/excavatrice-hyundai-hx480a-l\/#primaryimage"},"image":{"@id":"https:\/\/www.equipementsmarquis.com\/en\/product\/excavatrice-hyundai-hx480a-l\/#primaryimage"},"thumbnailUrl":"https:\/\/www.equipementsmarquis.com\/wp-content\/uploads\/2025\/07\/hx480al_cutout_16-9.png","datePublished":"2025-07-02T17:16:02+00:00","dateModified":"2025-07-02T17:18:32+00:00","breadcrumb":{"@id":"https:\/\/www.equipementsmarquis.com\/en\/product\/excavatrice-hyundai-hx480a-l\/#breadcrumb"},"inLanguage":"en-US","potentialAction":[{"@type":"ReadAction","target":["https:\/\/www.equipementsmarquis.com\/en\/product\/excavatrice-hyundai-hx480a-l\/"]}]},{"@type":"ImageObject","inLanguage":"en-US","@id":"https:\/\/www.equipementsmarquis.com\/en\/product\/excavatrice-hyundai-hx480a-l\/#primaryimage","url":"https:\/\/www.equipementsmarquis.com\/wp-content\/uploads\/2025\/07\/hx480al_cutout_16-9.png","contentUrl":"https:\/\/www.equipementsmarquis.com\/wp-content\/uploads\/2025\/07\/hx480al_cutout_16-9.png","width":1200,"height":800},{"@type":"BreadcrumbList","@id":"https:\/\/www.equipementsmarquis.com\/en\/product\/excavatrice-hyundai-hx480a-l\/#breadcrumb","itemListElement":[{"@type":"ListItem","position":1,"name":"Accueil","item":"https:\/\/www.equipementsmarquis.com\/en\/"},{"@type":"ListItem","position":2,"name":"Products","item":"https:\/\/www.equipementsmarquis.com\/en\/shop\/"},{"@type":"ListItem","position":3,"name":"Hyundai HX480A L Excavator"}]},{"@type":"WebSite","@id":"https:\/\/www.equipementsmarquis.com\/en\/#website","url":"https:\/\/www.equipementsmarquis.com\/en\/","name":"\u00c9quipements Marquis","description":"Fournisseur d&#039;\u00e9quipements et fabrication de pi\u00e8ces pour machineries","publisher":{"@id":"https:\/\/www.equipementsmarquis.com\/en\/#organization"},"potentialAction":[{"@type":"SearchAction","target":{"@type":"EntryPoint","urlTemplate":"https:\/\/www.equipementsmarquis.com\/en\/?s={search_term_string}"},"query-input":{"@type":"PropertyValueSpecification","valueRequired":true,"valueName":"search_term_string"}}],"inLanguage":"en-US"},{"@type":"Organization","@id":"https:\/\/www.equipementsmarquis.com\/en\/#organization","name":"\u00c9quipements Marquis","url":"https:\/\/www.equipementsmarquis.com\/en\/","logo":{"@type":"ImageObject","inLanguage":"en-US","@id":"https:\/\/www.equipementsmarquis.com\/en\/#\/schema\/logo\/image\/","url":"https:\/\/www.equipementsmarquis.com\/wp-content\/uploads\/2022\/07\/logo-EquipementsMarquis.svg","contentUrl":"https:\/\/www.equipementsmarquis.com\/wp-content\/uploads\/2022\/07\/logo-EquipementsMarquis.svg","width":740,"height":283,"caption":"\u00c9quipements Marquis"},"image":{"@id":"https:\/\/www.equipementsmarquis.com\/en\/#\/schema\/logo\/image\/"},"sameAs":["https:\/\/www.facebook.com\/Les-quipements-Marquis-inc-1391878637801740","https:\/\/ca.linkedin.com\/company\/les-quipements-marquis-inc"]}]}},"_links":{"self":[{"href":"https:\/\/www.equipementsmarquis.com\/en\/wp-json\/wp\/v2\/product\/3438","targetHints":{"allow":["GET"]}}],"collection":[{"href":"https:\/\/www.equipementsmarquis.com\/en\/wp-json\/wp\/v2\/product"}],"about":[{"href":"https:\/\/www.equipementsmarquis.com\/en\/wp-json\/wp\/v2\/types\/product"}],"wp:featuredmedia":[{"embeddable":true,"href":"https:\/\/www.equipementsmarquis.com\/en\/wp-json\/wp\/v2\/media\/3437"}],"wp:attachment":[{"href":"https:\/\/www.equipementsmarquis.com\/en\/wp-json\/wp\/v2\/media?parent=3438"}],"wp:term":[{"taxonomy":"marque","embeddable":true,"href":"https:\/\/www.equipementsmarquis.com\/en\/wp-json\/wp\/v2\/marque?post=3438"},{"taxonomy":"product_brand","embeddable":true,"href":"https:\/\/www.equipementsmarquis.com\/en\/wp-json\/wp\/v2\/product_brand?post=3438"},{"taxonomy":"product_cat","embeddable":true,"href":"https:\/\/www.equipementsmarquis.com\/en\/wp-json\/wp\/v2\/product_cat?post=3438"},{"taxonomy":"product_tag","embeddable":true,"href":"https:\/\/www.equipementsmarquis.com\/en\/wp-json\/wp\/v2\/product_tag?post=3438"}],"curies":[{"name":"wp","href":"https:\/\/api.w.org\/{rel}","templated":true}]}}