{"id":3563,"date":"2025-07-02T16:44:21","date_gmt":"2025-07-02T20:44:21","guid":{"rendered":"https:\/\/www.equipementsmarquis.com\/product\/mini-excavatrice-yanmar-vio17-1e\/"},"modified":"2025-07-03T11:41:39","modified_gmt":"2025-07-03T15:41:39","slug":"mini-excavatrice-yanmar-vio17-1e","status":"publish","type":"product","link":"https:\/\/www.equipementsmarquis.com\/en\/product\/mini-excavatrice-yanmar-vio17-1e\/","title":{"rendered":"Yanmar ViO17-1E Mini Excavator"},"content":{"rendered":"<p>Net power : 14,5 hp (10,8 kW) at 2,400 rpm<br \/>\nOperating weight : 4,023 lb (1,824,802 kg)<br \/>\nMaximum digging depth : 2,310 mm (7 ft 7 in)<\/p>\n","protected":false},"excerpt":{"rendered":"<p>When tight spaces call and you need additional power and digging depth to get the job done quickly, ViO17-1E is the answer. This tight space taskmaster can go almost anywhere. With our unique retractable undercarriage, you can hydraulically extend and retract the track width making it even easier to access narrow jobsites. And the ViO17-1E is our smallest zero tail swing model, giving you the added flexibility to work around walls, buildings, or landscaping. Plus, operators will appreciate the comfortable operator station and intuitive controls.<\/p>\n","protected":false},"featured_media":3546,"template":"","meta":{"_acf_changed":false},"marque":[169,148],"product_brand":[],"product_cat":[103,108,110],"product_tag":[],"class_list":{"0":"post-3563","1":"product","2":"type-product","3":"status-publish","4":"has-post-thumbnail","6":"marque-brands-new","7":"marque-yanmar-en-new","8":"product_cat-new-equipment","9":"product_cat-construction-new","10":"product_cat-excavators-new","12":"first","13":"instock","14":"shipping-taxable","15":"product-type-simple"},"acf":[],"yoast_head":"<!-- This site is optimized with the Yoast SEO plugin v24.7 - https:\/\/yoast.com\/wordpress\/plugins\/seo\/ -->\n<title>Yanmar ViO17-1E Mini Excavator - \u00c9quipements Marquis<\/title>\n<meta name=\"robots\" content=\"index, follow, max-snippet:-1, max-image-preview:large, max-video-preview:-1\" \/>\n<link rel=\"canonical\" href=\"https:\/\/www.equipementsmarquis.com\/en\/product\/mini-excavatrice-yanmar-vio17-1e\/\" \/>\n<meta property=\"og:locale\" content=\"en_US\" \/>\n<meta property=\"og:type\" content=\"article\" \/>\n<meta property=\"og:title\" content=\"Yanmar ViO17-1E Mini Excavator - \u00c9quipements Marquis\" \/>\n<meta property=\"og:description\" content=\"When tight spaces call and you need additional power and digging depth to get the job done quickly, ViO17-1E is the answer. This tight space taskmaster can go almost anywhere. With our unique retractable undercarriage, you can hydraulically extend and retract the track width making it even easier to access narrow jobsites. And the ViO17-1E is our smallest zero tail swing model, giving you the added flexibility to work around walls, buildings, or landscaping. Plus, operators will appreciate the comfortable operator station and intuitive controls.\" \/>\n<meta property=\"og:url\" content=\"https:\/\/www.equipementsmarquis.com\/en\/product\/mini-excavatrice-yanmar-vio17-1e\/\" \/>\n<meta property=\"og:site_name\" content=\"\u00c9quipements Marquis\" \/>\n<meta property=\"article:publisher\" content=\"https:\/\/www.facebook.com\/Les-quipements-Marquis-inc-1391878637801740\" \/>\n<meta property=\"article:modified_time\" content=\"2025-07-03T15:41:39+00:00\" \/>\n<meta property=\"og:image\" content=\"https:\/\/www.equipementsmarquis.com\/wp-content\/uploads\/2025\/07\/ViO17-1E-mini-evcavator-3v.jpg\" \/>\n\t<meta property=\"og:image:width\" content=\"1425\" \/>\n\t<meta property=\"og:image:height\" content=\"950\" \/>\n\t<meta property=\"og:image:type\" content=\"image\/jpeg\" \/>\n<meta name=\"twitter:card\" content=\"summary_large_image\" \/>\n<script type=\"application\/ld+json\" class=\"yoast-schema-graph\">{\"@context\":\"https:\/\/schema.org\",\"@graph\":[{\"@type\":\"WebPage\",\"@id\":\"https:\/\/www.equipementsmarquis.com\/en\/product\/mini-excavatrice-yanmar-vio17-1e\/\",\"url\":\"https:\/\/www.equipementsmarquis.com\/en\/product\/mini-excavatrice-yanmar-vio17-1e\/\",\"name\":\"Yanmar ViO17-1E Mini Excavator - \u00c9quipements Marquis\",\"isPartOf\":{\"@id\":\"https:\/\/www.equipementsmarquis.com\/en\/#website\"},\"primaryImageOfPage\":{\"@id\":\"https:\/\/www.equipementsmarquis.com\/en\/product\/mini-excavatrice-yanmar-vio17-1e\/#primaryimage\"},\"image\":{\"@id\":\"https:\/\/www.equipementsmarquis.com\/en\/product\/mini-excavatrice-yanmar-vio17-1e\/#primaryimage\"},\"thumbnailUrl\":\"https:\/\/www.equipementsmarquis.com\/wp-content\/uploads\/2025\/07\/ViO17-1E-mini-evcavator-3v.jpg\",\"datePublished\":\"2025-07-02T20:44:21+00:00\",\"dateModified\":\"2025-07-03T15:41:39+00:00\",\"breadcrumb\":{\"@id\":\"https:\/\/www.equipementsmarquis.com\/en\/product\/mini-excavatrice-yanmar-vio17-1e\/#breadcrumb\"},\"inLanguage\":\"en-US\",\"potentialAction\":[{\"@type\":\"ReadAction\",\"target\":[\"https:\/\/www.equipementsmarquis.com\/en\/product\/mini-excavatrice-yanmar-vio17-1e\/\"]}]},{\"@type\":\"ImageObject\",\"inLanguage\":\"en-US\",\"@id\":\"https:\/\/www.equipementsmarquis.com\/en\/product\/mini-excavatrice-yanmar-vio17-1e\/#primaryimage\",\"url\":\"https:\/\/www.equipementsmarquis.com\/wp-content\/uploads\/2025\/07\/ViO17-1E-mini-evcavator-3v.jpg\",\"contentUrl\":\"https:\/\/www.equipementsmarquis.com\/wp-content\/uploads\/2025\/07\/ViO17-1E-mini-evcavator-3v.jpg\",\"width\":1425,\"height\":950},{\"@type\":\"BreadcrumbList\",\"@id\":\"https:\/\/www.equipementsmarquis.com\/en\/product\/mini-excavatrice-yanmar-vio17-1e\/#breadcrumb\",\"itemListElement\":[{\"@type\":\"ListItem\",\"position\":1,\"name\":\"Accueil\",\"item\":\"https:\/\/www.equipementsmarquis.com\/en\/\"},{\"@type\":\"ListItem\",\"position\":2,\"name\":\"Products\",\"item\":\"https:\/\/www.equipementsmarquis.com\/en\/shop\/\"},{\"@type\":\"ListItem\",\"position\":3,\"name\":\"Yanmar ViO17-1E Mini Excavator\"}]},{\"@type\":\"WebSite\",\"@id\":\"https:\/\/www.equipementsmarquis.com\/en\/#website\",\"url\":\"https:\/\/www.equipementsmarquis.com\/en\/\",\"name\":\"\u00c9quipements Marquis\",\"description\":\"Fournisseur d&#039;\u00e9quipements et fabrication de pi\u00e8ces pour machineries\",\"publisher\":{\"@id\":\"https:\/\/www.equipementsmarquis.com\/en\/#organization\"},\"potentialAction\":[{\"@type\":\"SearchAction\",\"target\":{\"@type\":\"EntryPoint\",\"urlTemplate\":\"https:\/\/www.equipementsmarquis.com\/en\/?s={search_term_string}\"},\"query-input\":{\"@type\":\"PropertyValueSpecification\",\"valueRequired\":true,\"valueName\":\"search_term_string\"}}],\"inLanguage\":\"en-US\"},{\"@type\":\"Organization\",\"@id\":\"https:\/\/www.equipementsmarquis.com\/en\/#organization\",\"name\":\"\u00c9quipements Marquis\",\"url\":\"https:\/\/www.equipementsmarquis.com\/en\/\",\"logo\":{\"@type\":\"ImageObject\",\"inLanguage\":\"en-US\",\"@id\":\"https:\/\/www.equipementsmarquis.com\/en\/#\/schema\/logo\/image\/\",\"url\":\"https:\/\/www.equipementsmarquis.com\/wp-content\/uploads\/2022\/07\/logo-EquipementsMarquis.svg\",\"contentUrl\":\"https:\/\/www.equipementsmarquis.com\/wp-content\/uploads\/2022\/07\/logo-EquipementsMarquis.svg\",\"width\":740,\"height\":283,\"caption\":\"\u00c9quipements Marquis\"},\"image\":{\"@id\":\"https:\/\/www.equipementsmarquis.com\/en\/#\/schema\/logo\/image\/\"},\"sameAs\":[\"https:\/\/www.facebook.com\/Les-quipements-Marquis-inc-1391878637801740\",\"https:\/\/ca.linkedin.com\/company\/les-quipements-marquis-inc\"]}]}<\/script>\n<!-- \/ Yoast SEO plugin. -->","yoast_head_json":{"title":"Yanmar ViO17-1E Mini Excavator - \u00c9quipements Marquis","robots":{"index":"index","follow":"follow","max-snippet":"max-snippet:-1","max-image-preview":"max-image-preview:large","max-video-preview":"max-video-preview:-1"},"canonical":"https:\/\/www.equipementsmarquis.com\/en\/product\/mini-excavatrice-yanmar-vio17-1e\/","og_locale":"en_US","og_type":"article","og_title":"Yanmar ViO17-1E Mini Excavator - \u00c9quipements Marquis","og_description":"When tight spaces call and you need additional power and digging depth to get the job done quickly, ViO17-1E is the answer. This tight space taskmaster can go almost anywhere. With our unique retractable undercarriage, you can hydraulically extend and retract the track width making it even easier to access narrow jobsites. And the ViO17-1E is our smallest zero tail swing model, giving you the added flexibility to work around walls, buildings, or landscaping. Plus, operators will appreciate the comfortable operator station and intuitive controls.","og_url":"https:\/\/www.equipementsmarquis.com\/en\/product\/mini-excavatrice-yanmar-vio17-1e\/","og_site_name":"\u00c9quipements Marquis","article_publisher":"https:\/\/www.facebook.com\/Les-quipements-Marquis-inc-1391878637801740","article_modified_time":"2025-07-03T15:41:39+00:00","og_image":[{"width":1425,"height":950,"url":"https:\/\/www.equipementsmarquis.com\/wp-content\/uploads\/2025\/07\/ViO17-1E-mini-evcavator-3v.jpg","type":"image\/jpeg"}],"twitter_card":"summary_large_image","schema":{"@context":"https:\/\/schema.org","@graph":[{"@type":"WebPage","@id":"https:\/\/www.equipementsmarquis.com\/en\/product\/mini-excavatrice-yanmar-vio17-1e\/","url":"https:\/\/www.equipementsmarquis.com\/en\/product\/mini-excavatrice-yanmar-vio17-1e\/","name":"Yanmar ViO17-1E Mini Excavator - \u00c9quipements Marquis","isPartOf":{"@id":"https:\/\/www.equipementsmarquis.com\/en\/#website"},"primaryImageOfPage":{"@id":"https:\/\/www.equipementsmarquis.com\/en\/product\/mini-excavatrice-yanmar-vio17-1e\/#primaryimage"},"image":{"@id":"https:\/\/www.equipementsmarquis.com\/en\/product\/mini-excavatrice-yanmar-vio17-1e\/#primaryimage"},"thumbnailUrl":"https:\/\/www.equipementsmarquis.com\/wp-content\/uploads\/2025\/07\/ViO17-1E-mini-evcavator-3v.jpg","datePublished":"2025-07-02T20:44:21+00:00","dateModified":"2025-07-03T15:41:39+00:00","breadcrumb":{"@id":"https:\/\/www.equipementsmarquis.com\/en\/product\/mini-excavatrice-yanmar-vio17-1e\/#breadcrumb"},"inLanguage":"en-US","potentialAction":[{"@type":"ReadAction","target":["https:\/\/www.equipementsmarquis.com\/en\/product\/mini-excavatrice-yanmar-vio17-1e\/"]}]},{"@type":"ImageObject","inLanguage":"en-US","@id":"https:\/\/www.equipementsmarquis.com\/en\/product\/mini-excavatrice-yanmar-vio17-1e\/#primaryimage","url":"https:\/\/www.equipementsmarquis.com\/wp-content\/uploads\/2025\/07\/ViO17-1E-mini-evcavator-3v.jpg","contentUrl":"https:\/\/www.equipementsmarquis.com\/wp-content\/uploads\/2025\/07\/ViO17-1E-mini-evcavator-3v.jpg","width":1425,"height":950},{"@type":"BreadcrumbList","@id":"https:\/\/www.equipementsmarquis.com\/en\/product\/mini-excavatrice-yanmar-vio17-1e\/#breadcrumb","itemListElement":[{"@type":"ListItem","position":1,"name":"Accueil","item":"https:\/\/www.equipementsmarquis.com\/en\/"},{"@type":"ListItem","position":2,"name":"Products","item":"https:\/\/www.equipementsmarquis.com\/en\/shop\/"},{"@type":"ListItem","position":3,"name":"Yanmar ViO17-1E Mini Excavator"}]},{"@type":"WebSite","@id":"https:\/\/www.equipementsmarquis.com\/en\/#website","url":"https:\/\/www.equipementsmarquis.com\/en\/","name":"\u00c9quipements Marquis","description":"Fournisseur d&#039;\u00e9quipements et fabrication de pi\u00e8ces pour machineries","publisher":{"@id":"https:\/\/www.equipementsmarquis.com\/en\/#organization"},"potentialAction":[{"@type":"SearchAction","target":{"@type":"EntryPoint","urlTemplate":"https:\/\/www.equipementsmarquis.com\/en\/?s={search_term_string}"},"query-input":{"@type":"PropertyValueSpecification","valueRequired":true,"valueName":"search_term_string"}}],"inLanguage":"en-US"},{"@type":"Organization","@id":"https:\/\/www.equipementsmarquis.com\/en\/#organization","name":"\u00c9quipements Marquis","url":"https:\/\/www.equipementsmarquis.com\/en\/","logo":{"@type":"ImageObject","inLanguage":"en-US","@id":"https:\/\/www.equipementsmarquis.com\/en\/#\/schema\/logo\/image\/","url":"https:\/\/www.equipementsmarquis.com\/wp-content\/uploads\/2022\/07\/logo-EquipementsMarquis.svg","contentUrl":"https:\/\/www.equipementsmarquis.com\/wp-content\/uploads\/2022\/07\/logo-EquipementsMarquis.svg","width":740,"height":283,"caption":"\u00c9quipements Marquis"},"image":{"@id":"https:\/\/www.equipementsmarquis.com\/en\/#\/schema\/logo\/image\/"},"sameAs":["https:\/\/www.facebook.com\/Les-quipements-Marquis-inc-1391878637801740","https:\/\/ca.linkedin.com\/company\/les-quipements-marquis-inc"]}]}},"_links":{"self":[{"href":"https:\/\/www.equipementsmarquis.com\/en\/wp-json\/wp\/v2\/product\/3563","targetHints":{"allow":["GET"]}}],"collection":[{"href":"https:\/\/www.equipementsmarquis.com\/en\/wp-json\/wp\/v2\/product"}],"about":[{"href":"https:\/\/www.equipementsmarquis.com\/en\/wp-json\/wp\/v2\/types\/product"}],"wp:featuredmedia":[{"embeddable":true,"href":"https:\/\/www.equipementsmarquis.com\/en\/wp-json\/wp\/v2\/media\/3546"}],"wp:attachment":[{"href":"https:\/\/www.equipementsmarquis.com\/en\/wp-json\/wp\/v2\/media?parent=3563"}],"wp:term":[{"taxonomy":"marque","embeddable":true,"href":"https:\/\/www.equipementsmarquis.com\/en\/wp-json\/wp\/v2\/marque?post=3563"},{"taxonomy":"product_brand","embeddable":true,"href":"https:\/\/www.equipementsmarquis.com\/en\/wp-json\/wp\/v2\/product_brand?post=3563"},{"taxonomy":"product_cat","embeddable":true,"href":"https:\/\/www.equipementsmarquis.com\/en\/wp-json\/wp\/v2\/product_cat?post=3563"},{"taxonomy":"product_tag","embeddable":true,"href":"https:\/\/www.equipementsmarquis.com\/en\/wp-json\/wp\/v2\/product_tag?post=3563"}],"curies":[{"name":"wp","href":"https:\/\/api.w.org\/{rel}","templated":true}]}}