{"id":3704,"date":"2025-07-03T13:51:04","date_gmt":"2025-07-03T17:51:04","guid":{"rendered":"https:\/\/www.equipementsmarquis.com\/product\/mini-excavatrice-yanmar-sv100-7\/"},"modified":"2025-07-03T13:53:29","modified_gmt":"2025-07-03T17:53:29","slug":"mini-excavatrice-yanmar-sv100-7","status":"publish","type":"product","link":"https:\/\/www.equipementsmarquis.com\/en\/product\/mini-excavatrice-yanmar-sv100-7\/","title":{"rendered":"Yanmar SV100-7 Mini Excavator"},"content":{"rendered":"<p>Net power : 72 hp (53.7 kW) at 2,100 rpm<br \/>\nOperating weight : 21,671 lb (9,830 kg)<br \/>\nMaximum digging depth : 4,570 mm (14 ft 11 in)<\/p>\n","protected":false},"excerpt":{"rendered":"<p>The SV100-7 might surprise you. Yes, you know its 72-HP Tier 4 Final YANMAR diesel engine provides the power, digging force and lifting capacity you need to take on the tough jobs. But Yanmar also builds the SV100-7 with an ultra-tight turning radius to navigate tight, confined jobsites that provide so much trouble for bigger excavators. It doesn\u2019t stop there. The SV100-7 comes standard with 2-Pump Load Sensing hydraulic system, directing hydraulic flow where it\u2019s most needed and allowing for higher speeds and maximum fuel efficiency. Plus, you can work in more comfort with the spacious operator area, 7-inch color display, improved visibility and more.<\/p>\n","protected":false},"featured_media":3679,"template":"","meta":{"_acf_changed":false},"marque":[169,148],"product_brand":[],"product_cat":[108,110,103],"product_tag":[],"class_list":{"0":"post-3704","1":"product","2":"type-product","3":"status-publish","4":"has-post-thumbnail","6":"marque-brands-new","7":"marque-yanmar-en-new","8":"product_cat-construction-new","9":"product_cat-excavators-new","10":"product_cat-new-equipment","12":"first","13":"instock","14":"shipping-taxable","15":"product-type-simple"},"acf":[],"yoast_head":"<!-- This site is optimized with the Yoast SEO plugin v24.7 - https:\/\/yoast.com\/wordpress\/plugins\/seo\/ -->\n<title>Yanmar SV100-7 Mini Excavator - \u00c9quipements Marquis<\/title>\n<meta name=\"robots\" content=\"index, follow, max-snippet:-1, max-image-preview:large, max-video-preview:-1\" \/>\n<link rel=\"canonical\" href=\"https:\/\/www.equipementsmarquis.com\/en\/product\/mini-excavatrice-yanmar-sv100-7\/\" \/>\n<meta property=\"og:locale\" content=\"en_US\" \/>\n<meta property=\"og:type\" content=\"article\" \/>\n<meta property=\"og:title\" content=\"Yanmar SV100-7 Mini Excavator - \u00c9quipements Marquis\" \/>\n<meta property=\"og:description\" content=\"The SV100-7 might surprise you. Yes, you know its 72-HP Tier 4 Final YANMAR diesel engine provides the power, digging force and lifting capacity you need to take on the tough jobs. But Yanmar also builds the SV100-7 with an ultra-tight turning radius to navigate tight, confined jobsites that provide so much trouble for bigger excavators. It doesn\u2019t stop there. The SV100-7 comes standard with 2-Pump Load Sensing hydraulic system, directing hydraulic flow where it\u2019s most needed and allowing for higher speeds and maximum fuel efficiency. Plus, you can work in more comfort with the spacious operator area, 7-inch color display, improved visibility and more.\" \/>\n<meta property=\"og:url\" content=\"https:\/\/www.equipementsmarquis.com\/en\/product\/mini-excavatrice-yanmar-sv100-7\/\" \/>\n<meta property=\"og:site_name\" content=\"\u00c9quipements Marquis\" \/>\n<meta property=\"article:publisher\" content=\"https:\/\/www.facebook.com\/Les-quipements-Marquis-inc-1391878637801740\" \/>\n<meta property=\"article:modified_time\" content=\"2025-07-03T17:53:29+00:00\" \/>\n<meta property=\"og:image\" content=\"https:\/\/www.equipementsmarquis.com\/wp-content\/uploads\/2025\/07\/BuildPricePages_SV100-7_ProductImage-1-1.jpg\" \/>\n\t<meta property=\"og:image:width\" content=\"1081\" \/>\n\t<meta property=\"og:image:height\" content=\"650\" \/>\n\t<meta property=\"og:image:type\" content=\"image\/jpeg\" \/>\n<meta name=\"twitter:card\" content=\"summary_large_image\" \/>\n<script type=\"application\/ld+json\" class=\"yoast-schema-graph\">{\"@context\":\"https:\/\/schema.org\",\"@graph\":[{\"@type\":\"WebPage\",\"@id\":\"https:\/\/www.equipementsmarquis.com\/en\/product\/mini-excavatrice-yanmar-sv100-7\/\",\"url\":\"https:\/\/www.equipementsmarquis.com\/en\/product\/mini-excavatrice-yanmar-sv100-7\/\",\"name\":\"Yanmar SV100-7 Mini Excavator - \u00c9quipements Marquis\",\"isPartOf\":{\"@id\":\"https:\/\/www.equipementsmarquis.com\/en\/#website\"},\"primaryImageOfPage\":{\"@id\":\"https:\/\/www.equipementsmarquis.com\/en\/product\/mini-excavatrice-yanmar-sv100-7\/#primaryimage\"},\"image\":{\"@id\":\"https:\/\/www.equipementsmarquis.com\/en\/product\/mini-excavatrice-yanmar-sv100-7\/#primaryimage\"},\"thumbnailUrl\":\"https:\/\/www.equipementsmarquis.com\/wp-content\/uploads\/2025\/07\/BuildPricePages_SV100-7_ProductImage-1-1.jpg\",\"datePublished\":\"2025-07-03T17:51:04+00:00\",\"dateModified\":\"2025-07-03T17:53:29+00:00\",\"breadcrumb\":{\"@id\":\"https:\/\/www.equipementsmarquis.com\/en\/product\/mini-excavatrice-yanmar-sv100-7\/#breadcrumb\"},\"inLanguage\":\"en-US\",\"potentialAction\":[{\"@type\":\"ReadAction\",\"target\":[\"https:\/\/www.equipementsmarquis.com\/en\/product\/mini-excavatrice-yanmar-sv100-7\/\"]}]},{\"@type\":\"ImageObject\",\"inLanguage\":\"en-US\",\"@id\":\"https:\/\/www.equipementsmarquis.com\/en\/product\/mini-excavatrice-yanmar-sv100-7\/#primaryimage\",\"url\":\"https:\/\/www.equipementsmarquis.com\/wp-content\/uploads\/2025\/07\/BuildPricePages_SV100-7_ProductImage-1-1.jpg\",\"contentUrl\":\"https:\/\/www.equipementsmarquis.com\/wp-content\/uploads\/2025\/07\/BuildPricePages_SV100-7_ProductImage-1-1.jpg\",\"width\":1081,\"height\":650},{\"@type\":\"BreadcrumbList\",\"@id\":\"https:\/\/www.equipementsmarquis.com\/en\/product\/mini-excavatrice-yanmar-sv100-7\/#breadcrumb\",\"itemListElement\":[{\"@type\":\"ListItem\",\"position\":1,\"name\":\"Accueil\",\"item\":\"https:\/\/www.equipementsmarquis.com\/en\/\"},{\"@type\":\"ListItem\",\"position\":2,\"name\":\"Products\",\"item\":\"https:\/\/www.equipementsmarquis.com\/en\/shop\/\"},{\"@type\":\"ListItem\",\"position\":3,\"name\":\"Yanmar SV100-7 Mini Excavator\"}]},{\"@type\":\"WebSite\",\"@id\":\"https:\/\/www.equipementsmarquis.com\/en\/#website\",\"url\":\"https:\/\/www.equipementsmarquis.com\/en\/\",\"name\":\"\u00c9quipements Marquis\",\"description\":\"Fournisseur d&#039;\u00e9quipements et fabrication de pi\u00e8ces pour machineries\",\"publisher\":{\"@id\":\"https:\/\/www.equipementsmarquis.com\/en\/#organization\"},\"potentialAction\":[{\"@type\":\"SearchAction\",\"target\":{\"@type\":\"EntryPoint\",\"urlTemplate\":\"https:\/\/www.equipementsmarquis.com\/en\/?s={search_term_string}\"},\"query-input\":{\"@type\":\"PropertyValueSpecification\",\"valueRequired\":true,\"valueName\":\"search_term_string\"}}],\"inLanguage\":\"en-US\"},{\"@type\":\"Organization\",\"@id\":\"https:\/\/www.equipementsmarquis.com\/en\/#organization\",\"name\":\"\u00c9quipements Marquis\",\"url\":\"https:\/\/www.equipementsmarquis.com\/en\/\",\"logo\":{\"@type\":\"ImageObject\",\"inLanguage\":\"en-US\",\"@id\":\"https:\/\/www.equipementsmarquis.com\/en\/#\/schema\/logo\/image\/\",\"url\":\"https:\/\/www.equipementsmarquis.com\/wp-content\/uploads\/2022\/07\/logo-EquipementsMarquis.svg\",\"contentUrl\":\"https:\/\/www.equipementsmarquis.com\/wp-content\/uploads\/2022\/07\/logo-EquipementsMarquis.svg\",\"width\":740,\"height\":283,\"caption\":\"\u00c9quipements Marquis\"},\"image\":{\"@id\":\"https:\/\/www.equipementsmarquis.com\/en\/#\/schema\/logo\/image\/\"},\"sameAs\":[\"https:\/\/www.facebook.com\/Les-quipements-Marquis-inc-1391878637801740\",\"https:\/\/ca.linkedin.com\/company\/les-quipements-marquis-inc\"]}]}<\/script>\n<!-- \/ Yoast SEO plugin. -->","yoast_head_json":{"title":"Yanmar SV100-7 Mini Excavator - \u00c9quipements Marquis","robots":{"index":"index","follow":"follow","max-snippet":"max-snippet:-1","max-image-preview":"max-image-preview:large","max-video-preview":"max-video-preview:-1"},"canonical":"https:\/\/www.equipementsmarquis.com\/en\/product\/mini-excavatrice-yanmar-sv100-7\/","og_locale":"en_US","og_type":"article","og_title":"Yanmar SV100-7 Mini Excavator - \u00c9quipements Marquis","og_description":"The SV100-7 might surprise you. Yes, you know its 72-HP Tier 4 Final YANMAR diesel engine provides the power, digging force and lifting capacity you need to take on the tough jobs. But Yanmar also builds the SV100-7 with an ultra-tight turning radius to navigate tight, confined jobsites that provide so much trouble for bigger excavators. It doesn\u2019t stop there. The SV100-7 comes standard with 2-Pump Load Sensing hydraulic system, directing hydraulic flow where it\u2019s most needed and allowing for higher speeds and maximum fuel efficiency. Plus, you can work in more comfort with the spacious operator area, 7-inch color display, improved visibility and more.","og_url":"https:\/\/www.equipementsmarquis.com\/en\/product\/mini-excavatrice-yanmar-sv100-7\/","og_site_name":"\u00c9quipements Marquis","article_publisher":"https:\/\/www.facebook.com\/Les-quipements-Marquis-inc-1391878637801740","article_modified_time":"2025-07-03T17:53:29+00:00","og_image":[{"width":1081,"height":650,"url":"https:\/\/www.equipementsmarquis.com\/wp-content\/uploads\/2025\/07\/BuildPricePages_SV100-7_ProductImage-1-1.jpg","type":"image\/jpeg"}],"twitter_card":"summary_large_image","schema":{"@context":"https:\/\/schema.org","@graph":[{"@type":"WebPage","@id":"https:\/\/www.equipementsmarquis.com\/en\/product\/mini-excavatrice-yanmar-sv100-7\/","url":"https:\/\/www.equipementsmarquis.com\/en\/product\/mini-excavatrice-yanmar-sv100-7\/","name":"Yanmar SV100-7 Mini Excavator - \u00c9quipements Marquis","isPartOf":{"@id":"https:\/\/www.equipementsmarquis.com\/en\/#website"},"primaryImageOfPage":{"@id":"https:\/\/www.equipementsmarquis.com\/en\/product\/mini-excavatrice-yanmar-sv100-7\/#primaryimage"},"image":{"@id":"https:\/\/www.equipementsmarquis.com\/en\/product\/mini-excavatrice-yanmar-sv100-7\/#primaryimage"},"thumbnailUrl":"https:\/\/www.equipementsmarquis.com\/wp-content\/uploads\/2025\/07\/BuildPricePages_SV100-7_ProductImage-1-1.jpg","datePublished":"2025-07-03T17:51:04+00:00","dateModified":"2025-07-03T17:53:29+00:00","breadcrumb":{"@id":"https:\/\/www.equipementsmarquis.com\/en\/product\/mini-excavatrice-yanmar-sv100-7\/#breadcrumb"},"inLanguage":"en-US","potentialAction":[{"@type":"ReadAction","target":["https:\/\/www.equipementsmarquis.com\/en\/product\/mini-excavatrice-yanmar-sv100-7\/"]}]},{"@type":"ImageObject","inLanguage":"en-US","@id":"https:\/\/www.equipementsmarquis.com\/en\/product\/mini-excavatrice-yanmar-sv100-7\/#primaryimage","url":"https:\/\/www.equipementsmarquis.com\/wp-content\/uploads\/2025\/07\/BuildPricePages_SV100-7_ProductImage-1-1.jpg","contentUrl":"https:\/\/www.equipementsmarquis.com\/wp-content\/uploads\/2025\/07\/BuildPricePages_SV100-7_ProductImage-1-1.jpg","width":1081,"height":650},{"@type":"BreadcrumbList","@id":"https:\/\/www.equipementsmarquis.com\/en\/product\/mini-excavatrice-yanmar-sv100-7\/#breadcrumb","itemListElement":[{"@type":"ListItem","position":1,"name":"Accueil","item":"https:\/\/www.equipementsmarquis.com\/en\/"},{"@type":"ListItem","position":2,"name":"Products","item":"https:\/\/www.equipementsmarquis.com\/en\/shop\/"},{"@type":"ListItem","position":3,"name":"Yanmar SV100-7 Mini Excavator"}]},{"@type":"WebSite","@id":"https:\/\/www.equipementsmarquis.com\/en\/#website","url":"https:\/\/www.equipementsmarquis.com\/en\/","name":"\u00c9quipements Marquis","description":"Fournisseur d&#039;\u00e9quipements et fabrication de pi\u00e8ces pour machineries","publisher":{"@id":"https:\/\/www.equipementsmarquis.com\/en\/#organization"},"potentialAction":[{"@type":"SearchAction","target":{"@type":"EntryPoint","urlTemplate":"https:\/\/www.equipementsmarquis.com\/en\/?s={search_term_string}"},"query-input":{"@type":"PropertyValueSpecification","valueRequired":true,"valueName":"search_term_string"}}],"inLanguage":"en-US"},{"@type":"Organization","@id":"https:\/\/www.equipementsmarquis.com\/en\/#organization","name":"\u00c9quipements Marquis","url":"https:\/\/www.equipementsmarquis.com\/en\/","logo":{"@type":"ImageObject","inLanguage":"en-US","@id":"https:\/\/www.equipementsmarquis.com\/en\/#\/schema\/logo\/image\/","url":"https:\/\/www.equipementsmarquis.com\/wp-content\/uploads\/2022\/07\/logo-EquipementsMarquis.svg","contentUrl":"https:\/\/www.equipementsmarquis.com\/wp-content\/uploads\/2022\/07\/logo-EquipementsMarquis.svg","width":740,"height":283,"caption":"\u00c9quipements Marquis"},"image":{"@id":"https:\/\/www.equipementsmarquis.com\/en\/#\/schema\/logo\/image\/"},"sameAs":["https:\/\/www.facebook.com\/Les-quipements-Marquis-inc-1391878637801740","https:\/\/ca.linkedin.com\/company\/les-quipements-marquis-inc"]}]}},"_links":{"self":[{"href":"https:\/\/www.equipementsmarquis.com\/en\/wp-json\/wp\/v2\/product\/3704","targetHints":{"allow":["GET"]}}],"collection":[{"href":"https:\/\/www.equipementsmarquis.com\/en\/wp-json\/wp\/v2\/product"}],"about":[{"href":"https:\/\/www.equipementsmarquis.com\/en\/wp-json\/wp\/v2\/types\/product"}],"wp:featuredmedia":[{"embeddable":true,"href":"https:\/\/www.equipementsmarquis.com\/en\/wp-json\/wp\/v2\/media\/3679"}],"wp:attachment":[{"href":"https:\/\/www.equipementsmarquis.com\/en\/wp-json\/wp\/v2\/media?parent=3704"}],"wp:term":[{"taxonomy":"marque","embeddable":true,"href":"https:\/\/www.equipementsmarquis.com\/en\/wp-json\/wp\/v2\/marque?post=3704"},{"taxonomy":"product_brand","embeddable":true,"href":"https:\/\/www.equipementsmarquis.com\/en\/wp-json\/wp\/v2\/product_brand?post=3704"},{"taxonomy":"product_cat","embeddable":true,"href":"https:\/\/www.equipementsmarquis.com\/en\/wp-json\/wp\/v2\/product_cat?post=3704"},{"taxonomy":"product_tag","embeddable":true,"href":"https:\/\/www.equipementsmarquis.com\/en\/wp-json\/wp\/v2\/product_tag?post=3704"}],"curies":[{"name":"wp","href":"https:\/\/api.w.org\/{rel}","templated":true}]}}