{"id":3742,"date":"2025-07-03T14:50:03","date_gmt":"2025-07-03T18:50:03","guid":{"rendered":"https:\/\/www.equipementsmarquis.com\/product\/chargeuse-compacte-a-chenilles-yanmar-tl75vs-1c\/"},"modified":"2025-07-03T15:20:29","modified_gmt":"2025-07-03T19:20:29","slug":"chargeuse-compacte-a-chenilles-yanmar-tl75vs-1c","status":"publish","type":"product","link":"https:\/\/www.equipementsmarquis.com\/en\/product\/chargeuse-compacte-a-chenilles-yanmar-tl75vs-1c\/","title":{"rendered":"Yanmar TL75VS-1C Compact track loader"},"content":{"rendered":"<p>Net power : 74 hp (55.2 kW)<br \/>\nOperating weight : 9,205 lb (4,175 kg)<br \/>\nRated Operating Capacity : 2,555 lb (1,159 kg)<\/p>\n","protected":false},"excerpt":{"rendered":"<p>YANMAR\u2019s new TL75VS-1C is filled with features to boost productivity on any job. The construction-grade compact track loader is powered by a 71.5 hp Yanmar engine and features Yanmar\u2019s renowned reliability, quality and performance. It is ideal for improved productivity in construction work, rental applications, landscaping jobs and more. The compact track loader improves operator experience with premium 360-degree visibility, a state-of-the-art 7-inch color display and a standard suspended seat. The machine exemplifies Yanmar design hallmarks from the ground up. Not only does it include the renowned Yanmar engine, it also offers a robust build and dependability backed by a 2-year \/ 2,000-hour warranty.<\/p>\n","protected":false},"featured_media":3731,"template":"","meta":{"_acf_changed":false},"marque":[169,148],"product_brand":[],"product_cat":[216,103,108],"product_tag":[],"class_list":{"0":"post-3742","1":"product","2":"type-product","3":"status-publish","4":"has-post-thumbnail","6":"marque-brands-new","7":"marque-yanmar-en-new","8":"product_cat-compact-loaders","9":"product_cat-new-equipment","10":"product_cat-construction-new","12":"first","13":"instock","14":"shipping-taxable","15":"product-type-simple"},"acf":[],"yoast_head":"<!-- This site is optimized with the Yoast SEO plugin v24.7 - https:\/\/yoast.com\/wordpress\/plugins\/seo\/ -->\n<title>Yanmar TL75VS-1C Compact track loader - \u00c9quipements Marquis<\/title>\n<meta name=\"robots\" content=\"index, follow, max-snippet:-1, max-image-preview:large, max-video-preview:-1\" \/>\n<link rel=\"canonical\" href=\"https:\/\/www.equipementsmarquis.com\/en\/product\/chargeuse-compacte-a-chenilles-yanmar-tl75vs-1c\/\" \/>\n<meta property=\"og:locale\" content=\"en_US\" \/>\n<meta property=\"og:type\" content=\"article\" \/>\n<meta property=\"og:title\" content=\"Yanmar TL75VS-1C Compact track loader - \u00c9quipements Marquis\" \/>\n<meta property=\"og:description\" content=\"YANMAR\u2019s new TL75VS-1C is filled with features to boost productivity on any job. The construction-grade compact track loader is powered by a 71.5 hp Yanmar engine and features Yanmar\u2019s renowned reliability, quality and performance. It is ideal for improved productivity in construction work, rental applications, landscaping jobs and more. The compact track loader improves operator experience with premium 360-degree visibility, a state-of-the-art 7-inch color display and a standard suspended seat. The machine exemplifies Yanmar design hallmarks from the ground up. Not only does it include the renowned Yanmar engine, it also offers a robust build and dependability backed by a 2-year \/ 2,000-hour warranty.\" \/>\n<meta property=\"og:url\" content=\"https:\/\/www.equipementsmarquis.com\/en\/product\/chargeuse-compacte-a-chenilles-yanmar-tl75vs-1c\/\" \/>\n<meta property=\"og:site_name\" content=\"\u00c9quipements Marquis\" \/>\n<meta property=\"article:publisher\" content=\"https:\/\/www.facebook.com\/Les-quipements-Marquis-inc-1391878637801740\" \/>\n<meta property=\"article:modified_time\" content=\"2025-07-03T19:20:29+00:00\" \/>\n<meta property=\"og:image\" content=\"https:\/\/www.equipementsmarquis.com\/wp-content\/uploads\/2025\/07\/TL75VS_Stills0003-e1726164790795.jpg\" \/>\n\t<meta property=\"og:image:width\" content=\"903\" \/>\n\t<meta property=\"og:image:height\" content=\"603\" \/>\n\t<meta property=\"og:image:type\" content=\"image\/jpeg\" \/>\n<meta name=\"twitter:card\" content=\"summary_large_image\" \/>\n<script type=\"application\/ld+json\" class=\"yoast-schema-graph\">{\"@context\":\"https:\/\/schema.org\",\"@graph\":[{\"@type\":\"WebPage\",\"@id\":\"https:\/\/www.equipementsmarquis.com\/en\/product\/chargeuse-compacte-a-chenilles-yanmar-tl75vs-1c\/\",\"url\":\"https:\/\/www.equipementsmarquis.com\/en\/product\/chargeuse-compacte-a-chenilles-yanmar-tl75vs-1c\/\",\"name\":\"Yanmar TL75VS-1C Compact track loader - \u00c9quipements Marquis\",\"isPartOf\":{\"@id\":\"https:\/\/www.equipementsmarquis.com\/en\/#website\"},\"primaryImageOfPage\":{\"@id\":\"https:\/\/www.equipementsmarquis.com\/en\/product\/chargeuse-compacte-a-chenilles-yanmar-tl75vs-1c\/#primaryimage\"},\"image\":{\"@id\":\"https:\/\/www.equipementsmarquis.com\/en\/product\/chargeuse-compacte-a-chenilles-yanmar-tl75vs-1c\/#primaryimage\"},\"thumbnailUrl\":\"https:\/\/www.equipementsmarquis.com\/wp-content\/uploads\/2025\/07\/TL75VS_Stills0003-e1726164790795.jpg\",\"datePublished\":\"2025-07-03T18:50:03+00:00\",\"dateModified\":\"2025-07-03T19:20:29+00:00\",\"breadcrumb\":{\"@id\":\"https:\/\/www.equipementsmarquis.com\/en\/product\/chargeuse-compacte-a-chenilles-yanmar-tl75vs-1c\/#breadcrumb\"},\"inLanguage\":\"en-US\",\"potentialAction\":[{\"@type\":\"ReadAction\",\"target\":[\"https:\/\/www.equipementsmarquis.com\/en\/product\/chargeuse-compacte-a-chenilles-yanmar-tl75vs-1c\/\"]}]},{\"@type\":\"ImageObject\",\"inLanguage\":\"en-US\",\"@id\":\"https:\/\/www.equipementsmarquis.com\/en\/product\/chargeuse-compacte-a-chenilles-yanmar-tl75vs-1c\/#primaryimage\",\"url\":\"https:\/\/www.equipementsmarquis.com\/wp-content\/uploads\/2025\/07\/TL75VS_Stills0003-e1726164790795.jpg\",\"contentUrl\":\"https:\/\/www.equipementsmarquis.com\/wp-content\/uploads\/2025\/07\/TL75VS_Stills0003-e1726164790795.jpg\",\"width\":903,\"height\":603},{\"@type\":\"BreadcrumbList\",\"@id\":\"https:\/\/www.equipementsmarquis.com\/en\/product\/chargeuse-compacte-a-chenilles-yanmar-tl75vs-1c\/#breadcrumb\",\"itemListElement\":[{\"@type\":\"ListItem\",\"position\":1,\"name\":\"Accueil\",\"item\":\"https:\/\/www.equipementsmarquis.com\/en\/\"},{\"@type\":\"ListItem\",\"position\":2,\"name\":\"Products\",\"item\":\"https:\/\/www.equipementsmarquis.com\/en\/shop\/\"},{\"@type\":\"ListItem\",\"position\":3,\"name\":\"Yanmar TL75VS-1C Compact track loader\"}]},{\"@type\":\"WebSite\",\"@id\":\"https:\/\/www.equipementsmarquis.com\/en\/#website\",\"url\":\"https:\/\/www.equipementsmarquis.com\/en\/\",\"name\":\"\u00c9quipements Marquis\",\"description\":\"Fournisseur d&#039;\u00e9quipements et fabrication de pi\u00e8ces pour machineries\",\"publisher\":{\"@id\":\"https:\/\/www.equipementsmarquis.com\/en\/#organization\"},\"potentialAction\":[{\"@type\":\"SearchAction\",\"target\":{\"@type\":\"EntryPoint\",\"urlTemplate\":\"https:\/\/www.equipementsmarquis.com\/en\/?s={search_term_string}\"},\"query-input\":{\"@type\":\"PropertyValueSpecification\",\"valueRequired\":true,\"valueName\":\"search_term_string\"}}],\"inLanguage\":\"en-US\"},{\"@type\":\"Organization\",\"@id\":\"https:\/\/www.equipementsmarquis.com\/en\/#organization\",\"name\":\"\u00c9quipements Marquis\",\"url\":\"https:\/\/www.equipementsmarquis.com\/en\/\",\"logo\":{\"@type\":\"ImageObject\",\"inLanguage\":\"en-US\",\"@id\":\"https:\/\/www.equipementsmarquis.com\/en\/#\/schema\/logo\/image\/\",\"url\":\"https:\/\/www.equipementsmarquis.com\/wp-content\/uploads\/2022\/07\/logo-EquipementsMarquis.svg\",\"contentUrl\":\"https:\/\/www.equipementsmarquis.com\/wp-content\/uploads\/2022\/07\/logo-EquipementsMarquis.svg\",\"width\":740,\"height\":283,\"caption\":\"\u00c9quipements Marquis\"},\"image\":{\"@id\":\"https:\/\/www.equipementsmarquis.com\/en\/#\/schema\/logo\/image\/\"},\"sameAs\":[\"https:\/\/www.facebook.com\/Les-quipements-Marquis-inc-1391878637801740\",\"https:\/\/ca.linkedin.com\/company\/les-quipements-marquis-inc\"]}]}<\/script>\n<!-- \/ Yoast SEO plugin. -->","yoast_head_json":{"title":"Yanmar TL75VS-1C Compact track loader - \u00c9quipements Marquis","robots":{"index":"index","follow":"follow","max-snippet":"max-snippet:-1","max-image-preview":"max-image-preview:large","max-video-preview":"max-video-preview:-1"},"canonical":"https:\/\/www.equipementsmarquis.com\/en\/product\/chargeuse-compacte-a-chenilles-yanmar-tl75vs-1c\/","og_locale":"en_US","og_type":"article","og_title":"Yanmar TL75VS-1C Compact track loader - \u00c9quipements Marquis","og_description":"YANMAR\u2019s new TL75VS-1C is filled with features to boost productivity on any job. The construction-grade compact track loader is powered by a 71.5 hp Yanmar engine and features Yanmar\u2019s renowned reliability, quality and performance. It is ideal for improved productivity in construction work, rental applications, landscaping jobs and more. The compact track loader improves operator experience with premium 360-degree visibility, a state-of-the-art 7-inch color display and a standard suspended seat. The machine exemplifies Yanmar design hallmarks from the ground up. Not only does it include the renowned Yanmar engine, it also offers a robust build and dependability backed by a 2-year \/ 2,000-hour warranty.","og_url":"https:\/\/www.equipementsmarquis.com\/en\/product\/chargeuse-compacte-a-chenilles-yanmar-tl75vs-1c\/","og_site_name":"\u00c9quipements Marquis","article_publisher":"https:\/\/www.facebook.com\/Les-quipements-Marquis-inc-1391878637801740","article_modified_time":"2025-07-03T19:20:29+00:00","og_image":[{"width":903,"height":603,"url":"https:\/\/www.equipementsmarquis.com\/wp-content\/uploads\/2025\/07\/TL75VS_Stills0003-e1726164790795.jpg","type":"image\/jpeg"}],"twitter_card":"summary_large_image","schema":{"@context":"https:\/\/schema.org","@graph":[{"@type":"WebPage","@id":"https:\/\/www.equipementsmarquis.com\/en\/product\/chargeuse-compacte-a-chenilles-yanmar-tl75vs-1c\/","url":"https:\/\/www.equipementsmarquis.com\/en\/product\/chargeuse-compacte-a-chenilles-yanmar-tl75vs-1c\/","name":"Yanmar TL75VS-1C Compact track loader - \u00c9quipements Marquis","isPartOf":{"@id":"https:\/\/www.equipementsmarquis.com\/en\/#website"},"primaryImageOfPage":{"@id":"https:\/\/www.equipementsmarquis.com\/en\/product\/chargeuse-compacte-a-chenilles-yanmar-tl75vs-1c\/#primaryimage"},"image":{"@id":"https:\/\/www.equipementsmarquis.com\/en\/product\/chargeuse-compacte-a-chenilles-yanmar-tl75vs-1c\/#primaryimage"},"thumbnailUrl":"https:\/\/www.equipementsmarquis.com\/wp-content\/uploads\/2025\/07\/TL75VS_Stills0003-e1726164790795.jpg","datePublished":"2025-07-03T18:50:03+00:00","dateModified":"2025-07-03T19:20:29+00:00","breadcrumb":{"@id":"https:\/\/www.equipementsmarquis.com\/en\/product\/chargeuse-compacte-a-chenilles-yanmar-tl75vs-1c\/#breadcrumb"},"inLanguage":"en-US","potentialAction":[{"@type":"ReadAction","target":["https:\/\/www.equipementsmarquis.com\/en\/product\/chargeuse-compacte-a-chenilles-yanmar-tl75vs-1c\/"]}]},{"@type":"ImageObject","inLanguage":"en-US","@id":"https:\/\/www.equipementsmarquis.com\/en\/product\/chargeuse-compacte-a-chenilles-yanmar-tl75vs-1c\/#primaryimage","url":"https:\/\/www.equipementsmarquis.com\/wp-content\/uploads\/2025\/07\/TL75VS_Stills0003-e1726164790795.jpg","contentUrl":"https:\/\/www.equipementsmarquis.com\/wp-content\/uploads\/2025\/07\/TL75VS_Stills0003-e1726164790795.jpg","width":903,"height":603},{"@type":"BreadcrumbList","@id":"https:\/\/www.equipementsmarquis.com\/en\/product\/chargeuse-compacte-a-chenilles-yanmar-tl75vs-1c\/#breadcrumb","itemListElement":[{"@type":"ListItem","position":1,"name":"Accueil","item":"https:\/\/www.equipementsmarquis.com\/en\/"},{"@type":"ListItem","position":2,"name":"Products","item":"https:\/\/www.equipementsmarquis.com\/en\/shop\/"},{"@type":"ListItem","position":3,"name":"Yanmar TL75VS-1C Compact track loader"}]},{"@type":"WebSite","@id":"https:\/\/www.equipementsmarquis.com\/en\/#website","url":"https:\/\/www.equipementsmarquis.com\/en\/","name":"\u00c9quipements Marquis","description":"Fournisseur d&#039;\u00e9quipements et fabrication de pi\u00e8ces pour machineries","publisher":{"@id":"https:\/\/www.equipementsmarquis.com\/en\/#organization"},"potentialAction":[{"@type":"SearchAction","target":{"@type":"EntryPoint","urlTemplate":"https:\/\/www.equipementsmarquis.com\/en\/?s={search_term_string}"},"query-input":{"@type":"PropertyValueSpecification","valueRequired":true,"valueName":"search_term_string"}}],"inLanguage":"en-US"},{"@type":"Organization","@id":"https:\/\/www.equipementsmarquis.com\/en\/#organization","name":"\u00c9quipements Marquis","url":"https:\/\/www.equipementsmarquis.com\/en\/","logo":{"@type":"ImageObject","inLanguage":"en-US","@id":"https:\/\/www.equipementsmarquis.com\/en\/#\/schema\/logo\/image\/","url":"https:\/\/www.equipementsmarquis.com\/wp-content\/uploads\/2022\/07\/logo-EquipementsMarquis.svg","contentUrl":"https:\/\/www.equipementsmarquis.com\/wp-content\/uploads\/2022\/07\/logo-EquipementsMarquis.svg","width":740,"height":283,"caption":"\u00c9quipements Marquis"},"image":{"@id":"https:\/\/www.equipementsmarquis.com\/en\/#\/schema\/logo\/image\/"},"sameAs":["https:\/\/www.facebook.com\/Les-quipements-Marquis-inc-1391878637801740","https:\/\/ca.linkedin.com\/company\/les-quipements-marquis-inc"]}]}},"_links":{"self":[{"href":"https:\/\/www.equipementsmarquis.com\/en\/wp-json\/wp\/v2\/product\/3742","targetHints":{"allow":["GET"]}}],"collection":[{"href":"https:\/\/www.equipementsmarquis.com\/en\/wp-json\/wp\/v2\/product"}],"about":[{"href":"https:\/\/www.equipementsmarquis.com\/en\/wp-json\/wp\/v2\/types\/product"}],"wp:featuredmedia":[{"embeddable":true,"href":"https:\/\/www.equipementsmarquis.com\/en\/wp-json\/wp\/v2\/media\/3731"}],"wp:attachment":[{"href":"https:\/\/www.equipementsmarquis.com\/en\/wp-json\/wp\/v2\/media?parent=3742"}],"wp:term":[{"taxonomy":"marque","embeddable":true,"href":"https:\/\/www.equipementsmarquis.com\/en\/wp-json\/wp\/v2\/marque?post=3742"},{"taxonomy":"product_brand","embeddable":true,"href":"https:\/\/www.equipementsmarquis.com\/en\/wp-json\/wp\/v2\/product_brand?post=3742"},{"taxonomy":"product_cat","embeddable":true,"href":"https:\/\/www.equipementsmarquis.com\/en\/wp-json\/wp\/v2\/product_cat?post=3742"},{"taxonomy":"product_tag","embeddable":true,"href":"https:\/\/www.equipementsmarquis.com\/en\/wp-json\/wp\/v2\/product_tag?post=3742"}],"curies":[{"name":"wp","href":"https:\/\/api.w.org\/{rel}","templated":true}]}}