{"id":3814,"date":"2025-07-03T15:52:44","date_gmt":"2025-07-03T19:52:44","guid":{"rendered":"https:\/\/www.equipementsmarquis.com\/product\/chargeur-sur-roues-yanmar-v7\/"},"modified":"2025-07-03T16:03:49","modified_gmt":"2025-07-03T20:03:49","slug":"chargeur-sur-roues-yanmar-v7","status":"publish","type":"product","link":"https:\/\/www.equipementsmarquis.com\/en\/product\/chargeur-sur-roues-yanmar-v7\/","title":{"rendered":"Yanmar V7 Wheel loader"},"content":{"rendered":"<p>Net power : 47.6 hp (35.5 kW) at 2,400 rpm<br \/>\nOperating weight : 9,370 lb (4,250 kg)<br \/>\nBucket capacity : 0.92 yd\u00b3 (0.7 m\u00b3)<\/p>\n","protected":false},"excerpt":{"rendered":"<p>The V7 is powered by a 47.6 HP Tier 4 Final YANMAR engine. Featuring a premium power to weight ratio, the V7 maximizes mobility and efficiency for operators\u00a0 in landscaping, rental, municipalities and more. A low operating weight, compact design and high travel speed makes the wheel loader easy to transport and move about the jobsite. Excellent visibility from the cab<br \/>\npromotes safety and productivity, and two-steel framed doors in the enclosed option improve operator access, airflow and communication. Plus, the ergonomic controls allow for intuitive operation. Backed by Yanmar reliability, the V7 allows you to take on job after job.<\/p>\n","protected":false},"featured_media":3797,"template":"","meta":{"_acf_changed":false},"marque":[169,148],"product_brand":[],"product_cat":[103,107,108],"product_tag":[],"class_list":{"0":"post-3814","1":"product","2":"type-product","3":"status-publish","4":"has-post-thumbnail","6":"marque-brands-new","7":"marque-yanmar-en-new","8":"product_cat-new-equipment","9":"product_cat-wheel-loaders-new","10":"product_cat-construction-new","12":"first","13":"instock","14":"shipping-taxable","15":"product-type-simple"},"acf":[],"yoast_head":"<!-- This site is optimized with the Yoast SEO plugin v24.7 - https:\/\/yoast.com\/wordpress\/plugins\/seo\/ -->\n<title>Yanmar V7 Wheel loader - \u00c9quipements Marquis<\/title>\n<meta name=\"robots\" content=\"index, follow, max-snippet:-1, max-image-preview:large, max-video-preview:-1\" \/>\n<link rel=\"canonical\" href=\"https:\/\/www.equipementsmarquis.com\/en\/product\/chargeur-sur-roues-yanmar-v7\/\" \/>\n<meta property=\"og:locale\" content=\"en_US\" \/>\n<meta property=\"og:type\" content=\"article\" \/>\n<meta property=\"og:title\" content=\"Yanmar V7 Wheel loader - \u00c9quipements Marquis\" \/>\n<meta property=\"og:description\" content=\"The V7 is powered by a 47.6 HP Tier 4 Final YANMAR engine. Featuring a premium power to weight ratio, the V7 maximizes mobility and efficiency for operators\u00a0 in landscaping, rental, municipalities and more. A low operating weight, compact design and high travel speed makes the wheel loader easy to transport and move about the jobsite. Excellent visibility from the cab promotes safety and productivity, and two-steel framed doors in the enclosed option improve operator access, airflow and communication. Plus, the ergonomic controls allow for intuitive operation. Backed by Yanmar reliability, the V7 allows you to take on job after job.\" \/>\n<meta property=\"og:url\" content=\"https:\/\/www.equipementsmarquis.com\/en\/product\/chargeur-sur-roues-yanmar-v7\/\" \/>\n<meta property=\"og:site_name\" content=\"\u00c9quipements Marquis\" \/>\n<meta property=\"article:publisher\" content=\"https:\/\/www.facebook.com\/Les-quipements-Marquis-inc-1391878637801740\" \/>\n<meta property=\"article:modified_time\" content=\"2025-07-03T20:03:49+00:00\" \/>\n<meta property=\"og:image\" content=\"https:\/\/www.equipementsmarquis.com\/wp-content\/uploads\/2025\/07\/V7_RS_08_ed.jpg\" \/>\n\t<meta property=\"og:image:width\" content=\"1850\" \/>\n\t<meta property=\"og:image:height\" content=\"1233\" \/>\n\t<meta property=\"og:image:type\" content=\"image\/jpeg\" \/>\n<meta name=\"twitter:card\" content=\"summary_large_image\" \/>\n<script type=\"application\/ld+json\" class=\"yoast-schema-graph\">{\"@context\":\"https:\/\/schema.org\",\"@graph\":[{\"@type\":\"WebPage\",\"@id\":\"https:\/\/www.equipementsmarquis.com\/en\/product\/chargeur-sur-roues-yanmar-v7\/\",\"url\":\"https:\/\/www.equipementsmarquis.com\/en\/product\/chargeur-sur-roues-yanmar-v7\/\",\"name\":\"Yanmar V7 Wheel loader - \u00c9quipements Marquis\",\"isPartOf\":{\"@id\":\"https:\/\/www.equipementsmarquis.com\/en\/#website\"},\"primaryImageOfPage\":{\"@id\":\"https:\/\/www.equipementsmarquis.com\/en\/product\/chargeur-sur-roues-yanmar-v7\/#primaryimage\"},\"image\":{\"@id\":\"https:\/\/www.equipementsmarquis.com\/en\/product\/chargeur-sur-roues-yanmar-v7\/#primaryimage\"},\"thumbnailUrl\":\"https:\/\/www.equipementsmarquis.com\/wp-content\/uploads\/2025\/07\/V7_RS_08_ed.jpg\",\"datePublished\":\"2025-07-03T19:52:44+00:00\",\"dateModified\":\"2025-07-03T20:03:49+00:00\",\"breadcrumb\":{\"@id\":\"https:\/\/www.equipementsmarquis.com\/en\/product\/chargeur-sur-roues-yanmar-v7\/#breadcrumb\"},\"inLanguage\":\"en-US\",\"potentialAction\":[{\"@type\":\"ReadAction\",\"target\":[\"https:\/\/www.equipementsmarquis.com\/en\/product\/chargeur-sur-roues-yanmar-v7\/\"]}]},{\"@type\":\"ImageObject\",\"inLanguage\":\"en-US\",\"@id\":\"https:\/\/www.equipementsmarquis.com\/en\/product\/chargeur-sur-roues-yanmar-v7\/#primaryimage\",\"url\":\"https:\/\/www.equipementsmarquis.com\/wp-content\/uploads\/2025\/07\/V7_RS_08_ed.jpg\",\"contentUrl\":\"https:\/\/www.equipementsmarquis.com\/wp-content\/uploads\/2025\/07\/V7_RS_08_ed.jpg\",\"width\":1850,\"height\":1233},{\"@type\":\"BreadcrumbList\",\"@id\":\"https:\/\/www.equipementsmarquis.com\/en\/product\/chargeur-sur-roues-yanmar-v7\/#breadcrumb\",\"itemListElement\":[{\"@type\":\"ListItem\",\"position\":1,\"name\":\"Accueil\",\"item\":\"https:\/\/www.equipementsmarquis.com\/en\/\"},{\"@type\":\"ListItem\",\"position\":2,\"name\":\"Products\",\"item\":\"https:\/\/www.equipementsmarquis.com\/en\/shop\/\"},{\"@type\":\"ListItem\",\"position\":3,\"name\":\"Yanmar V7 Wheel loader\"}]},{\"@type\":\"WebSite\",\"@id\":\"https:\/\/www.equipementsmarquis.com\/en\/#website\",\"url\":\"https:\/\/www.equipementsmarquis.com\/en\/\",\"name\":\"\u00c9quipements Marquis\",\"description\":\"Fournisseur d&#039;\u00e9quipements et fabrication de pi\u00e8ces pour machineries\",\"publisher\":{\"@id\":\"https:\/\/www.equipementsmarquis.com\/en\/#organization\"},\"potentialAction\":[{\"@type\":\"SearchAction\",\"target\":{\"@type\":\"EntryPoint\",\"urlTemplate\":\"https:\/\/www.equipementsmarquis.com\/en\/?s={search_term_string}\"},\"query-input\":{\"@type\":\"PropertyValueSpecification\",\"valueRequired\":true,\"valueName\":\"search_term_string\"}}],\"inLanguage\":\"en-US\"},{\"@type\":\"Organization\",\"@id\":\"https:\/\/www.equipementsmarquis.com\/en\/#organization\",\"name\":\"\u00c9quipements Marquis\",\"url\":\"https:\/\/www.equipementsmarquis.com\/en\/\",\"logo\":{\"@type\":\"ImageObject\",\"inLanguage\":\"en-US\",\"@id\":\"https:\/\/www.equipementsmarquis.com\/en\/#\/schema\/logo\/image\/\",\"url\":\"https:\/\/www.equipementsmarquis.com\/wp-content\/uploads\/2022\/07\/logo-EquipementsMarquis.svg\",\"contentUrl\":\"https:\/\/www.equipementsmarquis.com\/wp-content\/uploads\/2022\/07\/logo-EquipementsMarquis.svg\",\"width\":740,\"height\":283,\"caption\":\"\u00c9quipements Marquis\"},\"image\":{\"@id\":\"https:\/\/www.equipementsmarquis.com\/en\/#\/schema\/logo\/image\/\"},\"sameAs\":[\"https:\/\/www.facebook.com\/Les-quipements-Marquis-inc-1391878637801740\",\"https:\/\/ca.linkedin.com\/company\/les-quipements-marquis-inc\"]}]}<\/script>\n<!-- \/ Yoast SEO plugin. -->","yoast_head_json":{"title":"Yanmar V7 Wheel loader - \u00c9quipements Marquis","robots":{"index":"index","follow":"follow","max-snippet":"max-snippet:-1","max-image-preview":"max-image-preview:large","max-video-preview":"max-video-preview:-1"},"canonical":"https:\/\/www.equipementsmarquis.com\/en\/product\/chargeur-sur-roues-yanmar-v7\/","og_locale":"en_US","og_type":"article","og_title":"Yanmar V7 Wheel loader - \u00c9quipements Marquis","og_description":"The V7 is powered by a 47.6 HP Tier 4 Final YANMAR engine. Featuring a premium power to weight ratio, the V7 maximizes mobility and efficiency for operators\u00a0 in landscaping, rental, municipalities and more. A low operating weight, compact design and high travel speed makes the wheel loader easy to transport and move about the jobsite. Excellent visibility from the cab promotes safety and productivity, and two-steel framed doors in the enclosed option improve operator access, airflow and communication. Plus, the ergonomic controls allow for intuitive operation. Backed by Yanmar reliability, the V7 allows you to take on job after job.","og_url":"https:\/\/www.equipementsmarquis.com\/en\/product\/chargeur-sur-roues-yanmar-v7\/","og_site_name":"\u00c9quipements Marquis","article_publisher":"https:\/\/www.facebook.com\/Les-quipements-Marquis-inc-1391878637801740","article_modified_time":"2025-07-03T20:03:49+00:00","og_image":[{"width":1850,"height":1233,"url":"https:\/\/www.equipementsmarquis.com\/wp-content\/uploads\/2025\/07\/V7_RS_08_ed.jpg","type":"image\/jpeg"}],"twitter_card":"summary_large_image","schema":{"@context":"https:\/\/schema.org","@graph":[{"@type":"WebPage","@id":"https:\/\/www.equipementsmarquis.com\/en\/product\/chargeur-sur-roues-yanmar-v7\/","url":"https:\/\/www.equipementsmarquis.com\/en\/product\/chargeur-sur-roues-yanmar-v7\/","name":"Yanmar V7 Wheel loader - \u00c9quipements Marquis","isPartOf":{"@id":"https:\/\/www.equipementsmarquis.com\/en\/#website"},"primaryImageOfPage":{"@id":"https:\/\/www.equipementsmarquis.com\/en\/product\/chargeur-sur-roues-yanmar-v7\/#primaryimage"},"image":{"@id":"https:\/\/www.equipementsmarquis.com\/en\/product\/chargeur-sur-roues-yanmar-v7\/#primaryimage"},"thumbnailUrl":"https:\/\/www.equipementsmarquis.com\/wp-content\/uploads\/2025\/07\/V7_RS_08_ed.jpg","datePublished":"2025-07-03T19:52:44+00:00","dateModified":"2025-07-03T20:03:49+00:00","breadcrumb":{"@id":"https:\/\/www.equipementsmarquis.com\/en\/product\/chargeur-sur-roues-yanmar-v7\/#breadcrumb"},"inLanguage":"en-US","potentialAction":[{"@type":"ReadAction","target":["https:\/\/www.equipementsmarquis.com\/en\/product\/chargeur-sur-roues-yanmar-v7\/"]}]},{"@type":"ImageObject","inLanguage":"en-US","@id":"https:\/\/www.equipementsmarquis.com\/en\/product\/chargeur-sur-roues-yanmar-v7\/#primaryimage","url":"https:\/\/www.equipementsmarquis.com\/wp-content\/uploads\/2025\/07\/V7_RS_08_ed.jpg","contentUrl":"https:\/\/www.equipementsmarquis.com\/wp-content\/uploads\/2025\/07\/V7_RS_08_ed.jpg","width":1850,"height":1233},{"@type":"BreadcrumbList","@id":"https:\/\/www.equipementsmarquis.com\/en\/product\/chargeur-sur-roues-yanmar-v7\/#breadcrumb","itemListElement":[{"@type":"ListItem","position":1,"name":"Accueil","item":"https:\/\/www.equipementsmarquis.com\/en\/"},{"@type":"ListItem","position":2,"name":"Products","item":"https:\/\/www.equipementsmarquis.com\/en\/shop\/"},{"@type":"ListItem","position":3,"name":"Yanmar V7 Wheel loader"}]},{"@type":"WebSite","@id":"https:\/\/www.equipementsmarquis.com\/en\/#website","url":"https:\/\/www.equipementsmarquis.com\/en\/","name":"\u00c9quipements Marquis","description":"Fournisseur d&#039;\u00e9quipements et fabrication de pi\u00e8ces pour machineries","publisher":{"@id":"https:\/\/www.equipementsmarquis.com\/en\/#organization"},"potentialAction":[{"@type":"SearchAction","target":{"@type":"EntryPoint","urlTemplate":"https:\/\/www.equipementsmarquis.com\/en\/?s={search_term_string}"},"query-input":{"@type":"PropertyValueSpecification","valueRequired":true,"valueName":"search_term_string"}}],"inLanguage":"en-US"},{"@type":"Organization","@id":"https:\/\/www.equipementsmarquis.com\/en\/#organization","name":"\u00c9quipements Marquis","url":"https:\/\/www.equipementsmarquis.com\/en\/","logo":{"@type":"ImageObject","inLanguage":"en-US","@id":"https:\/\/www.equipementsmarquis.com\/en\/#\/schema\/logo\/image\/","url":"https:\/\/www.equipementsmarquis.com\/wp-content\/uploads\/2022\/07\/logo-EquipementsMarquis.svg","contentUrl":"https:\/\/www.equipementsmarquis.com\/wp-content\/uploads\/2022\/07\/logo-EquipementsMarquis.svg","width":740,"height":283,"caption":"\u00c9quipements Marquis"},"image":{"@id":"https:\/\/www.equipementsmarquis.com\/en\/#\/schema\/logo\/image\/"},"sameAs":["https:\/\/www.facebook.com\/Les-quipements-Marquis-inc-1391878637801740","https:\/\/ca.linkedin.com\/company\/les-quipements-marquis-inc"]}]}},"_links":{"self":[{"href":"https:\/\/www.equipementsmarquis.com\/en\/wp-json\/wp\/v2\/product\/3814","targetHints":{"allow":["GET"]}}],"collection":[{"href":"https:\/\/www.equipementsmarquis.com\/en\/wp-json\/wp\/v2\/product"}],"about":[{"href":"https:\/\/www.equipementsmarquis.com\/en\/wp-json\/wp\/v2\/types\/product"}],"wp:featuredmedia":[{"embeddable":true,"href":"https:\/\/www.equipementsmarquis.com\/en\/wp-json\/wp\/v2\/media\/3797"}],"wp:attachment":[{"href":"https:\/\/www.equipementsmarquis.com\/en\/wp-json\/wp\/v2\/media?parent=3814"}],"wp:term":[{"taxonomy":"marque","embeddable":true,"href":"https:\/\/www.equipementsmarquis.com\/en\/wp-json\/wp\/v2\/marque?post=3814"},{"taxonomy":"product_brand","embeddable":true,"href":"https:\/\/www.equipementsmarquis.com\/en\/wp-json\/wp\/v2\/product_brand?post=3814"},{"taxonomy":"product_cat","embeddable":true,"href":"https:\/\/www.equipementsmarquis.com\/en\/wp-json\/wp\/v2\/product_cat?post=3814"},{"taxonomy":"product_tag","embeddable":true,"href":"https:\/\/www.equipementsmarquis.com\/en\/wp-json\/wp\/v2\/product_tag?post=3814"}],"curies":[{"name":"wp","href":"https:\/\/api.w.org\/{rel}","templated":true}]}}