{"id":4031,"date":"2025-07-07T16:35:07","date_gmt":"2025-07-07T20:35:07","guid":{"rendered":"https:\/\/www.equipementsmarquis.com\/product\/chargeuse-compacte-a-chenilles-asv-rt-65-1c\/"},"modified":"2025-07-07T16:37:46","modified_gmt":"2025-07-07T20:37:46","slug":"chargeuse-compacte-a-chenilles-asv-rt-65-1c","status":"publish","type":"product","link":"https:\/\/www.equipementsmarquis.com\/en\/product\/chargeuse-compacte-a-chenilles-asv-rt-65-1c\/","title":{"rendered":"ASV RT-65-1C Compact Track Loader"},"content":{"rendered":"<p>Power : 67.1 hp (49.4 kW) at 2,600 rpm<br \/>\nOperating weight : 7,405 lb (3,359 kg)<br \/>\nRated Operating Capacity : 2,000 lb (907 kg)<\/p>\n","protected":false},"excerpt":{"rendered":"<p>Meet the new RT-65-1C MAX-Series\u2122 Posi-Track\u00ae compact track loader. Accomplish more with the new-generation mid-size loader, completely redesigned from its predecessor. More than just an upgrade, this is a premium new machine. Take advantage of its maximum power, comfort and serviceability while enjoying the benefits of ASV\u2019s patented Posi-Track technology, best-in-class ground clearance and unbeatable performance in digging and ground engagement work. Add in near-360-degree visibility, cab comfort like you\u2019ve never seen and intuitive electronic controls, and you\u2019ll understand why the new RT-65-1C gives you the tools to get more done.<br \/>\n<strong>\/\/ PREMIUM POWER. LEADING PERFORMANCE. MAXIMIZED PROFITS.<\/strong><\/p>\n","protected":false},"featured_media":4016,"template":"","meta":{"_acf_changed":false},"marque":[211,169],"product_brand":[],"product_cat":[216,103,108],"product_tag":[],"class_list":{"0":"post-4031","1":"product","2":"type-product","3":"status-publish","4":"has-post-thumbnail","6":"marque-asv-en-new","7":"marque-brands-new","8":"product_cat-compact-loaders","9":"product_cat-new-equipment","10":"product_cat-construction-new","12":"first","13":"instock","14":"shipping-taxable","15":"product-type-simple"},"acf":[],"yoast_head":"<!-- This site is optimized with the Yoast SEO plugin v24.7 - https:\/\/yoast.com\/wordpress\/plugins\/seo\/ -->\n<title>ASV RT-65-1C Compact Track Loader - \u00c9quipements Marquis<\/title>\n<meta name=\"robots\" content=\"index, follow, max-snippet:-1, max-image-preview:large, max-video-preview:-1\" \/>\n<link rel=\"canonical\" href=\"https:\/\/www.equipementsmarquis.com\/en\/product\/chargeuse-compacte-a-chenilles-asv-rt-65-1c\/\" \/>\n<meta property=\"og:locale\" content=\"en_US\" \/>\n<meta property=\"og:type\" content=\"article\" \/>\n<meta property=\"og:title\" content=\"ASV RT-65-1C Compact Track Loader - \u00c9quipements Marquis\" \/>\n<meta property=\"og:description\" content=\"Meet the new RT-65-1C MAX-Series\u2122 Posi-Track\u00ae compact track loader. Accomplish more with the new-generation mid-size loader, completely redesigned from its predecessor. More than just an upgrade, this is a premium new machine. Take advantage of its maximum power, comfort and serviceability while enjoying the benefits of ASV\u2019s patented Posi-Track technology, best-in-class ground clearance and unbeatable performance in digging and ground engagement work. Add in near-360-degree visibility, cab comfort like you\u2019ve never seen and intuitive electronic controls, and you\u2019ll understand why the new RT-65-1C gives you the tools to get more done. \/\/ PREMIUM POWER. LEADING PERFORMANCE. MAXIMIZED PROFITS.\" \/>\n<meta property=\"og:url\" content=\"https:\/\/www.equipementsmarquis.com\/en\/product\/chargeuse-compacte-a-chenilles-asv-rt-65-1c\/\" \/>\n<meta property=\"og:site_name\" content=\"\u00c9quipements Marquis\" \/>\n<meta property=\"article:publisher\" content=\"https:\/\/www.facebook.com\/Les-quipements-Marquis-inc-1391878637801740\" \/>\n<meta property=\"article:modified_time\" content=\"2025-07-07T20:37:46+00:00\" \/>\n<meta property=\"og:image\" content=\"https:\/\/www.equipementsmarquis.com\/wp-content\/uploads\/2025\/07\/Yanmar_ASV_RT65_V04_10degrees_PG_00034-medium1.jpg\" \/>\n\t<meta property=\"og:image:width\" content=\"1600\" \/>\n\t<meta property=\"og:image:height\" content=\"1042\" \/>\n\t<meta property=\"og:image:type\" content=\"image\/jpeg\" \/>\n<meta name=\"twitter:card\" content=\"summary_large_image\" \/>\n<script type=\"application\/ld+json\" class=\"yoast-schema-graph\">{\"@context\":\"https:\/\/schema.org\",\"@graph\":[{\"@type\":\"WebPage\",\"@id\":\"https:\/\/www.equipementsmarquis.com\/en\/product\/chargeuse-compacte-a-chenilles-asv-rt-65-1c\/\",\"url\":\"https:\/\/www.equipementsmarquis.com\/en\/product\/chargeuse-compacte-a-chenilles-asv-rt-65-1c\/\",\"name\":\"ASV RT-65-1C Compact Track Loader - \u00c9quipements Marquis\",\"isPartOf\":{\"@id\":\"https:\/\/www.equipementsmarquis.com\/en\/#website\"},\"primaryImageOfPage\":{\"@id\":\"https:\/\/www.equipementsmarquis.com\/en\/product\/chargeuse-compacte-a-chenilles-asv-rt-65-1c\/#primaryimage\"},\"image\":{\"@id\":\"https:\/\/www.equipementsmarquis.com\/en\/product\/chargeuse-compacte-a-chenilles-asv-rt-65-1c\/#primaryimage\"},\"thumbnailUrl\":\"https:\/\/www.equipementsmarquis.com\/wp-content\/uploads\/2025\/07\/Yanmar_ASV_RT65_V04_10degrees_PG_00034-medium1.jpg\",\"datePublished\":\"2025-07-07T20:35:07+00:00\",\"dateModified\":\"2025-07-07T20:37:46+00:00\",\"breadcrumb\":{\"@id\":\"https:\/\/www.equipementsmarquis.com\/en\/product\/chargeuse-compacte-a-chenilles-asv-rt-65-1c\/#breadcrumb\"},\"inLanguage\":\"en-US\",\"potentialAction\":[{\"@type\":\"ReadAction\",\"target\":[\"https:\/\/www.equipementsmarquis.com\/en\/product\/chargeuse-compacte-a-chenilles-asv-rt-65-1c\/\"]}]},{\"@type\":\"ImageObject\",\"inLanguage\":\"en-US\",\"@id\":\"https:\/\/www.equipementsmarquis.com\/en\/product\/chargeuse-compacte-a-chenilles-asv-rt-65-1c\/#primaryimage\",\"url\":\"https:\/\/www.equipementsmarquis.com\/wp-content\/uploads\/2025\/07\/Yanmar_ASV_RT65_V04_10degrees_PG_00034-medium1.jpg\",\"contentUrl\":\"https:\/\/www.equipementsmarquis.com\/wp-content\/uploads\/2025\/07\/Yanmar_ASV_RT65_V04_10degrees_PG_00034-medium1.jpg\",\"width\":1600,\"height\":1042},{\"@type\":\"BreadcrumbList\",\"@id\":\"https:\/\/www.equipementsmarquis.com\/en\/product\/chargeuse-compacte-a-chenilles-asv-rt-65-1c\/#breadcrumb\",\"itemListElement\":[{\"@type\":\"ListItem\",\"position\":1,\"name\":\"Accueil\",\"item\":\"https:\/\/www.equipementsmarquis.com\/en\/\"},{\"@type\":\"ListItem\",\"position\":2,\"name\":\"Products\",\"item\":\"https:\/\/www.equipementsmarquis.com\/en\/shop\/\"},{\"@type\":\"ListItem\",\"position\":3,\"name\":\"ASV RT-65-1C Compact Track Loader\"}]},{\"@type\":\"WebSite\",\"@id\":\"https:\/\/www.equipementsmarquis.com\/en\/#website\",\"url\":\"https:\/\/www.equipementsmarquis.com\/en\/\",\"name\":\"\u00c9quipements Marquis\",\"description\":\"Fournisseur d&#039;\u00e9quipements et fabrication de pi\u00e8ces pour machineries\",\"publisher\":{\"@id\":\"https:\/\/www.equipementsmarquis.com\/en\/#organization\"},\"potentialAction\":[{\"@type\":\"SearchAction\",\"target\":{\"@type\":\"EntryPoint\",\"urlTemplate\":\"https:\/\/www.equipementsmarquis.com\/en\/?s={search_term_string}\"},\"query-input\":{\"@type\":\"PropertyValueSpecification\",\"valueRequired\":true,\"valueName\":\"search_term_string\"}}],\"inLanguage\":\"en-US\"},{\"@type\":\"Organization\",\"@id\":\"https:\/\/www.equipementsmarquis.com\/en\/#organization\",\"name\":\"\u00c9quipements Marquis\",\"url\":\"https:\/\/www.equipementsmarquis.com\/en\/\",\"logo\":{\"@type\":\"ImageObject\",\"inLanguage\":\"en-US\",\"@id\":\"https:\/\/www.equipementsmarquis.com\/en\/#\/schema\/logo\/image\/\",\"url\":\"https:\/\/www.equipementsmarquis.com\/wp-content\/uploads\/2022\/07\/logo-EquipementsMarquis.svg\",\"contentUrl\":\"https:\/\/www.equipementsmarquis.com\/wp-content\/uploads\/2022\/07\/logo-EquipementsMarquis.svg\",\"width\":740,\"height\":283,\"caption\":\"\u00c9quipements Marquis\"},\"image\":{\"@id\":\"https:\/\/www.equipementsmarquis.com\/en\/#\/schema\/logo\/image\/\"},\"sameAs\":[\"https:\/\/www.facebook.com\/Les-quipements-Marquis-inc-1391878637801740\",\"https:\/\/ca.linkedin.com\/company\/les-quipements-marquis-inc\"]}]}<\/script>\n<!-- \/ Yoast SEO plugin. -->","yoast_head_json":{"title":"ASV RT-65-1C Compact Track Loader - \u00c9quipements Marquis","robots":{"index":"index","follow":"follow","max-snippet":"max-snippet:-1","max-image-preview":"max-image-preview:large","max-video-preview":"max-video-preview:-1"},"canonical":"https:\/\/www.equipementsmarquis.com\/en\/product\/chargeuse-compacte-a-chenilles-asv-rt-65-1c\/","og_locale":"en_US","og_type":"article","og_title":"ASV RT-65-1C Compact Track Loader - \u00c9quipements Marquis","og_description":"Meet the new RT-65-1C MAX-Series\u2122 Posi-Track\u00ae compact track loader. Accomplish more with the new-generation mid-size loader, completely redesigned from its predecessor. More than just an upgrade, this is a premium new machine. Take advantage of its maximum power, comfort and serviceability while enjoying the benefits of ASV\u2019s patented Posi-Track technology, best-in-class ground clearance and unbeatable performance in digging and ground engagement work. Add in near-360-degree visibility, cab comfort like you\u2019ve never seen and intuitive electronic controls, and you\u2019ll understand why the new RT-65-1C gives you the tools to get more done. \/\/ PREMIUM POWER. LEADING PERFORMANCE. MAXIMIZED PROFITS.","og_url":"https:\/\/www.equipementsmarquis.com\/en\/product\/chargeuse-compacte-a-chenilles-asv-rt-65-1c\/","og_site_name":"\u00c9quipements Marquis","article_publisher":"https:\/\/www.facebook.com\/Les-quipements-Marquis-inc-1391878637801740","article_modified_time":"2025-07-07T20:37:46+00:00","og_image":[{"width":1600,"height":1042,"url":"https:\/\/www.equipementsmarquis.com\/wp-content\/uploads\/2025\/07\/Yanmar_ASV_RT65_V04_10degrees_PG_00034-medium1.jpg","type":"image\/jpeg"}],"twitter_card":"summary_large_image","schema":{"@context":"https:\/\/schema.org","@graph":[{"@type":"WebPage","@id":"https:\/\/www.equipementsmarquis.com\/en\/product\/chargeuse-compacte-a-chenilles-asv-rt-65-1c\/","url":"https:\/\/www.equipementsmarquis.com\/en\/product\/chargeuse-compacte-a-chenilles-asv-rt-65-1c\/","name":"ASV RT-65-1C Compact Track Loader - \u00c9quipements Marquis","isPartOf":{"@id":"https:\/\/www.equipementsmarquis.com\/en\/#website"},"primaryImageOfPage":{"@id":"https:\/\/www.equipementsmarquis.com\/en\/product\/chargeuse-compacte-a-chenilles-asv-rt-65-1c\/#primaryimage"},"image":{"@id":"https:\/\/www.equipementsmarquis.com\/en\/product\/chargeuse-compacte-a-chenilles-asv-rt-65-1c\/#primaryimage"},"thumbnailUrl":"https:\/\/www.equipementsmarquis.com\/wp-content\/uploads\/2025\/07\/Yanmar_ASV_RT65_V04_10degrees_PG_00034-medium1.jpg","datePublished":"2025-07-07T20:35:07+00:00","dateModified":"2025-07-07T20:37:46+00:00","breadcrumb":{"@id":"https:\/\/www.equipementsmarquis.com\/en\/product\/chargeuse-compacte-a-chenilles-asv-rt-65-1c\/#breadcrumb"},"inLanguage":"en-US","potentialAction":[{"@type":"ReadAction","target":["https:\/\/www.equipementsmarquis.com\/en\/product\/chargeuse-compacte-a-chenilles-asv-rt-65-1c\/"]}]},{"@type":"ImageObject","inLanguage":"en-US","@id":"https:\/\/www.equipementsmarquis.com\/en\/product\/chargeuse-compacte-a-chenilles-asv-rt-65-1c\/#primaryimage","url":"https:\/\/www.equipementsmarquis.com\/wp-content\/uploads\/2025\/07\/Yanmar_ASV_RT65_V04_10degrees_PG_00034-medium1.jpg","contentUrl":"https:\/\/www.equipementsmarquis.com\/wp-content\/uploads\/2025\/07\/Yanmar_ASV_RT65_V04_10degrees_PG_00034-medium1.jpg","width":1600,"height":1042},{"@type":"BreadcrumbList","@id":"https:\/\/www.equipementsmarquis.com\/en\/product\/chargeuse-compacte-a-chenilles-asv-rt-65-1c\/#breadcrumb","itemListElement":[{"@type":"ListItem","position":1,"name":"Accueil","item":"https:\/\/www.equipementsmarquis.com\/en\/"},{"@type":"ListItem","position":2,"name":"Products","item":"https:\/\/www.equipementsmarquis.com\/en\/shop\/"},{"@type":"ListItem","position":3,"name":"ASV RT-65-1C Compact Track Loader"}]},{"@type":"WebSite","@id":"https:\/\/www.equipementsmarquis.com\/en\/#website","url":"https:\/\/www.equipementsmarquis.com\/en\/","name":"\u00c9quipements Marquis","description":"Fournisseur d&#039;\u00e9quipements et fabrication de pi\u00e8ces pour machineries","publisher":{"@id":"https:\/\/www.equipementsmarquis.com\/en\/#organization"},"potentialAction":[{"@type":"SearchAction","target":{"@type":"EntryPoint","urlTemplate":"https:\/\/www.equipementsmarquis.com\/en\/?s={search_term_string}"},"query-input":{"@type":"PropertyValueSpecification","valueRequired":true,"valueName":"search_term_string"}}],"inLanguage":"en-US"},{"@type":"Organization","@id":"https:\/\/www.equipementsmarquis.com\/en\/#organization","name":"\u00c9quipements Marquis","url":"https:\/\/www.equipementsmarquis.com\/en\/","logo":{"@type":"ImageObject","inLanguage":"en-US","@id":"https:\/\/www.equipementsmarquis.com\/en\/#\/schema\/logo\/image\/","url":"https:\/\/www.equipementsmarquis.com\/wp-content\/uploads\/2022\/07\/logo-EquipementsMarquis.svg","contentUrl":"https:\/\/www.equipementsmarquis.com\/wp-content\/uploads\/2022\/07\/logo-EquipementsMarquis.svg","width":740,"height":283,"caption":"\u00c9quipements Marquis"},"image":{"@id":"https:\/\/www.equipementsmarquis.com\/en\/#\/schema\/logo\/image\/"},"sameAs":["https:\/\/www.facebook.com\/Les-quipements-Marquis-inc-1391878637801740","https:\/\/ca.linkedin.com\/company\/les-quipements-marquis-inc"]}]}},"_links":{"self":[{"href":"https:\/\/www.equipementsmarquis.com\/en\/wp-json\/wp\/v2\/product\/4031","targetHints":{"allow":["GET"]}}],"collection":[{"href":"https:\/\/www.equipementsmarquis.com\/en\/wp-json\/wp\/v2\/product"}],"about":[{"href":"https:\/\/www.equipementsmarquis.com\/en\/wp-json\/wp\/v2\/types\/product"}],"wp:featuredmedia":[{"embeddable":true,"href":"https:\/\/www.equipementsmarquis.com\/en\/wp-json\/wp\/v2\/media\/4016"}],"wp:attachment":[{"href":"https:\/\/www.equipementsmarquis.com\/en\/wp-json\/wp\/v2\/media?parent=4031"}],"wp:term":[{"taxonomy":"marque","embeddable":true,"href":"https:\/\/www.equipementsmarquis.com\/en\/wp-json\/wp\/v2\/marque?post=4031"},{"taxonomy":"product_brand","embeddable":true,"href":"https:\/\/www.equipementsmarquis.com\/en\/wp-json\/wp\/v2\/product_brand?post=4031"},{"taxonomy":"product_cat","embeddable":true,"href":"https:\/\/www.equipementsmarquis.com\/en\/wp-json\/wp\/v2\/product_cat?post=4031"},{"taxonomy":"product_tag","embeddable":true,"href":"https:\/\/www.equipementsmarquis.com\/en\/wp-json\/wp\/v2\/product_tag?post=4031"}],"curies":[{"name":"wp","href":"https:\/\/api.w.org\/{rel}","templated":true}]}}