{"id":4100,"date":"2025-07-08T08:51:57","date_gmt":"2025-07-08T12:51:57","guid":{"rendered":"https:\/\/www.equipementsmarquis.com\/product\/chargeuse-compacte-a-chenilles-asv-vt-80-1c-foresterie\/"},"modified":"2025-07-08T08:54:33","modified_gmt":"2025-07-08T12:54:33","slug":"chargeuse-compacte-a-chenilles-asv-vt-80-1c-foresterie","status":"publish","type":"product","link":"https:\/\/www.equipementsmarquis.com\/en\/product\/chargeuse-compacte-a-chenilles-asv-vt-80-1c-foresterie\/","title":{"rendered":"ASV VT-80-1C Forestry Compact Track Loader"},"content":{"rendered":"<p>Power : 74,3 hp (54,6 kW) at 2,600 rpm<br \/>\nOperating weight : 9,645 lb (4,375 kg)<br \/>\nRated Operating Capacity : 2,800 lb (1,270 kg)<\/p>\n","protected":false},"excerpt":{"rendered":"<p>Welcome the new MAX-Series\u2122 VT-80-1C Forestry Posi-Track\u00ae compact track loader. Despite its mid-sized frame, the machine packs a heavy punch to play with big forestry equipment while meeting forestry equipment safety standards \u2013 one of the industry\u2019s only compact track loaders to do so. High flow performance comes standard for optimal performance while running mulchers. Operators benefit from extra guarding, a polycarbonate door, rollover and falling object protection and an emergency roof escape hatch. And whether traversing a construction<br \/>\nor landscaping jobsite or traveling through the woods, maximum traction and industry-leading ground clearance and departure angles mean less risk of getting hung up on obstacles or tricky ground conditions. Be a Force in Nature with the VT-80-1C Forestry.<br \/>\n<strong>\/ \/ FORESTRY-GRADE SAFETY. POWERFUL PRODUCTVITY. PREMIUM VERSATILITY.<\/strong><\/p>\n","protected":false},"featured_media":4085,"template":"","meta":{"_acf_changed":false},"marque":[211,169],"product_brand":[],"product_cat":[216,103,108,111],"product_tag":[],"class_list":{"0":"post-4100","1":"product","2":"type-product","3":"status-publish","4":"has-post-thumbnail","6":"marque-asv-en-new","7":"marque-brands-new","8":"product_cat-compact-loaders","9":"product_cat-new-equipment","10":"product_cat-construction-new","11":"product_cat-forestry-new","13":"first","14":"instock","15":"shipping-taxable","16":"product-type-simple"},"acf":[],"yoast_head":"<!-- This site is optimized with the Yoast SEO plugin v24.7 - https:\/\/yoast.com\/wordpress\/plugins\/seo\/ -->\n<title>ASV VT-80-1C Forestry Compact Track Loader - \u00c9quipements Marquis<\/title>\n<meta name=\"robots\" content=\"index, follow, max-snippet:-1, max-image-preview:large, max-video-preview:-1\" \/>\n<link rel=\"canonical\" href=\"https:\/\/www.equipementsmarquis.com\/en\/product\/chargeuse-compacte-a-chenilles-asv-vt-80-1c-foresterie\/\" \/>\n<meta property=\"og:locale\" content=\"en_US\" \/>\n<meta property=\"og:type\" content=\"article\" \/>\n<meta property=\"og:title\" content=\"ASV VT-80-1C Forestry Compact Track Loader - \u00c9quipements Marquis\" \/>\n<meta property=\"og:description\" content=\"Welcome the new MAX-Series\u2122 VT-80-1C Forestry Posi-Track\u00ae compact track loader. Despite its mid-sized frame, the machine packs a heavy punch to play with big forestry equipment while meeting forestry equipment safety standards \u2013 one of the industry\u2019s only compact track loaders to do so. High flow performance comes standard for optimal performance while running mulchers. Operators benefit from extra guarding, a polycarbonate door, rollover and falling object protection and an emergency roof escape hatch. And whether traversing a construction or landscaping jobsite or traveling through the woods, maximum traction and industry-leading ground clearance and departure angles mean less risk of getting hung up on obstacles or tricky ground conditions. Be a Force in Nature with the VT-80-1C Forestry. \/ \/ FORESTRY-GRADE SAFETY. POWERFUL PRODUCTVITY. PREMIUM VERSATILITY.\" \/>\n<meta property=\"og:url\" content=\"https:\/\/www.equipementsmarquis.com\/en\/product\/chargeuse-compacte-a-chenilles-asv-vt-80-1c-foresterie\/\" \/>\n<meta property=\"og:site_name\" content=\"\u00c9quipements Marquis\" \/>\n<meta property=\"article:publisher\" content=\"https:\/\/www.facebook.com\/Les-quipements-Marquis-inc-1391878637801740\" \/>\n<meta property=\"article:modified_time\" content=\"2025-07-08T12:54:33+00:00\" \/>\n<meta property=\"og:image\" content=\"https:\/\/www.equipementsmarquis.com\/wp-content\/uploads\/2025\/07\/Yanmar_ASV_VT-80F_V03_10degrees_PG_00034-medium1.jpg\" \/>\n\t<meta property=\"og:image:width\" content=\"1600\" \/>\n\t<meta property=\"og:image:height\" content=\"1042\" \/>\n\t<meta property=\"og:image:type\" content=\"image\/jpeg\" \/>\n<meta name=\"twitter:card\" content=\"summary_large_image\" \/>\n<script type=\"application\/ld+json\" class=\"yoast-schema-graph\">{\"@context\":\"https:\/\/schema.org\",\"@graph\":[{\"@type\":\"WebPage\",\"@id\":\"https:\/\/www.equipementsmarquis.com\/en\/product\/chargeuse-compacte-a-chenilles-asv-vt-80-1c-foresterie\/\",\"url\":\"https:\/\/www.equipementsmarquis.com\/en\/product\/chargeuse-compacte-a-chenilles-asv-vt-80-1c-foresterie\/\",\"name\":\"ASV VT-80-1C Forestry Compact Track Loader - \u00c9quipements Marquis\",\"isPartOf\":{\"@id\":\"https:\/\/www.equipementsmarquis.com\/en\/#website\"},\"primaryImageOfPage\":{\"@id\":\"https:\/\/www.equipementsmarquis.com\/en\/product\/chargeuse-compacte-a-chenilles-asv-vt-80-1c-foresterie\/#primaryimage\"},\"image\":{\"@id\":\"https:\/\/www.equipementsmarquis.com\/en\/product\/chargeuse-compacte-a-chenilles-asv-vt-80-1c-foresterie\/#primaryimage\"},\"thumbnailUrl\":\"https:\/\/www.equipementsmarquis.com\/wp-content\/uploads\/2025\/07\/Yanmar_ASV_VT-80F_V03_10degrees_PG_00034-medium1.jpg\",\"datePublished\":\"2025-07-08T12:51:57+00:00\",\"dateModified\":\"2025-07-08T12:54:33+00:00\",\"breadcrumb\":{\"@id\":\"https:\/\/www.equipementsmarquis.com\/en\/product\/chargeuse-compacte-a-chenilles-asv-vt-80-1c-foresterie\/#breadcrumb\"},\"inLanguage\":\"en-US\",\"potentialAction\":[{\"@type\":\"ReadAction\",\"target\":[\"https:\/\/www.equipementsmarquis.com\/en\/product\/chargeuse-compacte-a-chenilles-asv-vt-80-1c-foresterie\/\"]}]},{\"@type\":\"ImageObject\",\"inLanguage\":\"en-US\",\"@id\":\"https:\/\/www.equipementsmarquis.com\/en\/product\/chargeuse-compacte-a-chenilles-asv-vt-80-1c-foresterie\/#primaryimage\",\"url\":\"https:\/\/www.equipementsmarquis.com\/wp-content\/uploads\/2025\/07\/Yanmar_ASV_VT-80F_V03_10degrees_PG_00034-medium1.jpg\",\"contentUrl\":\"https:\/\/www.equipementsmarquis.com\/wp-content\/uploads\/2025\/07\/Yanmar_ASV_VT-80F_V03_10degrees_PG_00034-medium1.jpg\",\"width\":1600,\"height\":1042},{\"@type\":\"BreadcrumbList\",\"@id\":\"https:\/\/www.equipementsmarquis.com\/en\/product\/chargeuse-compacte-a-chenilles-asv-vt-80-1c-foresterie\/#breadcrumb\",\"itemListElement\":[{\"@type\":\"ListItem\",\"position\":1,\"name\":\"Accueil\",\"item\":\"https:\/\/www.equipementsmarquis.com\/en\/\"},{\"@type\":\"ListItem\",\"position\":2,\"name\":\"Products\",\"item\":\"https:\/\/www.equipementsmarquis.com\/en\/shop\/\"},{\"@type\":\"ListItem\",\"position\":3,\"name\":\"ASV VT-80-1C Forestry Compact Track Loader\"}]},{\"@type\":\"WebSite\",\"@id\":\"https:\/\/www.equipementsmarquis.com\/en\/#website\",\"url\":\"https:\/\/www.equipementsmarquis.com\/en\/\",\"name\":\"\u00c9quipements Marquis\",\"description\":\"Fournisseur d&#039;\u00e9quipements et fabrication de pi\u00e8ces pour machineries\",\"publisher\":{\"@id\":\"https:\/\/www.equipementsmarquis.com\/en\/#organization\"},\"potentialAction\":[{\"@type\":\"SearchAction\",\"target\":{\"@type\":\"EntryPoint\",\"urlTemplate\":\"https:\/\/www.equipementsmarquis.com\/en\/?s={search_term_string}\"},\"query-input\":{\"@type\":\"PropertyValueSpecification\",\"valueRequired\":true,\"valueName\":\"search_term_string\"}}],\"inLanguage\":\"en-US\"},{\"@type\":\"Organization\",\"@id\":\"https:\/\/www.equipementsmarquis.com\/en\/#organization\",\"name\":\"\u00c9quipements Marquis\",\"url\":\"https:\/\/www.equipementsmarquis.com\/en\/\",\"logo\":{\"@type\":\"ImageObject\",\"inLanguage\":\"en-US\",\"@id\":\"https:\/\/www.equipementsmarquis.com\/en\/#\/schema\/logo\/image\/\",\"url\":\"https:\/\/www.equipementsmarquis.com\/wp-content\/uploads\/2022\/07\/logo-EquipementsMarquis.svg\",\"contentUrl\":\"https:\/\/www.equipementsmarquis.com\/wp-content\/uploads\/2022\/07\/logo-EquipementsMarquis.svg\",\"width\":740,\"height\":283,\"caption\":\"\u00c9quipements Marquis\"},\"image\":{\"@id\":\"https:\/\/www.equipementsmarquis.com\/en\/#\/schema\/logo\/image\/\"},\"sameAs\":[\"https:\/\/www.facebook.com\/Les-quipements-Marquis-inc-1391878637801740\",\"https:\/\/ca.linkedin.com\/company\/les-quipements-marquis-inc\"]}]}<\/script>\n<!-- \/ Yoast SEO plugin. -->","yoast_head_json":{"title":"ASV VT-80-1C Forestry Compact Track Loader - \u00c9quipements Marquis","robots":{"index":"index","follow":"follow","max-snippet":"max-snippet:-1","max-image-preview":"max-image-preview:large","max-video-preview":"max-video-preview:-1"},"canonical":"https:\/\/www.equipementsmarquis.com\/en\/product\/chargeuse-compacte-a-chenilles-asv-vt-80-1c-foresterie\/","og_locale":"en_US","og_type":"article","og_title":"ASV VT-80-1C Forestry Compact Track Loader - \u00c9quipements Marquis","og_description":"Welcome the new MAX-Series\u2122 VT-80-1C Forestry Posi-Track\u00ae compact track loader. Despite its mid-sized frame, the machine packs a heavy punch to play with big forestry equipment while meeting forestry equipment safety standards \u2013 one of the industry\u2019s only compact track loaders to do so. High flow performance comes standard for optimal performance while running mulchers. Operators benefit from extra guarding, a polycarbonate door, rollover and falling object protection and an emergency roof escape hatch. And whether traversing a construction or landscaping jobsite or traveling through the woods, maximum traction and industry-leading ground clearance and departure angles mean less risk of getting hung up on obstacles or tricky ground conditions. Be a Force in Nature with the VT-80-1C Forestry. \/ \/ FORESTRY-GRADE SAFETY. POWERFUL PRODUCTVITY. PREMIUM VERSATILITY.","og_url":"https:\/\/www.equipementsmarquis.com\/en\/product\/chargeuse-compacte-a-chenilles-asv-vt-80-1c-foresterie\/","og_site_name":"\u00c9quipements Marquis","article_publisher":"https:\/\/www.facebook.com\/Les-quipements-Marquis-inc-1391878637801740","article_modified_time":"2025-07-08T12:54:33+00:00","og_image":[{"width":1600,"height":1042,"url":"https:\/\/www.equipementsmarquis.com\/wp-content\/uploads\/2025\/07\/Yanmar_ASV_VT-80F_V03_10degrees_PG_00034-medium1.jpg","type":"image\/jpeg"}],"twitter_card":"summary_large_image","schema":{"@context":"https:\/\/schema.org","@graph":[{"@type":"WebPage","@id":"https:\/\/www.equipementsmarquis.com\/en\/product\/chargeuse-compacte-a-chenilles-asv-vt-80-1c-foresterie\/","url":"https:\/\/www.equipementsmarquis.com\/en\/product\/chargeuse-compacte-a-chenilles-asv-vt-80-1c-foresterie\/","name":"ASV VT-80-1C Forestry Compact Track Loader - \u00c9quipements Marquis","isPartOf":{"@id":"https:\/\/www.equipementsmarquis.com\/en\/#website"},"primaryImageOfPage":{"@id":"https:\/\/www.equipementsmarquis.com\/en\/product\/chargeuse-compacte-a-chenilles-asv-vt-80-1c-foresterie\/#primaryimage"},"image":{"@id":"https:\/\/www.equipementsmarquis.com\/en\/product\/chargeuse-compacte-a-chenilles-asv-vt-80-1c-foresterie\/#primaryimage"},"thumbnailUrl":"https:\/\/www.equipementsmarquis.com\/wp-content\/uploads\/2025\/07\/Yanmar_ASV_VT-80F_V03_10degrees_PG_00034-medium1.jpg","datePublished":"2025-07-08T12:51:57+00:00","dateModified":"2025-07-08T12:54:33+00:00","breadcrumb":{"@id":"https:\/\/www.equipementsmarquis.com\/en\/product\/chargeuse-compacte-a-chenilles-asv-vt-80-1c-foresterie\/#breadcrumb"},"inLanguage":"en-US","potentialAction":[{"@type":"ReadAction","target":["https:\/\/www.equipementsmarquis.com\/en\/product\/chargeuse-compacte-a-chenilles-asv-vt-80-1c-foresterie\/"]}]},{"@type":"ImageObject","inLanguage":"en-US","@id":"https:\/\/www.equipementsmarquis.com\/en\/product\/chargeuse-compacte-a-chenilles-asv-vt-80-1c-foresterie\/#primaryimage","url":"https:\/\/www.equipementsmarquis.com\/wp-content\/uploads\/2025\/07\/Yanmar_ASV_VT-80F_V03_10degrees_PG_00034-medium1.jpg","contentUrl":"https:\/\/www.equipementsmarquis.com\/wp-content\/uploads\/2025\/07\/Yanmar_ASV_VT-80F_V03_10degrees_PG_00034-medium1.jpg","width":1600,"height":1042},{"@type":"BreadcrumbList","@id":"https:\/\/www.equipementsmarquis.com\/en\/product\/chargeuse-compacte-a-chenilles-asv-vt-80-1c-foresterie\/#breadcrumb","itemListElement":[{"@type":"ListItem","position":1,"name":"Accueil","item":"https:\/\/www.equipementsmarquis.com\/en\/"},{"@type":"ListItem","position":2,"name":"Products","item":"https:\/\/www.equipementsmarquis.com\/en\/shop\/"},{"@type":"ListItem","position":3,"name":"ASV VT-80-1C Forestry Compact Track Loader"}]},{"@type":"WebSite","@id":"https:\/\/www.equipementsmarquis.com\/en\/#website","url":"https:\/\/www.equipementsmarquis.com\/en\/","name":"\u00c9quipements Marquis","description":"Fournisseur d&#039;\u00e9quipements et fabrication de pi\u00e8ces pour machineries","publisher":{"@id":"https:\/\/www.equipementsmarquis.com\/en\/#organization"},"potentialAction":[{"@type":"SearchAction","target":{"@type":"EntryPoint","urlTemplate":"https:\/\/www.equipementsmarquis.com\/en\/?s={search_term_string}"},"query-input":{"@type":"PropertyValueSpecification","valueRequired":true,"valueName":"search_term_string"}}],"inLanguage":"en-US"},{"@type":"Organization","@id":"https:\/\/www.equipementsmarquis.com\/en\/#organization","name":"\u00c9quipements Marquis","url":"https:\/\/www.equipementsmarquis.com\/en\/","logo":{"@type":"ImageObject","inLanguage":"en-US","@id":"https:\/\/www.equipementsmarquis.com\/en\/#\/schema\/logo\/image\/","url":"https:\/\/www.equipementsmarquis.com\/wp-content\/uploads\/2022\/07\/logo-EquipementsMarquis.svg","contentUrl":"https:\/\/www.equipementsmarquis.com\/wp-content\/uploads\/2022\/07\/logo-EquipementsMarquis.svg","width":740,"height":283,"caption":"\u00c9quipements Marquis"},"image":{"@id":"https:\/\/www.equipementsmarquis.com\/en\/#\/schema\/logo\/image\/"},"sameAs":["https:\/\/www.facebook.com\/Les-quipements-Marquis-inc-1391878637801740","https:\/\/ca.linkedin.com\/company\/les-quipements-marquis-inc"]}]}},"_links":{"self":[{"href":"https:\/\/www.equipementsmarquis.com\/en\/wp-json\/wp\/v2\/product\/4100","targetHints":{"allow":["GET"]}}],"collection":[{"href":"https:\/\/www.equipementsmarquis.com\/en\/wp-json\/wp\/v2\/product"}],"about":[{"href":"https:\/\/www.equipementsmarquis.com\/en\/wp-json\/wp\/v2\/types\/product"}],"wp:featuredmedia":[{"embeddable":true,"href":"https:\/\/www.equipementsmarquis.com\/en\/wp-json\/wp\/v2\/media\/4085"}],"wp:attachment":[{"href":"https:\/\/www.equipementsmarquis.com\/en\/wp-json\/wp\/v2\/media?parent=4100"}],"wp:term":[{"taxonomy":"marque","embeddable":true,"href":"https:\/\/www.equipementsmarquis.com\/en\/wp-json\/wp\/v2\/marque?post=4100"},{"taxonomy":"product_brand","embeddable":true,"href":"https:\/\/www.equipementsmarquis.com\/en\/wp-json\/wp\/v2\/product_brand?post=4100"},{"taxonomy":"product_cat","embeddable":true,"href":"https:\/\/www.equipementsmarquis.com\/en\/wp-json\/wp\/v2\/product_cat?post=4100"},{"taxonomy":"product_tag","embeddable":true,"href":"https:\/\/www.equipementsmarquis.com\/en\/wp-json\/wp\/v2\/product_tag?post=4100"}],"curies":[{"name":"wp","href":"https:\/\/api.w.org\/{rel}","templated":true}]}}