{"id":4139,"date":"2025-07-08T10:28:16","date_gmt":"2025-07-08T14:28:16","guid":{"rendered":"https:\/\/www.equipementsmarquis.com\/product\/chargeuse-compacte-a-chenilles-rt-135\/"},"modified":"2025-07-08T10:30:31","modified_gmt":"2025-07-08T14:30:31","slug":"chargeuse-compacte-a-chenilles-rt-135","status":"publish","type":"product","link":"https:\/\/www.equipementsmarquis.com\/en\/product\/chargeuse-compacte-a-chenilles-rt-135\/","title":{"rendered":"ASV RT-135 Compact Track Loader"},"content":{"rendered":"<p>Power : 132 hp (98.4 kW)<br \/>\nOperating weight : 12,075 lb (5,477 kg)<br \/>\nRated Operating Capacity : 3,500 lb (1,588 kg)<\/p>\n","protected":false},"excerpt":{"rendered":"<p>Introducing the MAX-Series\u2122 RT-135 Posi-Track\u00ae loader. Featuring an industry-leading 132hp engine, our most powerful compact track loader delivers more power without compromise while offering a premium operator experience. With a mission to help you tackle the biggest, toughest jobs, the RT-135\u2019s advanced, controls make it easy to deliver big on your next big job.<\/p>\n<p><strong>\/\/ INCREDIBLE PERFORMANCE \/ UNCOMPROMISING POWER \/ PREMIUM COMFORT<\/strong><\/p>\n","protected":false},"featured_media":4130,"template":"","meta":{"_acf_changed":false},"marque":[211,169],"product_brand":[],"product_cat":[216,108,103],"product_tag":[],"class_list":{"0":"post-4139","1":"product","2":"type-product","3":"status-publish","4":"has-post-thumbnail","6":"marque-asv-en-new","7":"marque-brands-new","8":"product_cat-compact-loaders","9":"product_cat-construction-new","10":"product_cat-new-equipment","12":"first","13":"instock","14":"shipping-taxable","15":"product-type-simple"},"acf":[],"yoast_head":"<!-- This site is optimized with the Yoast SEO plugin v24.7 - https:\/\/yoast.com\/wordpress\/plugins\/seo\/ -->\n<title>ASV RT-135 Compact Track Loader - \u00c9quipements Marquis<\/title>\n<meta name=\"robots\" content=\"index, follow, max-snippet:-1, max-image-preview:large, max-video-preview:-1\" \/>\n<link rel=\"canonical\" href=\"https:\/\/www.equipementsmarquis.com\/en\/product\/chargeuse-compacte-a-chenilles-rt-135\/\" \/>\n<meta property=\"og:locale\" content=\"en_US\" \/>\n<meta property=\"og:type\" content=\"article\" \/>\n<meta property=\"og:title\" content=\"ASV RT-135 Compact Track Loader - \u00c9quipements Marquis\" \/>\n<meta property=\"og:description\" content=\"Introducing the MAX-Series\u2122 RT-135 Posi-Track\u00ae loader. Featuring an industry-leading 132hp engine, our most powerful compact track loader delivers more power without compromise while offering a premium operator experience. With a mission to help you tackle the biggest, toughest jobs, the RT-135\u2019s advanced, controls make it easy to deliver big on your next big job.  \/\/ INCREDIBLE PERFORMANCE \/ UNCOMPROMISING POWER \/ PREMIUM COMFORT\" \/>\n<meta property=\"og:url\" content=\"https:\/\/www.equipementsmarquis.com\/en\/product\/chargeuse-compacte-a-chenilles-rt-135\/\" \/>\n<meta property=\"og:site_name\" content=\"\u00c9quipements Marquis\" \/>\n<meta property=\"article:publisher\" content=\"https:\/\/www.facebook.com\/Les-quipements-Marquis-inc-1391878637801740\" \/>\n<meta property=\"article:modified_time\" content=\"2025-07-08T14:30:31+00:00\" \/>\n<meta property=\"og:image\" content=\"https:\/\/www.equipementsmarquis.com\/wp-content\/uploads\/2025\/07\/ASV_RT-135_studio-1120x630-1.jpg\" \/>\n\t<meta property=\"og:image:width\" content=\"1120\" \/>\n\t<meta property=\"og:image:height\" content=\"630\" \/>\n\t<meta property=\"og:image:type\" content=\"image\/jpeg\" \/>\n<meta name=\"twitter:card\" content=\"summary_large_image\" \/>\n<script type=\"application\/ld+json\" class=\"yoast-schema-graph\">{\"@context\":\"https:\/\/schema.org\",\"@graph\":[{\"@type\":\"WebPage\",\"@id\":\"https:\/\/www.equipementsmarquis.com\/en\/product\/chargeuse-compacte-a-chenilles-rt-135\/\",\"url\":\"https:\/\/www.equipementsmarquis.com\/en\/product\/chargeuse-compacte-a-chenilles-rt-135\/\",\"name\":\"ASV RT-135 Compact Track Loader - \u00c9quipements Marquis\",\"isPartOf\":{\"@id\":\"https:\/\/www.equipementsmarquis.com\/en\/#website\"},\"primaryImageOfPage\":{\"@id\":\"https:\/\/www.equipementsmarquis.com\/en\/product\/chargeuse-compacte-a-chenilles-rt-135\/#primaryimage\"},\"image\":{\"@id\":\"https:\/\/www.equipementsmarquis.com\/en\/product\/chargeuse-compacte-a-chenilles-rt-135\/#primaryimage\"},\"thumbnailUrl\":\"https:\/\/www.equipementsmarquis.com\/wp-content\/uploads\/2025\/07\/ASV_RT-135_studio-1120x630-1.jpg\",\"datePublished\":\"2025-07-08T14:28:16+00:00\",\"dateModified\":\"2025-07-08T14:30:31+00:00\",\"breadcrumb\":{\"@id\":\"https:\/\/www.equipementsmarquis.com\/en\/product\/chargeuse-compacte-a-chenilles-rt-135\/#breadcrumb\"},\"inLanguage\":\"en-US\",\"potentialAction\":[{\"@type\":\"ReadAction\",\"target\":[\"https:\/\/www.equipementsmarquis.com\/en\/product\/chargeuse-compacte-a-chenilles-rt-135\/\"]}]},{\"@type\":\"ImageObject\",\"inLanguage\":\"en-US\",\"@id\":\"https:\/\/www.equipementsmarquis.com\/en\/product\/chargeuse-compacte-a-chenilles-rt-135\/#primaryimage\",\"url\":\"https:\/\/www.equipementsmarquis.com\/wp-content\/uploads\/2025\/07\/ASV_RT-135_studio-1120x630-1.jpg\",\"contentUrl\":\"https:\/\/www.equipementsmarquis.com\/wp-content\/uploads\/2025\/07\/ASV_RT-135_studio-1120x630-1.jpg\",\"width\":1120,\"height\":630},{\"@type\":\"BreadcrumbList\",\"@id\":\"https:\/\/www.equipementsmarquis.com\/en\/product\/chargeuse-compacte-a-chenilles-rt-135\/#breadcrumb\",\"itemListElement\":[{\"@type\":\"ListItem\",\"position\":1,\"name\":\"Accueil\",\"item\":\"https:\/\/www.equipementsmarquis.com\/en\/\"},{\"@type\":\"ListItem\",\"position\":2,\"name\":\"Products\",\"item\":\"https:\/\/www.equipementsmarquis.com\/en\/shop\/\"},{\"@type\":\"ListItem\",\"position\":3,\"name\":\"ASV RT-135 Compact Track Loader\"}]},{\"@type\":\"WebSite\",\"@id\":\"https:\/\/www.equipementsmarquis.com\/en\/#website\",\"url\":\"https:\/\/www.equipementsmarquis.com\/en\/\",\"name\":\"\u00c9quipements Marquis\",\"description\":\"Fournisseur d&#039;\u00e9quipements et fabrication de pi\u00e8ces pour machineries\",\"publisher\":{\"@id\":\"https:\/\/www.equipementsmarquis.com\/en\/#organization\"},\"potentialAction\":[{\"@type\":\"SearchAction\",\"target\":{\"@type\":\"EntryPoint\",\"urlTemplate\":\"https:\/\/www.equipementsmarquis.com\/en\/?s={search_term_string}\"},\"query-input\":{\"@type\":\"PropertyValueSpecification\",\"valueRequired\":true,\"valueName\":\"search_term_string\"}}],\"inLanguage\":\"en-US\"},{\"@type\":\"Organization\",\"@id\":\"https:\/\/www.equipementsmarquis.com\/en\/#organization\",\"name\":\"\u00c9quipements Marquis\",\"url\":\"https:\/\/www.equipementsmarquis.com\/en\/\",\"logo\":{\"@type\":\"ImageObject\",\"inLanguage\":\"en-US\",\"@id\":\"https:\/\/www.equipementsmarquis.com\/en\/#\/schema\/logo\/image\/\",\"url\":\"https:\/\/www.equipementsmarquis.com\/wp-content\/uploads\/2022\/07\/logo-EquipementsMarquis.svg\",\"contentUrl\":\"https:\/\/www.equipementsmarquis.com\/wp-content\/uploads\/2022\/07\/logo-EquipementsMarquis.svg\",\"width\":740,\"height\":283,\"caption\":\"\u00c9quipements Marquis\"},\"image\":{\"@id\":\"https:\/\/www.equipementsmarquis.com\/en\/#\/schema\/logo\/image\/\"},\"sameAs\":[\"https:\/\/www.facebook.com\/Les-quipements-Marquis-inc-1391878637801740\",\"https:\/\/ca.linkedin.com\/company\/les-quipements-marquis-inc\"]}]}<\/script>\n<!-- \/ Yoast SEO plugin. -->","yoast_head_json":{"title":"ASV RT-135 Compact Track Loader - \u00c9quipements Marquis","robots":{"index":"index","follow":"follow","max-snippet":"max-snippet:-1","max-image-preview":"max-image-preview:large","max-video-preview":"max-video-preview:-1"},"canonical":"https:\/\/www.equipementsmarquis.com\/en\/product\/chargeuse-compacte-a-chenilles-rt-135\/","og_locale":"en_US","og_type":"article","og_title":"ASV RT-135 Compact Track Loader - \u00c9quipements Marquis","og_description":"Introducing the MAX-Series\u2122 RT-135 Posi-Track\u00ae loader. Featuring an industry-leading 132hp engine, our most powerful compact track loader delivers more power without compromise while offering a premium operator experience. With a mission to help you tackle the biggest, toughest jobs, the RT-135\u2019s advanced, controls make it easy to deliver big on your next big job.  \/\/ INCREDIBLE PERFORMANCE \/ UNCOMPROMISING POWER \/ PREMIUM COMFORT","og_url":"https:\/\/www.equipementsmarquis.com\/en\/product\/chargeuse-compacte-a-chenilles-rt-135\/","og_site_name":"\u00c9quipements Marquis","article_publisher":"https:\/\/www.facebook.com\/Les-quipements-Marquis-inc-1391878637801740","article_modified_time":"2025-07-08T14:30:31+00:00","og_image":[{"width":1120,"height":630,"url":"https:\/\/www.equipementsmarquis.com\/wp-content\/uploads\/2025\/07\/ASV_RT-135_studio-1120x630-1.jpg","type":"image\/jpeg"}],"twitter_card":"summary_large_image","schema":{"@context":"https:\/\/schema.org","@graph":[{"@type":"WebPage","@id":"https:\/\/www.equipementsmarquis.com\/en\/product\/chargeuse-compacte-a-chenilles-rt-135\/","url":"https:\/\/www.equipementsmarquis.com\/en\/product\/chargeuse-compacte-a-chenilles-rt-135\/","name":"ASV RT-135 Compact Track Loader - \u00c9quipements Marquis","isPartOf":{"@id":"https:\/\/www.equipementsmarquis.com\/en\/#website"},"primaryImageOfPage":{"@id":"https:\/\/www.equipementsmarquis.com\/en\/product\/chargeuse-compacte-a-chenilles-rt-135\/#primaryimage"},"image":{"@id":"https:\/\/www.equipementsmarquis.com\/en\/product\/chargeuse-compacte-a-chenilles-rt-135\/#primaryimage"},"thumbnailUrl":"https:\/\/www.equipementsmarquis.com\/wp-content\/uploads\/2025\/07\/ASV_RT-135_studio-1120x630-1.jpg","datePublished":"2025-07-08T14:28:16+00:00","dateModified":"2025-07-08T14:30:31+00:00","breadcrumb":{"@id":"https:\/\/www.equipementsmarquis.com\/en\/product\/chargeuse-compacte-a-chenilles-rt-135\/#breadcrumb"},"inLanguage":"en-US","potentialAction":[{"@type":"ReadAction","target":["https:\/\/www.equipementsmarquis.com\/en\/product\/chargeuse-compacte-a-chenilles-rt-135\/"]}]},{"@type":"ImageObject","inLanguage":"en-US","@id":"https:\/\/www.equipementsmarquis.com\/en\/product\/chargeuse-compacte-a-chenilles-rt-135\/#primaryimage","url":"https:\/\/www.equipementsmarquis.com\/wp-content\/uploads\/2025\/07\/ASV_RT-135_studio-1120x630-1.jpg","contentUrl":"https:\/\/www.equipementsmarquis.com\/wp-content\/uploads\/2025\/07\/ASV_RT-135_studio-1120x630-1.jpg","width":1120,"height":630},{"@type":"BreadcrumbList","@id":"https:\/\/www.equipementsmarquis.com\/en\/product\/chargeuse-compacte-a-chenilles-rt-135\/#breadcrumb","itemListElement":[{"@type":"ListItem","position":1,"name":"Accueil","item":"https:\/\/www.equipementsmarquis.com\/en\/"},{"@type":"ListItem","position":2,"name":"Products","item":"https:\/\/www.equipementsmarquis.com\/en\/shop\/"},{"@type":"ListItem","position":3,"name":"ASV RT-135 Compact Track Loader"}]},{"@type":"WebSite","@id":"https:\/\/www.equipementsmarquis.com\/en\/#website","url":"https:\/\/www.equipementsmarquis.com\/en\/","name":"\u00c9quipements Marquis","description":"Fournisseur d&#039;\u00e9quipements et fabrication de pi\u00e8ces pour machineries","publisher":{"@id":"https:\/\/www.equipementsmarquis.com\/en\/#organization"},"potentialAction":[{"@type":"SearchAction","target":{"@type":"EntryPoint","urlTemplate":"https:\/\/www.equipementsmarquis.com\/en\/?s={search_term_string}"},"query-input":{"@type":"PropertyValueSpecification","valueRequired":true,"valueName":"search_term_string"}}],"inLanguage":"en-US"},{"@type":"Organization","@id":"https:\/\/www.equipementsmarquis.com\/en\/#organization","name":"\u00c9quipements Marquis","url":"https:\/\/www.equipementsmarquis.com\/en\/","logo":{"@type":"ImageObject","inLanguage":"en-US","@id":"https:\/\/www.equipementsmarquis.com\/en\/#\/schema\/logo\/image\/","url":"https:\/\/www.equipementsmarquis.com\/wp-content\/uploads\/2022\/07\/logo-EquipementsMarquis.svg","contentUrl":"https:\/\/www.equipementsmarquis.com\/wp-content\/uploads\/2022\/07\/logo-EquipementsMarquis.svg","width":740,"height":283,"caption":"\u00c9quipements Marquis"},"image":{"@id":"https:\/\/www.equipementsmarquis.com\/en\/#\/schema\/logo\/image\/"},"sameAs":["https:\/\/www.facebook.com\/Les-quipements-Marquis-inc-1391878637801740","https:\/\/ca.linkedin.com\/company\/les-quipements-marquis-inc"]}]}},"_links":{"self":[{"href":"https:\/\/www.equipementsmarquis.com\/en\/wp-json\/wp\/v2\/product\/4139","targetHints":{"allow":["GET"]}}],"collection":[{"href":"https:\/\/www.equipementsmarquis.com\/en\/wp-json\/wp\/v2\/product"}],"about":[{"href":"https:\/\/www.equipementsmarquis.com\/en\/wp-json\/wp\/v2\/types\/product"}],"wp:featuredmedia":[{"embeddable":true,"href":"https:\/\/www.equipementsmarquis.com\/en\/wp-json\/wp\/v2\/media\/4130"}],"wp:attachment":[{"href":"https:\/\/www.equipementsmarquis.com\/en\/wp-json\/wp\/v2\/media?parent=4139"}],"wp:term":[{"taxonomy":"marque","embeddable":true,"href":"https:\/\/www.equipementsmarquis.com\/en\/wp-json\/wp\/v2\/marque?post=4139"},{"taxonomy":"product_brand","embeddable":true,"href":"https:\/\/www.equipementsmarquis.com\/en\/wp-json\/wp\/v2\/product_brand?post=4139"},{"taxonomy":"product_cat","embeddable":true,"href":"https:\/\/www.equipementsmarquis.com\/en\/wp-json\/wp\/v2\/product_cat?post=4139"},{"taxonomy":"product_tag","embeddable":true,"href":"https:\/\/www.equipementsmarquis.com\/en\/wp-json\/wp\/v2\/product_tag?post=4139"}],"curies":[{"name":"wp","href":"https:\/\/api.w.org\/{rel}","templated":true}]}}