{"id":4328,"date":"2025-07-18T15:59:39","date_gmt":"2025-07-18T19:59:39","guid":{"rendered":"https:\/\/www.equipementsmarquis.com\/product\/remorque-forestiere-kesla-114h-hd-nd\/"},"modified":"2025-07-18T16:04:30","modified_gmt":"2025-07-18T20:04:30","slug":"remorque-forestiere-kesla-114h-hd-nd","status":"publish","type":"product","link":"https:\/\/www.equipementsmarquis.com\/en\/product\/remorque-forestiere-kesla-114h-hd-nd\/","title":{"rendered":"Kesla 114H | HD | ND Forest Trailer"},"content":{"rendered":"","protected":false},"excerpt":{"rendered":"<div class=\"content heading-row\">\n<p><em><strong>114H | HD | ND &#8211; For private wood transport and small scale contracting even in difficult terrains<\/strong><\/em><\/p>\n<p class=\"text--l m-w-12-12\">KESLA 114 timber trailers have a net carrying capacity of 10 tons. They are suitable for various work, including contract work. The 114 trailer is available with retrofit roller drive (H), with roller drive (HD) or with sturdy nave drive (ND).<\/p>\n<p class=\"text--l m-w-12-12\">\n<\/div>\n<div class=\"grid text-row\">\n<div class=\"grid__item m-w-6-12\">\n<div class=\"content\">\n<p class=\"text--l m-w-12-12\">With frame extension (accesory) the operational length increases up to 1 055 mm. To increase safety, the hydraulic 4-wheel drum brakes anor pneumatic 4-wheel brakes are available as an accessory. With available accessories you can easily taylor the trailer exactly for your needs.<\/p>\n<p class=\"text--l m-w-12-12\">\n<\/div>\n<\/div>\n<div class=\"grid__item m-w-6-12\">\n<div class=\"content\">\n<p class=\"text--l m-w-12-12\">Now it is possible to mount a slightly bigger crane on top of the trailer\u2019s frame than earlier. Bigger crane gives you more outreach and power for work and this KESLA 114HD model can carry it proudly where ever you work!<\/p>\n<\/div>\n<\/div>\n<\/div>\n","protected":false},"featured_media":4323,"template":"","meta":{"_acf_changed":false},"marque":[169,157],"product_brand":[],"product_cat":[227,103,111],"product_tag":[],"class_list":{"0":"post-4328","1":"product","2":"type-product","3":"status-publish","4":"has-post-thumbnail","6":"marque-brands-new","7":"marque-kesla-en-new","8":"product_cat-forest-trailers","9":"product_cat-new-equipment","10":"product_cat-forestry-new","12":"first","13":"instock","14":"shipping-taxable","15":"product-type-simple"},"acf":[],"yoast_head":"<!-- This site is optimized with the Yoast SEO plugin v24.7 - https:\/\/yoast.com\/wordpress\/plugins\/seo\/ -->\n<title>Kesla 114H | HD | ND Forest Trailer - \u00c9quipements Marquis<\/title>\n<meta name=\"robots\" content=\"index, follow, max-snippet:-1, max-image-preview:large, max-video-preview:-1\" \/>\n<link rel=\"canonical\" href=\"https:\/\/www.equipementsmarquis.com\/en\/product\/remorque-forestiere-kesla-114h-hd-nd\/\" \/>\n<meta property=\"og:locale\" content=\"en_US\" \/>\n<meta property=\"og:type\" content=\"article\" \/>\n<meta property=\"og:title\" content=\"Kesla 114H | HD | ND Forest Trailer - \u00c9quipements Marquis\" \/>\n<meta property=\"og:description\" content=\"114H | HD | ND - For private wood transport and small scale contracting even in difficult terrains KESLA 114 timber trailers have a net carrying capacity of 10 tons. They are suitable for various work, including contract work. The 114 trailer is available with retrofit roller drive (H), with roller drive (HD) or with sturdy nave drive (ND).       With frame extension (accesory) the operational length increases up to 1 055 mm. To increase safety, the hydraulic 4-wheel drum brakes anor pneumatic 4-wheel brakes are available as an accessory. With available accessories you can easily taylor the trailer exactly for your needs.       Now it is possible to mount a slightly bigger crane on top of the trailer\u2019s frame than earlier. Bigger crane gives you more outreach and power for work and this KESLA 114HD model can carry it proudly where ever you work!\" \/>\n<meta property=\"og:url\" content=\"https:\/\/www.equipementsmarquis.com\/en\/product\/remorque-forestiere-kesla-114h-hd-nd\/\" \/>\n<meta property=\"og:site_name\" content=\"\u00c9quipements Marquis\" \/>\n<meta property=\"article:publisher\" content=\"https:\/\/www.facebook.com\/Les-quipements-Marquis-inc-1391878637801740\" \/>\n<meta property=\"article:modified_time\" content=\"2025-07-18T20:04:30+00:00\" \/>\n<meta property=\"og:image\" content=\"https:\/\/www.equipementsmarquis.com\/wp-content\/uploads\/2025\/07\/Przyczepa-114ND_4-scaled-1-scaled.webp\" \/>\n\t<meta property=\"og:image:width\" content=\"2000\" \/>\n\t<meta property=\"og:image:height\" content=\"1332\" \/>\n\t<meta property=\"og:image:type\" content=\"image\/webp\" \/>\n<meta name=\"twitter:card\" content=\"summary_large_image\" \/>\n<script type=\"application\/ld+json\" class=\"yoast-schema-graph\">{\"@context\":\"https:\/\/schema.org\",\"@graph\":[{\"@type\":\"WebPage\",\"@id\":\"https:\/\/www.equipementsmarquis.com\/en\/product\/remorque-forestiere-kesla-114h-hd-nd\/\",\"url\":\"https:\/\/www.equipementsmarquis.com\/en\/product\/remorque-forestiere-kesla-114h-hd-nd\/\",\"name\":\"Kesla 114H | HD | ND Forest Trailer - \u00c9quipements Marquis\",\"isPartOf\":{\"@id\":\"https:\/\/www.equipementsmarquis.com\/en\/#website\"},\"primaryImageOfPage\":{\"@id\":\"https:\/\/www.equipementsmarquis.com\/en\/product\/remorque-forestiere-kesla-114h-hd-nd\/#primaryimage\"},\"image\":{\"@id\":\"https:\/\/www.equipementsmarquis.com\/en\/product\/remorque-forestiere-kesla-114h-hd-nd\/#primaryimage\"},\"thumbnailUrl\":\"https:\/\/www.equipementsmarquis.com\/wp-content\/uploads\/2025\/07\/Przyczepa-114ND_4-scaled-1-scaled.webp\",\"datePublished\":\"2025-07-18T19:59:39+00:00\",\"dateModified\":\"2025-07-18T20:04:30+00:00\",\"breadcrumb\":{\"@id\":\"https:\/\/www.equipementsmarquis.com\/en\/product\/remorque-forestiere-kesla-114h-hd-nd\/#breadcrumb\"},\"inLanguage\":\"en-US\",\"potentialAction\":[{\"@type\":\"ReadAction\",\"target\":[\"https:\/\/www.equipementsmarquis.com\/en\/product\/remorque-forestiere-kesla-114h-hd-nd\/\"]}]},{\"@type\":\"ImageObject\",\"inLanguage\":\"en-US\",\"@id\":\"https:\/\/www.equipementsmarquis.com\/en\/product\/remorque-forestiere-kesla-114h-hd-nd\/#primaryimage\",\"url\":\"https:\/\/www.equipementsmarquis.com\/wp-content\/uploads\/2025\/07\/Przyczepa-114ND_4-scaled-1-scaled.webp\",\"contentUrl\":\"https:\/\/www.equipementsmarquis.com\/wp-content\/uploads\/2025\/07\/Przyczepa-114ND_4-scaled-1-scaled.webp\",\"width\":2000,\"height\":1332},{\"@type\":\"BreadcrumbList\",\"@id\":\"https:\/\/www.equipementsmarquis.com\/en\/product\/remorque-forestiere-kesla-114h-hd-nd\/#breadcrumb\",\"itemListElement\":[{\"@type\":\"ListItem\",\"position\":1,\"name\":\"Accueil\",\"item\":\"https:\/\/www.equipementsmarquis.com\/en\/\"},{\"@type\":\"ListItem\",\"position\":2,\"name\":\"Products\",\"item\":\"https:\/\/www.equipementsmarquis.com\/en\/shop\/\"},{\"@type\":\"ListItem\",\"position\":3,\"name\":\"Kesla 114H | HD | ND Forest Trailer\"}]},{\"@type\":\"WebSite\",\"@id\":\"https:\/\/www.equipementsmarquis.com\/en\/#website\",\"url\":\"https:\/\/www.equipementsmarquis.com\/en\/\",\"name\":\"\u00c9quipements Marquis\",\"description\":\"Fournisseur d&#039;\u00e9quipements et fabrication de pi\u00e8ces pour machineries\",\"publisher\":{\"@id\":\"https:\/\/www.equipementsmarquis.com\/en\/#organization\"},\"potentialAction\":[{\"@type\":\"SearchAction\",\"target\":{\"@type\":\"EntryPoint\",\"urlTemplate\":\"https:\/\/www.equipementsmarquis.com\/en\/?s={search_term_string}\"},\"query-input\":{\"@type\":\"PropertyValueSpecification\",\"valueRequired\":true,\"valueName\":\"search_term_string\"}}],\"inLanguage\":\"en-US\"},{\"@type\":\"Organization\",\"@id\":\"https:\/\/www.equipementsmarquis.com\/en\/#organization\",\"name\":\"\u00c9quipements Marquis\",\"url\":\"https:\/\/www.equipementsmarquis.com\/en\/\",\"logo\":{\"@type\":\"ImageObject\",\"inLanguage\":\"en-US\",\"@id\":\"https:\/\/www.equipementsmarquis.com\/en\/#\/schema\/logo\/image\/\",\"url\":\"https:\/\/www.equipementsmarquis.com\/wp-content\/uploads\/2022\/07\/logo-EquipementsMarquis.svg\",\"contentUrl\":\"https:\/\/www.equipementsmarquis.com\/wp-content\/uploads\/2022\/07\/logo-EquipementsMarquis.svg\",\"width\":740,\"height\":283,\"caption\":\"\u00c9quipements Marquis\"},\"image\":{\"@id\":\"https:\/\/www.equipementsmarquis.com\/en\/#\/schema\/logo\/image\/\"},\"sameAs\":[\"https:\/\/www.facebook.com\/Les-quipements-Marquis-inc-1391878637801740\",\"https:\/\/ca.linkedin.com\/company\/les-quipements-marquis-inc\"]}]}<\/script>\n<!-- \/ Yoast SEO plugin. -->","yoast_head_json":{"title":"Kesla 114H | HD | ND Forest Trailer - \u00c9quipements Marquis","robots":{"index":"index","follow":"follow","max-snippet":"max-snippet:-1","max-image-preview":"max-image-preview:large","max-video-preview":"max-video-preview:-1"},"canonical":"https:\/\/www.equipementsmarquis.com\/en\/product\/remorque-forestiere-kesla-114h-hd-nd\/","og_locale":"en_US","og_type":"article","og_title":"Kesla 114H | HD | ND Forest Trailer - \u00c9quipements Marquis","og_description":"114H | HD | ND - For private wood transport and small scale contracting even in difficult terrains KESLA 114 timber trailers have a net carrying capacity of 10 tons. They are suitable for various work, including contract work. The 114 trailer is available with retrofit roller drive (H), with roller drive (HD) or with sturdy nave drive (ND).       With frame extension (accesory) the operational length increases up to 1 055 mm. To increase safety, the hydraulic 4-wheel drum brakes anor pneumatic 4-wheel brakes are available as an accessory. With available accessories you can easily taylor the trailer exactly for your needs.       Now it is possible to mount a slightly bigger crane on top of the trailer\u2019s frame than earlier. Bigger crane gives you more outreach and power for work and this KESLA 114HD model can carry it proudly where ever you work!","og_url":"https:\/\/www.equipementsmarquis.com\/en\/product\/remorque-forestiere-kesla-114h-hd-nd\/","og_site_name":"\u00c9quipements Marquis","article_publisher":"https:\/\/www.facebook.com\/Les-quipements-Marquis-inc-1391878637801740","article_modified_time":"2025-07-18T20:04:30+00:00","og_image":[{"width":2000,"height":1332,"url":"https:\/\/www.equipementsmarquis.com\/wp-content\/uploads\/2025\/07\/Przyczepa-114ND_4-scaled-1-scaled.webp","type":"image\/webp"}],"twitter_card":"summary_large_image","schema":{"@context":"https:\/\/schema.org","@graph":[{"@type":"WebPage","@id":"https:\/\/www.equipementsmarquis.com\/en\/product\/remorque-forestiere-kesla-114h-hd-nd\/","url":"https:\/\/www.equipementsmarquis.com\/en\/product\/remorque-forestiere-kesla-114h-hd-nd\/","name":"Kesla 114H | HD | ND Forest Trailer - \u00c9quipements Marquis","isPartOf":{"@id":"https:\/\/www.equipementsmarquis.com\/en\/#website"},"primaryImageOfPage":{"@id":"https:\/\/www.equipementsmarquis.com\/en\/product\/remorque-forestiere-kesla-114h-hd-nd\/#primaryimage"},"image":{"@id":"https:\/\/www.equipementsmarquis.com\/en\/product\/remorque-forestiere-kesla-114h-hd-nd\/#primaryimage"},"thumbnailUrl":"https:\/\/www.equipementsmarquis.com\/wp-content\/uploads\/2025\/07\/Przyczepa-114ND_4-scaled-1-scaled.webp","datePublished":"2025-07-18T19:59:39+00:00","dateModified":"2025-07-18T20:04:30+00:00","breadcrumb":{"@id":"https:\/\/www.equipementsmarquis.com\/en\/product\/remorque-forestiere-kesla-114h-hd-nd\/#breadcrumb"},"inLanguage":"en-US","potentialAction":[{"@type":"ReadAction","target":["https:\/\/www.equipementsmarquis.com\/en\/product\/remorque-forestiere-kesla-114h-hd-nd\/"]}]},{"@type":"ImageObject","inLanguage":"en-US","@id":"https:\/\/www.equipementsmarquis.com\/en\/product\/remorque-forestiere-kesla-114h-hd-nd\/#primaryimage","url":"https:\/\/www.equipementsmarquis.com\/wp-content\/uploads\/2025\/07\/Przyczepa-114ND_4-scaled-1-scaled.webp","contentUrl":"https:\/\/www.equipementsmarquis.com\/wp-content\/uploads\/2025\/07\/Przyczepa-114ND_4-scaled-1-scaled.webp","width":2000,"height":1332},{"@type":"BreadcrumbList","@id":"https:\/\/www.equipementsmarquis.com\/en\/product\/remorque-forestiere-kesla-114h-hd-nd\/#breadcrumb","itemListElement":[{"@type":"ListItem","position":1,"name":"Accueil","item":"https:\/\/www.equipementsmarquis.com\/en\/"},{"@type":"ListItem","position":2,"name":"Products","item":"https:\/\/www.equipementsmarquis.com\/en\/shop\/"},{"@type":"ListItem","position":3,"name":"Kesla 114H | HD | ND Forest Trailer"}]},{"@type":"WebSite","@id":"https:\/\/www.equipementsmarquis.com\/en\/#website","url":"https:\/\/www.equipementsmarquis.com\/en\/","name":"\u00c9quipements Marquis","description":"Fournisseur d&#039;\u00e9quipements et fabrication de pi\u00e8ces pour machineries","publisher":{"@id":"https:\/\/www.equipementsmarquis.com\/en\/#organization"},"potentialAction":[{"@type":"SearchAction","target":{"@type":"EntryPoint","urlTemplate":"https:\/\/www.equipementsmarquis.com\/en\/?s={search_term_string}"},"query-input":{"@type":"PropertyValueSpecification","valueRequired":true,"valueName":"search_term_string"}}],"inLanguage":"en-US"},{"@type":"Organization","@id":"https:\/\/www.equipementsmarquis.com\/en\/#organization","name":"\u00c9quipements Marquis","url":"https:\/\/www.equipementsmarquis.com\/en\/","logo":{"@type":"ImageObject","inLanguage":"en-US","@id":"https:\/\/www.equipementsmarquis.com\/en\/#\/schema\/logo\/image\/","url":"https:\/\/www.equipementsmarquis.com\/wp-content\/uploads\/2022\/07\/logo-EquipementsMarquis.svg","contentUrl":"https:\/\/www.equipementsmarquis.com\/wp-content\/uploads\/2022\/07\/logo-EquipementsMarquis.svg","width":740,"height":283,"caption":"\u00c9quipements Marquis"},"image":{"@id":"https:\/\/www.equipementsmarquis.com\/en\/#\/schema\/logo\/image\/"},"sameAs":["https:\/\/www.facebook.com\/Les-quipements-Marquis-inc-1391878637801740","https:\/\/ca.linkedin.com\/company\/les-quipements-marquis-inc"]}]}},"_links":{"self":[{"href":"https:\/\/www.equipementsmarquis.com\/en\/wp-json\/wp\/v2\/product\/4328","targetHints":{"allow":["GET"]}}],"collection":[{"href":"https:\/\/www.equipementsmarquis.com\/en\/wp-json\/wp\/v2\/product"}],"about":[{"href":"https:\/\/www.equipementsmarquis.com\/en\/wp-json\/wp\/v2\/types\/product"}],"wp:featuredmedia":[{"embeddable":true,"href":"https:\/\/www.equipementsmarquis.com\/en\/wp-json\/wp\/v2\/media\/4323"}],"wp:attachment":[{"href":"https:\/\/www.equipementsmarquis.com\/en\/wp-json\/wp\/v2\/media?parent=4328"}],"wp:term":[{"taxonomy":"marque","embeddable":true,"href":"https:\/\/www.equipementsmarquis.com\/en\/wp-json\/wp\/v2\/marque?post=4328"},{"taxonomy":"product_brand","embeddable":true,"href":"https:\/\/www.equipementsmarquis.com\/en\/wp-json\/wp\/v2\/product_brand?post=4328"},{"taxonomy":"product_cat","embeddable":true,"href":"https:\/\/www.equipementsmarquis.com\/en\/wp-json\/wp\/v2\/product_cat?post=4328"},{"taxonomy":"product_tag","embeddable":true,"href":"https:\/\/www.equipementsmarquis.com\/en\/wp-json\/wp\/v2\/product_tag?post=4328"}],"curies":[{"name":"wp","href":"https:\/\/api.w.org\/{rel}","templated":true}]}}