{"id":4368,"date":"2025-07-18T16:29:50","date_gmt":"2025-07-18T20:29:50","guid":{"rendered":"https:\/\/www.equipementsmarquis.com\/product\/remorque-forestiere-kesla-165\/"},"modified":"2025-07-18T16:32:08","modified_gmt":"2025-07-18T20:32:08","slug":"remorque-forestiere-kesla-165","status":"publish","type":"product","link":"https:\/\/www.equipementsmarquis.com\/en\/product\/remorque-forestiere-kesla-165\/","title":{"rendered":"Kesla 165 Forest Trailer"},"content":{"rendered":"","protected":false},"excerpt":{"rendered":"<div class=\"content heading-row\">\n<p><em><strong>165 &#8211; Same ride, more timber<\/strong><\/em><\/p>\n<p>KESLA 165 marks the beginning of a new era in tractor-drawn forestry trailers with its robot-welded box-frame-type structure and technical features earlier known from forwarders. The new trailer is specifically designed for professional tractor contractors providing increased productivity in logistics and more earnings.<\/p>\n<p class=\"text--l m-w-12-12\">The trailer has a standard load space area of 4 m\u00b2 which can be easily expanded to an impressive 5 m\u00b2 by simply turning the posts. Together with freely adjustable bunks, hydraulically movable front screen and extendable rear frame, the load space flexibly adapts to varying characteristics of different kinds of round wood.<\/p>\n<\/div>\n<div class=\"grid text-row\">\n<div class=\"grid__item m-w-6-12\">\n<div class=\"content\">\n<p class=\"text--l m-w-12-12\">Due to an articulated tow bar and ISOBUS connected traction system the trailer follows the tractor perfectly especially in steep hills and tight turnings.<\/p>\n<\/div>\n<\/div>\n<\/div>\n","protected":false},"featured_media":4359,"template":"","meta":{"_acf_changed":false},"marque":[169,157],"product_brand":[],"product_cat":[227,103,111],"product_tag":[],"class_list":{"0":"post-4368","1":"product","2":"type-product","3":"status-publish","4":"has-post-thumbnail","6":"marque-brands-new","7":"marque-kesla-en-new","8":"product_cat-forest-trailers","9":"product_cat-new-equipment","10":"product_cat-forestry-new","12":"first","13":"instock","14":"shipping-taxable","15":"product-type-simple"},"acf":[],"yoast_head":"<!-- This site is optimized with the Yoast SEO plugin v24.7 - https:\/\/yoast.com\/wordpress\/plugins\/seo\/ -->\n<title>Kesla 165 Forest Trailer - \u00c9quipements Marquis<\/title>\n<meta name=\"robots\" content=\"index, follow, max-snippet:-1, max-image-preview:large, max-video-preview:-1\" \/>\n<link rel=\"canonical\" href=\"https:\/\/www.equipementsmarquis.com\/en\/product\/remorque-forestiere-kesla-165\/\" \/>\n<meta property=\"og:locale\" content=\"en_US\" \/>\n<meta property=\"og:type\" content=\"article\" \/>\n<meta property=\"og:title\" content=\"Kesla 165 Forest Trailer - \u00c9quipements Marquis\" \/>\n<meta property=\"og:description\" content=\"165 - Same ride, more timber  KESLA 165 marks the beginning of a new era in tractor-drawn forestry trailers with its robot-welded box-frame-type structure and technical features earlier known from forwarders. The new trailer is specifically designed for professional tractor contractors providing increased productivity in logistics and more earnings. The trailer has a standard load space area of 4 m\u00b2 which can be easily expanded to an impressive 5 m\u00b2 by simply turning the posts. Together with freely adjustable bunks, hydraulically movable front screen and extendable rear frame, the load space flexibly adapts to varying characteristics of different kinds of round wood.      Due to an articulated tow bar and ISOBUS connected traction system the trailer follows the tractor perfectly especially in steep hills and tight turnings.\" \/>\n<meta property=\"og:url\" content=\"https:\/\/www.equipementsmarquis.com\/en\/product\/remorque-forestiere-kesla-165\/\" \/>\n<meta property=\"og:site_name\" content=\"\u00c9quipements Marquis\" \/>\n<meta property=\"article:publisher\" content=\"https:\/\/www.facebook.com\/Les-quipements-Marquis-inc-1391878637801740\" \/>\n<meta property=\"article:modified_time\" content=\"2025-07-18T20:32:08+00:00\" \/>\n<meta property=\"og:image\" content=\"https:\/\/www.equipementsmarquis.com\/wp-content\/uploads\/2025\/07\/KESLA_165_600x500_3.jpg\" \/>\n\t<meta property=\"og:image:width\" content=\"600\" \/>\n\t<meta property=\"og:image:height\" content=\"500\" \/>\n\t<meta property=\"og:image:type\" content=\"image\/jpeg\" \/>\n<meta name=\"twitter:card\" content=\"summary_large_image\" \/>\n<script type=\"application\/ld+json\" class=\"yoast-schema-graph\">{\"@context\":\"https:\/\/schema.org\",\"@graph\":[{\"@type\":\"WebPage\",\"@id\":\"https:\/\/www.equipementsmarquis.com\/en\/product\/remorque-forestiere-kesla-165\/\",\"url\":\"https:\/\/www.equipementsmarquis.com\/en\/product\/remorque-forestiere-kesla-165\/\",\"name\":\"Kesla 165 Forest Trailer - \u00c9quipements Marquis\",\"isPartOf\":{\"@id\":\"https:\/\/www.equipementsmarquis.com\/en\/#website\"},\"primaryImageOfPage\":{\"@id\":\"https:\/\/www.equipementsmarquis.com\/en\/product\/remorque-forestiere-kesla-165\/#primaryimage\"},\"image\":{\"@id\":\"https:\/\/www.equipementsmarquis.com\/en\/product\/remorque-forestiere-kesla-165\/#primaryimage\"},\"thumbnailUrl\":\"https:\/\/www.equipementsmarquis.com\/wp-content\/uploads\/2025\/07\/KESLA_165_600x500_3.jpg\",\"datePublished\":\"2025-07-18T20:29:50+00:00\",\"dateModified\":\"2025-07-18T20:32:08+00:00\",\"breadcrumb\":{\"@id\":\"https:\/\/www.equipementsmarquis.com\/en\/product\/remorque-forestiere-kesla-165\/#breadcrumb\"},\"inLanguage\":\"en-US\",\"potentialAction\":[{\"@type\":\"ReadAction\",\"target\":[\"https:\/\/www.equipementsmarquis.com\/en\/product\/remorque-forestiere-kesla-165\/\"]}]},{\"@type\":\"ImageObject\",\"inLanguage\":\"en-US\",\"@id\":\"https:\/\/www.equipementsmarquis.com\/en\/product\/remorque-forestiere-kesla-165\/#primaryimage\",\"url\":\"https:\/\/www.equipementsmarquis.com\/wp-content\/uploads\/2025\/07\/KESLA_165_600x500_3.jpg\",\"contentUrl\":\"https:\/\/www.equipementsmarquis.com\/wp-content\/uploads\/2025\/07\/KESLA_165_600x500_3.jpg\",\"width\":600,\"height\":500},{\"@type\":\"BreadcrumbList\",\"@id\":\"https:\/\/www.equipementsmarquis.com\/en\/product\/remorque-forestiere-kesla-165\/#breadcrumb\",\"itemListElement\":[{\"@type\":\"ListItem\",\"position\":1,\"name\":\"Accueil\",\"item\":\"https:\/\/www.equipementsmarquis.com\/en\/\"},{\"@type\":\"ListItem\",\"position\":2,\"name\":\"Products\",\"item\":\"https:\/\/www.equipementsmarquis.com\/en\/shop\/\"},{\"@type\":\"ListItem\",\"position\":3,\"name\":\"Kesla 165 Forest Trailer\"}]},{\"@type\":\"WebSite\",\"@id\":\"https:\/\/www.equipementsmarquis.com\/en\/#website\",\"url\":\"https:\/\/www.equipementsmarquis.com\/en\/\",\"name\":\"\u00c9quipements Marquis\",\"description\":\"Fournisseur d&#039;\u00e9quipements et fabrication de pi\u00e8ces pour machineries\",\"publisher\":{\"@id\":\"https:\/\/www.equipementsmarquis.com\/en\/#organization\"},\"potentialAction\":[{\"@type\":\"SearchAction\",\"target\":{\"@type\":\"EntryPoint\",\"urlTemplate\":\"https:\/\/www.equipementsmarquis.com\/en\/?s={search_term_string}\"},\"query-input\":{\"@type\":\"PropertyValueSpecification\",\"valueRequired\":true,\"valueName\":\"search_term_string\"}}],\"inLanguage\":\"en-US\"},{\"@type\":\"Organization\",\"@id\":\"https:\/\/www.equipementsmarquis.com\/en\/#organization\",\"name\":\"\u00c9quipements Marquis\",\"url\":\"https:\/\/www.equipementsmarquis.com\/en\/\",\"logo\":{\"@type\":\"ImageObject\",\"inLanguage\":\"en-US\",\"@id\":\"https:\/\/www.equipementsmarquis.com\/en\/#\/schema\/logo\/image\/\",\"url\":\"https:\/\/www.equipementsmarquis.com\/wp-content\/uploads\/2022\/07\/logo-EquipementsMarquis.svg\",\"contentUrl\":\"https:\/\/www.equipementsmarquis.com\/wp-content\/uploads\/2022\/07\/logo-EquipementsMarquis.svg\",\"width\":740,\"height\":283,\"caption\":\"\u00c9quipements Marquis\"},\"image\":{\"@id\":\"https:\/\/www.equipementsmarquis.com\/en\/#\/schema\/logo\/image\/\"},\"sameAs\":[\"https:\/\/www.facebook.com\/Les-quipements-Marquis-inc-1391878637801740\",\"https:\/\/ca.linkedin.com\/company\/les-quipements-marquis-inc\"]}]}<\/script>\n<!-- \/ Yoast SEO plugin. -->","yoast_head_json":{"title":"Kesla 165 Forest Trailer - \u00c9quipements Marquis","robots":{"index":"index","follow":"follow","max-snippet":"max-snippet:-1","max-image-preview":"max-image-preview:large","max-video-preview":"max-video-preview:-1"},"canonical":"https:\/\/www.equipementsmarquis.com\/en\/product\/remorque-forestiere-kesla-165\/","og_locale":"en_US","og_type":"article","og_title":"Kesla 165 Forest Trailer - \u00c9quipements Marquis","og_description":"165 - Same ride, more timber  KESLA 165 marks the beginning of a new era in tractor-drawn forestry trailers with its robot-welded box-frame-type structure and technical features earlier known from forwarders. The new trailer is specifically designed for professional tractor contractors providing increased productivity in logistics and more earnings. The trailer has a standard load space area of 4 m\u00b2 which can be easily expanded to an impressive 5 m\u00b2 by simply turning the posts. Together with freely adjustable bunks, hydraulically movable front screen and extendable rear frame, the load space flexibly adapts to varying characteristics of different kinds of round wood.      Due to an articulated tow bar and ISOBUS connected traction system the trailer follows the tractor perfectly especially in steep hills and tight turnings.","og_url":"https:\/\/www.equipementsmarquis.com\/en\/product\/remorque-forestiere-kesla-165\/","og_site_name":"\u00c9quipements Marquis","article_publisher":"https:\/\/www.facebook.com\/Les-quipements-Marquis-inc-1391878637801740","article_modified_time":"2025-07-18T20:32:08+00:00","og_image":[{"width":600,"height":500,"url":"https:\/\/www.equipementsmarquis.com\/wp-content\/uploads\/2025\/07\/KESLA_165_600x500_3.jpg","type":"image\/jpeg"}],"twitter_card":"summary_large_image","schema":{"@context":"https:\/\/schema.org","@graph":[{"@type":"WebPage","@id":"https:\/\/www.equipementsmarquis.com\/en\/product\/remorque-forestiere-kesla-165\/","url":"https:\/\/www.equipementsmarquis.com\/en\/product\/remorque-forestiere-kesla-165\/","name":"Kesla 165 Forest Trailer - \u00c9quipements Marquis","isPartOf":{"@id":"https:\/\/www.equipementsmarquis.com\/en\/#website"},"primaryImageOfPage":{"@id":"https:\/\/www.equipementsmarquis.com\/en\/product\/remorque-forestiere-kesla-165\/#primaryimage"},"image":{"@id":"https:\/\/www.equipementsmarquis.com\/en\/product\/remorque-forestiere-kesla-165\/#primaryimage"},"thumbnailUrl":"https:\/\/www.equipementsmarquis.com\/wp-content\/uploads\/2025\/07\/KESLA_165_600x500_3.jpg","datePublished":"2025-07-18T20:29:50+00:00","dateModified":"2025-07-18T20:32:08+00:00","breadcrumb":{"@id":"https:\/\/www.equipementsmarquis.com\/en\/product\/remorque-forestiere-kesla-165\/#breadcrumb"},"inLanguage":"en-US","potentialAction":[{"@type":"ReadAction","target":["https:\/\/www.equipementsmarquis.com\/en\/product\/remorque-forestiere-kesla-165\/"]}]},{"@type":"ImageObject","inLanguage":"en-US","@id":"https:\/\/www.equipementsmarquis.com\/en\/product\/remorque-forestiere-kesla-165\/#primaryimage","url":"https:\/\/www.equipementsmarquis.com\/wp-content\/uploads\/2025\/07\/KESLA_165_600x500_3.jpg","contentUrl":"https:\/\/www.equipementsmarquis.com\/wp-content\/uploads\/2025\/07\/KESLA_165_600x500_3.jpg","width":600,"height":500},{"@type":"BreadcrumbList","@id":"https:\/\/www.equipementsmarquis.com\/en\/product\/remorque-forestiere-kesla-165\/#breadcrumb","itemListElement":[{"@type":"ListItem","position":1,"name":"Accueil","item":"https:\/\/www.equipementsmarquis.com\/en\/"},{"@type":"ListItem","position":2,"name":"Products","item":"https:\/\/www.equipementsmarquis.com\/en\/shop\/"},{"@type":"ListItem","position":3,"name":"Kesla 165 Forest Trailer"}]},{"@type":"WebSite","@id":"https:\/\/www.equipementsmarquis.com\/en\/#website","url":"https:\/\/www.equipementsmarquis.com\/en\/","name":"\u00c9quipements Marquis","description":"Fournisseur d&#039;\u00e9quipements et fabrication de pi\u00e8ces pour machineries","publisher":{"@id":"https:\/\/www.equipementsmarquis.com\/en\/#organization"},"potentialAction":[{"@type":"SearchAction","target":{"@type":"EntryPoint","urlTemplate":"https:\/\/www.equipementsmarquis.com\/en\/?s={search_term_string}"},"query-input":{"@type":"PropertyValueSpecification","valueRequired":true,"valueName":"search_term_string"}}],"inLanguage":"en-US"},{"@type":"Organization","@id":"https:\/\/www.equipementsmarquis.com\/en\/#organization","name":"\u00c9quipements Marquis","url":"https:\/\/www.equipementsmarquis.com\/en\/","logo":{"@type":"ImageObject","inLanguage":"en-US","@id":"https:\/\/www.equipementsmarquis.com\/en\/#\/schema\/logo\/image\/","url":"https:\/\/www.equipementsmarquis.com\/wp-content\/uploads\/2022\/07\/logo-EquipementsMarquis.svg","contentUrl":"https:\/\/www.equipementsmarquis.com\/wp-content\/uploads\/2022\/07\/logo-EquipementsMarquis.svg","width":740,"height":283,"caption":"\u00c9quipements Marquis"},"image":{"@id":"https:\/\/www.equipementsmarquis.com\/en\/#\/schema\/logo\/image\/"},"sameAs":["https:\/\/www.facebook.com\/Les-quipements-Marquis-inc-1391878637801740","https:\/\/ca.linkedin.com\/company\/les-quipements-marquis-inc"]}]}},"_links":{"self":[{"href":"https:\/\/www.equipementsmarquis.com\/en\/wp-json\/wp\/v2\/product\/4368","targetHints":{"allow":["GET"]}}],"collection":[{"href":"https:\/\/www.equipementsmarquis.com\/en\/wp-json\/wp\/v2\/product"}],"about":[{"href":"https:\/\/www.equipementsmarquis.com\/en\/wp-json\/wp\/v2\/types\/product"}],"wp:featuredmedia":[{"embeddable":true,"href":"https:\/\/www.equipementsmarquis.com\/en\/wp-json\/wp\/v2\/media\/4359"}],"wp:attachment":[{"href":"https:\/\/www.equipementsmarquis.com\/en\/wp-json\/wp\/v2\/media?parent=4368"}],"wp:term":[{"taxonomy":"marque","embeddable":true,"href":"https:\/\/www.equipementsmarquis.com\/en\/wp-json\/wp\/v2\/marque?post=4368"},{"taxonomy":"product_brand","embeddable":true,"href":"https:\/\/www.equipementsmarquis.com\/en\/wp-json\/wp\/v2\/product_brand?post=4368"},{"taxonomy":"product_cat","embeddable":true,"href":"https:\/\/www.equipementsmarquis.com\/en\/wp-json\/wp\/v2\/product_cat?post=4368"},{"taxonomy":"product_tag","embeddable":true,"href":"https:\/\/www.equipementsmarquis.com\/en\/wp-json\/wp\/v2\/product_tag?post=4368"}],"curies":[{"name":"wp","href":"https:\/\/api.w.org\/{rel}","templated":true}]}}