{"id":4418,"date":"2025-07-21T13:09:01","date_gmt":"2025-07-21T17:09:01","guid":{"rendered":"https:\/\/www.equipementsmarquis.com\/product\/grue-forestiere-kesla-224\/"},"modified":"2025-07-21T13:11:39","modified_gmt":"2025-07-21T17:11:39","slug":"grue-forestiere-kesla-224","status":"publish","type":"product","link":"https:\/\/www.equipementsmarquis.com\/en\/product\/grue-forestiere-kesla-224\/","title":{"rendered":"Kesla 224 Forest Loader"},"content":{"rendered":"<p>Outreach : 7,00 m<br \/>\nLifting capacity at 4 metres* : 830 kg<br \/>\nLifting capacity at maximum outreach* : 425 kg<\/p>\n<p>* Lifting capacity without a grapple and rotator. The lifting capacity depends on the height and reach of the booms.<\/p>\n","protected":false},"excerpt":{"rendered":"<div class=\"content heading-row\">\n<p class=\"text--l m-w-12-12\">KESLA 224 is a single-extension loader with an outreach of 7 metres and 7% more lifting power compared to its predecessor. The redesigned loader boom system provides improved lifting geometry, especially for the close lifting features.<\/p>\n<p class=\"text--l m-w-12-12\">The loader\u2019s pressure demand is a mere 190 bar. The boom structure has been modified to reduce the consumption of oil per working cycle, while also providing a significantly more lifting power for the outer boom. The hose system is overall neater than in the previous models. The slewing device base has been redesigned similar to the 320 series, ensuring the clearest possible visibility to the load space and excellent hose protection.<\/p>\n<\/div>\n<div class=\"grid text-row\">\n<div class=\"grid__item m-w-6-12\">\n<div class=\"content\">\n<p class=\"text--l m-w-12-12\">The filter has been installed in the slewing device base to make its replacement significantly easier. The loader is a versatile machine that is suitable for both local forest management and contract work thanks to its size.<\/p>\n<\/div>\n<\/div>\n<\/div>\n","protected":false},"featured_media":4399,"template":"","meta":{"_acf_changed":false},"marque":[169,157],"product_brand":[],"product_cat":[229,103,111],"product_tag":[],"class_list":{"0":"post-4418","1":"product","2":"type-product","3":"status-publish","4":"has-post-thumbnail","6":"marque-brands-new","7":"marque-kesla-en-new","8":"product_cat-forest-loaders","9":"product_cat-new-equipment","10":"product_cat-forestry-new","12":"first","13":"instock","14":"shipping-taxable","15":"product-type-simple"},"acf":[],"yoast_head":"<!-- This site is optimized with the Yoast SEO plugin v24.7 - https:\/\/yoast.com\/wordpress\/plugins\/seo\/ -->\n<title>Kesla 224 Forest Loader - \u00c9quipements Marquis<\/title>\n<meta name=\"robots\" content=\"index, follow, max-snippet:-1, max-image-preview:large, max-video-preview:-1\" \/>\n<link rel=\"canonical\" href=\"https:\/\/www.equipementsmarquis.com\/en\/product\/grue-forestiere-kesla-224\/\" \/>\n<meta property=\"og:locale\" content=\"en_US\" \/>\n<meta property=\"og:type\" content=\"article\" \/>\n<meta property=\"og:title\" content=\"Kesla 224 Forest Loader - \u00c9quipements Marquis\" \/>\n<meta property=\"og:description\" content=\"KESLA 224 is a single-extension loader with an outreach of 7 metres and 7% more lifting power compared to its predecessor. The redesigned loader boom system provides improved lifting geometry, especially for the close lifting features. The loader\u2019s pressure demand is a mere 190 bar. The boom structure has been modified to reduce the consumption of oil per working cycle, while also providing a significantly more lifting power for the outer boom. The hose system is overall neater than in the previous models. The slewing device base has been redesigned similar to the 320 series, ensuring the clearest possible visibility to the load space and excellent hose protection.      The filter has been installed in the slewing device base to make its replacement significantly easier. The loader is a versatile machine that is suitable for both local forest management and contract work thanks to its size.\" \/>\n<meta property=\"og:url\" content=\"https:\/\/www.equipementsmarquis.com\/en\/product\/grue-forestiere-kesla-224\/\" \/>\n<meta property=\"og:site_name\" content=\"\u00c9quipements Marquis\" \/>\n<meta property=\"article:publisher\" content=\"https:\/\/www.facebook.com\/Les-quipements-Marquis-inc-1391878637801740\" \/>\n<meta property=\"article:modified_time\" content=\"2025-07-21T17:11:39+00:00\" \/>\n<meta property=\"og:image\" content=\"https:\/\/www.equipementsmarquis.com\/wp-content\/uploads\/2025\/07\/2024_7_kesla_224-064_jpg_article-620.webp\" \/>\n\t<meta property=\"og:image:width\" content=\"620\" \/>\n\t<meta property=\"og:image:height\" content=\"413\" \/>\n\t<meta property=\"og:image:type\" content=\"image\/webp\" \/>\n<meta name=\"twitter:card\" content=\"summary_large_image\" \/>\n<script type=\"application\/ld+json\" class=\"yoast-schema-graph\">{\"@context\":\"https:\/\/schema.org\",\"@graph\":[{\"@type\":\"WebPage\",\"@id\":\"https:\/\/www.equipementsmarquis.com\/en\/product\/grue-forestiere-kesla-224\/\",\"url\":\"https:\/\/www.equipementsmarquis.com\/en\/product\/grue-forestiere-kesla-224\/\",\"name\":\"Kesla 224 Forest Loader - \u00c9quipements Marquis\",\"isPartOf\":{\"@id\":\"https:\/\/www.equipementsmarquis.com\/en\/#website\"},\"primaryImageOfPage\":{\"@id\":\"https:\/\/www.equipementsmarquis.com\/en\/product\/grue-forestiere-kesla-224\/#primaryimage\"},\"image\":{\"@id\":\"https:\/\/www.equipementsmarquis.com\/en\/product\/grue-forestiere-kesla-224\/#primaryimage\"},\"thumbnailUrl\":\"https:\/\/www.equipementsmarquis.com\/wp-content\/uploads\/2025\/07\/2024_7_kesla_224-064_jpg_article-620.webp\",\"datePublished\":\"2025-07-21T17:09:01+00:00\",\"dateModified\":\"2025-07-21T17:11:39+00:00\",\"breadcrumb\":{\"@id\":\"https:\/\/www.equipementsmarquis.com\/en\/product\/grue-forestiere-kesla-224\/#breadcrumb\"},\"inLanguage\":\"en-US\",\"potentialAction\":[{\"@type\":\"ReadAction\",\"target\":[\"https:\/\/www.equipementsmarquis.com\/en\/product\/grue-forestiere-kesla-224\/\"]}]},{\"@type\":\"ImageObject\",\"inLanguage\":\"en-US\",\"@id\":\"https:\/\/www.equipementsmarquis.com\/en\/product\/grue-forestiere-kesla-224\/#primaryimage\",\"url\":\"https:\/\/www.equipementsmarquis.com\/wp-content\/uploads\/2025\/07\/2024_7_kesla_224-064_jpg_article-620.webp\",\"contentUrl\":\"https:\/\/www.equipementsmarquis.com\/wp-content\/uploads\/2025\/07\/2024_7_kesla_224-064_jpg_article-620.webp\",\"width\":620,\"height\":413},{\"@type\":\"BreadcrumbList\",\"@id\":\"https:\/\/www.equipementsmarquis.com\/en\/product\/grue-forestiere-kesla-224\/#breadcrumb\",\"itemListElement\":[{\"@type\":\"ListItem\",\"position\":1,\"name\":\"Accueil\",\"item\":\"https:\/\/www.equipementsmarquis.com\/en\/\"},{\"@type\":\"ListItem\",\"position\":2,\"name\":\"Products\",\"item\":\"https:\/\/www.equipementsmarquis.com\/en\/shop\/\"},{\"@type\":\"ListItem\",\"position\":3,\"name\":\"Kesla 224 Forest Loader\"}]},{\"@type\":\"WebSite\",\"@id\":\"https:\/\/www.equipementsmarquis.com\/en\/#website\",\"url\":\"https:\/\/www.equipementsmarquis.com\/en\/\",\"name\":\"\u00c9quipements Marquis\",\"description\":\"Fournisseur d&#039;\u00e9quipements et fabrication de pi\u00e8ces pour machineries\",\"publisher\":{\"@id\":\"https:\/\/www.equipementsmarquis.com\/en\/#organization\"},\"potentialAction\":[{\"@type\":\"SearchAction\",\"target\":{\"@type\":\"EntryPoint\",\"urlTemplate\":\"https:\/\/www.equipementsmarquis.com\/en\/?s={search_term_string}\"},\"query-input\":{\"@type\":\"PropertyValueSpecification\",\"valueRequired\":true,\"valueName\":\"search_term_string\"}}],\"inLanguage\":\"en-US\"},{\"@type\":\"Organization\",\"@id\":\"https:\/\/www.equipementsmarquis.com\/en\/#organization\",\"name\":\"\u00c9quipements Marquis\",\"url\":\"https:\/\/www.equipementsmarquis.com\/en\/\",\"logo\":{\"@type\":\"ImageObject\",\"inLanguage\":\"en-US\",\"@id\":\"https:\/\/www.equipementsmarquis.com\/en\/#\/schema\/logo\/image\/\",\"url\":\"https:\/\/www.equipementsmarquis.com\/wp-content\/uploads\/2022\/07\/logo-EquipementsMarquis.svg\",\"contentUrl\":\"https:\/\/www.equipementsmarquis.com\/wp-content\/uploads\/2022\/07\/logo-EquipementsMarquis.svg\",\"width\":740,\"height\":283,\"caption\":\"\u00c9quipements Marquis\"},\"image\":{\"@id\":\"https:\/\/www.equipementsmarquis.com\/en\/#\/schema\/logo\/image\/\"},\"sameAs\":[\"https:\/\/www.facebook.com\/Les-quipements-Marquis-inc-1391878637801740\",\"https:\/\/ca.linkedin.com\/company\/les-quipements-marquis-inc\"]}]}<\/script>\n<!-- \/ Yoast SEO plugin. -->","yoast_head_json":{"title":"Kesla 224 Forest Loader - \u00c9quipements Marquis","robots":{"index":"index","follow":"follow","max-snippet":"max-snippet:-1","max-image-preview":"max-image-preview:large","max-video-preview":"max-video-preview:-1"},"canonical":"https:\/\/www.equipementsmarquis.com\/en\/product\/grue-forestiere-kesla-224\/","og_locale":"en_US","og_type":"article","og_title":"Kesla 224 Forest Loader - \u00c9quipements Marquis","og_description":"KESLA 224 is a single-extension loader with an outreach of 7 metres and 7% more lifting power compared to its predecessor. The redesigned loader boom system provides improved lifting geometry, especially for the close lifting features. The loader\u2019s pressure demand is a mere 190 bar. The boom structure has been modified to reduce the consumption of oil per working cycle, while also providing a significantly more lifting power for the outer boom. The hose system is overall neater than in the previous models. The slewing device base has been redesigned similar to the 320 series, ensuring the clearest possible visibility to the load space and excellent hose protection.      The filter has been installed in the slewing device base to make its replacement significantly easier. The loader is a versatile machine that is suitable for both local forest management and contract work thanks to its size.","og_url":"https:\/\/www.equipementsmarquis.com\/en\/product\/grue-forestiere-kesla-224\/","og_site_name":"\u00c9quipements Marquis","article_publisher":"https:\/\/www.facebook.com\/Les-quipements-Marquis-inc-1391878637801740","article_modified_time":"2025-07-21T17:11:39+00:00","og_image":[{"width":620,"height":413,"url":"https:\/\/www.equipementsmarquis.com\/wp-content\/uploads\/2025\/07\/2024_7_kesla_224-064_jpg_article-620.webp","type":"image\/webp"}],"twitter_card":"summary_large_image","schema":{"@context":"https:\/\/schema.org","@graph":[{"@type":"WebPage","@id":"https:\/\/www.equipementsmarquis.com\/en\/product\/grue-forestiere-kesla-224\/","url":"https:\/\/www.equipementsmarquis.com\/en\/product\/grue-forestiere-kesla-224\/","name":"Kesla 224 Forest Loader - \u00c9quipements Marquis","isPartOf":{"@id":"https:\/\/www.equipementsmarquis.com\/en\/#website"},"primaryImageOfPage":{"@id":"https:\/\/www.equipementsmarquis.com\/en\/product\/grue-forestiere-kesla-224\/#primaryimage"},"image":{"@id":"https:\/\/www.equipementsmarquis.com\/en\/product\/grue-forestiere-kesla-224\/#primaryimage"},"thumbnailUrl":"https:\/\/www.equipementsmarquis.com\/wp-content\/uploads\/2025\/07\/2024_7_kesla_224-064_jpg_article-620.webp","datePublished":"2025-07-21T17:09:01+00:00","dateModified":"2025-07-21T17:11:39+00:00","breadcrumb":{"@id":"https:\/\/www.equipementsmarquis.com\/en\/product\/grue-forestiere-kesla-224\/#breadcrumb"},"inLanguage":"en-US","potentialAction":[{"@type":"ReadAction","target":["https:\/\/www.equipementsmarquis.com\/en\/product\/grue-forestiere-kesla-224\/"]}]},{"@type":"ImageObject","inLanguage":"en-US","@id":"https:\/\/www.equipementsmarquis.com\/en\/product\/grue-forestiere-kesla-224\/#primaryimage","url":"https:\/\/www.equipementsmarquis.com\/wp-content\/uploads\/2025\/07\/2024_7_kesla_224-064_jpg_article-620.webp","contentUrl":"https:\/\/www.equipementsmarquis.com\/wp-content\/uploads\/2025\/07\/2024_7_kesla_224-064_jpg_article-620.webp","width":620,"height":413},{"@type":"BreadcrumbList","@id":"https:\/\/www.equipementsmarquis.com\/en\/product\/grue-forestiere-kesla-224\/#breadcrumb","itemListElement":[{"@type":"ListItem","position":1,"name":"Accueil","item":"https:\/\/www.equipementsmarquis.com\/en\/"},{"@type":"ListItem","position":2,"name":"Products","item":"https:\/\/www.equipementsmarquis.com\/en\/shop\/"},{"@type":"ListItem","position":3,"name":"Kesla 224 Forest Loader"}]},{"@type":"WebSite","@id":"https:\/\/www.equipementsmarquis.com\/en\/#website","url":"https:\/\/www.equipementsmarquis.com\/en\/","name":"\u00c9quipements Marquis","description":"Fournisseur d&#039;\u00e9quipements et fabrication de pi\u00e8ces pour machineries","publisher":{"@id":"https:\/\/www.equipementsmarquis.com\/en\/#organization"},"potentialAction":[{"@type":"SearchAction","target":{"@type":"EntryPoint","urlTemplate":"https:\/\/www.equipementsmarquis.com\/en\/?s={search_term_string}"},"query-input":{"@type":"PropertyValueSpecification","valueRequired":true,"valueName":"search_term_string"}}],"inLanguage":"en-US"},{"@type":"Organization","@id":"https:\/\/www.equipementsmarquis.com\/en\/#organization","name":"\u00c9quipements Marquis","url":"https:\/\/www.equipementsmarquis.com\/en\/","logo":{"@type":"ImageObject","inLanguage":"en-US","@id":"https:\/\/www.equipementsmarquis.com\/en\/#\/schema\/logo\/image\/","url":"https:\/\/www.equipementsmarquis.com\/wp-content\/uploads\/2022\/07\/logo-EquipementsMarquis.svg","contentUrl":"https:\/\/www.equipementsmarquis.com\/wp-content\/uploads\/2022\/07\/logo-EquipementsMarquis.svg","width":740,"height":283,"caption":"\u00c9quipements Marquis"},"image":{"@id":"https:\/\/www.equipementsmarquis.com\/en\/#\/schema\/logo\/image\/"},"sameAs":["https:\/\/www.facebook.com\/Les-quipements-Marquis-inc-1391878637801740","https:\/\/ca.linkedin.com\/company\/les-quipements-marquis-inc"]}]}},"_links":{"self":[{"href":"https:\/\/www.equipementsmarquis.com\/en\/wp-json\/wp\/v2\/product\/4418","targetHints":{"allow":["GET"]}}],"collection":[{"href":"https:\/\/www.equipementsmarquis.com\/en\/wp-json\/wp\/v2\/product"}],"about":[{"href":"https:\/\/www.equipementsmarquis.com\/en\/wp-json\/wp\/v2\/types\/product"}],"wp:featuredmedia":[{"embeddable":true,"href":"https:\/\/www.equipementsmarquis.com\/en\/wp-json\/wp\/v2\/media\/4399"}],"wp:attachment":[{"href":"https:\/\/www.equipementsmarquis.com\/en\/wp-json\/wp\/v2\/media?parent=4418"}],"wp:term":[{"taxonomy":"marque","embeddable":true,"href":"https:\/\/www.equipementsmarquis.com\/en\/wp-json\/wp\/v2\/marque?post=4418"},{"taxonomy":"product_brand","embeddable":true,"href":"https:\/\/www.equipementsmarquis.com\/en\/wp-json\/wp\/v2\/product_brand?post=4418"},{"taxonomy":"product_cat","embeddable":true,"href":"https:\/\/www.equipementsmarquis.com\/en\/wp-json\/wp\/v2\/product_cat?post=4418"},{"taxonomy":"product_tag","embeddable":true,"href":"https:\/\/www.equipementsmarquis.com\/en\/wp-json\/wp\/v2\/product_tag?post=4418"}],"curies":[{"name":"wp","href":"https:\/\/api.w.org\/{rel}","templated":true}]}}