{"id":4434,"date":"2025-07-21T13:24:55","date_gmt":"2025-07-21T17:24:55","guid":{"rendered":"https:\/\/www.equipementsmarquis.com\/product\/grue-forestiere-kesla-305-305t\/"},"modified":"2025-07-21T13:35:45","modified_gmt":"2025-07-21T17:35:45","slug":"grue-forestiere-kesla-305-305t","status":"publish","type":"product","link":"https:\/\/www.equipementsmarquis.com\/en\/product\/grue-forestiere-kesla-305-305t\/","title":{"rendered":"Kesla 305 | 305T Forest Loarder"},"content":{"rendered":"<p>305;<br \/>\nOutreach : 6,90 m<br \/>\nLifting capacity at 4 metres* : 1 290 kg<br \/>\nLifting capacity at maximum outreach* : 720 kg<\/p>\n<p>305T;<br \/>\nOutreach : 8,50 m<br \/>\nLifting capacity at 4 metres* : 1 150 kg<br \/>\nLifting capacity at maximum outreach* : 490 kg<\/p>\n<p>*Lifting capacity without a grapple and rotator. The lifting capacity depends on the height and reach of the booms.<\/p>\n","protected":false},"excerpt":{"rendered":"<div class=\"content heading-row\">\n<div class=\"content heading-row\">\n<p class=\"text--l m-w-12-12\">The powerful KESLA 305 loader is built for extremely hard work. The loader can be installed on the rear axle casing of a large tractor, drawbar of a big forest trailer, forest machine, or it can be used for feeding chippers, for example.<\/p>\n<p class=\"text--l m-w-12-12\">KESLA 305 has expansive working geometry similar to professional loaders.<\/p>\n<\/div>\n<div class=\"grid text-row\">\n<div class=\"grid__item m-w-6-12\">\n<div class=\"content\">\n<p class=\"text--l m-w-12-12\">It has conveniently short lifting boom with the benefits of a long reach. Outer boom has wide-angle joint, which gives excellent loading characteristics at close quarters. The loaders lifting capacity and slewing torque are excellent.<\/p>\n<\/div>\n<\/div>\n<\/div>\n<\/div>\n","protected":false},"featured_media":4426,"template":"","meta":{"_acf_changed":false},"marque":[169,157],"product_brand":[],"product_cat":[229,111,103],"product_tag":[],"class_list":{"0":"post-4434","1":"product","2":"type-product","3":"status-publish","4":"has-post-thumbnail","6":"marque-brands-new","7":"marque-kesla-en-new","8":"product_cat-forest-loaders","9":"product_cat-forestry-new","10":"product_cat-new-equipment","12":"first","13":"instock","14":"shipping-taxable","15":"product-type-simple"},"acf":[],"yoast_head":"<!-- This site is optimized with the Yoast SEO plugin v24.7 - https:\/\/yoast.com\/wordpress\/plugins\/seo\/ -->\n<title>Kesla 305 | 305T Forest Loarder - \u00c9quipements Marquis<\/title>\n<meta name=\"robots\" content=\"index, follow, max-snippet:-1, max-image-preview:large, max-video-preview:-1\" \/>\n<link rel=\"canonical\" href=\"https:\/\/www.equipementsmarquis.com\/en\/product\/grue-forestiere-kesla-305-305t\/\" \/>\n<meta property=\"og:locale\" content=\"en_US\" \/>\n<meta property=\"og:type\" content=\"article\" \/>\n<meta property=\"og:title\" content=\"Kesla 305 | 305T Forest Loarder - \u00c9quipements Marquis\" \/>\n<meta property=\"og:description\" content=\"The powerful KESLA 305 loader is built for extremely hard work. The loader can be installed on the rear axle casing of a large tractor, drawbar of a big forest trailer, forest machine, or it can be used for feeding chippers, for example. KESLA 305 has expansive working geometry similar to professional loaders.      It has conveniently short lifting boom with the benefits of a long reach. Outer boom has wide-angle joint, which gives excellent loading characteristics at close quarters. The loaders lifting capacity and slewing torque are excellent.\" \/>\n<meta property=\"og:url\" content=\"https:\/\/www.equipementsmarquis.com\/en\/product\/grue-forestiere-kesla-305-305t\/\" \/>\n<meta property=\"og:site_name\" content=\"\u00c9quipements Marquis\" \/>\n<meta property=\"article:publisher\" content=\"https:\/\/www.facebook.com\/Les-quipements-Marquis-inc-1391878637801740\" \/>\n<meta property=\"article:modified_time\" content=\"2025-07-21T17:35:45+00:00\" \/>\n<meta property=\"og:image\" content=\"https:\/\/www.equipementsmarquis.com\/wp-content\/uploads\/2025\/07\/Ladowarka-305T-chwytak-proG26.webp\" \/>\n\t<meta property=\"og:image:width\" content=\"1920\" \/>\n\t<meta property=\"og:image:height\" content=\"1080\" \/>\n\t<meta property=\"og:image:type\" content=\"image\/webp\" \/>\n<meta name=\"twitter:card\" content=\"summary_large_image\" \/>\n<script type=\"application\/ld+json\" class=\"yoast-schema-graph\">{\"@context\":\"https:\/\/schema.org\",\"@graph\":[{\"@type\":\"WebPage\",\"@id\":\"https:\/\/www.equipementsmarquis.com\/en\/product\/grue-forestiere-kesla-305-305t\/\",\"url\":\"https:\/\/www.equipementsmarquis.com\/en\/product\/grue-forestiere-kesla-305-305t\/\",\"name\":\"Kesla 305 | 305T Forest Loarder - \u00c9quipements Marquis\",\"isPartOf\":{\"@id\":\"https:\/\/www.equipementsmarquis.com\/en\/#website\"},\"primaryImageOfPage\":{\"@id\":\"https:\/\/www.equipementsmarquis.com\/en\/product\/grue-forestiere-kesla-305-305t\/#primaryimage\"},\"image\":{\"@id\":\"https:\/\/www.equipementsmarquis.com\/en\/product\/grue-forestiere-kesla-305-305t\/#primaryimage\"},\"thumbnailUrl\":\"https:\/\/www.equipementsmarquis.com\/wp-content\/uploads\/2025\/07\/Ladowarka-305T-chwytak-proG26.webp\",\"datePublished\":\"2025-07-21T17:24:55+00:00\",\"dateModified\":\"2025-07-21T17:35:45+00:00\",\"breadcrumb\":{\"@id\":\"https:\/\/www.equipementsmarquis.com\/en\/product\/grue-forestiere-kesla-305-305t\/#breadcrumb\"},\"inLanguage\":\"en-US\",\"potentialAction\":[{\"@type\":\"ReadAction\",\"target\":[\"https:\/\/www.equipementsmarquis.com\/en\/product\/grue-forestiere-kesla-305-305t\/\"]}]},{\"@type\":\"ImageObject\",\"inLanguage\":\"en-US\",\"@id\":\"https:\/\/www.equipementsmarquis.com\/en\/product\/grue-forestiere-kesla-305-305t\/#primaryimage\",\"url\":\"https:\/\/www.equipementsmarquis.com\/wp-content\/uploads\/2025\/07\/Ladowarka-305T-chwytak-proG26.webp\",\"contentUrl\":\"https:\/\/www.equipementsmarquis.com\/wp-content\/uploads\/2025\/07\/Ladowarka-305T-chwytak-proG26.webp\",\"width\":1920,\"height\":1080},{\"@type\":\"BreadcrumbList\",\"@id\":\"https:\/\/www.equipementsmarquis.com\/en\/product\/grue-forestiere-kesla-305-305t\/#breadcrumb\",\"itemListElement\":[{\"@type\":\"ListItem\",\"position\":1,\"name\":\"Accueil\",\"item\":\"https:\/\/www.equipementsmarquis.com\/en\/\"},{\"@type\":\"ListItem\",\"position\":2,\"name\":\"Products\",\"item\":\"https:\/\/www.equipementsmarquis.com\/en\/shop\/\"},{\"@type\":\"ListItem\",\"position\":3,\"name\":\"Kesla 305 | 305T Forest Loarder\"}]},{\"@type\":\"WebSite\",\"@id\":\"https:\/\/www.equipementsmarquis.com\/en\/#website\",\"url\":\"https:\/\/www.equipementsmarquis.com\/en\/\",\"name\":\"\u00c9quipements Marquis\",\"description\":\"Fournisseur d&#039;\u00e9quipements et fabrication de pi\u00e8ces pour machineries\",\"publisher\":{\"@id\":\"https:\/\/www.equipementsmarquis.com\/en\/#organization\"},\"potentialAction\":[{\"@type\":\"SearchAction\",\"target\":{\"@type\":\"EntryPoint\",\"urlTemplate\":\"https:\/\/www.equipementsmarquis.com\/en\/?s={search_term_string}\"},\"query-input\":{\"@type\":\"PropertyValueSpecification\",\"valueRequired\":true,\"valueName\":\"search_term_string\"}}],\"inLanguage\":\"en-US\"},{\"@type\":\"Organization\",\"@id\":\"https:\/\/www.equipementsmarquis.com\/en\/#organization\",\"name\":\"\u00c9quipements Marquis\",\"url\":\"https:\/\/www.equipementsmarquis.com\/en\/\",\"logo\":{\"@type\":\"ImageObject\",\"inLanguage\":\"en-US\",\"@id\":\"https:\/\/www.equipementsmarquis.com\/en\/#\/schema\/logo\/image\/\",\"url\":\"https:\/\/www.equipementsmarquis.com\/wp-content\/uploads\/2022\/07\/logo-EquipementsMarquis.svg\",\"contentUrl\":\"https:\/\/www.equipementsmarquis.com\/wp-content\/uploads\/2022\/07\/logo-EquipementsMarquis.svg\",\"width\":740,\"height\":283,\"caption\":\"\u00c9quipements Marquis\"},\"image\":{\"@id\":\"https:\/\/www.equipementsmarquis.com\/en\/#\/schema\/logo\/image\/\"},\"sameAs\":[\"https:\/\/www.facebook.com\/Les-quipements-Marquis-inc-1391878637801740\",\"https:\/\/ca.linkedin.com\/company\/les-quipements-marquis-inc\"]}]}<\/script>\n<!-- \/ Yoast SEO plugin. -->","yoast_head_json":{"title":"Kesla 305 | 305T Forest Loarder - \u00c9quipements Marquis","robots":{"index":"index","follow":"follow","max-snippet":"max-snippet:-1","max-image-preview":"max-image-preview:large","max-video-preview":"max-video-preview:-1"},"canonical":"https:\/\/www.equipementsmarquis.com\/en\/product\/grue-forestiere-kesla-305-305t\/","og_locale":"en_US","og_type":"article","og_title":"Kesla 305 | 305T Forest Loarder - \u00c9quipements Marquis","og_description":"The powerful KESLA 305 loader is built for extremely hard work. The loader can be installed on the rear axle casing of a large tractor, drawbar of a big forest trailer, forest machine, or it can be used for feeding chippers, for example. KESLA 305 has expansive working geometry similar to professional loaders.      It has conveniently short lifting boom with the benefits of a long reach. Outer boom has wide-angle joint, which gives excellent loading characteristics at close quarters. The loaders lifting capacity and slewing torque are excellent.","og_url":"https:\/\/www.equipementsmarquis.com\/en\/product\/grue-forestiere-kesla-305-305t\/","og_site_name":"\u00c9quipements Marquis","article_publisher":"https:\/\/www.facebook.com\/Les-quipements-Marquis-inc-1391878637801740","article_modified_time":"2025-07-21T17:35:45+00:00","og_image":[{"width":1920,"height":1080,"url":"https:\/\/www.equipementsmarquis.com\/wp-content\/uploads\/2025\/07\/Ladowarka-305T-chwytak-proG26.webp","type":"image\/webp"}],"twitter_card":"summary_large_image","schema":{"@context":"https:\/\/schema.org","@graph":[{"@type":"WebPage","@id":"https:\/\/www.equipementsmarquis.com\/en\/product\/grue-forestiere-kesla-305-305t\/","url":"https:\/\/www.equipementsmarquis.com\/en\/product\/grue-forestiere-kesla-305-305t\/","name":"Kesla 305 | 305T Forest Loarder - \u00c9quipements Marquis","isPartOf":{"@id":"https:\/\/www.equipementsmarquis.com\/en\/#website"},"primaryImageOfPage":{"@id":"https:\/\/www.equipementsmarquis.com\/en\/product\/grue-forestiere-kesla-305-305t\/#primaryimage"},"image":{"@id":"https:\/\/www.equipementsmarquis.com\/en\/product\/grue-forestiere-kesla-305-305t\/#primaryimage"},"thumbnailUrl":"https:\/\/www.equipementsmarquis.com\/wp-content\/uploads\/2025\/07\/Ladowarka-305T-chwytak-proG26.webp","datePublished":"2025-07-21T17:24:55+00:00","dateModified":"2025-07-21T17:35:45+00:00","breadcrumb":{"@id":"https:\/\/www.equipementsmarquis.com\/en\/product\/grue-forestiere-kesla-305-305t\/#breadcrumb"},"inLanguage":"en-US","potentialAction":[{"@type":"ReadAction","target":["https:\/\/www.equipementsmarquis.com\/en\/product\/grue-forestiere-kesla-305-305t\/"]}]},{"@type":"ImageObject","inLanguage":"en-US","@id":"https:\/\/www.equipementsmarquis.com\/en\/product\/grue-forestiere-kesla-305-305t\/#primaryimage","url":"https:\/\/www.equipementsmarquis.com\/wp-content\/uploads\/2025\/07\/Ladowarka-305T-chwytak-proG26.webp","contentUrl":"https:\/\/www.equipementsmarquis.com\/wp-content\/uploads\/2025\/07\/Ladowarka-305T-chwytak-proG26.webp","width":1920,"height":1080},{"@type":"BreadcrumbList","@id":"https:\/\/www.equipementsmarquis.com\/en\/product\/grue-forestiere-kesla-305-305t\/#breadcrumb","itemListElement":[{"@type":"ListItem","position":1,"name":"Accueil","item":"https:\/\/www.equipementsmarquis.com\/en\/"},{"@type":"ListItem","position":2,"name":"Products","item":"https:\/\/www.equipementsmarquis.com\/en\/shop\/"},{"@type":"ListItem","position":3,"name":"Kesla 305 | 305T Forest Loarder"}]},{"@type":"WebSite","@id":"https:\/\/www.equipementsmarquis.com\/en\/#website","url":"https:\/\/www.equipementsmarquis.com\/en\/","name":"\u00c9quipements Marquis","description":"Fournisseur d&#039;\u00e9quipements et fabrication de pi\u00e8ces pour machineries","publisher":{"@id":"https:\/\/www.equipementsmarquis.com\/en\/#organization"},"potentialAction":[{"@type":"SearchAction","target":{"@type":"EntryPoint","urlTemplate":"https:\/\/www.equipementsmarquis.com\/en\/?s={search_term_string}"},"query-input":{"@type":"PropertyValueSpecification","valueRequired":true,"valueName":"search_term_string"}}],"inLanguage":"en-US"},{"@type":"Organization","@id":"https:\/\/www.equipementsmarquis.com\/en\/#organization","name":"\u00c9quipements Marquis","url":"https:\/\/www.equipementsmarquis.com\/en\/","logo":{"@type":"ImageObject","inLanguage":"en-US","@id":"https:\/\/www.equipementsmarquis.com\/en\/#\/schema\/logo\/image\/","url":"https:\/\/www.equipementsmarquis.com\/wp-content\/uploads\/2022\/07\/logo-EquipementsMarquis.svg","contentUrl":"https:\/\/www.equipementsmarquis.com\/wp-content\/uploads\/2022\/07\/logo-EquipementsMarquis.svg","width":740,"height":283,"caption":"\u00c9quipements Marquis"},"image":{"@id":"https:\/\/www.equipementsmarquis.com\/en\/#\/schema\/logo\/image\/"},"sameAs":["https:\/\/www.facebook.com\/Les-quipements-Marquis-inc-1391878637801740","https:\/\/ca.linkedin.com\/company\/les-quipements-marquis-inc"]}]}},"_links":{"self":[{"href":"https:\/\/www.equipementsmarquis.com\/en\/wp-json\/wp\/v2\/product\/4434","targetHints":{"allow":["GET"]}}],"collection":[{"href":"https:\/\/www.equipementsmarquis.com\/en\/wp-json\/wp\/v2\/product"}],"about":[{"href":"https:\/\/www.equipementsmarquis.com\/en\/wp-json\/wp\/v2\/types\/product"}],"wp:featuredmedia":[{"embeddable":true,"href":"https:\/\/www.equipementsmarquis.com\/en\/wp-json\/wp\/v2\/media\/4426"}],"wp:attachment":[{"href":"https:\/\/www.equipementsmarquis.com\/en\/wp-json\/wp\/v2\/media?parent=4434"}],"wp:term":[{"taxonomy":"marque","embeddable":true,"href":"https:\/\/www.equipementsmarquis.com\/en\/wp-json\/wp\/v2\/marque?post=4434"},{"taxonomy":"product_brand","embeddable":true,"href":"https:\/\/www.equipementsmarquis.com\/en\/wp-json\/wp\/v2\/product_brand?post=4434"},{"taxonomy":"product_cat","embeddable":true,"href":"https:\/\/www.equipementsmarquis.com\/en\/wp-json\/wp\/v2\/product_cat?post=4434"},{"taxonomy":"product_tag","embeddable":true,"href":"https:\/\/www.equipementsmarquis.com\/en\/wp-json\/wp\/v2\/product_tag?post=4434"}],"curies":[{"name":"wp","href":"https:\/\/api.w.org\/{rel}","templated":true}]}}