{"id":4455,"date":"2025-07-21T13:56:31","date_gmt":"2025-07-21T17:56:31","guid":{"rendered":"https:\/\/www.equipementsmarquis.com\/product\/grue-forestiere-kesla-324\/"},"modified":"2025-07-21T13:58:50","modified_gmt":"2025-07-21T17:58:50","slug":"grue-forestiere-kesla-324","status":"publish","type":"product","link":"https:\/\/www.equipementsmarquis.com\/en\/product\/grue-forestiere-kesla-324\/","title":{"rendered":"Kesla 324 Forest Loader"},"content":{"rendered":"<p>Outreach : 7,35 m<br \/>\nLifting capacity at 4 metres* : 1445 kg<br \/>\nLifting capacity at maximum outreach* : 775 kg<\/p>\n<p>*Lifting capacity without a grapple and rotator. The lifting capacity depends on the height and reach of the booms.<\/p>\n","protected":false},"excerpt":{"rendered":"<div class=\"content heading-row\">\n<p class=\"text--l m-w-12-12\">Kesla 324 is a single-extension loader with an extraordinary outreach of 7.35 metres. The loader has an unrivalled lifting capacity: the gross lifting torque of 81.6 kNm is achieved with a pressure of 190 bar. This strong single-extension crane has been designed with the needs of the Central European market in mind.<\/p>\n<p class=\"text--l m-w-12-12\">Sturdy and protective service platforms have been installed on top of the slewing device with an electrical switchboard and an access point for control valve hydraulics integrated next to them. Access to the control valve for maintenance is easier than before, as the valve cover opens like a bonnet.<\/p>\n<\/div>\n<div class=\"grid text-row\">\n<div class=\"grid__item m-w-6-12\">\n<div class=\"content\">\n<p class=\"text--l m-w-12-12\">The boom system\u2019s hoses are well protected, making the loader suitable for challenging working conditions. The replacement of hoses has been made easy and effortless. All the greasing points have two nipples, which makes greasing possible in any position.<\/p>\n<p class=\"text--l m-w-12-12\">The boom geometry has been designed to meet the wishes of customers. The compact loader fits small load spaces and is ideal for narrow thinning areas and cramped urban spaces.<\/p>\n<\/div>\n<\/div>\n<\/div>\n<p>&nbsp;<\/p>\n","protected":false},"featured_media":4450,"template":"","meta":{"_acf_changed":false},"marque":[169,157],"product_brand":[],"product_cat":[229,111,103],"product_tag":[],"class_list":{"0":"post-4455","1":"product","2":"type-product","3":"status-publish","4":"has-post-thumbnail","6":"marque-brands-new","7":"marque-kesla-en-new","8":"product_cat-forest-loaders","9":"product_cat-forestry-new","10":"product_cat-new-equipment","12":"first","13":"instock","14":"shipping-taxable","15":"product-type-simple"},"acf":[],"yoast_head":"<!-- This site is optimized with the Yoast SEO plugin v24.7 - https:\/\/yoast.com\/wordpress\/plugins\/seo\/ -->\n<title>Kesla 324 Forest Loader - \u00c9quipements Marquis<\/title>\n<meta name=\"robots\" content=\"index, follow, max-snippet:-1, max-image-preview:large, max-video-preview:-1\" \/>\n<link rel=\"canonical\" href=\"https:\/\/www.equipementsmarquis.com\/en\/product\/grue-forestiere-kesla-324\/\" \/>\n<meta property=\"og:locale\" content=\"en_US\" \/>\n<meta property=\"og:type\" content=\"article\" \/>\n<meta property=\"og:title\" content=\"Kesla 324 Forest Loader - \u00c9quipements Marquis\" \/>\n<meta property=\"og:description\" content=\"Kesla 324 is a single-extension loader with an extraordinary outreach of 7.35 metres. The loader has an unrivalled lifting capacity: the gross lifting torque of 81.6 kNm is achieved with a pressure of 190 bar. This strong single-extension crane has been designed with the needs of the Central European market in mind. Sturdy and protective service platforms have been installed on top of the slewing device with an electrical switchboard and an access point for control valve hydraulics integrated next to them. Access to the control valve for maintenance is easier than before, as the valve cover opens like a bonnet.      The boom system\u2019s hoses are well protected, making the loader suitable for challenging working conditions. The replacement of hoses has been made easy and effortless. All the greasing points have two nipples, which makes greasing possible in any position. The boom geometry has been designed to meet the wishes of customers. The compact loader fits small load spaces and is ideal for narrow thinning areas and cramped urban spaces.     &nbsp;\" \/>\n<meta property=\"og:url\" content=\"https:\/\/www.equipementsmarquis.com\/en\/product\/grue-forestiere-kesla-324\/\" \/>\n<meta property=\"og:site_name\" content=\"\u00c9quipements Marquis\" \/>\n<meta property=\"article:publisher\" content=\"https:\/\/www.facebook.com\/Les-quipements-Marquis-inc-1391878637801740\" \/>\n<meta property=\"article:modified_time\" content=\"2025-07-21T17:58:50+00:00\" \/>\n<meta property=\"og:image\" content=\"https:\/\/www.equipementsmarquis.com\/wp-content\/uploads\/2025\/07\/324-1.jpg\" \/>\n\t<meta property=\"og:image:width\" content=\"1200\" \/>\n\t<meta property=\"og:image:height\" content=\"630\" \/>\n\t<meta property=\"og:image:type\" content=\"image\/jpeg\" \/>\n<meta name=\"twitter:card\" content=\"summary_large_image\" \/>\n<script type=\"application\/ld+json\" class=\"yoast-schema-graph\">{\"@context\":\"https:\/\/schema.org\",\"@graph\":[{\"@type\":\"WebPage\",\"@id\":\"https:\/\/www.equipementsmarquis.com\/en\/product\/grue-forestiere-kesla-324\/\",\"url\":\"https:\/\/www.equipementsmarquis.com\/en\/product\/grue-forestiere-kesla-324\/\",\"name\":\"Kesla 324 Forest Loader - \u00c9quipements Marquis\",\"isPartOf\":{\"@id\":\"https:\/\/www.equipementsmarquis.com\/en\/#website\"},\"primaryImageOfPage\":{\"@id\":\"https:\/\/www.equipementsmarquis.com\/en\/product\/grue-forestiere-kesla-324\/#primaryimage\"},\"image\":{\"@id\":\"https:\/\/www.equipementsmarquis.com\/en\/product\/grue-forestiere-kesla-324\/#primaryimage\"},\"thumbnailUrl\":\"https:\/\/www.equipementsmarquis.com\/wp-content\/uploads\/2025\/07\/324-1.jpg\",\"datePublished\":\"2025-07-21T17:56:31+00:00\",\"dateModified\":\"2025-07-21T17:58:50+00:00\",\"breadcrumb\":{\"@id\":\"https:\/\/www.equipementsmarquis.com\/en\/product\/grue-forestiere-kesla-324\/#breadcrumb\"},\"inLanguage\":\"en-US\",\"potentialAction\":[{\"@type\":\"ReadAction\",\"target\":[\"https:\/\/www.equipementsmarquis.com\/en\/product\/grue-forestiere-kesla-324\/\"]}]},{\"@type\":\"ImageObject\",\"inLanguage\":\"en-US\",\"@id\":\"https:\/\/www.equipementsmarquis.com\/en\/product\/grue-forestiere-kesla-324\/#primaryimage\",\"url\":\"https:\/\/www.equipementsmarquis.com\/wp-content\/uploads\/2025\/07\/324-1.jpg\",\"contentUrl\":\"https:\/\/www.equipementsmarquis.com\/wp-content\/uploads\/2025\/07\/324-1.jpg\",\"width\":1200,\"height\":630},{\"@type\":\"BreadcrumbList\",\"@id\":\"https:\/\/www.equipementsmarquis.com\/en\/product\/grue-forestiere-kesla-324\/#breadcrumb\",\"itemListElement\":[{\"@type\":\"ListItem\",\"position\":1,\"name\":\"Accueil\",\"item\":\"https:\/\/www.equipementsmarquis.com\/en\/\"},{\"@type\":\"ListItem\",\"position\":2,\"name\":\"Products\",\"item\":\"https:\/\/www.equipementsmarquis.com\/en\/shop\/\"},{\"@type\":\"ListItem\",\"position\":3,\"name\":\"Kesla 324 Forest Loader\"}]},{\"@type\":\"WebSite\",\"@id\":\"https:\/\/www.equipementsmarquis.com\/en\/#website\",\"url\":\"https:\/\/www.equipementsmarquis.com\/en\/\",\"name\":\"\u00c9quipements Marquis\",\"description\":\"Fournisseur d&#039;\u00e9quipements et fabrication de pi\u00e8ces pour machineries\",\"publisher\":{\"@id\":\"https:\/\/www.equipementsmarquis.com\/en\/#organization\"},\"potentialAction\":[{\"@type\":\"SearchAction\",\"target\":{\"@type\":\"EntryPoint\",\"urlTemplate\":\"https:\/\/www.equipementsmarquis.com\/en\/?s={search_term_string}\"},\"query-input\":{\"@type\":\"PropertyValueSpecification\",\"valueRequired\":true,\"valueName\":\"search_term_string\"}}],\"inLanguage\":\"en-US\"},{\"@type\":\"Organization\",\"@id\":\"https:\/\/www.equipementsmarquis.com\/en\/#organization\",\"name\":\"\u00c9quipements Marquis\",\"url\":\"https:\/\/www.equipementsmarquis.com\/en\/\",\"logo\":{\"@type\":\"ImageObject\",\"inLanguage\":\"en-US\",\"@id\":\"https:\/\/www.equipementsmarquis.com\/en\/#\/schema\/logo\/image\/\",\"url\":\"https:\/\/www.equipementsmarquis.com\/wp-content\/uploads\/2022\/07\/logo-EquipementsMarquis.svg\",\"contentUrl\":\"https:\/\/www.equipementsmarquis.com\/wp-content\/uploads\/2022\/07\/logo-EquipementsMarquis.svg\",\"width\":740,\"height\":283,\"caption\":\"\u00c9quipements Marquis\"},\"image\":{\"@id\":\"https:\/\/www.equipementsmarquis.com\/en\/#\/schema\/logo\/image\/\"},\"sameAs\":[\"https:\/\/www.facebook.com\/Les-quipements-Marquis-inc-1391878637801740\",\"https:\/\/ca.linkedin.com\/company\/les-quipements-marquis-inc\"]}]}<\/script>\n<!-- \/ Yoast SEO plugin. -->","yoast_head_json":{"title":"Kesla 324 Forest Loader - \u00c9quipements Marquis","robots":{"index":"index","follow":"follow","max-snippet":"max-snippet:-1","max-image-preview":"max-image-preview:large","max-video-preview":"max-video-preview:-1"},"canonical":"https:\/\/www.equipementsmarquis.com\/en\/product\/grue-forestiere-kesla-324\/","og_locale":"en_US","og_type":"article","og_title":"Kesla 324 Forest Loader - \u00c9quipements Marquis","og_description":"Kesla 324 is a single-extension loader with an extraordinary outreach of 7.35 metres. The loader has an unrivalled lifting capacity: the gross lifting torque of 81.6 kNm is achieved with a pressure of 190 bar. This strong single-extension crane has been designed with the needs of the Central European market in mind. Sturdy and protective service platforms have been installed on top of the slewing device with an electrical switchboard and an access point for control valve hydraulics integrated next to them. Access to the control valve for maintenance is easier than before, as the valve cover opens like a bonnet.      The boom system\u2019s hoses are well protected, making the loader suitable for challenging working conditions. The replacement of hoses has been made easy and effortless. All the greasing points have two nipples, which makes greasing possible in any position. The boom geometry has been designed to meet the wishes of customers. The compact loader fits small load spaces and is ideal for narrow thinning areas and cramped urban spaces.     &nbsp;","og_url":"https:\/\/www.equipementsmarquis.com\/en\/product\/grue-forestiere-kesla-324\/","og_site_name":"\u00c9quipements Marquis","article_publisher":"https:\/\/www.facebook.com\/Les-quipements-Marquis-inc-1391878637801740","article_modified_time":"2025-07-21T17:58:50+00:00","og_image":[{"width":1200,"height":630,"url":"https:\/\/www.equipementsmarquis.com\/wp-content\/uploads\/2025\/07\/324-1.jpg","type":"image\/jpeg"}],"twitter_card":"summary_large_image","schema":{"@context":"https:\/\/schema.org","@graph":[{"@type":"WebPage","@id":"https:\/\/www.equipementsmarquis.com\/en\/product\/grue-forestiere-kesla-324\/","url":"https:\/\/www.equipementsmarquis.com\/en\/product\/grue-forestiere-kesla-324\/","name":"Kesla 324 Forest Loader - \u00c9quipements Marquis","isPartOf":{"@id":"https:\/\/www.equipementsmarquis.com\/en\/#website"},"primaryImageOfPage":{"@id":"https:\/\/www.equipementsmarquis.com\/en\/product\/grue-forestiere-kesla-324\/#primaryimage"},"image":{"@id":"https:\/\/www.equipementsmarquis.com\/en\/product\/grue-forestiere-kesla-324\/#primaryimage"},"thumbnailUrl":"https:\/\/www.equipementsmarquis.com\/wp-content\/uploads\/2025\/07\/324-1.jpg","datePublished":"2025-07-21T17:56:31+00:00","dateModified":"2025-07-21T17:58:50+00:00","breadcrumb":{"@id":"https:\/\/www.equipementsmarquis.com\/en\/product\/grue-forestiere-kesla-324\/#breadcrumb"},"inLanguage":"en-US","potentialAction":[{"@type":"ReadAction","target":["https:\/\/www.equipementsmarquis.com\/en\/product\/grue-forestiere-kesla-324\/"]}]},{"@type":"ImageObject","inLanguage":"en-US","@id":"https:\/\/www.equipementsmarquis.com\/en\/product\/grue-forestiere-kesla-324\/#primaryimage","url":"https:\/\/www.equipementsmarquis.com\/wp-content\/uploads\/2025\/07\/324-1.jpg","contentUrl":"https:\/\/www.equipementsmarquis.com\/wp-content\/uploads\/2025\/07\/324-1.jpg","width":1200,"height":630},{"@type":"BreadcrumbList","@id":"https:\/\/www.equipementsmarquis.com\/en\/product\/grue-forestiere-kesla-324\/#breadcrumb","itemListElement":[{"@type":"ListItem","position":1,"name":"Accueil","item":"https:\/\/www.equipementsmarquis.com\/en\/"},{"@type":"ListItem","position":2,"name":"Products","item":"https:\/\/www.equipementsmarquis.com\/en\/shop\/"},{"@type":"ListItem","position":3,"name":"Kesla 324 Forest Loader"}]},{"@type":"WebSite","@id":"https:\/\/www.equipementsmarquis.com\/en\/#website","url":"https:\/\/www.equipementsmarquis.com\/en\/","name":"\u00c9quipements Marquis","description":"Fournisseur d&#039;\u00e9quipements et fabrication de pi\u00e8ces pour machineries","publisher":{"@id":"https:\/\/www.equipementsmarquis.com\/en\/#organization"},"potentialAction":[{"@type":"SearchAction","target":{"@type":"EntryPoint","urlTemplate":"https:\/\/www.equipementsmarquis.com\/en\/?s={search_term_string}"},"query-input":{"@type":"PropertyValueSpecification","valueRequired":true,"valueName":"search_term_string"}}],"inLanguage":"en-US"},{"@type":"Organization","@id":"https:\/\/www.equipementsmarquis.com\/en\/#organization","name":"\u00c9quipements Marquis","url":"https:\/\/www.equipementsmarquis.com\/en\/","logo":{"@type":"ImageObject","inLanguage":"en-US","@id":"https:\/\/www.equipementsmarquis.com\/en\/#\/schema\/logo\/image\/","url":"https:\/\/www.equipementsmarquis.com\/wp-content\/uploads\/2022\/07\/logo-EquipementsMarquis.svg","contentUrl":"https:\/\/www.equipementsmarquis.com\/wp-content\/uploads\/2022\/07\/logo-EquipementsMarquis.svg","width":740,"height":283,"caption":"\u00c9quipements Marquis"},"image":{"@id":"https:\/\/www.equipementsmarquis.com\/en\/#\/schema\/logo\/image\/"},"sameAs":["https:\/\/www.facebook.com\/Les-quipements-Marquis-inc-1391878637801740","https:\/\/ca.linkedin.com\/company\/les-quipements-marquis-inc"]}]}},"_links":{"self":[{"href":"https:\/\/www.equipementsmarquis.com\/en\/wp-json\/wp\/v2\/product\/4455","targetHints":{"allow":["GET"]}}],"collection":[{"href":"https:\/\/www.equipementsmarquis.com\/en\/wp-json\/wp\/v2\/product"}],"about":[{"href":"https:\/\/www.equipementsmarquis.com\/en\/wp-json\/wp\/v2\/types\/product"}],"wp:featuredmedia":[{"embeddable":true,"href":"https:\/\/www.equipementsmarquis.com\/en\/wp-json\/wp\/v2\/media\/4450"}],"wp:attachment":[{"href":"https:\/\/www.equipementsmarquis.com\/en\/wp-json\/wp\/v2\/media?parent=4455"}],"wp:term":[{"taxonomy":"marque","embeddable":true,"href":"https:\/\/www.equipementsmarquis.com\/en\/wp-json\/wp\/v2\/marque?post=4455"},{"taxonomy":"product_brand","embeddable":true,"href":"https:\/\/www.equipementsmarquis.com\/en\/wp-json\/wp\/v2\/product_brand?post=4455"},{"taxonomy":"product_cat","embeddable":true,"href":"https:\/\/www.equipementsmarquis.com\/en\/wp-json\/wp\/v2\/product_cat?post=4455"},{"taxonomy":"product_tag","embeddable":true,"href":"https:\/\/www.equipementsmarquis.com\/en\/wp-json\/wp\/v2\/product_tag?post=4455"}],"curies":[{"name":"wp","href":"https:\/\/api.w.org\/{rel}","templated":true}]}}