{"id":4470,"date":"2025-07-21T14:09:43","date_gmt":"2025-07-21T18:09:43","guid":{"rendered":"https:\/\/www.equipementsmarquis.com\/product\/grue-forestiere-kesla-325t\/"},"modified":"2025-07-21T14:12:25","modified_gmt":"2025-07-21T18:12:25","slug":"grue-forestiere-kesla-325t","status":"publish","type":"product","link":"https:\/\/www.equipementsmarquis.com\/en\/product\/grue-forestiere-kesla-325t\/","title":{"rendered":"Kesla 325T Forest Loader"},"content":{"rendered":"<p>Outreach : 8,80 m<br \/>\nLifting capacity at 4 metres* : 1 335 kg<br \/>\nLifting capacity at maximum outreach* : 560 kg<\/p>\n<p>*Lifting capacity without a grapple and rotator. The lifting capacity depends on the height and reach of the booms.<\/p>\n","protected":false},"excerpt":{"rendered":"<div class=\"content heading-row\">\n<p class=\"text--l m-w-12-12\">At Kesla, the business owner is king. We constantly listen to customer feedback in order to improve our products. That is why our new loaders come with improved strength, durability and serviceability. The KESLA 325T is a new loader, that proudly comes alongside the KESLA 326T model but with its new never-before-seen features.<\/p>\n<p class=\"text--l m-w-12-12\">Like its brother, the KESLA 325T loader has a very sturdy structure. Its trajectories are excellent in this size class and the loader can be mounted onto a 4-6 cylinder tractor frame or onto the KESLA 124-144 series trailer\u2019s drawbar. The new loader can lift an enormous weight of 1 335 kg from four meters and 560 kg from the maximum reach of nine meters.<\/p>\n<\/div>\n<div class=\"grid text-row\">\n<div class=\"grid__item m-w-6-12\">\n<div class=\"content\">\n<p class=\"text--l m-w-12-12\">Sturdy and protective service platforms have been installed on top of the new loader\u2019s slewing device, next to which the KESLA proC i\u2019s electric center and the operating valve\u2019s hydraulics connection point have been integrated. Access to the operating valve is easier than before in maintenance situations, as the valve cover opens like a bonnet. As usual, the operating valve is placed in the lifting boom\u2019s base, so it does not hinder visibility. The outer boom\u2019s hoses are placed inside, which minimizes the risk of hose damages. There is a separate shelf for the outer boom\u2019s hydraulic hoses, thanks to which there is no need to remove the boom or cylinders in the event of a hose failure.<\/p>\n<p class=\"text--l m-w-12-12\">Like in the 326T model, the hydraulic filtration of KESLA 325T is at the base of the slew cylinders and the slewing device has sight glasses. Oil change is easy, lubrication possibilities are comprehensive as standard and hydraulic hose sectioning is in accordance with the wishes of professional users. Centralized lubrication is available as an option.<\/p>\n<\/div>\n<\/div>\n<\/div>\n","protected":false},"featured_media":4463,"template":"","meta":{"_acf_changed":false},"marque":[169,157],"product_brand":[],"product_cat":[229,103,111],"product_tag":[],"class_list":{"0":"post-4470","1":"product","2":"type-product","3":"status-publish","4":"has-post-thumbnail","6":"marque-brands-new","7":"marque-kesla-en-new","8":"product_cat-forest-loaders","9":"product_cat-new-equipment","10":"product_cat-forestry-new","12":"first","13":"instock","14":"shipping-taxable","15":"product-type-simple"},"acf":[],"yoast_head":"<!-- This site is optimized with the Yoast SEO plugin v24.7 - https:\/\/yoast.com\/wordpress\/plugins\/seo\/ -->\n<title>Kesla 325T Forest Loader - \u00c9quipements Marquis<\/title>\n<meta name=\"robots\" content=\"index, follow, max-snippet:-1, max-image-preview:large, max-video-preview:-1\" \/>\n<link rel=\"canonical\" href=\"https:\/\/www.equipementsmarquis.com\/en\/product\/grue-forestiere-kesla-325t\/\" \/>\n<meta property=\"og:locale\" content=\"en_US\" \/>\n<meta property=\"og:type\" content=\"article\" \/>\n<meta property=\"og:title\" content=\"Kesla 325T Forest Loader - \u00c9quipements Marquis\" \/>\n<meta property=\"og:description\" content=\"At Kesla, the business owner is king. We constantly listen to customer feedback in order to improve our products. That is why our new loaders come with improved strength, durability and serviceability. The KESLA 325T is a new loader, that proudly comes alongside the KESLA 326T model but with its new never-before-seen features. Like its brother, the KESLA 325T loader has a very sturdy structure. Its trajectories are excellent in this size class and the loader can be mounted onto a 4-6 cylinder tractor frame or onto the KESLA 124-144 series trailer\u2019s drawbar. The new loader can lift an enormous weight of 1 335 kg from four meters and 560 kg from the maximum reach of nine meters.      Sturdy and protective service platforms have been installed on top of the new loader\u2019s slewing device, next to which the KESLA proC i\u2019s electric center and the operating valve\u2019s hydraulics connection point have been integrated. Access to the operating valve is easier than before in maintenance situations, as the valve cover opens like a bonnet. As usual, the operating valve is placed in the lifting boom\u2019s base, so it does not hinder visibility. The outer boom\u2019s hoses are placed inside, which minimizes the risk of hose damages. There is a separate shelf for the outer boom\u2019s hydraulic hoses, thanks to which there is no need to remove the boom or cylinders in the event of a hose failure. Like in the 326T model, the hydraulic filtration of KESLA 325T is at the base of the slew cylinders and the slewing device has sight glasses. Oil change is easy, lubrication possibilities are comprehensive as standard and hydraulic hose sectioning is in accordance with the wishes of professional users. Centralized lubrication is available as an option.\" \/>\n<meta property=\"og:url\" content=\"https:\/\/www.equipementsmarquis.com\/en\/product\/grue-forestiere-kesla-325t\/\" \/>\n<meta property=\"og:site_name\" content=\"\u00c9quipements Marquis\" \/>\n<meta property=\"article:publisher\" content=\"https:\/\/www.facebook.com\/Les-quipements-Marquis-inc-1391878637801740\" \/>\n<meta property=\"article:modified_time\" content=\"2025-07-21T18:12:25+00:00\" \/>\n<meta property=\"og:image\" content=\"https:\/\/www.equipementsmarquis.com\/wp-content\/uploads\/2025\/07\/Ladowarka-KESLA_325T-Chwytak-proG26_06-1.webp\" \/>\n\t<meta property=\"og:image:width\" content=\"1800\" \/>\n\t<meta property=\"og:image:height\" content=\"1200\" \/>\n\t<meta property=\"og:image:type\" content=\"image\/webp\" \/>\n<meta name=\"twitter:card\" content=\"summary_large_image\" \/>\n<script type=\"application\/ld+json\" class=\"yoast-schema-graph\">{\"@context\":\"https:\/\/schema.org\",\"@graph\":[{\"@type\":\"WebPage\",\"@id\":\"https:\/\/www.equipementsmarquis.com\/en\/product\/grue-forestiere-kesla-325t\/\",\"url\":\"https:\/\/www.equipementsmarquis.com\/en\/product\/grue-forestiere-kesla-325t\/\",\"name\":\"Kesla 325T Forest Loader - \u00c9quipements Marquis\",\"isPartOf\":{\"@id\":\"https:\/\/www.equipementsmarquis.com\/en\/#website\"},\"primaryImageOfPage\":{\"@id\":\"https:\/\/www.equipementsmarquis.com\/en\/product\/grue-forestiere-kesla-325t\/#primaryimage\"},\"image\":{\"@id\":\"https:\/\/www.equipementsmarquis.com\/en\/product\/grue-forestiere-kesla-325t\/#primaryimage\"},\"thumbnailUrl\":\"https:\/\/www.equipementsmarquis.com\/wp-content\/uploads\/2025\/07\/Ladowarka-KESLA_325T-Chwytak-proG26_06-1.webp\",\"datePublished\":\"2025-07-21T18:09:43+00:00\",\"dateModified\":\"2025-07-21T18:12:25+00:00\",\"breadcrumb\":{\"@id\":\"https:\/\/www.equipementsmarquis.com\/en\/product\/grue-forestiere-kesla-325t\/#breadcrumb\"},\"inLanguage\":\"en-US\",\"potentialAction\":[{\"@type\":\"ReadAction\",\"target\":[\"https:\/\/www.equipementsmarquis.com\/en\/product\/grue-forestiere-kesla-325t\/\"]}]},{\"@type\":\"ImageObject\",\"inLanguage\":\"en-US\",\"@id\":\"https:\/\/www.equipementsmarquis.com\/en\/product\/grue-forestiere-kesla-325t\/#primaryimage\",\"url\":\"https:\/\/www.equipementsmarquis.com\/wp-content\/uploads\/2025\/07\/Ladowarka-KESLA_325T-Chwytak-proG26_06-1.webp\",\"contentUrl\":\"https:\/\/www.equipementsmarquis.com\/wp-content\/uploads\/2025\/07\/Ladowarka-KESLA_325T-Chwytak-proG26_06-1.webp\",\"width\":1800,\"height\":1200},{\"@type\":\"BreadcrumbList\",\"@id\":\"https:\/\/www.equipementsmarquis.com\/en\/product\/grue-forestiere-kesla-325t\/#breadcrumb\",\"itemListElement\":[{\"@type\":\"ListItem\",\"position\":1,\"name\":\"Accueil\",\"item\":\"https:\/\/www.equipementsmarquis.com\/en\/\"},{\"@type\":\"ListItem\",\"position\":2,\"name\":\"Products\",\"item\":\"https:\/\/www.equipementsmarquis.com\/en\/shop\/\"},{\"@type\":\"ListItem\",\"position\":3,\"name\":\"Kesla 325T Forest Loader\"}]},{\"@type\":\"WebSite\",\"@id\":\"https:\/\/www.equipementsmarquis.com\/en\/#website\",\"url\":\"https:\/\/www.equipementsmarquis.com\/en\/\",\"name\":\"\u00c9quipements Marquis\",\"description\":\"Fournisseur d&#039;\u00e9quipements et fabrication de pi\u00e8ces pour machineries\",\"publisher\":{\"@id\":\"https:\/\/www.equipementsmarquis.com\/en\/#organization\"},\"potentialAction\":[{\"@type\":\"SearchAction\",\"target\":{\"@type\":\"EntryPoint\",\"urlTemplate\":\"https:\/\/www.equipementsmarquis.com\/en\/?s={search_term_string}\"},\"query-input\":{\"@type\":\"PropertyValueSpecification\",\"valueRequired\":true,\"valueName\":\"search_term_string\"}}],\"inLanguage\":\"en-US\"},{\"@type\":\"Organization\",\"@id\":\"https:\/\/www.equipementsmarquis.com\/en\/#organization\",\"name\":\"\u00c9quipements Marquis\",\"url\":\"https:\/\/www.equipementsmarquis.com\/en\/\",\"logo\":{\"@type\":\"ImageObject\",\"inLanguage\":\"en-US\",\"@id\":\"https:\/\/www.equipementsmarquis.com\/en\/#\/schema\/logo\/image\/\",\"url\":\"https:\/\/www.equipementsmarquis.com\/wp-content\/uploads\/2022\/07\/logo-EquipementsMarquis.svg\",\"contentUrl\":\"https:\/\/www.equipementsmarquis.com\/wp-content\/uploads\/2022\/07\/logo-EquipementsMarquis.svg\",\"width\":740,\"height\":283,\"caption\":\"\u00c9quipements Marquis\"},\"image\":{\"@id\":\"https:\/\/www.equipementsmarquis.com\/en\/#\/schema\/logo\/image\/\"},\"sameAs\":[\"https:\/\/www.facebook.com\/Les-quipements-Marquis-inc-1391878637801740\",\"https:\/\/ca.linkedin.com\/company\/les-quipements-marquis-inc\"]}]}<\/script>\n<!-- \/ Yoast SEO plugin. -->","yoast_head_json":{"title":"Kesla 325T Forest Loader - \u00c9quipements Marquis","robots":{"index":"index","follow":"follow","max-snippet":"max-snippet:-1","max-image-preview":"max-image-preview:large","max-video-preview":"max-video-preview:-1"},"canonical":"https:\/\/www.equipementsmarquis.com\/en\/product\/grue-forestiere-kesla-325t\/","og_locale":"en_US","og_type":"article","og_title":"Kesla 325T Forest Loader - \u00c9quipements Marquis","og_description":"At Kesla, the business owner is king. We constantly listen to customer feedback in order to improve our products. That is why our new loaders come with improved strength, durability and serviceability. The KESLA 325T is a new loader, that proudly comes alongside the KESLA 326T model but with its new never-before-seen features. Like its brother, the KESLA 325T loader has a very sturdy structure. Its trajectories are excellent in this size class and the loader can be mounted onto a 4-6 cylinder tractor frame or onto the KESLA 124-144 series trailer\u2019s drawbar. The new loader can lift an enormous weight of 1 335 kg from four meters and 560 kg from the maximum reach of nine meters.      Sturdy and protective service platforms have been installed on top of the new loader\u2019s slewing device, next to which the KESLA proC i\u2019s electric center and the operating valve\u2019s hydraulics connection point have been integrated. Access to the operating valve is easier than before in maintenance situations, as the valve cover opens like a bonnet. As usual, the operating valve is placed in the lifting boom\u2019s base, so it does not hinder visibility. The outer boom\u2019s hoses are placed inside, which minimizes the risk of hose damages. There is a separate shelf for the outer boom\u2019s hydraulic hoses, thanks to which there is no need to remove the boom or cylinders in the event of a hose failure. Like in the 326T model, the hydraulic filtration of KESLA 325T is at the base of the slew cylinders and the slewing device has sight glasses. Oil change is easy, lubrication possibilities are comprehensive as standard and hydraulic hose sectioning is in accordance with the wishes of professional users. Centralized lubrication is available as an option.","og_url":"https:\/\/www.equipementsmarquis.com\/en\/product\/grue-forestiere-kesla-325t\/","og_site_name":"\u00c9quipements Marquis","article_publisher":"https:\/\/www.facebook.com\/Les-quipements-Marquis-inc-1391878637801740","article_modified_time":"2025-07-21T18:12:25+00:00","og_image":[{"width":1800,"height":1200,"url":"https:\/\/www.equipementsmarquis.com\/wp-content\/uploads\/2025\/07\/Ladowarka-KESLA_325T-Chwytak-proG26_06-1.webp","type":"image\/webp"}],"twitter_card":"summary_large_image","schema":{"@context":"https:\/\/schema.org","@graph":[{"@type":"WebPage","@id":"https:\/\/www.equipementsmarquis.com\/en\/product\/grue-forestiere-kesla-325t\/","url":"https:\/\/www.equipementsmarquis.com\/en\/product\/grue-forestiere-kesla-325t\/","name":"Kesla 325T Forest Loader - \u00c9quipements Marquis","isPartOf":{"@id":"https:\/\/www.equipementsmarquis.com\/en\/#website"},"primaryImageOfPage":{"@id":"https:\/\/www.equipementsmarquis.com\/en\/product\/grue-forestiere-kesla-325t\/#primaryimage"},"image":{"@id":"https:\/\/www.equipementsmarquis.com\/en\/product\/grue-forestiere-kesla-325t\/#primaryimage"},"thumbnailUrl":"https:\/\/www.equipementsmarquis.com\/wp-content\/uploads\/2025\/07\/Ladowarka-KESLA_325T-Chwytak-proG26_06-1.webp","datePublished":"2025-07-21T18:09:43+00:00","dateModified":"2025-07-21T18:12:25+00:00","breadcrumb":{"@id":"https:\/\/www.equipementsmarquis.com\/en\/product\/grue-forestiere-kesla-325t\/#breadcrumb"},"inLanguage":"en-US","potentialAction":[{"@type":"ReadAction","target":["https:\/\/www.equipementsmarquis.com\/en\/product\/grue-forestiere-kesla-325t\/"]}]},{"@type":"ImageObject","inLanguage":"en-US","@id":"https:\/\/www.equipementsmarquis.com\/en\/product\/grue-forestiere-kesla-325t\/#primaryimage","url":"https:\/\/www.equipementsmarquis.com\/wp-content\/uploads\/2025\/07\/Ladowarka-KESLA_325T-Chwytak-proG26_06-1.webp","contentUrl":"https:\/\/www.equipementsmarquis.com\/wp-content\/uploads\/2025\/07\/Ladowarka-KESLA_325T-Chwytak-proG26_06-1.webp","width":1800,"height":1200},{"@type":"BreadcrumbList","@id":"https:\/\/www.equipementsmarquis.com\/en\/product\/grue-forestiere-kesla-325t\/#breadcrumb","itemListElement":[{"@type":"ListItem","position":1,"name":"Accueil","item":"https:\/\/www.equipementsmarquis.com\/en\/"},{"@type":"ListItem","position":2,"name":"Products","item":"https:\/\/www.equipementsmarquis.com\/en\/shop\/"},{"@type":"ListItem","position":3,"name":"Kesla 325T Forest Loader"}]},{"@type":"WebSite","@id":"https:\/\/www.equipementsmarquis.com\/en\/#website","url":"https:\/\/www.equipementsmarquis.com\/en\/","name":"\u00c9quipements Marquis","description":"Fournisseur d&#039;\u00e9quipements et fabrication de pi\u00e8ces pour machineries","publisher":{"@id":"https:\/\/www.equipementsmarquis.com\/en\/#organization"},"potentialAction":[{"@type":"SearchAction","target":{"@type":"EntryPoint","urlTemplate":"https:\/\/www.equipementsmarquis.com\/en\/?s={search_term_string}"},"query-input":{"@type":"PropertyValueSpecification","valueRequired":true,"valueName":"search_term_string"}}],"inLanguage":"en-US"},{"@type":"Organization","@id":"https:\/\/www.equipementsmarquis.com\/en\/#organization","name":"\u00c9quipements Marquis","url":"https:\/\/www.equipementsmarquis.com\/en\/","logo":{"@type":"ImageObject","inLanguage":"en-US","@id":"https:\/\/www.equipementsmarquis.com\/en\/#\/schema\/logo\/image\/","url":"https:\/\/www.equipementsmarquis.com\/wp-content\/uploads\/2022\/07\/logo-EquipementsMarquis.svg","contentUrl":"https:\/\/www.equipementsmarquis.com\/wp-content\/uploads\/2022\/07\/logo-EquipementsMarquis.svg","width":740,"height":283,"caption":"\u00c9quipements Marquis"},"image":{"@id":"https:\/\/www.equipementsmarquis.com\/en\/#\/schema\/logo\/image\/"},"sameAs":["https:\/\/www.facebook.com\/Les-quipements-Marquis-inc-1391878637801740","https:\/\/ca.linkedin.com\/company\/les-quipements-marquis-inc"]}]}},"_links":{"self":[{"href":"https:\/\/www.equipementsmarquis.com\/en\/wp-json\/wp\/v2\/product\/4470","targetHints":{"allow":["GET"]}}],"collection":[{"href":"https:\/\/www.equipementsmarquis.com\/en\/wp-json\/wp\/v2\/product"}],"about":[{"href":"https:\/\/www.equipementsmarquis.com\/en\/wp-json\/wp\/v2\/types\/product"}],"wp:featuredmedia":[{"embeddable":true,"href":"https:\/\/www.equipementsmarquis.com\/en\/wp-json\/wp\/v2\/media\/4463"}],"wp:attachment":[{"href":"https:\/\/www.equipementsmarquis.com\/en\/wp-json\/wp\/v2\/media?parent=4470"}],"wp:term":[{"taxonomy":"marque","embeddable":true,"href":"https:\/\/www.equipementsmarquis.com\/en\/wp-json\/wp\/v2\/marque?post=4470"},{"taxonomy":"product_brand","embeddable":true,"href":"https:\/\/www.equipementsmarquis.com\/en\/wp-json\/wp\/v2\/product_brand?post=4470"},{"taxonomy":"product_cat","embeddable":true,"href":"https:\/\/www.equipementsmarquis.com\/en\/wp-json\/wp\/v2\/product_cat?post=4470"},{"taxonomy":"product_tag","embeddable":true,"href":"https:\/\/www.equipementsmarquis.com\/en\/wp-json\/wp\/v2\/product_tag?post=4470"}],"curies":[{"name":"wp","href":"https:\/\/api.w.org\/{rel}","templated":true}]}}