{"id":4809,"date":"2026-05-12T08:43:54","date_gmt":"2026-05-12T12:43:54","guid":{"rendered":"https:\/\/www.equipementsmarquis.com\/product\/excavatrice-1-7-tonnes\/"},"modified":"2026-05-12T08:49:15","modified_gmt":"2026-05-12T12:49:15","slug":"excavatrice-1-7-tonnes","status":"publish","type":"product","link":"https:\/\/www.equipementsmarquis.com\/en\/product\/excavatrice-1-7-tonnes\/","title":{"rendered":"Excavatrice 1.7 tonnes"},"content":{"rendered":"","protected":false},"excerpt":{"rendered":"<p><strong>Machine<\/strong> ; Yanmar ViO17-1E<\/p>\n<p><strong>Prix<\/strong><\/p>\n<p>Jour (9 heures) ; 220.00$<\/p>\n<p>Semaine (45 heures) ; 860.00$<\/p>\n<p>Mois (180 heures) ; 3 000.00$<\/p>\n<p>&#8212;&#8212;&#8212;&#8212;&#8212;&#8212;&#8212;&#8212;&#8212;&#8212;&#8212;&#8212;&#8212;&#8212;&#8212;&#8212;&#8212;&#8212;&#8212;&#8212;&#8212;&#8212;&#8212;&#8212;&#8212;&#8212;<\/p>\n<p>Transport sur une remorqueuse 145.00$ \/ heure<\/p>\n<p>Transport sur une remorque 190.00$ \/ heure<\/p>\n<p>&#8212;&#8212;&#8212;&#8212;&#8212;&#8212;&#8212;&#8212;&#8212;&#8212;&#8212;&#8212;&#8212;&#8212;&#8212;&#8212;&#8212;&#8212;&#8212;&#8212;&#8212;&#8212;&#8212;&#8212;&#8212;&#8212;<\/p>\n<p>*** Veuillez noter qu&#8217;un d\u00e9p\u00f4t vous sera demand\u00e9\u00a0 (paiement comptant ou par carte de cr\u00e9dit), si vous n&#8217;avez pas de compte client. ***<\/p>\n<p><strong>D\u00e9p\u00f4t<\/strong><\/p>\n<p>1 jour (9 heures) ; 1 000.00$<\/p>\n<p>2-3 jours ; 1 500.00$<\/p>\n<p>1 semaine (45 heures) ; 2 500.00$<\/p>\n<p>2-3 semaines ; 3 500.00$<\/p>\n<p>30 jours ; 5 000.00$<\/p>\n<p>&#8212;&#8212;&#8212;&#8212;&#8212;&#8212;&#8212;&#8212;&#8212;&#8212;&#8212;&#8212;&#8212;&#8212;&#8212;&#8212;&#8212;&#8212;&#8212;&#8212;&#8212;&#8212;&#8212;&#8212;&#8212;&#8212;&#8212;&#8212;&#8212;&#8212;&#8212;&#8212;&#8212;&#8212;&#8212;&#8212;&#8212;&#8212;&#8212;&#8212;<\/p>\n<p><strong>Contactez-nous pour savoir la disponibilit\u00e9 ou pour faire une r\u00e9servation.<\/strong><\/p>\n<p>&#8212;&#8212;&#8212;&#8212;&#8212;&#8212;&#8212;&#8212;&#8212;&#8212;&#8212;&#8212;&#8212;&#8212;&#8212;&#8212;&#8212;&#8212;&#8212;&#8212;&#8212;&#8212;&#8212;&#8212;&#8212;&#8212;&#8212;&#8212;&#8212;&#8212;&#8212;&#8212;&#8212;&#8212;&#8212;&#8212;&#8212;&#8212;&#8212;&#8212;<\/p>\n","protected":false},"featured_media":4808,"template":"","meta":{"_acf_changed":false},"marque":[249],"product_brand":[],"product_cat":[251,239],"product_tag":[],"class_list":{"0":"post-4809","1":"product","2":"type-product","3":"status-publish","4":"has-post-thumbnail","6":"marque-location-en","7":"product_cat-excavatrices-compactes-location-en","8":"product_cat-rental","10":"first","11":"instock","12":"shipping-taxable","13":"product-type-simple"},"acf":[],"yoast_head":"<!-- This site is optimized with the Yoast SEO plugin v24.7 - https:\/\/yoast.com\/wordpress\/plugins\/seo\/ -->\n<title>Excavatrice 1.7 tonnes - \u00c9quipements Marquis<\/title>\n<meta name=\"robots\" content=\"index, follow, max-snippet:-1, max-image-preview:large, max-video-preview:-1\" \/>\n<link rel=\"canonical\" href=\"https:\/\/www.equipementsmarquis.com\/en\/product\/excavatrice-1-7-tonnes\/\" \/>\n<meta property=\"og:locale\" content=\"en_US\" \/>\n<meta property=\"og:type\" content=\"article\" \/>\n<meta property=\"og:title\" content=\"Excavatrice 1.7 tonnes - \u00c9quipements Marquis\" \/>\n<meta property=\"og:description\" content=\"Machine ; Yanmar ViO17-1E  Prix  Jour (9 heures) ; 220.00$  Semaine (45 heures) ; 860.00$  Mois (180 heures) ; 3 000.00$  ------------------------------------------------------------------------------  Transport sur une remorqueuse 145.00$ \/ heure  Transport sur une remorque 190.00$ \/ heure  ------------------------------------------------------------------------------  *** Veuillez noter qu&#039;un d\u00e9p\u00f4t vous sera demand\u00e9\u00a0 (paiement comptant ou par carte de cr\u00e9dit), si vous n&#039;avez pas de compte client. ***  D\u00e9p\u00f4t  1 jour (9 heures) ; 1 000.00$  2-3 jours ; 1 500.00$  1 semaine (45 heures) ; 2 500.00$  2-3 semaines ; 3 500.00$  30 jours ; 5 000.00$  ------------------------------------------------------------------------------------------------------------------------  Contactez-nous pour savoir la disponibilit\u00e9 ou pour faire une r\u00e9servation.  ------------------------------------------------------------------------------------------------------------------------\" \/>\n<meta property=\"og:url\" content=\"https:\/\/www.equipementsmarquis.com\/en\/product\/excavatrice-1-7-tonnes\/\" \/>\n<meta property=\"og:site_name\" content=\"\u00c9quipements Marquis\" \/>\n<meta property=\"article:publisher\" content=\"https:\/\/www.facebook.com\/Les-quipements-Marquis-inc-1391878637801740\" \/>\n<meta property=\"article:modified_time\" content=\"2026-05-12T12:49:15+00:00\" \/>\n<meta property=\"og:image\" content=\"https:\/\/www.equipementsmarquis.com\/wp-content\/uploads\/2026\/05\/location-vio17-1e-2-scaled.jpg\" \/>\n\t<meta property=\"og:image:width\" content=\"2000\" \/>\n\t<meta property=\"og:image:height\" content=\"1516\" \/>\n\t<meta property=\"og:image:type\" content=\"image\/jpeg\" \/>\n<meta name=\"twitter:card\" content=\"summary_large_image\" \/>\n<script type=\"application\/ld+json\" class=\"yoast-schema-graph\">{\"@context\":\"https:\/\/schema.org\",\"@graph\":[{\"@type\":\"WebPage\",\"@id\":\"https:\/\/www.equipementsmarquis.com\/en\/product\/excavatrice-1-7-tonnes\/\",\"url\":\"https:\/\/www.equipementsmarquis.com\/en\/product\/excavatrice-1-7-tonnes\/\",\"name\":\"Excavatrice 1.7 tonnes - \u00c9quipements Marquis\",\"isPartOf\":{\"@id\":\"https:\/\/www.equipementsmarquis.com\/en\/#website\"},\"primaryImageOfPage\":{\"@id\":\"https:\/\/www.equipementsmarquis.com\/en\/product\/excavatrice-1-7-tonnes\/#primaryimage\"},\"image\":{\"@id\":\"https:\/\/www.equipementsmarquis.com\/en\/product\/excavatrice-1-7-tonnes\/#primaryimage\"},\"thumbnailUrl\":\"https:\/\/www.equipementsmarquis.com\/wp-content\/uploads\/2026\/05\/location-vio17-1e-2-scaled.jpg\",\"datePublished\":\"2026-05-12T12:43:54+00:00\",\"dateModified\":\"2026-05-12T12:49:15+00:00\",\"breadcrumb\":{\"@id\":\"https:\/\/www.equipementsmarquis.com\/en\/product\/excavatrice-1-7-tonnes\/#breadcrumb\"},\"inLanguage\":\"en-US\",\"potentialAction\":[{\"@type\":\"ReadAction\",\"target\":[\"https:\/\/www.equipementsmarquis.com\/en\/product\/excavatrice-1-7-tonnes\/\"]}]},{\"@type\":\"ImageObject\",\"inLanguage\":\"en-US\",\"@id\":\"https:\/\/www.equipementsmarquis.com\/en\/product\/excavatrice-1-7-tonnes\/#primaryimage\",\"url\":\"https:\/\/www.equipementsmarquis.com\/wp-content\/uploads\/2026\/05\/location-vio17-1e-2-scaled.jpg\",\"contentUrl\":\"https:\/\/www.equipementsmarquis.com\/wp-content\/uploads\/2026\/05\/location-vio17-1e-2-scaled.jpg\",\"width\":2000,\"height\":1516},{\"@type\":\"BreadcrumbList\",\"@id\":\"https:\/\/www.equipementsmarquis.com\/en\/product\/excavatrice-1-7-tonnes\/#breadcrumb\",\"itemListElement\":[{\"@type\":\"ListItem\",\"position\":1,\"name\":\"Accueil\",\"item\":\"https:\/\/www.equipementsmarquis.com\/en\/\"},{\"@type\":\"ListItem\",\"position\":2,\"name\":\"Products\",\"item\":\"https:\/\/www.equipementsmarquis.com\/en\/shop\/\"},{\"@type\":\"ListItem\",\"position\":3,\"name\":\"Excavatrice 1.7 tonnes\"}]},{\"@type\":\"WebSite\",\"@id\":\"https:\/\/www.equipementsmarquis.com\/en\/#website\",\"url\":\"https:\/\/www.equipementsmarquis.com\/en\/\",\"name\":\"\u00c9quipements Marquis\",\"description\":\"Fournisseur d&#039;\u00e9quipements et fabrication de pi\u00e8ces pour machineries\",\"publisher\":{\"@id\":\"https:\/\/www.equipementsmarquis.com\/en\/#organization\"},\"potentialAction\":[{\"@type\":\"SearchAction\",\"target\":{\"@type\":\"EntryPoint\",\"urlTemplate\":\"https:\/\/www.equipementsmarquis.com\/en\/?s={search_term_string}\"},\"query-input\":{\"@type\":\"PropertyValueSpecification\",\"valueRequired\":true,\"valueName\":\"search_term_string\"}}],\"inLanguage\":\"en-US\"},{\"@type\":\"Organization\",\"@id\":\"https:\/\/www.equipementsmarquis.com\/en\/#organization\",\"name\":\"\u00c9quipements Marquis\",\"url\":\"https:\/\/www.equipementsmarquis.com\/en\/\",\"logo\":{\"@type\":\"ImageObject\",\"inLanguage\":\"en-US\",\"@id\":\"https:\/\/www.equipementsmarquis.com\/en\/#\/schema\/logo\/image\/\",\"url\":\"https:\/\/www.equipementsmarquis.com\/wp-content\/uploads\/2022\/07\/logo-EquipementsMarquis.svg\",\"contentUrl\":\"https:\/\/www.equipementsmarquis.com\/wp-content\/uploads\/2022\/07\/logo-EquipementsMarquis.svg\",\"width\":740,\"height\":283,\"caption\":\"\u00c9quipements Marquis\"},\"image\":{\"@id\":\"https:\/\/www.equipementsmarquis.com\/en\/#\/schema\/logo\/image\/\"},\"sameAs\":[\"https:\/\/www.facebook.com\/Les-quipements-Marquis-inc-1391878637801740\",\"https:\/\/ca.linkedin.com\/company\/les-quipements-marquis-inc\"]}]}<\/script>\n<!-- \/ Yoast SEO plugin. -->","yoast_head_json":{"title":"Excavatrice 1.7 tonnes - \u00c9quipements Marquis","robots":{"index":"index","follow":"follow","max-snippet":"max-snippet:-1","max-image-preview":"max-image-preview:large","max-video-preview":"max-video-preview:-1"},"canonical":"https:\/\/www.equipementsmarquis.com\/en\/product\/excavatrice-1-7-tonnes\/","og_locale":"en_US","og_type":"article","og_title":"Excavatrice 1.7 tonnes - \u00c9quipements Marquis","og_description":"Machine ; Yanmar ViO17-1E  Prix  Jour (9 heures) ; 220.00$  Semaine (45 heures) ; 860.00$  Mois (180 heures) ; 3 000.00$  ------------------------------------------------------------------------------  Transport sur une remorqueuse 145.00$ \/ heure  Transport sur une remorque 190.00$ \/ heure  ------------------------------------------------------------------------------  *** Veuillez noter qu'un d\u00e9p\u00f4t vous sera demand\u00e9\u00a0 (paiement comptant ou par carte de cr\u00e9dit), si vous n'avez pas de compte client. ***  D\u00e9p\u00f4t  1 jour (9 heures) ; 1 000.00$  2-3 jours ; 1 500.00$  1 semaine (45 heures) ; 2 500.00$  2-3 semaines ; 3 500.00$  30 jours ; 5 000.00$  ------------------------------------------------------------------------------------------------------------------------  Contactez-nous pour savoir la disponibilit\u00e9 ou pour faire une r\u00e9servation.  ------------------------------------------------------------------------------------------------------------------------","og_url":"https:\/\/www.equipementsmarquis.com\/en\/product\/excavatrice-1-7-tonnes\/","og_site_name":"\u00c9quipements Marquis","article_publisher":"https:\/\/www.facebook.com\/Les-quipements-Marquis-inc-1391878637801740","article_modified_time":"2026-05-12T12:49:15+00:00","og_image":[{"width":2000,"height":1516,"url":"https:\/\/www.equipementsmarquis.com\/wp-content\/uploads\/2026\/05\/location-vio17-1e-2-scaled.jpg","type":"image\/jpeg"}],"twitter_card":"summary_large_image","schema":{"@context":"https:\/\/schema.org","@graph":[{"@type":"WebPage","@id":"https:\/\/www.equipementsmarquis.com\/en\/product\/excavatrice-1-7-tonnes\/","url":"https:\/\/www.equipementsmarquis.com\/en\/product\/excavatrice-1-7-tonnes\/","name":"Excavatrice 1.7 tonnes - \u00c9quipements Marquis","isPartOf":{"@id":"https:\/\/www.equipementsmarquis.com\/en\/#website"},"primaryImageOfPage":{"@id":"https:\/\/www.equipementsmarquis.com\/en\/product\/excavatrice-1-7-tonnes\/#primaryimage"},"image":{"@id":"https:\/\/www.equipementsmarquis.com\/en\/product\/excavatrice-1-7-tonnes\/#primaryimage"},"thumbnailUrl":"https:\/\/www.equipementsmarquis.com\/wp-content\/uploads\/2026\/05\/location-vio17-1e-2-scaled.jpg","datePublished":"2026-05-12T12:43:54+00:00","dateModified":"2026-05-12T12:49:15+00:00","breadcrumb":{"@id":"https:\/\/www.equipementsmarquis.com\/en\/product\/excavatrice-1-7-tonnes\/#breadcrumb"},"inLanguage":"en-US","potentialAction":[{"@type":"ReadAction","target":["https:\/\/www.equipementsmarquis.com\/en\/product\/excavatrice-1-7-tonnes\/"]}]},{"@type":"ImageObject","inLanguage":"en-US","@id":"https:\/\/www.equipementsmarquis.com\/en\/product\/excavatrice-1-7-tonnes\/#primaryimage","url":"https:\/\/www.equipementsmarquis.com\/wp-content\/uploads\/2026\/05\/location-vio17-1e-2-scaled.jpg","contentUrl":"https:\/\/www.equipementsmarquis.com\/wp-content\/uploads\/2026\/05\/location-vio17-1e-2-scaled.jpg","width":2000,"height":1516},{"@type":"BreadcrumbList","@id":"https:\/\/www.equipementsmarquis.com\/en\/product\/excavatrice-1-7-tonnes\/#breadcrumb","itemListElement":[{"@type":"ListItem","position":1,"name":"Accueil","item":"https:\/\/www.equipementsmarquis.com\/en\/"},{"@type":"ListItem","position":2,"name":"Products","item":"https:\/\/www.equipementsmarquis.com\/en\/shop\/"},{"@type":"ListItem","position":3,"name":"Excavatrice 1.7 tonnes"}]},{"@type":"WebSite","@id":"https:\/\/www.equipementsmarquis.com\/en\/#website","url":"https:\/\/www.equipementsmarquis.com\/en\/","name":"\u00c9quipements Marquis","description":"Fournisseur d&#039;\u00e9quipements et fabrication de pi\u00e8ces pour machineries","publisher":{"@id":"https:\/\/www.equipementsmarquis.com\/en\/#organization"},"potentialAction":[{"@type":"SearchAction","target":{"@type":"EntryPoint","urlTemplate":"https:\/\/www.equipementsmarquis.com\/en\/?s={search_term_string}"},"query-input":{"@type":"PropertyValueSpecification","valueRequired":true,"valueName":"search_term_string"}}],"inLanguage":"en-US"},{"@type":"Organization","@id":"https:\/\/www.equipementsmarquis.com\/en\/#organization","name":"\u00c9quipements Marquis","url":"https:\/\/www.equipementsmarquis.com\/en\/","logo":{"@type":"ImageObject","inLanguage":"en-US","@id":"https:\/\/www.equipementsmarquis.com\/en\/#\/schema\/logo\/image\/","url":"https:\/\/www.equipementsmarquis.com\/wp-content\/uploads\/2022\/07\/logo-EquipementsMarquis.svg","contentUrl":"https:\/\/www.equipementsmarquis.com\/wp-content\/uploads\/2022\/07\/logo-EquipementsMarquis.svg","width":740,"height":283,"caption":"\u00c9quipements Marquis"},"image":{"@id":"https:\/\/www.equipementsmarquis.com\/en\/#\/schema\/logo\/image\/"},"sameAs":["https:\/\/www.facebook.com\/Les-quipements-Marquis-inc-1391878637801740","https:\/\/ca.linkedin.com\/company\/les-quipements-marquis-inc"]}]}},"_links":{"self":[{"href":"https:\/\/www.equipementsmarquis.com\/en\/wp-json\/wp\/v2\/product\/4809","targetHints":{"allow":["GET"]}}],"collection":[{"href":"https:\/\/www.equipementsmarquis.com\/en\/wp-json\/wp\/v2\/product"}],"about":[{"href":"https:\/\/www.equipementsmarquis.com\/en\/wp-json\/wp\/v2\/types\/product"}],"wp:featuredmedia":[{"embeddable":true,"href":"https:\/\/www.equipementsmarquis.com\/en\/wp-json\/wp\/v2\/media\/4808"}],"wp:attachment":[{"href":"https:\/\/www.equipementsmarquis.com\/en\/wp-json\/wp\/v2\/media?parent=4809"}],"wp:term":[{"taxonomy":"marque","embeddable":true,"href":"https:\/\/www.equipementsmarquis.com\/en\/wp-json\/wp\/v2\/marque?post=4809"},{"taxonomy":"product_brand","embeddable":true,"href":"https:\/\/www.equipementsmarquis.com\/en\/wp-json\/wp\/v2\/product_brand?post=4809"},{"taxonomy":"product_cat","embeddable":true,"href":"https:\/\/www.equipementsmarquis.com\/en\/wp-json\/wp\/v2\/product_cat?post=4809"},{"taxonomy":"product_tag","embeddable":true,"href":"https:\/\/www.equipementsmarquis.com\/en\/wp-json\/wp\/v2\/product_tag?post=4809"}],"curies":[{"name":"wp","href":"https:\/\/api.w.org\/{rel}","templated":true}]}}